{"id":791,"date":"2025-11-03T07:42:05","date_gmt":"2025-11-03T07:42:05","guid":{"rendered":"https:\/\/www.cxjsmartcard.com\/?post_type=product&#038;p=791"},"modified":"2025-12-29T01:27:09","modified_gmt":"2025-12-29T01:27:09","slug":"fabric-woven-rfid-bracelet-disposable-nfc-wristband","status":"publish","type":"product","link":"https:\/\/www.cxjsmartcard.com\/pl\/fabric-woven-rfid-bracelet-disposable-nfc-wristband\/","title":{"rendered":"Jednorazowa opaska na nadgarstek NFC z tkanej tkaniny RFID"},"content":{"rendered":"<p data-start=\"63\" data-end=\"390\">Jednorazowa opaska na nadgarstek z technologi\u0105 NFC i RFID zosta\u0142a zaprojektowana z my\u015bl\u0105 o zapewnieniu go\u015bciom p\u0142ynnego do\u015bwiadczenia, upraszczaj\u0105c wchodzenie, dokonywanie p\u0142atno\u015bci i kontrol\u0119 dost\u0119pu. Niezale\u017cnie od tego, czy jeste\u015b na festiwalach, imprezach, czy w innym miejscu, opaski te oferuj\u0105 p\u0142ynne rozwi\u0105zanie pozwalaj\u0105ce unikn\u0105\u0107 d\u0142ugich kolejek, zgubionych bilet\u00f3w i konieczno\u015bci obs\u0142ugi got\u00f3wki \u2013 wystarczy jedno dotkni\u0119cie.<\/p>\n<p data-start=\"392\" data-end=\"410\"><strong data-start=\"392\" data-end=\"408\">G\u0142\u00f3wne cechy<\/strong><\/p>\n<ul data-start=\"411\" data-end=\"1069\">\n<li data-start=\"411\" data-end=\"514\">\n<p data-start=\"413\" data-end=\"514\"><strong data-start=\"413\" data-end=\"422\">Rozmiar:<\/strong> 350 \u00d7 15 mm (standard); rozmiar karty inteligentnej: 42 \u00d7 26 mm \/ 36 \u00d7 26 mm (dost\u0119pne rozmiary niestandardowe)<\/p>\n<\/li>\n<li data-start=\"515\" data-end=\"555\">\n<p data-start=\"517\" data-end=\"555\"><strong data-start=\"517\" data-end=\"537\">Napisz wytrzyma\u0142o\u015b\u0107:<\/strong> \u2265100 000 cykli<\/p>\n<\/li>\n<li data-start=\"556\" data-end=\"624\">\n<p data-start=\"558\" data-end=\"624\"><strong data-start=\"558\" data-end=\"573\">Zakres odczytu:<\/strong> 0\u20135 cm (w zale\u017cno\u015bci od czytelnika i \u015brodowiska)<\/p>\n<\/li>\n<li data-start=\"625\" data-end=\"749\">\n<p data-start=\"627\" data-end=\"749\"><strong data-start=\"627\" data-end=\"648\">Opcje wytwarzania:<\/strong> Druk niestandardowy (kolor, logo, tekst, kod QR, kod kreskowy, numer seryjny, dane zmienne, serializacja)<\/p>\n<\/li>\n<li data-start=\"750\" data-end=\"1069\">\n<p data-start=\"752\" data-end=\"778\"><strong data-start=\"752\" data-end=\"776\">Dost\u0119pne materia\u0142y:<\/strong><\/p>\n<ul data-start=\"781\" data-end=\"1069\">\n<li data-start=\"781\" data-end=\"823\">\n<p data-start=\"783\" data-end=\"823\"><strong data-start=\"783\" data-end=\"807\">Opaski wielokrotnego u\u017cytku:<\/strong> Silikon, PCV<\/p>\n<\/li>\n<li data-start=\"826\" data-end=\"895\">\n<p data-start=\"828\" data-end=\"895\"><strong data-start=\"828\" data-end=\"854\">Regulowane opaski na nadgarstek:<\/strong> Poliester, tkanina tkana, wst\u0105\u017cka satynowa<\/p>\n<\/li>\n<li data-start=\"898\" data-end=\"967\">\n<p data-start=\"900\" data-end=\"967\"><strong data-start=\"900\" data-end=\"926\">Opaski jednorazowe:<\/strong> Poliester, tkanina tkana, wst\u0105\u017cka satynowa<\/p>\n<\/li>\n<li data-start=\"970\" data-end=\"1015\">\n<p data-start=\"972\" data-end=\"1015\"><strong data-start=\"972\" data-end=\"1004\">Opaski \u015bwiec\u0105ce w ciemno\u015bci:<\/strong> Silikon<\/p>\n<\/li>\n<li data-start=\"1018\" data-end=\"1069\">\n<p data-start=\"1020\" data-end=\"1069\"><strong data-start=\"1020\" data-end=\"1048\">Opaski pod\u015bwietlane diodami LED:<\/strong> Silikon, PVC, ABS<\/p>\n<\/li>\n<\/ul>\n<\/li>\n<\/ul>\n<p data-start=\"1071\" data-end=\"1089\"><strong data-start=\"1071\" data-end=\"1087\">Aplikacje<\/strong><\/p>\n<ul data-start=\"1090\" data-end=\"1512\">\n<li data-start=\"1090\" data-end=\"1153\">\n<p data-start=\"1092\" data-end=\"1153\"><strong data-start=\"1092\" data-end=\"1110\">Przesy\u0142anie danych:<\/strong> Efektywne udost\u0119pnianie informacji o wydarzeniach<\/p>\n<\/li>\n<li data-start=\"1154\" data-end=\"1206\">\n<p data-start=\"1156\" data-end=\"1206\"><strong data-start=\"1156\" data-end=\"1175\">Kontrola dost\u0119pu:<\/strong> Bezpieczne i szybkie wej\u015bcie na teren obiektu<\/p>\n<\/li>\n<li data-start=\"1207\" data-end=\"1290\">\n<p data-start=\"1209\" data-end=\"1290\"><strong data-start=\"1209\" data-end=\"1232\">Zarz\u0105dzanie p\u0142atno\u015bciami:<\/strong> Transakcje bezgot\u00f3wkowe na festiwalach i w parkach rozrywki<\/p>\n<\/li>\n<li data-start=\"1291\" data-end=\"1354\">\n<p data-start=\"1293\" data-end=\"1354\"><strong data-start=\"1293\" data-end=\"1320\">Opieka zdrowotna i szpitale:<\/strong> Niezawodna identyfikacja pacjenta<\/p>\n<\/li>\n<li data-start=\"1355\" data-end=\"1434\">\n<p data-start=\"1357\" data-end=\"1434\"><strong data-start=\"1357\" data-end=\"1385\">Baseny i sauny:<\/strong> Wodoodporna konstrukcja do \u015brodowisk wodnych<\/p>\n<\/li>\n<li data-start=\"1435\" data-end=\"1512\">\n<p data-start=\"1437\" data-end=\"1512\"><strong data-start=\"1437\" data-end=\"1460\">Jednostki ch\u0142odnicze:<\/strong> \u0141atwa identyfikacja towar\u00f3w wra\u017cliwych na temperatur\u0119<\/p>\n<\/li>\n<\/ul>\n<p data-start=\"1514\" data-end=\"1539\"><strong data-start=\"1514\" data-end=\"1537\">Dodatkowe funkcje<\/strong><\/p>\n<ul data-start=\"1540\" data-end=\"1718\">\n<li data-start=\"1540\" data-end=\"1643\">\n<p data-start=\"1542\" data-end=\"1643\">Wytrzyma\u0142e i wodoodporne, idealne na festiwale, koncerty, do park\u00f3w wodnych, plac\u00f3wek s\u0142u\u017cby zdrowia i park\u00f3w rozrywki<\/p>\n<\/li>\n<li data-start=\"1644\" data-end=\"1718\">\n<p data-start=\"1646\" data-end=\"1718\">W pe\u0142ni dostosowywalny do brandingu wydarzenia, logo sponsor\u00f3w, kod\u00f3w QR i nie tylko<\/p>\n<\/li>\n<\/ul>\n<p data-start=\"1720\" data-end=\"1975\"><strong data-start=\"1720\" data-end=\"1750\">Dlaczego warto wybra\u0107 t\u0119 opask\u0119?<\/strong><br data-start=\"1750\" data-end=\"1753\" \/>Opaski RFID pomagaj\u0105 skr\u00f3ci\u0107 czas oczekiwania i usprawni\u0107 kontrol\u0119 wej\u015bcia. Opaski s\u0105 w pe\u0142ni kompatybilne z rozwi\u0105zaniami RFID i umo\u017cliwiaj\u0105 p\u0142atno\u015bci bezgot\u00f3wkowe, sprawn\u0105 kontrol\u0119 dost\u0119pu oraz integracj\u0119 z mediami spo\u0142eczno\u015bciowymi podczas wydarze\u0144.<\/p>\n<p data-start=\"1977\" data-end=\"2052\"><strong data-start=\"1977\" data-end=\"1996\">Czas realizacji<\/strong><br data-start=\"1996\" data-end=\"1999\" \/>Najkr\u00f3tszy w bran\u017cy czas realizacji zapewniaj\u0105cy szybk\u0105 dostaw\u0119.<\/p>\n<h2 data-start=\"2054\" data-end=\"2079\">Tabela (Specyfikacja)<\/h2>\n<div class=\"_tableContainer_1rjym_1\">\n<div class=\"group _tableWrapper_1rjym_13 flex w-fit flex-col-reverse\" tabindex=\"-1\">\n<table class=\"w-fit min-w-(--thread-content-width)\" data-start=\"2081\" data-end=\"3642\">\n<thead data-start=\"2081\" data-end=\"2200\">\n<tr data-start=\"2081\" data-end=\"2200\">\n<th data-start=\"2081\" data-end=\"2101\" data-col-size=\"sm\">Kategoria<\/th>\n<th data-start=\"2101\" data-end=\"2127\" data-col-size=\"sm\">Parametr<\/th>\n<th data-start=\"2127\" data-end=\"2200\" data-col-size=\"md\">Warto\u015b\u0107<\/th>\n<\/tr>\n<\/thead>\n<tbody data-start=\"2321\" data-end=\"3642\">\n<tr data-start=\"2321\" data-end=\"2439\">\n<td data-start=\"2321\" data-end=\"2341\" data-col-size=\"sm\">Produkt<\/td>\n<td data-col-size=\"sm\" data-start=\"2341\" data-end=\"2367\">Typ<\/td>\n<td data-col-size=\"md\" data-start=\"2367\" data-end=\"2439\">Jednorazowa opaska RFID<\/td>\n<\/tr>\n<tr data-start=\"2440\" data-end=\"2559\">\n<td data-start=\"2440\" data-end=\"2460\" data-col-size=\"sm\">Przybory<\/td>\n<td data-col-size=\"sm\" data-start=\"2460\" data-end=\"2486\">Cia\u0142o<\/td>\n<td data-col-size=\"md\" data-start=\"2486\" data-end=\"2559\">Poliester, tkanina tkana, wst\u0105\u017cka satynowa, silikon, PVC<\/td>\n<\/tr>\n<tr data-start=\"2560\" data-end=\"2679\">\n<td data-start=\"2560\" data-end=\"2580\" data-col-size=\"sm\">RF<\/td>\n<td data-start=\"2580\" data-end=\"2606\" data-col-size=\"sm\">Cz\u0119stotliwo\u015b\u0107<\/td>\n<td data-col-size=\"md\" data-start=\"2606\" data-end=\"2679\">13,56 MHz (HF)<\/td>\n<\/tr>\n<tr data-start=\"2680\" data-end=\"2799\">\n<td data-start=\"2680\" data-end=\"2700\" data-col-size=\"sm\"><\/td>\n<td data-col-size=\"sm\" data-start=\"2700\" data-end=\"2726\">Protok\u00f3\u0142<\/td>\n<td data-col-size=\"md\" data-start=\"2726\" data-end=\"2799\">ISO14443A, ISO15693<\/td>\n<\/tr>\n<tr data-start=\"2800\" data-end=\"2919\">\n<td data-start=\"2800\" data-end=\"2820\" data-col-size=\"sm\"><\/td>\n<td data-col-size=\"sm\" data-start=\"2820\" data-end=\"2846\">Napisz wytrzyma\u0142o\u015b\u0107<\/td>\n<td data-col-size=\"md\" data-start=\"2846\" data-end=\"2919\">\u2265100 000 cykli<\/td>\n<\/tr>\n<tr data-start=\"2920\" data-end=\"3039\">\n<td data-start=\"2920\" data-end=\"2940\" data-col-size=\"sm\">Zakres odczytu<\/td>\n<td data-col-size=\"sm\" data-start=\"2940\" data-end=\"2966\">Dystans<\/td>\n<td data-col-size=\"md\" data-start=\"2966\" data-end=\"3039\">0\u20135 cm (w zale\u017cno\u015bci od czytelnika)<\/td>\n<\/tr>\n<tr data-start=\"3040\" data-end=\"3161\">\n<td data-start=\"3040\" data-end=\"3060\" data-col-size=\"sm\">Personalizacja<\/td>\n<td data-col-size=\"sm\" data-start=\"3060\" data-end=\"3086\">Rzemios\u0142o<\/td>\n<td data-col-size=\"md\" data-start=\"3086\" data-end=\"3161\">Nadruk pe\u0142nokolorowy, logo, tekst, numer seryjny, kod QR, kod kreskowy, kodowanie danych<\/td>\n<\/tr>\n<tr data-start=\"3162\" data-end=\"3280\">\n<td data-start=\"3162\" data-end=\"3182\" data-col-size=\"sm\">Trwa\u0142o\u015b\u0107<\/td>\n<td data-col-size=\"sm\" data-start=\"3182\" data-end=\"3208\">Wodoodporny<\/td>\n<td data-col-size=\"md\" data-start=\"3208\" data-end=\"3280\">Tak, wodoodporny i trwa\u0142y<\/td>\n<\/tr>\n<tr data-start=\"3281\" data-end=\"3403\">\n<td data-start=\"3281\" data-end=\"3301\" data-col-size=\"sm\">Aplikacje<\/td>\n<td data-col-size=\"sm\" data-start=\"3301\" data-end=\"3327\">Przypadki u\u017cycia<\/td>\n<td data-col-size=\"md\" data-start=\"3327\" data-end=\"3403\">Wst\u0119p na wydarzenie, p\u0142atno\u015bci bezgot\u00f3wkowe, identyfikatory medyczne, kontrola dost\u0119pu, sprzeda\u017c bilet\u00f3w<\/td>\n<\/tr>\n<tr data-start=\"3404\" data-end=\"3522\">\n<td data-start=\"3404\" data-end=\"3424\" data-col-size=\"sm\"><\/td>\n<td data-col-size=\"sm\" data-start=\"3424\" data-end=\"3450\"><\/td>\n<td data-col-size=\"md\" data-start=\"3450\" data-end=\"3522\">Baseny, parki rozrywki i wiele innych<\/td>\n<\/tr>\n<tr data-start=\"3523\" data-end=\"3642\">\n<td data-start=\"3523\" data-end=\"3543\" data-col-size=\"sm\">Czas realizacji<\/td>\n<td data-col-size=\"sm\" data-start=\"3543\" data-end=\"3569\">Czas dostawy<\/td>\n<td data-col-size=\"md\" data-start=\"3569\" data-end=\"3642\">Najkr\u00f3tszy w bran\u017cy czas realizacji<\/td>\n<\/tr>\n<\/tbody>\n<\/table>\n<\/div>\n<\/div>","protected":false},"excerpt":{"rendered":"<p>Personalizowana, jednorazowa opaska RFID NFC na nadgarstek do wykorzystania na wydarzeniach, festiwalach i kontroli dost\u0119pu \u2014 13,56 MHz, wodoodporna, trwa\u0142a i w pe\u0142ni konfigurowalna za pomoc\u0105 logo, tekstu i danych.<\/p>","protected":false},"featured_media":792,"template":"","meta":{"_gspb_post_css":""},"product_brand":[],"product_cat":[21],"product_tag":[],"class_list":{"0":"post-791","1":"product","2":"type-product","3":"status-publish","4":"has-post-thumbnail","6":"product_cat-rfid-nfc-bracelets","8":"first","9":"instock","10":"shipping-taxable","11":"purchasable","12":"product-type-simple"},"_links":{"self":[{"href":"https:\/\/www.cxjsmartcard.com\/pl\/wp-json\/wp\/v2\/product\/791","targetHints":{"allow":["GET"]}}],"collection":[{"href":"https:\/\/www.cxjsmartcard.com\/pl\/wp-json\/wp\/v2\/product"}],"about":[{"href":"https:\/\/www.cxjsmartcard.com\/pl\/wp-json\/wp\/v2\/types\/product"}],"wp:featuredmedia":[{"embeddable":true,"href":"https:\/\/www.cxjsmartcard.com\/pl\/wp-json\/wp\/v2\/media\/792"}],"wp:attachment":[{"href":"https:\/\/www.cxjsmartcard.com\/pl\/wp-json\/wp\/v2\/media?parent=791"}],"wp:term":[{"taxonomy":"product_brand","embeddable":true,"href":"https:\/\/www.cxjsmartcard.com\/pl\/wp-json\/wp\/v2\/product_brand?post=791"},{"taxonomy":"product_cat","embeddable":true,"href":"https:\/\/www.cxjsmartcard.com\/pl\/wp-json\/wp\/v2\/product_cat?post=791"},{"taxonomy":"product_tag","embeddable":true,"href":"https:\/\/www.cxjsmartcard.com\/pl\/wp-json\/wp\/v2\/product_tag?post=791"}],"curies":[{"name":"wp","href":"https:\/\/api.w.org\/{rel}","templated":true}]}}