{"id":782,"date":"2025-11-03T07:34:16","date_gmt":"2025-11-03T07:34:16","guid":{"rendered":"https:\/\/www.cxjsmartcard.com\/?post_type=product&#038;p=782"},"modified":"2025-12-29T01:27:09","modified_gmt":"2025-12-29T01:27:09","slug":"customized-rfid-silicone-nfc-bracelets","status":"publish","type":"product","link":"https:\/\/www.cxjsmartcard.com\/pl\/customized-rfid-silicone-nfc-bracelets\/","title":{"rendered":"Personalizowane silikonowe bransoletki NFC RFID"},"content":{"rendered":"<p data-start=\"50\" data-end=\"327\">Personalizowane silikonowe opaski na r\u0119k\u0119 RFID NFC \u0142\u0105cz\u0105 modny design z bezpieczn\u0105 technologi\u0105 RFID\/NFC do kontroli dost\u0119pu, p\u0142atno\u015bci bezgot\u00f3wkowych, zarz\u0105dzania wydarzeniami i \u015bledzenia personelu. Wykonane z ekologicznego silikonu, s\u0105 wodoodporne, trwa\u0142e, wygodne i wielokrotnego u\u017cytku.<\/p>\n<p data-start=\"329\" data-end=\"343\"><strong data-start=\"329\" data-end=\"341\">Cechy<\/strong><\/p>\n<ul data-start=\"344\" data-end=\"594\">\n<li data-start=\"344\" data-end=\"384\">\n<p data-start=\"346\" data-end=\"384\">Niestandardowe rozmiary i kolory Pantone\/CMYK<\/p>\n<\/li>\n<li data-start=\"385\" data-end=\"435\">\n<p data-start=\"387\" data-end=\"435\">Wiele cz\u0119stotliwo\u015bci (LF\/HF\/UHF) i protoko\u0142\u00f3w<\/p>\n<\/li>\n<li data-start=\"436\" data-end=\"485\">\n<p data-start=\"438\" data-end=\"485\">Opcje drukowania\/grawerowania z kodowaniem chip\u00f3w<\/p>\n<\/li>\n<li data-start=\"486\" data-end=\"545\">\n<p data-start=\"488\" data-end=\"545\">Nadaje si\u0119 do \u015brodowisk wilgotnych (parki wodne, si\u0142ownie, baseny)<\/p>\n<\/li>\n<li data-start=\"546\" data-end=\"594\">\n<p data-start=\"548\" data-end=\"594\">Dost\u0119pne bezp\u0142atne pr\u00f3bki; elastyczne warunki p\u0142atno\u015bci<\/p>\n<\/li>\n<\/ul>\n<p data-start=\"596\" data-end=\"944\"><strong data-start=\"596\" data-end=\"612\">Aplikacje<\/strong><br data-start=\"612\" data-end=\"615\" \/>Fitness i spa (dost\u0119p do si\u0142owni, szafki, p\u0142atno\u015bci bezgot\u00f3wkowe) \u2022 Koncerty i imprezy (sprzeda\u017c bilet\u00f3w, dost\u0119p VIP, kontrola t\u0142umu) \u2022 Hotele i o\u015brodki wypoczynkowe (bezkluczykowy dost\u0119p do pokoi\/szafek) \u2022 Parki wodne i baseny (wodoodporne identyfikatory i p\u0142atno\u015bci) \u2022 Opieka zdrowotna (identyfikatory pacjent\u00f3w, zarz\u0105dzanie go\u015b\u0107mi) \u2022 Parki rozrywki\/tematyczne \u2022 Szko\u0142y i ogrody zoologiczne \u2022 Ochrona i zarz\u0105dzanie personelem.<\/p>\n<h2 data-start=\"946\" data-end=\"971\">Tabela (Specyfikacja)<\/h2>\n<div class=\"_tableContainer_1rjym_1\">\n<div class=\"group _tableWrapper_1rjym_13 flex w-fit flex-col-reverse\" tabindex=\"-1\">\n<table class=\"w-fit min-w-(--thread-content-width)\" data-start=\"972\" data-end=\"2511\">\n<thead data-start=\"972\" data-end=\"1086\">\n<tr data-start=\"972\" data-end=\"1086\">\n<th data-start=\"972\" data-end=\"990\" data-col-size=\"sm\">Kategoria<\/th>\n<th data-start=\"990\" data-end=\"1013\" data-col-size=\"sm\">Parametr<\/th>\n<th data-start=\"1013\" data-end=\"1086\" data-col-size=\"lg\">Warto\u015b\u0107<\/th>\n<\/tr>\n<\/thead>\n<tbody data-start=\"1202\" data-end=\"2511\">\n<tr data-start=\"1202\" data-end=\"1316\">\n<td data-start=\"1202\" data-end=\"1220\" data-col-size=\"sm\">Produkt<\/td>\n<td data-col-size=\"sm\" data-start=\"1220\" data-end=\"1243\">Typ<\/td>\n<td data-col-size=\"lg\" data-start=\"1243\" data-end=\"1316\">Silikonowa opaska na nadgarstek RFID NFC<\/td>\n<\/tr>\n<tr data-start=\"1317\" data-end=\"1431\">\n<td data-start=\"1317\" data-end=\"1335\" data-col-size=\"sm\">Przybory<\/td>\n<td data-col-size=\"sm\" data-start=\"1335\" data-end=\"1358\">Cia\u0142o<\/td>\n<td data-col-size=\"lg\" data-start=\"1358\" data-end=\"1431\">Ekologiczny silikon<\/td>\n<\/tr>\n<tr data-start=\"1432\" data-end=\"1546\">\n<td data-start=\"1432\" data-end=\"1450\" data-col-size=\"sm\">Wymiary<\/td>\n<td data-col-size=\"sm\" data-start=\"1450\" data-end=\"1473\">Opcje rozmiaru<\/td>\n<td data-col-size=\"lg\" data-start=\"1473\" data-end=\"1546\">Dostosowane<\/td>\n<\/tr>\n<tr data-start=\"1547\" data-end=\"1661\">\n<td data-start=\"1547\" data-end=\"1565\" data-col-size=\"sm\">RF<\/td>\n<td data-col-size=\"sm\" data-start=\"1565\" data-end=\"1588\">Protoko\u0142y<\/td>\n<td data-col-size=\"lg\" data-start=\"1588\" data-end=\"1661\">ISO14443A; ISO15693; ISO 18000-6C<\/td>\n<\/tr>\n<tr data-start=\"1662\" data-end=\"1776\">\n<td data-start=\"1662\" data-end=\"1680\" data-col-size=\"sm\"><\/td>\n<td data-col-size=\"sm\" data-start=\"1680\" data-end=\"1703\">Cz\u0119stotliwo\u015bci<\/td>\n<td data-col-size=\"lg\" data-start=\"1703\" data-end=\"1776\">Cz\u0119stotliwo\u015b\u0107 LF 125 kHz; Cz\u0119stotliwo\u015b\u0107 HF 13,56 MHz; Cz\u0119stotliwo\u015b\u0107 UHF 860\u2013960 MHz<\/td>\n<\/tr>\n<tr data-start=\"1777\" data-end=\"1891\">\n<td data-start=\"1777\" data-end=\"1795\" data-col-size=\"sm\">Personalizacja<\/td>\n<td data-col-size=\"sm\" data-start=\"1795\" data-end=\"1818\">Kolor<\/td>\n<td data-col-size=\"lg\" data-start=\"1818\" data-end=\"1891\">Pantone lub CMYK<\/td>\n<\/tr>\n<tr data-start=\"1892\" data-end=\"2006\">\n<td data-start=\"1892\" data-end=\"1910\" data-col-size=\"sm\">R\u0119kodzie\u0142o<\/td>\n<td data-col-size=\"sm\" data-start=\"1910\" data-end=\"1933\">Drukowanie\/Znakowanie<\/td>\n<td data-col-size=\"lg\" data-start=\"1933\" data-end=\"2006\">Sitodruk, grawerowanie laserowe, druk termotransferowy<\/td>\n<\/tr>\n<tr data-start=\"2007\" data-end=\"2120\">\n<td data-start=\"2007\" data-end=\"2025\" data-col-size=\"sm\">Kodowanie<\/td>\n<td data-col-size=\"sm\" data-start=\"2025\" data-end=\"2048\">Us\u0142ugi danych<\/td>\n<td data-col-size=\"lg\" data-start=\"2048\" data-end=\"2120\">Serial\/UID, QR, numer; programowanie\/kodowanie\/blokowanie\/szyfrowanie chip\u00f3w<\/td>\n<\/tr>\n<tr data-start=\"2121\" data-end=\"2281\">\n<td data-start=\"2121\" data-end=\"2139\" data-col-size=\"sm\">Aplikacje<\/td>\n<td data-col-size=\"sm\" data-start=\"2139\" data-end=\"2162\">Typowe przypadki u\u017cycia<\/td>\n<td data-col-size=\"lg\" data-start=\"2162\" data-end=\"2281\">Si\u0142ownie i spa; koncerty\/imprezy; hotele\/o\u015brodki wypoczynkowe; parki wodne; szpitale; parki rozrywki; szko\u0142y; ogrody zoologiczne; ochrona\/personel<\/td>\n<\/tr>\n<tr data-start=\"2282\" data-end=\"2396\">\n<td data-start=\"2282\" data-end=\"2300\" data-col-size=\"sm\">Pr\u00f3bowanie<\/td>\n<td data-col-size=\"sm\" data-start=\"2300\" data-end=\"2323\">Bezp\u0142atne pr\u00f3bki<\/td>\n<td data-col-size=\"lg\" data-start=\"2323\" data-end=\"2396\">Dost\u0119pny<\/td>\n<\/tr>\n<tr data-start=\"2397\" data-end=\"2511\">\n<td data-start=\"2397\" data-end=\"2415\" data-col-size=\"sm\">P\u0142atno\u015bci<\/td>\n<td data-col-size=\"sm\" data-start=\"2415\" data-end=\"2438\">Warunki p\u0142atno\u015bci<\/td>\n<td data-col-size=\"lg\" data-start=\"2438\" data-end=\"2511\">T\/T, PayPal, Western Union, przelew na Ali<\/td>\n<\/tr>\n<\/tbody>\n<\/table>\n<\/div>\n<\/div>","protected":false},"excerpt":{"rendered":"<p>Personalizowane silikonowe opaski na nadgarstek RFID\/NFC \u2014 wodoodporne, trwa\u0142e i wielokrotnego u\u017cytku; obs\u0142uguj\u0105 pasma LF\/HF\/UHF, niestandardowe rozmiary\/kolory, nadruk\/grawerowanie oraz kodowanie chip\u00f3w na potrzeby wydarze\u0144 i kontroli dost\u0119pu.<\/p>","protected":false},"featured_media":786,"template":"","meta":{"_gspb_post_css":""},"product_brand":[],"product_cat":[21],"product_tag":[],"class_list":{"0":"post-782","1":"product","2":"type-product","3":"status-publish","4":"has-post-thumbnail","6":"product_cat-rfid-nfc-bracelets","8":"first","9":"instock","10":"shipping-taxable","11":"purchasable","12":"product-type-simple"},"_links":{"self":[{"href":"https:\/\/www.cxjsmartcard.com\/pl\/wp-json\/wp\/v2\/product\/782","targetHints":{"allow":["GET"]}}],"collection":[{"href":"https:\/\/www.cxjsmartcard.com\/pl\/wp-json\/wp\/v2\/product"}],"about":[{"href":"https:\/\/www.cxjsmartcard.com\/pl\/wp-json\/wp\/v2\/types\/product"}],"wp:featuredmedia":[{"embeddable":true,"href":"https:\/\/www.cxjsmartcard.com\/pl\/wp-json\/wp\/v2\/media\/786"}],"wp:attachment":[{"href":"https:\/\/www.cxjsmartcard.com\/pl\/wp-json\/wp\/v2\/media?parent=782"}],"wp:term":[{"taxonomy":"product_brand","embeddable":true,"href":"https:\/\/www.cxjsmartcard.com\/pl\/wp-json\/wp\/v2\/product_brand?post=782"},{"taxonomy":"product_cat","embeddable":true,"href":"https:\/\/www.cxjsmartcard.com\/pl\/wp-json\/wp\/v2\/product_cat?post=782"},{"taxonomy":"product_tag","embeddable":true,"href":"https:\/\/www.cxjsmartcard.com\/pl\/wp-json\/wp\/v2\/product_tag?post=782"}],"curies":[{"name":"wp","href":"https:\/\/api.w.org\/{rel}","templated":true}]}}