{"id":777,"date":"2025-11-03T07:31:45","date_gmt":"2025-11-03T07:31:45","guid":{"rendered":"https:\/\/www.cxjsmartcard.com\/?post_type=product&#038;p=777"},"modified":"2025-12-29T01:27:10","modified_gmt":"2025-12-29T01:27:10","slug":"customized-elastic-rfid-nfc-wristband-bracelet","status":"publish","type":"product","link":"https:\/\/www.cxjsmartcard.com\/pl\/customized-elastic-rfid-nfc-wristband-bracelet\/","title":{"rendered":"Spersonalizowana elastyczna opaska na nadgarstek RFID NFC"},"content":{"rendered":"<p data-start=\"58\" data-end=\"331\">Elastyczna opaska na nadgarstek RFID\/NFC \u0142\u0105cz\u0105ca inteligentn\u0105 technologi\u0119 ze stylowym, tkanym paskiem \u2013 idealna na festiwale, koncerty, do sprzeda\u017cy bilet\u00f3w i bezpiecznej kontroli dost\u0119pu. Poza wej\u015bciem, mo\u017ce obs\u0142ugiwa\u0107 p\u0142atno\u015bci bezgot\u00f3wkowe, identyfikacj\u0119, cz\u0142onkostwo w klubach i aktywno\u015bci grupowe.<\/p>\n<p data-start=\"333\" data-end=\"375\"><strong data-start=\"333\" data-end=\"373\">Elastyczna, tkana opaska na nadgarstek RFID<\/strong><\/p>\n<ul data-start=\"376\" data-end=\"1218\">\n<li data-start=\"376\" data-end=\"422\">\n<p data-start=\"378\" data-end=\"422\"><strong data-start=\"378\" data-end=\"395\">Nazwa produktu:<\/strong> Szcz\u0119\u015bliwa bransoletka RFID NFCC<\/p>\n<\/li>\n<li data-start=\"423\" data-end=\"460\">\n<p data-start=\"425\" data-end=\"460\"><strong data-start=\"425\" data-end=\"438\">Tworzywo:<\/strong> Poliester i nylon<\/p>\n<\/li>\n<li data-start=\"461\" data-end=\"581\">\n<p data-start=\"463\" data-end=\"581\"><strong data-start=\"463\" data-end=\"473\">Rozmiary:<\/strong> 185\u00d713 mm (du\u017cy doros\u0142y), 160\u00d713 mm (m\u0142odzie\u017c\/ma\u0142y doros\u0142y); wysoko\u015b\u0107 13 mm; d\u0142ugo\u015b\u0107 regulowana w zakresie 140\u2013210 mm<\/p>\n<\/li>\n<li data-start=\"582\" data-end=\"612\">\n<p data-start=\"584\" data-end=\"612\"><strong data-start=\"584\" data-end=\"597\">Uk\u0142ad NFC:<\/strong> HF 13,56 MHz<\/p>\n<\/li>\n<li data-start=\"613\" data-end=\"682\">\n<p data-start=\"615\" data-end=\"682\"><strong data-start=\"615\" data-end=\"629\">Protoko\u0142y:<\/strong> ISO14443A, ISO15693, ISO7814, ISO7815, ISO18000-6C<\/p>\n<\/li>\n<li data-start=\"683\" data-end=\"726\">\n<p data-start=\"685\" data-end=\"726\"><strong data-start=\"685\" data-end=\"705\">Kolor opaski:<\/strong> Dostosowane do PMS<\/p>\n<\/li>\n<li data-start=\"727\" data-end=\"797\">\n<p data-start=\"729\" data-end=\"797\"><strong data-start=\"729\" data-end=\"742\">Druk:<\/strong> Pe\u0142nokolorowa sublimacja barwnik\u00f3w (powierzchnie wewn\u0119trzne\/zewn\u0119trzne)<\/p>\n<\/li>\n<li data-start=\"798\" data-end=\"926\">\n<p data-start=\"800\" data-end=\"926\"><strong data-start=\"800\" data-end=\"811\">Rzemie\u015blnictwo:<\/strong> Drukowanie numer\u00f3w seryjnych\/UID, kod\u00f3w QR i kreskowych; programowanie\/kodowanie\/blokowanie\/szyfrowanie chip\u00f3w (URL, tekst, numer, vCard)<\/p>\n<\/li>\n<li data-start=\"927\" data-end=\"960\">\n<p data-start=\"929\" data-end=\"960\"><strong data-start=\"929\" data-end=\"942\">Cechy:<\/strong> 100% wodoodporny<\/p>\n<\/li>\n<li data-start=\"961\" data-end=\"1130\">\n<p data-start=\"963\" data-end=\"1130\"><strong data-start=\"963\" data-end=\"980\">Zastosowania:<\/strong> Sprzeda\u017c bilet\u00f3w, opieka zdrowotna, podr\u00f3\u017ce, kontrola dost\u0119pu i bezpiecze\u0144stwo, rejestracja czasu pracy, parkowanie i p\u0142atno\u015bci, zarz\u0105dzanie cz\u0142onkostwem w klubach\/SPA, nagrody i promocje<\/p>\n<\/li>\n<li data-start=\"1131\" data-end=\"1151\">\n<p data-start=\"1133\" data-end=\"1151\"><strong data-start=\"1133\" data-end=\"1141\">Minimalne zam\u00f3wienie:<\/strong> 500 szt.<\/p>\n<\/li>\n<li data-start=\"1152\" data-end=\"1218\">\n<p data-start=\"1154\" data-end=\"1218\"><strong data-start=\"1154\" data-end=\"1172\">Przyk\u0142adowa polityka:<\/strong> Bezp\u0142atna pr\u00f3bka testowa; kupuj\u0105cy p\u0142aci za przesy\u0142k\u0119<\/p>\n<\/li>\n<\/ul>\n<p data-start=\"1220\" data-end=\"1603\"><strong data-start=\"1220\" data-end=\"1260\">Wariant tkany rozci\u0105gliwie (g\u0142\u00f3wne korzy\u015bci)<\/strong><br data-start=\"1260\" data-end=\"1263\" \/>Niezwykle wygodny, elastyczny poliester; dopasowuje si\u0119 do nadgarstka; zdejmowany, wielokrotnego u\u017cytku i wodoodporny \u2014 idealny do wielodniowego u\u017cytku lub program\u00f3w z karnetem sezonowym.<br data-start=\"1407\" data-end=\"1410\" \/><strong data-start=\"1410\" data-end=\"1423\">Korzy\u015bci:<\/strong> Komfort i elastyczno\u015b\u0107 \u2022 Wielokrotnego u\u017cytku i trwa\u0142o\u015b\u0107 \u2022 Wodoodporno\u015b\u0107 100% \u2022 Mo\u017cliwo\u015b\u0107 brandingu (pe\u0142nokolorowy nadruk, logo, unikalne kodowanie identyfikacyjne) \u2022 Wsp\u00f3\u0142pracuje z wi\u0119kszo\u015bci\u0105 urz\u0105dze\u0144 z obs\u0142ug\u0105 NFC i czytnik\u00f3w RFID.<\/p>\n<h2 data-start=\"1605\" data-end=\"1630\">Tabela (Specyfikacja)<\/h2>\n<div class=\"_tableContainer_1rjym_1\">\n<div class=\"group _tableWrapper_1rjym_13 flex w-fit flex-col-reverse\" tabindex=\"-1\">\n<table class=\"w-fit min-w-(--thread-content-width)\" data-start=\"1632\" data-end=\"3623\">\n<thead data-start=\"1632\" data-end=\"1754\">\n<tr data-start=\"1632\" data-end=\"1754\">\n<th data-start=\"1632\" data-end=\"1653\" data-col-size=\"sm\">Kategoria<\/th>\n<th data-start=\"1653\" data-end=\"1681\" data-col-size=\"sm\">Parametr<\/th>\n<th data-start=\"1681\" data-end=\"1754\" data-col-size=\"lg\">Warto\u015b\u0107<\/th>\n<\/tr>\n<\/thead>\n<tbody data-start=\"1877\" data-end=\"3623\">\n<tr data-start=\"1877\" data-end=\"1998\">\n<td data-start=\"1877\" data-end=\"1897\" data-col-size=\"sm\">Produkt<\/td>\n<td data-col-size=\"sm\" data-start=\"1897\" data-end=\"1925\">Typ<\/td>\n<td data-col-size=\"lg\" data-start=\"1925\" data-end=\"1998\">Spersonalizowana elastyczna opaska na nadgarstek RFID\/NFC<\/td>\n<\/tr>\n<tr data-start=\"1999\" data-end=\"2120\">\n<td data-start=\"1999\" data-end=\"2019\" data-col-size=\"sm\">Przybory<\/td>\n<td data-col-size=\"sm\" data-start=\"2019\" data-end=\"2047\">Zesp\u00f3\u0142<\/td>\n<td data-col-size=\"lg\" data-start=\"2047\" data-end=\"2120\">Poliester i nylon<\/td>\n<\/tr>\n<tr data-start=\"2121\" data-end=\"2242\">\n<td data-start=\"2121\" data-end=\"2141\" data-col-size=\"sm\">Wymiary<\/td>\n<td data-col-size=\"sm\" data-start=\"2141\" data-end=\"2169\">Standardowe rozmiary<\/td>\n<td data-col-size=\"lg\" data-start=\"2169\" data-end=\"2242\">185\u00d713 mm (du\u017cy doros\u0142y); 160\u00d713 mm (m\u0142ody\/ma\u0142y doros\u0142y)<\/td>\n<\/tr>\n<tr data-start=\"2243\" data-end=\"2364\">\n<td data-start=\"2243\" data-end=\"2263\" data-col-size=\"sm\"><\/td>\n<td data-col-size=\"sm\" data-start=\"2263\" data-end=\"2291\">Zakres niestandardowy<\/td>\n<td data-col-size=\"lg\" data-start=\"2291\" data-end=\"2364\">D\u0142ugo\u015b\u0107 140\u2013210 mm; wysoko\u015b\u0107 13 mm<\/td>\n<\/tr>\n<tr data-start=\"2365\" data-end=\"2486\">\n<td data-start=\"2365\" data-end=\"2385\" data-col-size=\"sm\">RF<\/td>\n<td data-col-size=\"sm\" data-start=\"2385\" data-end=\"2413\">Cz\u0119stotliwo\u015b\u0107<\/td>\n<td data-col-size=\"lg\" data-start=\"2413\" data-end=\"2486\">HF 13,56 MHz<\/td>\n<\/tr>\n<tr data-start=\"2487\" data-end=\"2608\">\n<td data-start=\"2487\" data-end=\"2507\" data-col-size=\"sm\"><\/td>\n<td data-col-size=\"sm\" data-start=\"2507\" data-end=\"2535\">Protoko\u0142y<\/td>\n<td data-col-size=\"lg\" data-start=\"2535\" data-end=\"2608\">ISO14443A; ISO15693; ISO7814; ISO7815; ISO18000-6C<\/td>\n<\/tr>\n<tr data-start=\"2609\" data-end=\"2730\">\n<td data-start=\"2609\" data-end=\"2629\" data-col-size=\"sm\">Personalizacja<\/td>\n<td data-col-size=\"sm\" data-start=\"2629\" data-end=\"2657\">Kolor<\/td>\n<td data-col-size=\"lg\" data-start=\"2657\" data-end=\"2730\">Niestandardowe kolory PMS<\/td>\n<\/tr>\n<tr data-start=\"2731\" data-end=\"2852\">\n<td data-start=\"2731\" data-end=\"2751\" data-col-size=\"sm\"><\/td>\n<td data-col-size=\"sm\" data-start=\"2751\" data-end=\"2779\">Druk<\/td>\n<td data-col-size=\"lg\" data-start=\"2779\" data-end=\"2852\">Pe\u0142nokolorowa sublimacja (wewn\u0105trz\/na zewn\u0105trz)<\/td>\n<\/tr>\n<tr data-start=\"2853\" data-end=\"2978\">\n<td data-start=\"2853\" data-end=\"2873\" data-col-size=\"sm\">Rzemie\u015blnictwo<\/td>\n<td data-col-size=\"sm\" data-start=\"2873\" data-end=\"2901\">Kodowanie\/Oznaczanie<\/td>\n<td data-col-size=\"lg\" data-start=\"2901\" data-end=\"2978\">Numer seryjny\/UID, kod QR, kod kreskowy; kodowanie\/blokada\/szyfrowanie chipa (URL\/tekst\/numer\/vCard)<\/td>\n<\/tr>\n<tr data-start=\"2979\" data-end=\"3100\">\n<td data-start=\"2979\" data-end=\"2999\" data-col-size=\"sm\">Wydajno\u015b\u0107<\/td>\n<td data-col-size=\"sm\" data-start=\"2999\" data-end=\"3027\">Funkcja<\/td>\n<td data-col-size=\"lg\" data-start=\"3027\" data-end=\"3100\">100% wodoodporny<\/td>\n<\/tr>\n<tr data-start=\"3101\" data-end=\"3257\">\n<td data-start=\"3101\" data-end=\"3121\" data-col-size=\"sm\">Aplikacje<\/td>\n<td data-col-size=\"sm\" data-start=\"3121\" data-end=\"3149\">Przypadki u\u017cycia<\/td>\n<td data-col-size=\"lg\" data-start=\"3149\" data-end=\"3257\">Sprzeda\u017c bilet\u00f3w, kontrola dost\u0119pu, p\u0142atno\u015bci bezgot\u00f3wkowe, opieka zdrowotna, rejestracja czasu pracy, parkowanie, cz\u0142onkostwo, nagrody<\/td>\n<\/tr>\n<tr data-start=\"3258\" data-end=\"3379\">\n<td data-start=\"3258\" data-end=\"3278\" data-col-size=\"sm\">Logistyka<\/td>\n<td data-col-size=\"sm\" data-start=\"3278\" data-end=\"3306\">Minimalne zam\u00f3wienie<\/td>\n<td data-col-size=\"lg\" data-start=\"3306\" data-end=\"3379\">500 szt.<\/td>\n<\/tr>\n<tr data-start=\"3380\" data-end=\"3501\">\n<td data-start=\"3380\" data-end=\"3400\" data-col-size=\"sm\">Pr\u00f3bowanie<\/td>\n<td data-col-size=\"sm\" data-start=\"3400\" data-end=\"3428\">Polityka<\/td>\n<td data-col-size=\"lg\" data-start=\"3428\" data-end=\"3501\">Bezp\u0142atna pr\u00f3bka towaru; kupuj\u0105cy pokrywa koszty transportu<\/td>\n<\/tr>\n<tr data-start=\"3502\" data-end=\"3623\">\n<td data-start=\"3502\" data-end=\"3522\" data-col-size=\"sm\">Korzy\u015bci<\/td>\n<td data-col-size=\"sm\" data-start=\"3522\" data-end=\"3550\">Przegl\u0105d najwa\u017cniejszych wydarze\u0144<\/td>\n<td data-col-size=\"lg\" data-start=\"3550\" data-end=\"3623\">Elastyczne dopasowanie, mo\u017cliwo\u015b\u0107 ponownego u\u017cycia, mo\u017cliwo\u015b\u0107 brandingu, zgodno\u015b\u0107 z czytnikiem NFC\/RFID<\/td>\n<\/tr>\n<\/tbody>\n<\/table>\n<\/div>\n<\/div>","protected":false},"excerpt":{"rendered":"<p>Elastyczna, tkana opaska RFID\/NFC na nadgarstek do wykorzystania na wydarzeniach i kontroli dost\u0119pu \u2014 dost\u0119pne w niestandardowych rozmiarach i kolorach, wodoodporna 100%, wielokrotnego u\u017cytku, gotowa do brandingu z pe\u0142nokolorowym nadrukiem i kodowaniem chip\u00f3w.<\/p>","protected":false},"featured_media":778,"template":"","meta":{"_gspb_post_css":""},"product_brand":[],"product_cat":[21],"product_tag":[],"class_list":{"0":"post-777","1":"product","2":"type-product","3":"status-publish","4":"has-post-thumbnail","6":"product_cat-rfid-nfc-bracelets","8":"first","9":"instock","10":"shipping-taxable","11":"purchasable","12":"product-type-simple"},"_links":{"self":[{"href":"https:\/\/www.cxjsmartcard.com\/pl\/wp-json\/wp\/v2\/product\/777","targetHints":{"allow":["GET"]}}],"collection":[{"href":"https:\/\/www.cxjsmartcard.com\/pl\/wp-json\/wp\/v2\/product"}],"about":[{"href":"https:\/\/www.cxjsmartcard.com\/pl\/wp-json\/wp\/v2\/types\/product"}],"wp:featuredmedia":[{"embeddable":true,"href":"https:\/\/www.cxjsmartcard.com\/pl\/wp-json\/wp\/v2\/media\/778"}],"wp:attachment":[{"href":"https:\/\/www.cxjsmartcard.com\/pl\/wp-json\/wp\/v2\/media?parent=777"}],"wp:term":[{"taxonomy":"product_brand","embeddable":true,"href":"https:\/\/www.cxjsmartcard.com\/pl\/wp-json\/wp\/v2\/product_brand?post=777"},{"taxonomy":"product_cat","embeddable":true,"href":"https:\/\/www.cxjsmartcard.com\/pl\/wp-json\/wp\/v2\/product_cat?post=777"},{"taxonomy":"product_tag","embeddable":true,"href":"https:\/\/www.cxjsmartcard.com\/pl\/wp-json\/wp\/v2\/product_tag?post=777"}],"curies":[{"name":"wp","href":"https:\/\/api.w.org\/{rel}","templated":true}]}}