{"id":767,"date":"2025-11-03T07:23:32","date_gmt":"2025-11-03T07:23:32","guid":{"rendered":"https:\/\/www.cxjsmartcard.com\/?post_type=product&#038;p=767"},"modified":"2025-12-29T01:27:10","modified_gmt":"2025-12-29T01:27:10","slug":"waterproof-uhf-industrial-rfid-flexible-silicone-laundry-tag","status":"publish","type":"product","link":"https:\/\/www.cxjsmartcard.com\/pl\/waterproof-uhf-industrial-rfid-flexible-silicone-laundry-tag\/","title":{"rendered":"Wodoodporna, przemys\u0142owa, elastyczna, silikonowa etykieta do prania RFID UHF"},"content":{"rendered":"<p data-start=\"72\" data-end=\"463\">Elastyczna silikonowa metka do prania UHF, zaprojektowana do przemys\u0142owego prania i zarz\u0105dzania tekstyliami. Jest wodoodporna, odporna na wysokie temperatury i warunki atmosferyczne, dzia\u0142a w pa\u015bmie 860\u2013960 MHz i obs\u0142uguje norm\u0119 ISO\/IEC 18000-6C (EPC Gen2). Szczeg\u00f3lnie nadaje si\u0119 do przemys\u0142owego prania odzie\u017cy i bielizny, zapewniaj\u0105c wytrzyma\u0142o\u015b\u0107 na prasowanie w wysokiej temperaturze, wysokie ci\u015bnienie i ponad 200 cykli prania przemys\u0142owego.<\/p>\n<p data-start=\"465\" data-end=\"488\"><strong data-start=\"465\" data-end=\"486\">Zapewnienie jako\u015bci<\/strong><\/p>\n<ul data-start=\"489\" data-end=\"581\">\n<li data-start=\"489\" data-end=\"545\">\n<p data-start=\"491\" data-end=\"545\">Funkcja 100% przetestowana przy u\u017cyciu Voyantic Performance Tester.<\/p>\n<\/li>\n<li data-start=\"546\" data-end=\"581\">\n<p data-start=\"548\" data-end=\"581\">Sprawdzono pami\u0119\u0107 EPC i u\u017cytkownika 100%.<\/p>\n<\/li>\n<\/ul>\n<p data-start=\"583\" data-end=\"614\"><strong data-start=\"583\" data-end=\"612\">Specyfikacje elektryczne<\/strong><\/p>\n<ul data-start=\"615\" data-end=\"886\">\n<li data-start=\"615\" data-end=\"664\">\n<p data-start=\"617\" data-end=\"664\">Interfejs powietrzny: EPC Klasa 1 Gen2, ISO 18000-6C<\/p>\n<\/li>\n<li data-start=\"665\" data-end=\"705\">\n<p data-start=\"667\" data-end=\"705\">Typ urz\u0105dzenia: Pasywny transponder UHF<\/p>\n<\/li>\n<li data-start=\"706\" data-end=\"744\">\n<p data-start=\"708\" data-end=\"744\">Cz\u0119stotliwo\u015b\u0107 robocza: 865\u2013928 MHz<\/p>\n<\/li>\n<li data-start=\"745\" data-end=\"834\">\n<p data-start=\"747\" data-end=\"834\">Pami\u0119\u0107 (typowa konfiguracja IC): EPC 128 bit\u00f3w; U\u017cytkownik 32 bity; Has\u0142o 32 bity; TID 96 bit\u00f3w<\/p>\n<\/li>\n<li data-start=\"835\" data-end=\"859\">\n<p data-start=\"837\" data-end=\"859\">Polaryzacja: liniowa<\/p>\n<\/li>\n<li data-start=\"860\" data-end=\"886\">\n<p data-start=\"862\" data-end=\"886\">Przechowywanie danych: 10 lat<\/p>\n<\/li>\n<\/ul>\n<p data-start=\"888\" data-end=\"916\"><strong data-start=\"888\" data-end=\"914\">Mechanika i materia\u0142y<\/strong><\/p>\n<ul data-start=\"917\" data-end=\"1077\">\n<li data-start=\"917\" data-end=\"960\">\n<p data-start=\"919\" data-end=\"960\">Wymiary (metka materia\u0142owa): 60 \u00d7 20 \u00d7 1 mm<\/p>\n<\/li>\n<li data-start=\"961\" data-end=\"1043\">\n<p data-start=\"963\" data-end=\"1043\">Wymiary (etykietka silikonowa): 85 \u00d7 27 \u00d7 4 mm; 55 \u00d7 12 \u00d7 2,5 mm (dost\u0119pne inne)<\/p>\n<\/li>\n<li data-start=\"1044\" data-end=\"1077\">\n<p data-start=\"1046\" data-end=\"1077\">Materia\u0142y etykiet: Tkanina, Silikon<\/p>\n<\/li>\n<\/ul>\n<p data-start=\"1079\" data-end=\"1118\"><strong data-start=\"1079\" data-end=\"1116\">Wytrzyma\u0142o\u015b\u0107 \u015brodowiskowa i procesowa<\/strong><\/p>\n<ul data-start=\"1119\" data-end=\"1352\">\n<li data-start=\"1119\" data-end=\"1181\">\n<p data-start=\"1121\" data-end=\"1181\">Temperatura przechowywania: od \u221240 \u00b0C do +120 \u00b0C (od \u221240 \u00b0F do +248 \u00b0F)<\/p>\n<\/li>\n<li data-start=\"1182\" data-end=\"1219\">\n<p data-start=\"1184\" data-end=\"1219\">Prasowanie: 180 \u00b0C \u00d7 15 s, 200 cykli<\/p>\n<\/li>\n<li data-start=\"1220\" data-end=\"1316\">\n<p data-start=\"1222\" data-end=\"1316\">Suszarka: 85\u00b0C \u00d7 120 min, 200 cykli; 120\u00b0C \u00d7 60 min, 200 cykli; 150\u00b0C \u00d7 20 min, 200 cykli<\/p>\n<\/li>\n<li data-start=\"1317\" data-end=\"1352\">\n<p data-start=\"1319\" data-end=\"1352\">Odporno\u015b\u0107 na ci\u015bnienie: do 56 bar\u00f3w<\/p>\n<\/li>\n<\/ul>\n<p data-start=\"1354\" data-end=\"1372\"><strong data-start=\"1354\" data-end=\"1370\">Aplikacje<\/strong><\/p>\n<ul data-start=\"1373\" data-end=\"1510\">\n<li data-start=\"1373\" data-end=\"1394\">\n<p data-start=\"1375\" data-end=\"1394\">Zarz\u0105dzanie po\u015bciel\u0105<\/p>\n<\/li>\n<li data-start=\"1395\" data-end=\"1417\">\n<p data-start=\"1397\" data-end=\"1417\">Jednolite zarz\u0105dzanie<\/p>\n<\/li>\n<li data-start=\"1418\" data-end=\"1449\">\n<p data-start=\"1420\" data-end=\"1449\">Zarz\u0105dzanie pralni\u0105 szpitaln\u0105<\/p>\n<\/li>\n<li data-start=\"1450\" data-end=\"1478\">\n<p data-start=\"1452\" data-end=\"1478\">Zarz\u0105dzanie pralni\u0105 hotelow\u0105<\/p>\n<\/li>\n<li data-start=\"1479\" data-end=\"1510\">\n<p data-start=\"1481\" data-end=\"1510\">Zarz\u0105dzanie tekstyliami przemys\u0142owymi<\/p>\n<\/li>\n<\/ul>\n<p data-start=\"1512\" data-end=\"1666\"><strong data-start=\"1512\" data-end=\"1520\">Cz\u0119sto zadawane pytania<\/strong><br data-start=\"1520\" data-end=\"1523\" \/><strong data-start=\"1523\" data-end=\"1530\">Pytanie 1:<\/strong> Czy te znaczniki RFID mo\u017cna wszy\u0107 w mundury lub odzie\u017c?<br data-start=\"1585\" data-end=\"1588\" \/><strong data-start=\"1588\" data-end=\"1594\">A:<\/strong> Tak. Elastyczn\u0105 silikonow\u0105 metk\u0119 mo\u017cna przyszy\u0107, zgrza\u0107 lub wtopi\u0107.<\/p>\n<p data-start=\"1668\" data-end=\"1791\"><strong data-start=\"1668\" data-end=\"1675\">Pytanie 2:<\/strong> Ile cykli prania wytrzyma ta metka?<br data-start=\"1717\" data-end=\"1720\" \/><strong data-start=\"1720\" data-end=\"1726\">A:<\/strong> Do 200 cykli prania, w zale\u017cno\u015bci od detergentu i temperatury.<\/p>\n<p data-start=\"1793\" data-end=\"1916\"><strong data-start=\"1793\" data-end=\"1800\">Pytanie 3:<\/strong> Czy dost\u0119pna jest personalizacja?<br data-start=\"1828\" data-end=\"1831\" \/><strong data-start=\"1831\" data-end=\"1837\">A:<\/strong> Tak. Rozmiary, kolory i branding (nadruk logo lub kody QR) mo\u017cna dostosowa\u0107.<\/p>\n<h2 data-start=\"1918\" data-end=\"1943\">Tabela (Specyfikacja)<\/h2>\n<div class=\"_tableContainer_1rjym_1\">\n<div class=\"group _tableWrapper_1rjym_13 flex w-fit flex-col-reverse\" tabindex=\"-1\">\n<table class=\"w-fit min-w-(--thread-content-width)\" data-start=\"1945\" data-end=\"4087\">\n<thead data-start=\"1945\" data-end=\"2071\">\n<tr data-start=\"1945\" data-end=\"2071\">\n<th data-start=\"1945\" data-end=\"1970\" data-col-size=\"sm\">Kategoria<\/th>\n<th data-start=\"1970\" data-end=\"1998\" data-col-size=\"sm\">Parametr<\/th>\n<th data-start=\"1998\" data-end=\"2071\" data-col-size=\"md\">Warto\u015b\u0107<\/th>\n<\/tr>\n<\/thead>\n<tbody data-start=\"2198\" data-end=\"4087\">\n<tr data-start=\"2198\" data-end=\"2323\">\n<td data-start=\"2198\" data-end=\"2222\" data-col-size=\"sm\">Interfejs RF<\/td>\n<td data-col-size=\"sm\" data-start=\"2222\" data-end=\"2250\">Protok\u00f3\u0142<\/td>\n<td data-col-size=\"md\" data-start=\"2250\" data-end=\"2323\">EPC Klasa 1 Gen2 \/ ISO 18000-6C<\/td>\n<\/tr>\n<tr data-start=\"2324\" data-end=\"2449\">\n<td data-start=\"2324\" data-end=\"2348\" data-col-size=\"sm\"><\/td>\n<td data-col-size=\"sm\" data-start=\"2348\" data-end=\"2376\">Typ urz\u0105dzenia<\/td>\n<td data-col-size=\"md\" data-start=\"2376\" data-end=\"2449\">Pasywny transponder UHF<\/td>\n<\/tr>\n<tr data-start=\"2450\" data-end=\"2575\">\n<td data-start=\"2450\" data-end=\"2474\" data-col-size=\"sm\"><\/td>\n<td data-col-size=\"sm\" data-start=\"2474\" data-end=\"2502\">Cz\u0119stotliwo\u015b\u0107<\/td>\n<td data-col-size=\"md\" data-start=\"2502\" data-end=\"2575\">865\u2013928 MHz (operacyjne); obs\u0142ugiwane 860\u2013960 MHz<\/td>\n<\/tr>\n<tr data-start=\"2576\" data-end=\"2701\">\n<td data-start=\"2576\" data-end=\"2600\" data-col-size=\"sm\">Pami\u0119\u0107<\/td>\n<td data-col-size=\"sm\" data-start=\"2600\" data-end=\"2628\">EPC \/ U\u017cytkownik \/ Has\u0142o \/ TID<\/td>\n<td data-col-size=\"md\" data-start=\"2628\" data-end=\"2701\">128 bit\u00f3w \/ 32 bity \/ 32 bity \/ 96 bit\u00f3w<\/td>\n<\/tr>\n<tr data-start=\"2702\" data-end=\"2827\">\n<td data-start=\"2702\" data-end=\"2726\" data-col-size=\"sm\">Dane<\/td>\n<td data-col-size=\"sm\" data-start=\"2726\" data-end=\"2754\">Zatrzymanie<\/td>\n<td data-col-size=\"md\" data-start=\"2754\" data-end=\"2827\">10 lat<\/td>\n<\/tr>\n<tr data-start=\"2828\" data-end=\"2953\">\n<td data-start=\"2828\" data-end=\"2852\" data-col-size=\"sm\">Antena<\/td>\n<td data-col-size=\"sm\" data-start=\"2852\" data-end=\"2880\">Polaryzacja<\/td>\n<td data-col-size=\"md\" data-start=\"2880\" data-end=\"2953\">Liniowy<\/td>\n<\/tr>\n<tr data-start=\"2954\" data-end=\"3079\">\n<td data-start=\"2954\" data-end=\"2978\" data-col-size=\"sm\">Przybory<\/td>\n<td data-col-size=\"sm\" data-start=\"2978\" data-end=\"3006\">Materia\u0142 etykiety<\/td>\n<td data-col-size=\"md\" data-start=\"3006\" data-end=\"3079\">Tkanina, silikon<\/td>\n<\/tr>\n<tr data-start=\"3080\" data-end=\"3205\">\n<td data-start=\"3080\" data-end=\"3104\" data-col-size=\"sm\">Wymiary (tkanina)<\/td>\n<td data-col-size=\"sm\" data-start=\"3104\" data-end=\"3132\">Rozmiar<\/td>\n<td data-col-size=\"md\" data-start=\"3132\" data-end=\"3205\">60 \u00d7 20 \u00d7 1 mm<\/td>\n<\/tr>\n<tr data-start=\"3206\" data-end=\"3331\">\n<td data-start=\"3206\" data-end=\"3230\" data-col-size=\"sm\">Wymiary (silikon)<\/td>\n<td data-col-size=\"sm\" data-start=\"3230\" data-end=\"3258\">Opcje rozmiaru<\/td>\n<td data-col-size=\"md\" data-start=\"3258\" data-end=\"3331\">85 \u00d7 27 \u00d7 4 mm; 55 \u00d7 12 \u00d7 2,5 mm<\/td>\n<\/tr>\n<tr data-start=\"3332\" data-end=\"3457\">\n<td data-start=\"3332\" data-end=\"3356\" data-col-size=\"sm\">\u015arodowisko<\/td>\n<td data-col-size=\"sm\" data-start=\"3356\" data-end=\"3384\">Temperatura przechowywania<\/td>\n<td data-col-size=\"md\" data-start=\"3384\" data-end=\"3457\">\u221240 \u00b0C do +120 \u00b0C<\/td>\n<\/tr>\n<tr data-start=\"3458\" data-end=\"3583\">\n<td data-start=\"3458\" data-end=\"3482\" data-col-size=\"sm\">Wytrzyma\u0142o\u015b\u0107 procesu<\/td>\n<td data-col-size=\"sm\" data-start=\"3482\" data-end=\"3510\">Prasowacz<\/td>\n<td data-col-size=\"md\" data-start=\"3510\" data-end=\"3583\">180 \u00b0C \u00d7 15 s, 200 cykli<\/td>\n<\/tr>\n<tr data-start=\"3584\" data-end=\"3709\">\n<td data-start=\"3584\" data-end=\"3608\" data-col-size=\"sm\"><\/td>\n<td data-col-size=\"sm\" data-start=\"3608\" data-end=\"3636\">Suszarka<\/td>\n<td data-col-size=\"md\" data-start=\"3636\" data-end=\"3709\">85 \u00b0C \u00d7 120 min; 120 \u00b0C \u00d7 60 min; 150 \u00b0C \u00d7 20 min (wszystkie 200 cykli)<\/td>\n<\/tr>\n<tr data-start=\"3710\" data-end=\"3835\">\n<td data-start=\"3710\" data-end=\"3734\" data-col-size=\"sm\">Mechanika<\/td>\n<td data-col-size=\"sm\" data-start=\"3734\" data-end=\"3762\">Odporno\u015b\u0107 na ci\u015bnienie<\/td>\n<td data-col-size=\"md\" data-start=\"3762\" data-end=\"3835\">Do 56 bar\u00f3w<\/td>\n<\/tr>\n<tr data-start=\"3836\" data-end=\"3961\">\n<td data-start=\"3836\" data-end=\"3860\" data-col-size=\"sm\">Aplikacje<\/td>\n<td data-col-size=\"sm\" data-start=\"3860\" data-end=\"3888\">Typowe przypadki u\u017cycia<\/td>\n<td data-col-size=\"md\" data-start=\"3888\" data-end=\"3961\">Po\u015bciel, mundury, pralnia szpitalna i hotelowa, tekstylia przemys\u0142owe<\/td>\n<\/tr>\n<tr data-start=\"3962\" data-end=\"4087\">\n<td data-start=\"3962\" data-end=\"3986\" data-col-size=\"sm\">Zapewnienie jako\u015bci<\/td>\n<td data-col-size=\"sm\" data-start=\"3986\" data-end=\"4014\">Testowanie<\/td>\n<td data-col-size=\"md\" data-start=\"4014\" data-end=\"4087\">Przetestowano wydajno\u015b\u0107 Voyantic; sprawdzono 100% EPC i pami\u0119\u0107 u\u017cytkownika<\/td>\n<\/tr>\n<\/tbody>\n<\/table>\n<\/div>\n<\/div>","protected":false},"excerpt":{"rendered":"<p>Elastyczna, wodoodporna, silikonowa metka pralnicza UHF RFID do tekstyli\u00f3w przemys\u0142owych \u2014 EPC Gen2, 865\u2013928 MHz, do 200 cykli, odporno\u015b\u0107 na ci\u015bnienie 56 bar\u00f3w; zszywanie, zgrzewanie lub osadzanie.<\/p>","protected":false},"featured_media":768,"template":"","meta":{"_gspb_post_css":""},"product_brand":[],"product_cat":[17,20],"product_tag":[],"class_list":{"0":"post-767","1":"product","2":"type-product","3":"status-publish","4":"has-post-thumbnail","6":"product_cat-rfid-laundry-tags","7":"product_cat-silicone-rfid-laundry-tags","9":"first","10":"instock","11":"shipping-taxable","12":"purchasable","13":"product-type-simple"},"_links":{"self":[{"href":"https:\/\/www.cxjsmartcard.com\/pl\/wp-json\/wp\/v2\/product\/767","targetHints":{"allow":["GET"]}}],"collection":[{"href":"https:\/\/www.cxjsmartcard.com\/pl\/wp-json\/wp\/v2\/product"}],"about":[{"href":"https:\/\/www.cxjsmartcard.com\/pl\/wp-json\/wp\/v2\/types\/product"}],"wp:featuredmedia":[{"embeddable":true,"href":"https:\/\/www.cxjsmartcard.com\/pl\/wp-json\/wp\/v2\/media\/768"}],"wp:attachment":[{"href":"https:\/\/www.cxjsmartcard.com\/pl\/wp-json\/wp\/v2\/media?parent=767"}],"wp:term":[{"taxonomy":"product_brand","embeddable":true,"href":"https:\/\/www.cxjsmartcard.com\/pl\/wp-json\/wp\/v2\/product_brand?post=767"},{"taxonomy":"product_cat","embeddable":true,"href":"https:\/\/www.cxjsmartcard.com\/pl\/wp-json\/wp\/v2\/product_cat?post=767"},{"taxonomy":"product_tag","embeddable":true,"href":"https:\/\/www.cxjsmartcard.com\/pl\/wp-json\/wp\/v2\/product_tag?post=767"}],"curies":[{"name":"wp","href":"https:\/\/api.w.org\/{rel}","templated":true}]}}