{"id":762,"date":"2025-11-03T07:20:27","date_gmt":"2025-11-03T07:20:27","guid":{"rendered":"https:\/\/www.cxjsmartcard.com\/?post_type=product&#038;p=762"},"modified":"2025-12-29T01:27:10","modified_gmt":"2025-12-29T01:27:10","slug":"passive-silicone-washable-uhf-rfid-laundry-label-for-washing-management","status":"publish","type":"product","link":"https:\/\/www.cxjsmartcard.com\/pl\/passive-silicone-washable-uhf-rfid-laundry-label-for-washing-management\/","title":{"rendered":"Pasywna silikonowa, zmywalna etykieta UHF RFID do prania, do zarz\u0105dzania praniem"},"content":{"rendered":"<p data-start=\"83\" data-end=\"330\">Pasywna silikonowa, zmywalna etykieta UHF RFID do prania zosta\u0142a zaprojektowana z my\u015bl\u0105 o warunkach prania. Niezale\u017cnie od tego, czy masz do czynienia z po\u015bciel\u0105 szpitaln\u0105, r\u0119cznikami hotelowymi, czy uniformami roboczymi, ta etykieta zosta\u0142a zaprojektowana, aby u\u0142atwi\u0107 i usprawni\u0107 zarz\u0105dzanie praniem.<\/p>\n<p data-start=\"332\" data-end=\"538\"><strong data-start=\"332\" data-end=\"378\">Elastyczny silikon do bezproblemowej integracji<\/strong><br data-start=\"378\" data-end=\"381\" \/>Wykonany z mi\u0119kkiego silikonu, rozmiar <strong data-start=\"415\" data-end=\"435\">55 \u00d7 12 \u00d7 2,5 mm<\/strong> jest na tyle smuk\u0142y, \u017ce mo\u017cna go schowa\u0107 w ko\u0142nierzyku lub pod spodem \u2014 idealny do mundurk\u00f3w, uniform\u00f3w, a nawet delikatnych tkanin.<\/p>\n<p data-start=\"540\" data-end=\"746\"><strong data-start=\"540\" data-end=\"575\">Ekologiczne i ekonomiczne<\/strong><br data-start=\"575\" data-end=\"578\" \/>Wielokrotnego u\u017cytku dla <strong data-start=\"591\" data-end=\"602\">100\u2013200<\/strong> cykle, aby zmniejszy\u0107 ilo\u015b\u0107 odpad\u00f3w i straty wynikaj\u0105ce z brakuj\u0105cych produkt\u00f3w. Lepsze \u015bledzenie oznacza r\u00f3wnie\u017c mniej nadmiernych zapas\u00f3w, co jest korzystne dla bud\u017cetu i \u015brodowiska.<\/p>\n<p data-start=\"748\" data-end=\"901\"><strong data-start=\"748\" data-end=\"756\">Cz\u0119sto zadawane pytania<\/strong><br data-start=\"756\" data-end=\"759\" \/><strong data-start=\"759\" data-end=\"765\">Q:<\/strong> Czy mog\u0119 przyszy\u0107 metk\u0119 do ubrania?<br data-start=\"798\" data-end=\"801\" \/><strong data-start=\"801\" data-end=\"807\">A:<\/strong> Tak \u2014 elastyczna konstrukcja umo\u017cliwia szycie, zgrzewanie na gor\u0105co lub wk\u0142adanie w szwy i ko\u0142nierze.<\/p>\n<p data-start=\"903\" data-end=\"1071\"><strong data-start=\"903\" data-end=\"909\">Q:<\/strong> Czy tag przetrwa komercyjne pralki i suszarki?<br data-start=\"961\" data-end=\"964\" \/><strong data-start=\"964\" data-end=\"970\">A:<\/strong> Zdecydowanie. Zosta\u0142o to sprawdzone. <strong data-start=\"999\" data-end=\"1010\">100\u2013200<\/strong> przemys\u0142owe cykle prania, w tym suszenie w wysokiej temperaturze.<\/p>\n<p data-start=\"1073\" data-end=\"1158\"><strong data-start=\"1073\" data-end=\"1079\">Q:<\/strong> Czy mog\u0119 otrzyma\u0107 pr\u00f3bk\u0119?<br data-start=\"1099\" data-end=\"1102\" \/><strong data-start=\"1102\" data-end=\"1108\">A:<\/strong> Tak \u2014 pr\u00f3bki s\u0105 dost\u0119pne do testowania na \u017cyczenie.<\/p>\n<h2 data-start=\"1213\" data-end=\"1238\">Tabela (Specyfikacja)<\/h2>\n<div class=\"_tableContainer_1rjym_1\">\n<div class=\"group _tableWrapper_1rjym_13 flex w-fit flex-col-reverse\" tabindex=\"-1\">\n<table class=\"w-fit min-w-(--thread-content-width)\" data-start=\"1240\" data-end=\"2206\">\n<thead data-start=\"1240\" data-end=\"1319\">\n<tr data-start=\"1240\" data-end=\"1319\">\n<th data-start=\"1240\" data-end=\"1258\" data-col-size=\"sm\">Kategoria<\/th>\n<th data-start=\"1258\" data-end=\"1280\" data-col-size=\"sm\">Parametr<\/th>\n<th data-start=\"1280\" data-end=\"1319\" data-col-size=\"md\">Warto\u015b\u0107<\/th>\n<\/tr>\n<\/thead>\n<tbody data-start=\"1400\" data-end=\"2206\">\n<tr data-start=\"1400\" data-end=\"1479\">\n<td data-start=\"1400\" data-end=\"1418\" data-col-size=\"sm\">RF<\/td>\n<td data-col-size=\"sm\" data-start=\"1418\" data-end=\"1440\">Cz\u0119stotliwo\u015b\u0107<\/td>\n<td data-col-size=\"md\" data-start=\"1440\" data-end=\"1479\">860\u2013960 MHz (UHF)<\/td>\n<\/tr>\n<tr data-start=\"1480\" data-end=\"1559\">\n<td data-start=\"1480\" data-end=\"1498\" data-col-size=\"sm\"><\/td>\n<td data-start=\"1498\" data-end=\"1520\" data-col-size=\"sm\">Protok\u00f3\u0142<\/td>\n<td data-col-size=\"md\" data-start=\"1520\" data-end=\"1559\">ISO\/IEC 18000-6C (EPC Gen2)<\/td>\n<\/tr>\n<tr data-start=\"1560\" data-end=\"1639\">\n<td data-start=\"1560\" data-end=\"1578\" data-col-size=\"sm\">Opcje na \u017cetony<\/td>\n<td data-col-size=\"sm\" data-start=\"1578\" data-end=\"1600\">Uk\u0142ad scalony<\/td>\n<td data-col-size=\"md\" data-start=\"1600\" data-end=\"1639\">U8 \/ U9<\/td>\n<\/tr>\n<tr data-start=\"1640\" data-end=\"1719\">\n<td data-start=\"1640\" data-end=\"1658\" data-col-size=\"sm\">Wydajno\u015b\u0107<\/td>\n<td data-start=\"1658\" data-end=\"1680\" data-col-size=\"sm\">Zakres odczytu<\/td>\n<td data-col-size=\"md\" data-start=\"1680\" data-end=\"1719\">Do 3 m<\/td>\n<\/tr>\n<tr data-start=\"1720\" data-end=\"1799\">\n<td data-start=\"1720\" data-end=\"1738\" data-col-size=\"sm\"><\/td>\n<td data-col-size=\"sm\" data-start=\"1738\" data-end=\"1760\">Cykle programowania<\/td>\n<td data-col-size=\"md\" data-start=\"1760\" data-end=\"1799\">100,000+<\/td>\n<\/tr>\n<tr data-start=\"1800\" data-end=\"1879\">\n<td data-start=\"1800\" data-end=\"1818\" data-col-size=\"sm\">Trwa\u0142o\u015b\u0107<\/td>\n<td data-col-size=\"sm\" data-start=\"1818\" data-end=\"1840\">Cykle prania<\/td>\n<td data-col-size=\"md\" data-start=\"1840\" data-end=\"1879\">100\u2013200<\/td>\n<\/tr>\n<tr data-start=\"1880\" data-end=\"1959\">\n<td data-start=\"1880\" data-end=\"1898\" data-col-size=\"sm\">\u015arodowisko<\/td>\n<td data-col-size=\"sm\" data-start=\"1898\" data-end=\"1920\">Zakres temperatur<\/td>\n<td data-col-size=\"md\" data-start=\"1920\" data-end=\"1959\">od \u221220 \u2103 do +100 \u2103<\/td>\n<\/tr>\n<tr data-start=\"1960\" data-end=\"2039\">\n<td data-start=\"1960\" data-end=\"1978\" data-col-size=\"sm\">Fizyczny<\/td>\n<td data-col-size=\"sm\" data-start=\"1978\" data-end=\"2000\">Tworzywo<\/td>\n<td data-col-size=\"md\" data-start=\"2000\" data-end=\"2039\">Silikon<\/td>\n<\/tr>\n<tr data-start=\"2040\" data-end=\"2119\">\n<td data-start=\"2040\" data-end=\"2058\" data-col-size=\"sm\"><\/td>\n<td data-start=\"2058\" data-end=\"2080\" data-col-size=\"sm\">Rozmiar<\/td>\n<td data-col-size=\"md\" data-start=\"2080\" data-end=\"2119\">55 \u00d7 12 \u00d7 2,5 mm<\/td>\n<\/tr>\n<tr data-start=\"2120\" data-end=\"2206\">\n<td data-start=\"2120\" data-end=\"2138\" data-col-size=\"sm\">Aplikacje<\/td>\n<td data-col-size=\"sm\" data-start=\"2138\" data-end=\"2160\">Typowe przypadki u\u017cycia<\/td>\n<td data-col-size=\"md\" data-start=\"2160\" data-end=\"2206\">\u015aledzenie prania, odzie\u017cy, po\u015bcieli i tekstyli\u00f3w<\/td>\n<\/tr>\n<\/tbody>\n<\/table>\n<\/div>\n<\/div>","protected":false},"excerpt":{"rendered":"<p>Elastyczna silikonowa etykieta do prania UHF \u2014 55\u00d712\u00d72,5 mm, EPC Gen2 (U8\/U9), do 3 min odczytu i trwa\u0142o\u015b\u0107 100\u2013200 cykli prania dla odzie\u017cy, po\u015bcieli i mundur\u00f3w.<\/p>","protected":false},"featured_media":763,"template":"","meta":{"_gspb_post_css":""},"product_brand":[],"product_cat":[17,20],"product_tag":[],"class_list":{"0":"post-762","1":"product","2":"type-product","3":"status-publish","4":"has-post-thumbnail","6":"product_cat-rfid-laundry-tags","7":"product_cat-silicone-rfid-laundry-tags","9":"first","10":"instock","11":"shipping-taxable","12":"purchasable","13":"product-type-simple"},"_links":{"self":[{"href":"https:\/\/www.cxjsmartcard.com\/pl\/wp-json\/wp\/v2\/product\/762","targetHints":{"allow":["GET"]}}],"collection":[{"href":"https:\/\/www.cxjsmartcard.com\/pl\/wp-json\/wp\/v2\/product"}],"about":[{"href":"https:\/\/www.cxjsmartcard.com\/pl\/wp-json\/wp\/v2\/types\/product"}],"wp:featuredmedia":[{"embeddable":true,"href":"https:\/\/www.cxjsmartcard.com\/pl\/wp-json\/wp\/v2\/media\/763"}],"wp:attachment":[{"href":"https:\/\/www.cxjsmartcard.com\/pl\/wp-json\/wp\/v2\/media?parent=762"}],"wp:term":[{"taxonomy":"product_brand","embeddable":true,"href":"https:\/\/www.cxjsmartcard.com\/pl\/wp-json\/wp\/v2\/product_brand?post=762"},{"taxonomy":"product_cat","embeddable":true,"href":"https:\/\/www.cxjsmartcard.com\/pl\/wp-json\/wp\/v2\/product_cat?post=762"},{"taxonomy":"product_tag","embeddable":true,"href":"https:\/\/www.cxjsmartcard.com\/pl\/wp-json\/wp\/v2\/product_tag?post=762"}],"curies":[{"name":"wp","href":"https:\/\/api.w.org\/{rel}","templated":true}]}}