{"id":756,"date":"2025-11-03T07:16:39","date_gmt":"2025-11-03T07:16:39","guid":{"rendered":"https:\/\/www.cxjsmartcard.com\/?post_type=product&#038;p=756"},"modified":"2025-12-29T01:27:10","modified_gmt":"2025-12-29T01:27:10","slug":"860-960mhz-washable-uhf-rfid-silicone-tag","status":"publish","type":"product","link":"https:\/\/www.cxjsmartcard.com\/pl\/860-960mhz-washable-uhf-rfid-silicone-tag\/","title":{"rendered":"Silikonowy znacznik RFID UHF 860\u2013960 MHz, zmywalny"},"content":{"rendered":"<p data-start=\"53\" data-end=\"360\">Ta zmywalna silikonowa etykieta RFID UHF zosta\u0142a stworzona z my\u015bl\u0105 o pralniach przemys\u0142owych i zarz\u0105dzaniu uniformami w hotelach, szpitalach i innych miejscach o du\u017cej przepustowo\u015bci. Mo\u017cna j\u0105 przyszy\u0107 wzd\u0142u\u017c kraw\u0119dzi tekstyli\u00f3w lub wbudowa\u0107 w ubranie. Etykieta jest odporna na pranie, czyszczenie chemiczne i sterylizacj\u0119 w wysokiej temperaturze.<\/p>\n<p data-start=\"362\" data-end=\"376\"><strong data-start=\"362\" data-end=\"374\">Cechy<\/strong><\/p>\n<ul data-start=\"377\" data-end=\"599\">\n<li data-start=\"377\" data-end=\"408\">\n<p data-start=\"379\" data-end=\"408\">Odporno\u015b\u0107 na wysok\u0105 temperatur\u0119<\/p>\n<\/li>\n<li data-start=\"409\" data-end=\"443\">\n<p data-start=\"411\" data-end=\"443\">Wodoodporny, py\u0142oszczelny, trwa\u0142y<\/p>\n<\/li>\n<li data-start=\"444\" data-end=\"498\">\n<p data-start=\"446\" data-end=\"498\">Antykolizyjna; wysoka stabilno\u015b\u0107 odczytu<\/p>\n<\/li>\n<li data-start=\"499\" data-end=\"550\">\n<p data-start=\"501\" data-end=\"550\">Ochrona IP68; odporno\u015b\u0107 na ci\u015bnienie i dzia\u0142anie zasad<\/p>\n<\/li>\n<li data-start=\"551\" data-end=\"599\">\n<p data-start=\"553\" data-end=\"599\">Dost\u0119pne w produkcji wielkoseryjnej i stabilnej<\/p>\n<\/li>\n<\/ul>\n<p data-start=\"601\" data-end=\"809\"><strong data-start=\"601\" data-end=\"617\">Aplikacje<\/strong><br data-start=\"617\" data-end=\"620\" \/>\u015aledzenie prania po\u015bcieli i odzie\u017cy hotelowej\/szpitalnej; etykiety konserwacyjne na silnikach samochodowych; zarz\u0105dzanie produkcj\u0105 odzie\u017cy; inwentaryzacja magazynowa; mundurki szkolne i odzie\u017c specjalna.<\/p>\n<p data-start=\"811\" data-end=\"972\"><strong data-start=\"811\" data-end=\"819\">Cz\u0119sto zadawane pytania<\/strong><br data-start=\"819\" data-end=\"822\" \/><strong data-start=\"822\" data-end=\"829\">Pytanie 1:<\/strong> Czy te znaczniki przetrwaj\u0105 pranie w przemys\u0142owych pralkach?<br data-start=\"881\" data-end=\"884\" \/><strong data-start=\"884\" data-end=\"890\">A:<\/strong> Tak \u2014 zaprojektowane specjalnie z my\u015bl\u0105 o wykorzystaniu w pralniach przemys\u0142owych ciep\u0142a, wody i \u015brodk\u00f3w chemicznych.<\/p>\n<p data-start=\"974\" data-end=\"1065\"><strong data-start=\"974\" data-end=\"981\">Pytanie 2:<\/strong> Czy tagi potrzebuj\u0105 baterii?<br data-start=\"1009\" data-end=\"1012\" \/><strong data-start=\"1012\" data-end=\"1018\">A:<\/strong> Nie \u2014 pasywne znaczniki UHF nie wymagaj\u0105 \u017cadnego \u017ar\u00f3d\u0142a zasilania.<\/p>\n<p data-start=\"1067\" data-end=\"1140\"><strong data-start=\"1067\" data-end=\"1074\">Pytanie 3:<\/strong> Czy mog\u0119 otrzyma\u0107 pr\u00f3bki?<br data-start=\"1093\" data-end=\"1096\" \/><strong data-start=\"1096\" data-end=\"1102\">A:<\/strong> Tak, pr\u00f3bki s\u0105 dost\u0119pne na \u017cyczenie.<\/p>\n<h2 data-start=\"1142\" data-end=\"1167\">Tabela (Specyfikacja)<\/h2>\n<div class=\"_tableContainer_1rjym_1\">\n<div class=\"group _tableWrapper_1rjym_13 flex w-fit flex-col-reverse\" tabindex=\"-1\">\n<table class=\"w-fit min-w-(--thread-content-width)\" data-start=\"1168\" data-end=\"2660\">\n<thead data-start=\"1168\" data-end=\"1272\">\n<tr data-start=\"1168\" data-end=\"1272\">\n<th data-start=\"1168\" data-end=\"1189\" data-col-size=\"sm\">Kategoria<\/th>\n<th data-start=\"1189\" data-end=\"1216\" data-col-size=\"sm\">Parametr<\/th>\n<th data-start=\"1216\" data-end=\"1272\" data-col-size=\"md\">Warto\u015b\u0107<\/th>\n<\/tr>\n<\/thead>\n<tbody data-start=\"1377\" data-end=\"2660\">\n<tr data-start=\"1377\" data-end=\"1480\">\n<td data-start=\"1377\" data-end=\"1397\" data-col-size=\"sm\">Fizyczny<\/td>\n<td data-col-size=\"sm\" data-start=\"1397\" data-end=\"1424\">Rozmiar<\/td>\n<td data-col-size=\"md\" data-start=\"1424\" data-end=\"1480\">85 \u00d7 27 \u00d7 4 mm<\/td>\n<\/tr>\n<tr data-start=\"1481\" data-end=\"1584\">\n<td data-start=\"1481\" data-end=\"1501\" data-col-size=\"sm\"><\/td>\n<td data-col-size=\"sm\" data-start=\"1501\" data-end=\"1528\">Tworzywo<\/td>\n<td data-col-size=\"md\" data-start=\"1528\" data-end=\"1584\">Kauczuk silikonowy<\/td>\n<\/tr>\n<tr data-start=\"1585\" data-end=\"1688\">\n<td data-start=\"1585\" data-end=\"1605\" data-col-size=\"sm\">Ochrona<\/td>\n<td data-col-size=\"sm\" data-start=\"1605\" data-end=\"1632\">Stopie\u0144 ochrony<\/td>\n<td data-col-size=\"md\" data-start=\"1632\" data-end=\"1688\">IP68<\/td>\n<\/tr>\n<tr data-start=\"1689\" data-end=\"1792\">\n<td data-start=\"1689\" data-end=\"1709\" data-col-size=\"sm\">RF<\/td>\n<td data-col-size=\"sm\" data-start=\"1709\" data-end=\"1736\">Cz\u0119stotliwo\u015b\u0107<\/td>\n<td data-col-size=\"md\" data-start=\"1736\" data-end=\"1792\">860\u2013960 MHz (UHF); dost\u0119pne s\u0105 r\u00f3wnie\u017c opcje 13,56 MHz<\/td>\n<\/tr>\n<tr data-start=\"1793\" data-end=\"1896\">\n<td data-start=\"1793\" data-end=\"1813\" data-col-size=\"sm\"><\/td>\n<td data-col-size=\"sm\" data-start=\"1813\" data-end=\"1840\">Protok\u00f3\u0142<\/td>\n<td data-col-size=\"md\" data-start=\"1840\" data-end=\"1896\">ISO 18000-6C \/ 6B; ISO 15693<\/td>\n<\/tr>\n<tr data-start=\"1897\" data-end=\"2000\">\n<td data-start=\"1897\" data-end=\"1917\" data-col-size=\"sm\">Opcje na \u017cetony<\/td>\n<td data-col-size=\"sm\" data-start=\"1917\" data-end=\"1944\">Uk\u0142ad scalony UHF<\/td>\n<td data-col-size=\"md\" data-start=\"1944\" data-end=\"2000\">R6 \/ U8 \/ U9<\/td>\n<\/tr>\n<tr data-start=\"2001\" data-end=\"2104\">\n<td data-start=\"2001\" data-end=\"2021\" data-col-size=\"sm\">\u015arodowisko<\/td>\n<td data-start=\"2021\" data-end=\"2048\" data-col-size=\"sm\">Zakres temperatur<\/td>\n<td data-col-size=\"md\" data-start=\"2048\" data-end=\"2104\">od \u221230 \u2103 do +220 \u2103<\/td>\n<\/tr>\n<tr data-start=\"2105\" data-end=\"2208\">\n<td data-start=\"2105\" data-end=\"2125\" data-col-size=\"sm\">Trwa\u0142o\u015b\u0107<\/td>\n<td data-col-size=\"sm\" data-start=\"2125\" data-end=\"2152\">Wash Life<\/td>\n<td data-col-size=\"md\" data-start=\"2152\" data-end=\"2208\">200 cykli prania lub 3 lata od daty wysy\u0142ki<\/td>\n<\/tr>\n<tr data-start=\"2209\" data-end=\"2312\">\n<td data-start=\"2209\" data-end=\"2229\" data-col-size=\"sm\">Ograniczenia procesu<\/td>\n<td data-col-size=\"sm\" data-start=\"2229\" data-end=\"2256\">Mycie<\/td>\n<td data-col-size=\"md\" data-start=\"2256\" data-end=\"2312\">90 \u2103 przez 15 minut<\/td>\n<\/tr>\n<tr data-start=\"2313\" data-end=\"2416\">\n<td data-start=\"2313\" data-end=\"2333\" data-col-size=\"sm\">Instalacja<\/td>\n<td data-col-size=\"sm\" data-start=\"2333\" data-end=\"2360\">Za\u0142\u0105cznik<\/td>\n<td data-col-size=\"md\" data-start=\"2360\" data-end=\"2416\">Zszy\u0107 wzd\u0142u\u017c kraw\u0119dzi lub wtopi\u0107 w materia\u0142 tekstylny<\/td>\n<\/tr>\n<tr data-start=\"2417\" data-end=\"2520\">\n<td data-start=\"2417\" data-end=\"2437\" data-col-size=\"sm\">Atrybuty<\/td>\n<td data-col-size=\"sm\" data-start=\"2437\" data-end=\"2464\">G\u0142\u00f3wne cechy<\/td>\n<td data-col-size=\"md\" data-start=\"2464\" data-end=\"2520\">Wodoodporny, py\u0142oszczelny, odporny na uderzenia, trwa\u0142y<\/td>\n<\/tr>\n<tr data-start=\"2521\" data-end=\"2660\">\n<td data-start=\"2521\" data-end=\"2541\" data-col-size=\"sm\">Przypadki u\u017cycia<\/td>\n<td data-col-size=\"sm\" data-start=\"2541\" data-end=\"2568\">Typowe zastosowania<\/td>\n<td data-col-size=\"md\" data-start=\"2568\" data-end=\"2660\">Pranie, po\u015bciel hotelowa\/szpitalna, etykiety konserwacyjne silnik\u00f3w, zapasy magazynowe, mundury<\/td>\n<\/tr>\n<\/tbody>\n<\/table>\n<\/div>\n<\/div>","protected":false},"excerpt":{"rendered":"<p>Etykieta silikonowa UHF RFID o klasie ochrony IP68, zmywalna, przeznaczona do prania i znakowania tekstyli\u00f3w \u2014 wytrzyma\u0142a do 200 cykli, odporna na temperatur\u0119 od \u221230 do 220\u00b0C, do wszywania lub osadzana, z opcjami chip\u00f3w R6\/U8\/U9.<\/p>","protected":false},"featured_media":757,"template":"","meta":{"_gspb_post_css":""},"product_brand":[],"product_cat":[17,20],"product_tag":[],"class_list":{"0":"post-756","1":"product","2":"type-product","3":"status-publish","4":"has-post-thumbnail","6":"product_cat-rfid-laundry-tags","7":"product_cat-silicone-rfid-laundry-tags","9":"first","10":"instock","11":"shipping-taxable","12":"purchasable","13":"product-type-simple"},"_links":{"self":[{"href":"https:\/\/www.cxjsmartcard.com\/pl\/wp-json\/wp\/v2\/product\/756","targetHints":{"allow":["GET"]}}],"collection":[{"href":"https:\/\/www.cxjsmartcard.com\/pl\/wp-json\/wp\/v2\/product"}],"about":[{"href":"https:\/\/www.cxjsmartcard.com\/pl\/wp-json\/wp\/v2\/types\/product"}],"wp:featuredmedia":[{"embeddable":true,"href":"https:\/\/www.cxjsmartcard.com\/pl\/wp-json\/wp\/v2\/media\/757"}],"wp:attachment":[{"href":"https:\/\/www.cxjsmartcard.com\/pl\/wp-json\/wp\/v2\/media?parent=756"}],"wp:term":[{"taxonomy":"product_brand","embeddable":true,"href":"https:\/\/www.cxjsmartcard.com\/pl\/wp-json\/wp\/v2\/product_brand?post=756"},{"taxonomy":"product_cat","embeddable":true,"href":"https:\/\/www.cxjsmartcard.com\/pl\/wp-json\/wp\/v2\/product_cat?post=756"},{"taxonomy":"product_tag","embeddable":true,"href":"https:\/\/www.cxjsmartcard.com\/pl\/wp-json\/wp\/v2\/product_tag?post=756"}],"curies":[{"name":"wp","href":"https:\/\/api.w.org\/{rel}","templated":true}]}}