{"id":751,"date":"2025-11-03T07:09:04","date_gmt":"2025-11-03T07:09:04","guid":{"rendered":"https:\/\/www.cxjsmartcard.com\/?post_type=product&#038;p=751"},"modified":"2025-12-29T01:27:10","modified_gmt":"2025-12-29T01:27:10","slug":"writable-heat-resist-washable-nfc-pps-laundry-tag","status":"publish","type":"product","link":"https:\/\/www.cxjsmartcard.com\/pl\/writable-heat-resist-washable-nfc-pps-laundry-tag\/","title":{"rendered":"Etykieta do prania NFC PPS z mo\u017cliwo\u015bci\u0105 zapisu, odporna na ciep\u0142o, zmywalna"},"content":{"rendered":"<p data-start=\"61\" data-end=\"498\">Etykieta pralnicza NFC PPS z mo\u017cliwo\u015bci\u0105 zapisu i prania, odporna na wysok\u0105 temperatur\u0119, to trwa\u0142a etykieta, zazwyczaj stosowana w integracji produkt\u00f3w z odzie\u017c\u0105\/akcesoriami. Zaprojektowana z odpornego na wysok\u0105 temperatur\u0119 materia\u0142u PPS, jest odporna na zanurzenie w wodzie, wysokie temperatury, ci\u015bnienie i chemikalia. S\u0142u\u017cy do przeprowadzania i weryfikacji proces\u00f3w inwentaryzacyjnych w hotelach, szpitalach, szko\u0142ach i innych instytucjach. Mo\u017cna j\u0105 \u0142atwo naszy\u0107 na prze\u015bcierad\u0142a, r\u0119czniki, serwetki i inne artyku\u0142y odzie\u017cowe.<\/p>\n<p data-start=\"500\" data-end=\"638\"><strong data-start=\"500\" data-end=\"527\">Wydajno\u015b\u0107 temperaturowa<\/strong><br data-start=\"527\" data-end=\"530\" \/>Ca\u0142kowicie wodoodporny; dzia\u0142a od <strong data-start=\"562\" data-end=\"580\">od \u221225 \u2103 do +85 \u2103<\/strong> i wytrzymuje d\u0142ugotrwa\u0142e nara\u017cenie na <strong data-start=\"618\" data-end=\"637\">od \u221230 \u2103 do +120 \u2103<\/strong>.<\/p>\n<p data-start=\"640\" data-end=\"760\"><strong data-start=\"640\" data-end=\"660\">Cechy produktu<\/strong><br data-start=\"660\" data-end=\"663\" \/>Elastyczne, \u0142atwe do noszenia, \u0142atwe w u\u017cyciu; wodoodporne, odporne na wilgo\u0107, wstrz\u0105sy i ciep\u0142o.<\/p>\n<p data-start=\"762\" data-end=\"934\"><strong data-start=\"762\" data-end=\"792\">Najcz\u0119\u015bciej zadawane pytania \u2014 dowiedz si\u0119, zanim kupisz<\/strong><br data-start=\"792\" data-end=\"795\" \/><strong data-start=\"795\" data-end=\"801\">Q:<\/strong> Czy ten znacznik przetrwa suszenie w suszarkach przemys\u0142owych i prasowanie parowe?<br data-start=\"860\" data-end=\"863\" \/><strong data-start=\"863\" data-end=\"869\">A:<\/strong> Tak. Jest to testowane <strong data-start=\"891\" data-end=\"911\">Ponad 200 cykli prania<\/strong> w wysokiej temperaturze.<\/p>\n<p data-start=\"936\" data-end=\"1082\"><strong data-start=\"936\" data-end=\"942\">Q:<\/strong> Czy mo\u017cemy dostosowa\u0107 rozmiar pami\u0119ci lub wydrukowa\u0107 nasze logo?<br data-start=\"994\" data-end=\"997\" \/><strong data-start=\"997\" data-end=\"1003\">A:<\/strong> Tak. Opcje niestandardowego znakowania RFID obejmuj\u0105 drukowanie logo, kodowanie i r\u00f3\u017cne rozmiary.<\/p>\n<p data-start=\"1084\" data-end=\"1211\"><strong data-start=\"1084\" data-end=\"1090\">Q:<\/strong> Jakie kolory s\u0105 dost\u0119pne?<br data-start=\"1117\" data-end=\"1120\" \/><strong data-start=\"1120\" data-end=\"1126\">A:<\/strong> <strong data-start=\"1127\" data-end=\"1163\">Czarny, bia\u0142y, czerwony, zielony, \u017c\u00f3\u0142ty<\/strong>, itp., co u\u0142atwia sortowanie partii i kodowanie kolorami.<\/p>\n<h2 data-start=\"1213\" data-end=\"1238\">Tabela (Specyfikacja)<\/h2>\n<div class=\"_tableContainer_1rjym_1\">\n<div class=\"group _tableWrapper_1rjym_13 flex w-fit flex-col-reverse\" tabindex=\"-1\">\n<table class=\"w-fit min-w-(--thread-content-width)\" data-start=\"1239\" data-end=\"2513\">\n<thead data-start=\"1239\" data-end=\"1330\">\n<tr data-start=\"1239\" data-end=\"1330\">\n<th data-start=\"1239\" data-end=\"1260\" data-col-size=\"sm\">Kategoria<\/th>\n<th data-start=\"1260\" data-end=\"1281\" data-col-size=\"sm\">Parametr<\/th>\n<th data-start=\"1281\" data-end=\"1330\" data-col-size=\"sm\">Warto\u015b\u0107<\/th>\n<\/tr>\n<\/thead>\n<tbody data-start=\"1422\" data-end=\"2513\">\n<tr data-start=\"1422\" data-end=\"1512\">\n<td data-start=\"1422\" data-end=\"1442\" data-col-size=\"sm\">RF<\/td>\n<td data-col-size=\"sm\" data-start=\"1442\" data-end=\"1463\">Cz\u0119stotliwo\u015b\u0107<\/td>\n<td data-col-size=\"sm\" data-start=\"1463\" data-end=\"1512\">13,56 MHz<\/td>\n<\/tr>\n<tr data-start=\"1513\" data-end=\"1603\">\n<td data-start=\"1513\" data-end=\"1533\" data-col-size=\"sm\"><\/td>\n<td data-start=\"1533\" data-end=\"1554\" data-col-size=\"sm\">Protok\u00f3\u0142<\/td>\n<td data-col-size=\"sm\" data-start=\"1554\" data-end=\"1603\">ISO14443A \/ ISO15693<\/td>\n<\/tr>\n<tr data-start=\"1604\" data-end=\"1694\">\n<td data-start=\"1604\" data-end=\"1624\" data-col-size=\"sm\">\u017beton<\/td>\n<td data-start=\"1624\" data-end=\"1645\" data-col-size=\"sm\">Typ uk\u0142adu scalonego<\/td>\n<td data-col-size=\"sm\" data-start=\"1645\" data-end=\"1694\">ICODE SLIX, NTAG213, MIFARE 1K, itp.<\/td>\n<\/tr>\n<tr data-start=\"1695\" data-end=\"1785\">\n<td data-start=\"1695\" data-end=\"1715\" data-col-size=\"sm\">Przybory<\/td>\n<td data-start=\"1715\" data-end=\"1736\" data-col-size=\"sm\">Cia\u0142o<\/td>\n<td data-col-size=\"sm\" data-start=\"1736\" data-end=\"1785\">PPS (odporny na ciep\u0142o)<\/td>\n<\/tr>\n<tr data-start=\"1786\" data-end=\"1876\">\n<td data-start=\"1786\" data-end=\"1806\" data-col-size=\"sm\">Wymiary<\/td>\n<td data-col-size=\"sm\" data-start=\"1806\" data-end=\"1827\">Opcje rozmiaru<\/td>\n<td data-col-size=\"sm\" data-start=\"1827\" data-end=\"1876\">14 mm, 18 mm, 20 mm, itd.<\/td>\n<\/tr>\n<tr data-start=\"1877\" data-end=\"1967\">\n<td data-start=\"1877\" data-end=\"1897\" data-col-size=\"sm\">Wygl\u0105d<\/td>\n<td data-col-size=\"sm\" data-start=\"1897\" data-end=\"1918\">Opcje kolor\u00f3w<\/td>\n<td data-col-size=\"sm\" data-start=\"1918\" data-end=\"1967\">Czarny, bia\u0142y, czerwony, zielony, \u017c\u00f3\u0142ty<\/td>\n<\/tr>\n<tr data-start=\"1968\" data-end=\"2058\">\n<td data-start=\"1968\" data-end=\"1988\" data-col-size=\"sm\">Ochrona<\/td>\n<td data-col-size=\"sm\" data-start=\"1988\" data-end=\"2009\">Poziom wodoodporno\u015bci<\/td>\n<td data-col-size=\"sm\" data-start=\"2009\" data-end=\"2058\">Wodoodporny \/ Odporny na warunki atmosferyczne<\/td>\n<\/tr>\n<tr data-start=\"2059\" data-end=\"2149\">\n<td data-start=\"2059\" data-end=\"2079\" data-col-size=\"sm\">Trwa\u0142o\u015b\u0107<\/td>\n<td data-col-size=\"sm\" data-start=\"2079\" data-end=\"2100\">Wash Life<\/td>\n<td data-col-size=\"sm\" data-start=\"2100\" data-end=\"2149\">&gt;200 cykli prania<\/td>\n<\/tr>\n<tr data-start=\"2150\" data-end=\"2240\">\n<td data-start=\"2150\" data-end=\"2170\" data-col-size=\"sm\">\u015arodowisko<\/td>\n<td data-col-size=\"sm\" data-start=\"2170\" data-end=\"2191\">Temperatura pracy<\/td>\n<td data-col-size=\"sm\" data-start=\"2191\" data-end=\"2240\">od \u221225 \u2103 do +85 \u2103<\/td>\n<\/tr>\n<tr data-start=\"2241\" data-end=\"2331\">\n<td data-start=\"2241\" data-end=\"2261\" data-col-size=\"sm\"><\/td>\n<td data-col-size=\"sm\" data-start=\"2261\" data-end=\"2282\">D\u0142ugotrwa\u0142e nara\u017cenie<\/td>\n<td data-col-size=\"sm\" data-start=\"2282\" data-end=\"2331\">od \u221230 \u2103 do +120 \u2103<\/td>\n<\/tr>\n<tr data-start=\"2332\" data-end=\"2422\">\n<td data-start=\"2332\" data-end=\"2352\" data-col-size=\"sm\">Aplikacje<\/td>\n<td data-col-size=\"sm\" data-start=\"2352\" data-end=\"2373\">Obszary zastosowa\u0144<\/td>\n<td data-col-size=\"sm\" data-start=\"2373\" data-end=\"2422\">Pranie, Odzie\u017c, Po\u015bciel, UHF<\/td>\n<\/tr>\n<tr data-start=\"2423\" data-end=\"2513\">\n<td data-start=\"2423\" data-end=\"2443\" data-col-size=\"sm\">Pochodzenie<\/td>\n<td data-col-size=\"sm\" data-start=\"2443\" data-end=\"2464\">Miejsce pochodzenia<\/td>\n<td data-col-size=\"sm\" data-start=\"2464\" data-end=\"2513\">Guangdong, Chiny<\/td>\n<\/tr>\n<\/tbody>\n<\/table>\n<\/div>\n<\/div>","protected":false},"excerpt":{"rendered":"<p>Odporna na ciep\u0142o, zmywalna metka do prania NFC wykonana z PPS \u2014 wodoodporna i odporna na substancje chemiczne, wytrzymuje &gt;200 cykli prania, jest \u0142atwa w naszyciu oraz dost\u0119pna w wielu wariantach kolorystycznych i z r\u00f3\u017cnymi chipami.<\/p>","protected":false},"featured_media":752,"template":"","meta":{"_gspb_post_css":""},"product_brand":[],"product_cat":[17,19],"product_tag":[],"class_list":{"0":"post-751","1":"product","2":"type-product","3":"status-publish","4":"has-post-thumbnail","6":"product_cat-rfid-laundry-tags","7":"product_cat-pps-rfid-laundry-tags","9":"first","10":"instock","11":"shipping-taxable","12":"purchasable","13":"product-type-simple"},"_links":{"self":[{"href":"https:\/\/www.cxjsmartcard.com\/pl\/wp-json\/wp\/v2\/product\/751","targetHints":{"allow":["GET"]}}],"collection":[{"href":"https:\/\/www.cxjsmartcard.com\/pl\/wp-json\/wp\/v2\/product"}],"about":[{"href":"https:\/\/www.cxjsmartcard.com\/pl\/wp-json\/wp\/v2\/types\/product"}],"wp:featuredmedia":[{"embeddable":true,"href":"https:\/\/www.cxjsmartcard.com\/pl\/wp-json\/wp\/v2\/media\/752"}],"wp:attachment":[{"href":"https:\/\/www.cxjsmartcard.com\/pl\/wp-json\/wp\/v2\/media?parent=751"}],"wp:term":[{"taxonomy":"product_brand","embeddable":true,"href":"https:\/\/www.cxjsmartcard.com\/pl\/wp-json\/wp\/v2\/product_brand?post=751"},{"taxonomy":"product_cat","embeddable":true,"href":"https:\/\/www.cxjsmartcard.com\/pl\/wp-json\/wp\/v2\/product_cat?post=751"},{"taxonomy":"product_tag","embeddable":true,"href":"https:\/\/www.cxjsmartcard.com\/pl\/wp-json\/wp\/v2\/product_tag?post=751"}],"curies":[{"name":"wp","href":"https:\/\/api.w.org\/{rel}","templated":true}]}}