{"id":746,"date":"2025-11-03T07:05:39","date_gmt":"2025-11-03T07:05:39","guid":{"rendered":"https:\/\/www.cxjsmartcard.com\/?post_type=product&#038;p=746"},"modified":"2025-12-29T01:27:10","modified_gmt":"2025-12-29T01:27:10","slug":"washable-pps-iso15693-icode-slix-laundry-rfid-tag","status":"publish","type":"product","link":"https:\/\/www.cxjsmartcard.com\/pl\/washable-pps-iso15693-icode-slix-laundry-rfid-tag\/","title":{"rendered":"Zmywalny PPS ISO15693 ICODE SLIX Tag RFID do prania"},"content":{"rendered":"<p data-start=\"61\" data-end=\"361\">Ta etykieta RFID do prania ISO15693 ICODE SLIX wykorzystuje materia\u0142 PPS odporny na wysok\u0105 temperatur\u0119 z dwustronnym opakowaniem PPS, co zapewnia wytrzyma\u0142o\u015b\u0107 i trwa\u0142o\u015b\u0107., <strong data-start=\"199\" data-end=\"249\">wodoodporny, odporny na wstrz\u0105sy i wilgo\u0107<\/strong> Mo\u017cna go wszy\u0107 w odzie\u017c lub wszy\u0107 w etykiety. Obs\u0142uguje bezpo\u015bredni sitodruk lub numeracj\u0119 laserow\u0105.<\/p>\n<p data-start=\"363\" data-end=\"377\"><strong data-start=\"363\" data-end=\"375\">Cechy<\/strong><\/p>\n<ol data-start=\"378\" data-end=\"757\">\n<li data-start=\"378\" data-end=\"444\">\n<p data-start=\"381\" data-end=\"444\">Zmywalny transponder identyfikacyjny do zastosowa\u0144 odzie\u017cowych.<\/p>\n<\/li>\n<li data-start=\"445\" data-end=\"521\">\n<p data-start=\"448\" data-end=\"521\">Solidna konstrukcja do stosowania w trudnych warunkach pralniczych; odporna na dzia\u0142anie czynnik\u00f3w korozyjnych.<\/p>\n<\/li>\n<li data-start=\"522\" data-end=\"600\">\n<p data-start=\"525\" data-end=\"600\">100% wodoodporny i odporny na wysok\u0105 temperatur\u0119; przyjazny dla \u015brodowiska.<\/p>\n<\/li>\n<li data-start=\"601\" data-end=\"678\">\n<p data-start=\"604\" data-end=\"678\">Nadaje si\u0119 do produkcji odzie\u017cy, mundur\u00f3w, kostium\u00f3w i odzie\u017cy dla pacjent\u00f3w szpitali.<\/p>\n<\/li>\n<li data-start=\"679\" data-end=\"757\">\n<p data-start=\"682\" data-end=\"757\">Operacje odczytu\/zapisu z mo\u017cliwo\u015bci\u0105 dostosowania wyboru uk\u0142adu do systemu.<\/p>\n<\/li>\n<\/ol>\n<p data-start=\"759\" data-end=\"930\"><strong data-start=\"759\" data-end=\"775\">Aplikacje<\/strong><br data-start=\"775\" data-end=\"778\" \/>Zarz\u0105dzanie odzie\u017c\u0105, kontrola bezpiecze\u0144stwa, pralnie (w tym przemys\u0142owe) i inne trudne \u015brodowiska wymagaj\u0105ce trwa\u0142ych, zmywalnych etykiet RFID.<\/p>\n<h2 data-start=\"932\" data-end=\"957\">Tabela (Specyfikacja)<\/h2>\n<div class=\"_tableContainer_1rjym_1\">\n<div class=\"group _tableWrapper_1rjym_13 flex w-fit flex-col-reverse\" tabindex=\"-1\">\n<table class=\"w-fit min-w-(--thread-content-width)\" data-start=\"958\" data-end=\"2813\">\n<thead data-start=\"958\" data-end=\"1073\">\n<tr data-start=\"958\" data-end=\"1073\">\n<th data-start=\"958\" data-end=\"984\" data-col-size=\"sm\">Kategoria<\/th>\n<th data-start=\"984\" data-end=\"1010\" data-col-size=\"sm\">Parametr<\/th>\n<th data-start=\"1010\" data-end=\"1073\" data-col-size=\"sm\">Warto\u015b\u0107<\/th>\n<\/tr>\n<\/thead>\n<tbody data-start=\"1190\" data-end=\"2813\">\n<tr data-start=\"1190\" data-end=\"1305\">\n<td data-start=\"1190\" data-end=\"1216\" data-col-size=\"sm\">Produkt<\/td>\n<td data-col-size=\"sm\" data-start=\"1216\" data-end=\"1242\">Przedmiot<\/td>\n<td data-col-size=\"sm\" data-start=\"1242\" data-end=\"1305\">Tag pralniczy PPS RFID<\/td>\n<\/tr>\n<tr data-start=\"1306\" data-end=\"1421\">\n<td data-start=\"1306\" data-end=\"1332\" data-col-size=\"sm\">Funkcje specjalne<\/td>\n<td data-col-size=\"sm\" data-start=\"1332\" data-end=\"1358\">Atrybuty<\/td>\n<td data-col-size=\"sm\" data-start=\"1358\" data-end=\"1421\">Wodoodporna \/ Odporna na warunki atmosferyczne, Mini etykieta<\/td>\n<\/tr>\n<tr data-start=\"1422\" data-end=\"1537\">\n<td data-start=\"1422\" data-end=\"1448\" data-col-size=\"sm\">Komunikacja<\/td>\n<td data-col-size=\"sm\" data-start=\"1448\" data-end=\"1474\">Interfejs<\/td>\n<td data-col-size=\"sm\" data-start=\"1474\" data-end=\"1537\">RFID, NFC<\/td>\n<\/tr>\n<tr data-start=\"1538\" data-end=\"1653\">\n<td data-start=\"1538\" data-end=\"1564\" data-col-size=\"sm\">Przybory<\/td>\n<td data-col-size=\"sm\" data-start=\"1564\" data-end=\"1590\">Cia\u0142o<\/td>\n<td data-col-size=\"sm\" data-start=\"1590\" data-end=\"1653\">PPS<\/td>\n<\/tr>\n<tr data-start=\"1654\" data-end=\"1769\">\n<td data-start=\"1654\" data-end=\"1680\" data-col-size=\"sm\">Wymiary<\/td>\n<td data-col-size=\"sm\" data-start=\"1680\" data-end=\"1706\">Opcje rozmiaru<\/td>\n<td data-col-size=\"sm\" data-start=\"1706\" data-end=\"1769\">\u015818 mm, \u015820 mm, \u015822 mm, \u015830 mm<\/td>\n<\/tr>\n<tr data-start=\"1770\" data-end=\"1885\">\n<td data-start=\"1770\" data-end=\"1796\" data-col-size=\"sm\">RF<\/td>\n<td data-col-size=\"sm\" data-start=\"1796\" data-end=\"1822\">Cz\u0119stotliwo\u015b\u0107<\/td>\n<td data-col-size=\"sm\" data-start=\"1822\" data-end=\"1885\">13,56 MHz<\/td>\n<\/tr>\n<tr data-start=\"1886\" data-end=\"2001\">\n<td data-start=\"1886\" data-end=\"1912\" data-col-size=\"sm\"><\/td>\n<td data-col-size=\"sm\" data-start=\"1912\" data-end=\"1938\">Protok\u00f3\u0142<\/td>\n<td data-col-size=\"sm\" data-start=\"1938\" data-end=\"2001\">ISO\/IEC 15693<\/td>\n<\/tr>\n<tr data-start=\"2002\" data-end=\"2117\">\n<td data-start=\"2002\" data-end=\"2028\" data-col-size=\"sm\">\u015arodowisko<\/td>\n<td data-start=\"2028\" data-end=\"2054\" data-col-size=\"sm\">Temperatura pracy<\/td>\n<td data-col-size=\"sm\" data-start=\"2054\" data-end=\"2117\">od \u221225 \u2103 do +75 \u2103<\/td>\n<\/tr>\n<tr data-start=\"2118\" data-end=\"2233\">\n<td data-start=\"2118\" data-end=\"2144\" data-col-size=\"sm\"><\/td>\n<td data-col-size=\"sm\" data-start=\"2144\" data-end=\"2170\">Temperatura przechowywania<\/td>\n<td data-col-size=\"sm\" data-start=\"2170\" data-end=\"2233\">od \u221255 \u2103 do +220 \u2103<\/td>\n<\/tr>\n<tr data-start=\"2234\" data-end=\"2349\">\n<td data-start=\"2234\" data-end=\"2260\" data-col-size=\"sm\">Zgodno\u015b\u0107 proces\u00f3w<\/td>\n<td data-col-size=\"sm\" data-start=\"2260\" data-end=\"2286\">Metoda prania<\/td>\n<td data-col-size=\"sm\" data-start=\"2286\" data-end=\"2349\">Pranie, czyszczenie chemiczne<\/td>\n<\/tr>\n<tr data-start=\"2350\" data-end=\"2465\">\n<td data-start=\"2350\" data-end=\"2376\" data-col-size=\"sm\">Trwa\u0142o\u015b\u0107<\/td>\n<td data-col-size=\"sm\" data-start=\"2376\" data-end=\"2402\">Wash Life<\/td>\n<td data-col-size=\"sm\" data-start=\"2402\" data-end=\"2465\">200 cykli prania<\/td>\n<\/tr>\n<tr data-start=\"2466\" data-end=\"2581\">\n<td data-start=\"2466\" data-end=\"2492\" data-col-size=\"sm\">Dane<\/td>\n<td data-col-size=\"sm\" data-start=\"2492\" data-end=\"2518\">Przechowywanie danych chipowych<\/td>\n<td data-col-size=\"sm\" data-start=\"2518\" data-end=\"2581\">10 lat<\/td>\n<\/tr>\n<tr data-start=\"2582\" data-end=\"2697\">\n<td data-start=\"2582\" data-end=\"2608\" data-col-size=\"sm\">Metoda tagowania<\/td>\n<td data-col-size=\"sm\" data-start=\"2608\" data-end=\"2634\">Za\u0142\u0105cznik<\/td>\n<td data-col-size=\"sm\" data-start=\"2634\" data-end=\"2697\">Szycie, wk\u0142adanie<\/td>\n<\/tr>\n<tr data-start=\"2698\" data-end=\"2813\">\n<td data-start=\"2698\" data-end=\"2724\" data-col-size=\"sm\">Dzia\u0142anie<\/td>\n<td data-col-size=\"sm\" data-start=\"2724\" data-end=\"2750\">Tryb pracy<\/td>\n<td data-col-size=\"sm\" data-start=\"2750\" data-end=\"2813\">Odczyt\/Zapis<\/td>\n<\/tr>\n<\/tbody>\n<\/table>\n<\/div>\n<\/div>","protected":false},"excerpt":{"rendered":"<p>Zmywalna metka do prania PPS ISO15693 ICODE SLIX \u2014 wytrzyma\u0142a, wodoodporna i odporna na substancje chemiczne, przeznaczona do odzie\u017cy i mundur\u00f3w; cz\u0119stotliwo\u015b\u0107 odczytu\/zapisu 13,56 MHz, trwa\u0142o\u015b\u0107 200 cykli.<\/p>","protected":false},"featured_media":747,"template":"","meta":{"_gspb_post_css":""},"product_brand":[],"product_cat":[17,19],"product_tag":[],"class_list":{"0":"post-746","1":"product","2":"type-product","3":"status-publish","4":"has-post-thumbnail","6":"product_cat-rfid-laundry-tags","7":"product_cat-pps-rfid-laundry-tags","9":"first","10":"instock","11":"shipping-taxable","12":"purchasable","13":"product-type-simple"},"_links":{"self":[{"href":"https:\/\/www.cxjsmartcard.com\/pl\/wp-json\/wp\/v2\/product\/746","targetHints":{"allow":["GET"]}}],"collection":[{"href":"https:\/\/www.cxjsmartcard.com\/pl\/wp-json\/wp\/v2\/product"}],"about":[{"href":"https:\/\/www.cxjsmartcard.com\/pl\/wp-json\/wp\/v2\/types\/product"}],"wp:featuredmedia":[{"embeddable":true,"href":"https:\/\/www.cxjsmartcard.com\/pl\/wp-json\/wp\/v2\/media\/747"}],"wp:attachment":[{"href":"https:\/\/www.cxjsmartcard.com\/pl\/wp-json\/wp\/v2\/media?parent=746"}],"wp:term":[{"taxonomy":"product_brand","embeddable":true,"href":"https:\/\/www.cxjsmartcard.com\/pl\/wp-json\/wp\/v2\/product_brand?post=746"},{"taxonomy":"product_cat","embeddable":true,"href":"https:\/\/www.cxjsmartcard.com\/pl\/wp-json\/wp\/v2\/product_cat?post=746"},{"taxonomy":"product_tag","embeddable":true,"href":"https:\/\/www.cxjsmartcard.com\/pl\/wp-json\/wp\/v2\/product_tag?post=746"}],"curies":[{"name":"wp","href":"https:\/\/api.w.org\/{rel}","templated":true}]}}