{"id":741,"date":"2025-11-03T07:04:00","date_gmt":"2025-11-03T07:04:00","guid":{"rendered":"https:\/\/www.cxjsmartcard.com\/?post_type=product&#038;p=741"},"modified":"2025-12-29T01:27:10","modified_gmt":"2025-12-29T01:27:10","slug":"pps-uhf-rfid-washable-tag-disc-button-for-laundry","status":"publish","type":"product","link":"https:\/\/www.cxjsmartcard.com\/pl\/pps-uhf-rfid-washable-tag-disc-button-for-laundry\/","title":{"rendered":"PPS UHF RFID Zmywalny znacznik z tarcz\u0105 do prania"},"content":{"rendered":"<p data-start=\"61\" data-end=\"888\">PPS UHF RFID Washable Tag Disc Button wykorzystuje opakowanie z tworzywa sztucznego PPS dla elektronicznej etykiety, zapewniaj\u0105c <strong data-start=\"179\" data-end=\"280\">odporno\u015b\u0107 na wysok\u0105 temperatur\u0119, ognioodporno\u015b\u0107, odporno\u015b\u0107 na korozj\u0119 chemiczn\u0105 i odporno\u015b\u0107 na zu\u017cycie<\/strong>. Etykieta jest niezwykle cienka i mo\u017cna j\u0105 wszy\u0107 w ma\u0142y woreczek materia\u0142owy lub bezpo\u015brednio na materia\u0142, kt\u00f3ry ma by\u0107 wszyty, a miejsce wszycia jest \u0142atwe do znalezienia. Jest szeroko stosowana w <strong data-start=\"455\" data-end=\"466\">pranie<\/strong>, <strong data-start=\"468\" data-end=\"491\">wysokiej jako\u015bci odzie\u017c<\/strong>, <strong data-start=\"493\" data-end=\"512\">mundurki szkolne<\/strong>, <strong data-start=\"514\" data-end=\"534\">specjalne ubrania<\/strong>, <strong data-start=\"536\" data-end=\"570\">zarz\u0105dzanie produkcj\u0105 odzie\u017cy<\/strong>, <strong data-start=\"572\" data-end=\"592\">\u015bledzenie produktu<\/strong>, <strong data-start=\"594\" data-end=\"617\">zapas magazynowy<\/strong>, <strong data-start=\"619\" data-end=\"658\">znaki konserwacji silnika samochodowego<\/strong>, <strong data-start=\"660\" data-end=\"696\">zarz\u0105dzanie surowcami chemicznymi<\/strong>, i innych trudnych warunkach.<br data-start=\"727\" data-end=\"730\" \/>W przypadku scenariuszy prania (hotel, szpital, pralnia chemiczna, zarz\u0105dzanie kocami w samolocie) etykiety s\u0105 powszechnie dost\u0119pne w <strong data-start=\"843\" data-end=\"873\">PPS, silikon i tekstylia<\/strong> konstrukcje.<\/p>\n<p data-start=\"890\" data-end=\"904\"><strong data-start=\"890\" data-end=\"902\">Cechy<\/strong><\/p>\n<ol data-start=\"905\" data-end=\"1050\">\n<li data-start=\"905\" data-end=\"938\">\n<p data-start=\"908\" data-end=\"938\">Odporno\u015b\u0107 na wysok\u0105 temperatur\u0119.<\/p>\n<\/li>\n<li data-start=\"939\" data-end=\"964\">\n<p data-start=\"942\" data-end=\"964\">Odporno\u015b\u0107 na ci\u015bnienie.<\/p>\n<\/li>\n<li data-start=\"965\" data-end=\"991\">\n<p data-start=\"968\" data-end=\"991\">Odporno\u015b\u0107 na korozj\u0119.<\/p>\n<\/li>\n<li data-start=\"992\" data-end=\"1020\">\n<p data-start=\"995\" data-end=\"1020\">Wodoodporne i trwa\u0142e.<\/p>\n<\/li>\n<li data-start=\"1021\" data-end=\"1050\">\n<p data-start=\"1024\" data-end=\"1050\">Opcje projektowania dostosowanego do indywidualnych potrzeb.<\/p>\n<\/li>\n<\/ol>\n<p data-start=\"1052\" data-end=\"1165\"><strong data-start=\"1052\" data-end=\"1065\">Funkcje<\/strong><br data-start=\"1065\" data-end=\"1068\" \/>Kontrola dost\u0119pu, identyfikacja i gromadzenie informacji w przemys\u0142owych procesach pralniczych i tekstylnych.<\/p>\n<h2 data-start=\"1167\" data-end=\"1192\">Tabela (Specyfikacja)<\/h2>\n<div class=\"_tableContainer_1rjym_1\">\n<div class=\"group _tableWrapper_1rjym_13 flex w-fit flex-col-reverse\" tabindex=\"-1\">\n<table class=\"w-fit min-w-(--thread-content-width)\" data-start=\"1193\" data-end=\"3418\">\n<thead data-start=\"1193\" data-end=\"1338\">\n<tr data-start=\"1193\" data-end=\"1338\">\n<th data-start=\"1193\" data-end=\"1218\" data-col-size=\"sm\">Kategoria<\/th>\n<th data-start=\"1218\" data-end=\"1249\" data-col-size=\"sm\">Parametr<\/th>\n<th data-start=\"1249\" data-end=\"1338\" data-col-size=\"lg\">Warto\u015b\u0107<\/th>\n<\/tr>\n<\/thead>\n<tbody data-start=\"1484\" data-end=\"3418\">\n<tr data-start=\"1484\" data-end=\"1629\">\n<td data-start=\"1484\" data-end=\"1508\" data-col-size=\"sm\">Fizyczny<\/td>\n<td data-col-size=\"sm\" data-start=\"1508\" data-end=\"1540\">Tworzywo<\/td>\n<td data-col-size=\"lg\" data-start=\"1540\" data-end=\"1629\">PPS (polisiarczek fenylenu)<\/td>\n<\/tr>\n<tr data-start=\"1630\" data-end=\"1775\">\n<td data-start=\"1630\" data-end=\"1654\" data-col-size=\"sm\"><\/td>\n<td data-start=\"1654\" data-end=\"1686\" data-col-size=\"sm\">Wsp\u00f3\u0142czynnik kszta\u0142tu<\/td>\n<td data-col-size=\"lg\" data-start=\"1686\" data-end=\"1775\">P\u0142yta \/ przycisk<\/td>\n<\/tr>\n<tr data-start=\"1776\" data-end=\"1921\">\n<td data-start=\"1776\" data-end=\"1800\" data-col-size=\"sm\"><\/td>\n<td data-col-size=\"sm\" data-start=\"1800\" data-end=\"1832\">Wymiary<\/td>\n<td data-col-size=\"lg\" data-start=\"1832\" data-end=\"1921\">\u00d818 mm \/ \u00d820 mm \/ \u00d825,5 mm; grubo\u015b\u0107 2,75 mm; <strong data-start=\"1881\" data-end=\"1898\">otw\u00f3r \u00d8 1,5 mm<\/strong><\/td>\n<\/tr>\n<tr data-start=\"1922\" data-end=\"2067\">\n<td data-start=\"1922\" data-end=\"1946\" data-col-size=\"sm\"><\/td>\n<td data-col-size=\"sm\" data-start=\"1946\" data-end=\"1978\">Za\u0142\u0105cznik<\/td>\n<td data-col-size=\"lg\" data-start=\"1978\" data-end=\"2067\">Zszy\u0107 w ma\u0142y woreczek materia\u0142owy lub przyszy\u0107 bezpo\u015brednio do materia\u0142u<\/td>\n<\/tr>\n<tr data-start=\"2068\" data-end=\"2213\">\n<td data-start=\"2068\" data-end=\"2092\" data-col-size=\"sm\">\u015arodowisko<\/td>\n<td data-col-size=\"sm\" data-start=\"2092\" data-end=\"2124\">Zakres temperatur<\/td>\n<td data-col-size=\"lg\" data-start=\"2124\" data-end=\"2213\">od \u221230 \u2103 do +220 \u2103<\/td>\n<\/tr>\n<tr data-start=\"2214\" data-end=\"2359\">\n<td data-start=\"2214\" data-end=\"2238\" data-col-size=\"sm\">Personalizacja<\/td>\n<td data-col-size=\"sm\" data-start=\"2238\" data-end=\"2270\">Personalizacja<\/td>\n<td data-col-size=\"lg\" data-start=\"2270\" data-end=\"2359\">Drukowanie niestandardowego logo; zapisywalne dane z chipa (np. adres URL\/strona internetowa, numery seryjne)<\/td>\n<\/tr>\n<tr data-start=\"2360\" data-end=\"2505\">\n<td data-start=\"2360\" data-end=\"2384\" data-col-size=\"sm\">Atrybuty<\/td>\n<td data-col-size=\"sm\" data-start=\"2384\" data-end=\"2416\">Funkcje ochronne<\/td>\n<td data-col-size=\"lg\" data-start=\"2416\" data-end=\"2505\">Odporno\u015b\u0107 na wysok\u0105 temperatur\u0119, ci\u015bnienie i korozj\u0119; wodoodporna; trwa\u0142a<\/td>\n<\/tr>\n<tr data-start=\"2506\" data-end=\"2651\">\n<td data-start=\"2506\" data-end=\"2530\" data-col-size=\"sm\">RFID<\/td>\n<td data-col-size=\"sm\" data-start=\"2530\" data-end=\"2562\">Cz\u0119stotliwo\u015b\u0107<\/td>\n<td data-col-size=\"lg\" data-start=\"2562\" data-end=\"2651\">860\u2013960 MHz (UHF)<\/td>\n<\/tr>\n<tr data-start=\"2652\" data-end=\"2797\">\n<td data-start=\"2652\" data-end=\"2676\" data-col-size=\"sm\"><\/td>\n<td data-col-size=\"sm\" data-start=\"2676\" data-end=\"2708\">Protok\u00f3\u0142<\/td>\n<td data-col-size=\"lg\" data-start=\"2708\" data-end=\"2797\">ISO 18000-6C<\/td>\n<\/tr>\n<tr data-start=\"2798\" data-end=\"2943\">\n<td data-start=\"2798\" data-end=\"2822\" data-col-size=\"sm\"><\/td>\n<td data-start=\"2822\" data-end=\"2854\" data-col-size=\"sm\">Opcje \u017ceton\u00f3w<\/td>\n<td data-col-size=\"lg\" data-start=\"2854\" data-end=\"2943\">H9, H10, U9, U10, M4\/5\/6<\/td>\n<\/tr>\n<tr data-start=\"2944\" data-end=\"3089\">\n<td data-start=\"2944\" data-end=\"2968\" data-col-size=\"sm\">Wydajno\u015b\u0107<\/td>\n<td data-col-size=\"sm\" data-start=\"2968\" data-end=\"3000\">Odczyt odleg\u0142o\u015bci<\/td>\n<td data-col-size=\"lg\" data-start=\"3000\" data-end=\"3089\">1\u20138 m (zale\u017cnie od czytelnika\/\u015brodowiska)<\/td>\n<\/tr>\n<tr data-start=\"3090\" data-end=\"3272\">\n<td data-start=\"3090\" data-end=\"3114\" data-col-size=\"sm\">Przypadki u\u017cycia<\/td>\n<td data-col-size=\"sm\" data-start=\"3114\" data-end=\"3146\">Typowe zastosowania<\/td>\n<td data-col-size=\"lg\" data-start=\"3146\" data-end=\"3272\">Pranie, wysokiej jako\u015bci odzie\u017c, mundurki szkolne, odzie\u017c specjalna, zarz\u0105dzanie produkcj\u0105, \u015bledzenie produkt\u00f3w, inwentaryzacja magazynowa<\/td>\n<\/tr>\n<tr data-start=\"3273\" data-end=\"3418\">\n<td data-start=\"3273\" data-end=\"3297\" data-col-size=\"sm\">Przyk\u0142ady bran\u017cowe<\/td>\n<td data-col-size=\"sm\" data-start=\"3297\" data-end=\"3329\">Pionowe pralnie<\/td>\n<td data-col-size=\"lg\" data-start=\"3329\" data-end=\"3418\">Zarz\u0105dzanie hotelami, szpitalami, pralniami chemicznymi i kocami lotniczymi<\/td>\n<\/tr>\n<\/tbody>\n<\/table>\n<\/div>\n<\/div>","protected":false},"excerpt":{"rendered":"<p>Zmywalny znacznik RFID PPS UHF w formie dysku\/przycisku, przeznaczony do prania \u2014 wodoodporny, trudnopalny, odporny na korozj\u0119, temp. \u221230\u2013220 \u2103, odczyt 1\u20138 m; do przyszycia lub umieszczenia w woreczku; mo\u017cliwo\u015b\u0107 umieszczenia niestandardowego logo\/danych.<\/p>","protected":false},"featured_media":743,"template":"","meta":{"_gspb_post_css":""},"product_brand":[],"product_cat":[17,19],"product_tag":[],"class_list":{"0":"post-741","1":"product","2":"type-product","3":"status-publish","4":"has-post-thumbnail","6":"product_cat-rfid-laundry-tags","7":"product_cat-pps-rfid-laundry-tags","9":"first","10":"instock","11":"shipping-taxable","12":"purchasable","13":"product-type-simple"},"_links":{"self":[{"href":"https:\/\/www.cxjsmartcard.com\/pl\/wp-json\/wp\/v2\/product\/741","targetHints":{"allow":["GET"]}}],"collection":[{"href":"https:\/\/www.cxjsmartcard.com\/pl\/wp-json\/wp\/v2\/product"}],"about":[{"href":"https:\/\/www.cxjsmartcard.com\/pl\/wp-json\/wp\/v2\/types\/product"}],"wp:featuredmedia":[{"embeddable":true,"href":"https:\/\/www.cxjsmartcard.com\/pl\/wp-json\/wp\/v2\/media\/743"}],"wp:attachment":[{"href":"https:\/\/www.cxjsmartcard.com\/pl\/wp-json\/wp\/v2\/media?parent=741"}],"wp:term":[{"taxonomy":"product_brand","embeddable":true,"href":"https:\/\/www.cxjsmartcard.com\/pl\/wp-json\/wp\/v2\/product_brand?post=741"},{"taxonomy":"product_cat","embeddable":true,"href":"https:\/\/www.cxjsmartcard.com\/pl\/wp-json\/wp\/v2\/product_cat?post=741"},{"taxonomy":"product_tag","embeddable":true,"href":"https:\/\/www.cxjsmartcard.com\/pl\/wp-json\/wp\/v2\/product_tag?post=741"}],"curies":[{"name":"wp","href":"https:\/\/api.w.org\/{rel}","templated":true}]}}