{"id":736,"date":"2025-11-03T07:01:57","date_gmt":"2025-11-03T07:01:57","guid":{"rendered":"https:\/\/www.cxjsmartcard.com\/?post_type=product&#038;p=736"},"modified":"2025-12-29T01:27:10","modified_gmt":"2025-12-29T01:27:10","slug":"durable-pps-commercial-reusable-washable-rfid-tags-for-laundry-industry","status":"publish","type":"product","link":"https:\/\/www.cxjsmartcard.com\/pl\/durable-pps-commercial-reusable-washable-rfid-tags-for-laundry-industry\/","title":{"rendered":"Trwa\u0142e, wielokrotnego u\u017cytku, zmywalne etykiety RFID PPS dla bran\u017cy pralniczej"},"content":{"rendered":"<p data-start=\"83\" data-end=\"381\">Trwa\u0142e, wielokrotnego u\u017cytku, zmywalne etykiety RFID PPS zosta\u0142y zaprojektowane z my\u015bl\u0105 o trudnych warunkach panuj\u0105cych w pralniach przemys\u0142owych. <strong data-start=\"214\" data-end=\"233\">13,56 MHz (NFC)<\/strong>, ka\u017cda wodoodporna etykieta wykorzystuje <strong data-start=\"262\" data-end=\"301\">rdze\u0144 z \u017cywicy + epoksydu z pow\u0142ok\u0105 PPS<\/strong> aby wytrzyma\u0107 wysokie temperatury, zanurzenie w wodzie, substancje chemiczne i ci\u0105g\u0142e ponowne u\u017cywanie.<\/p>\n<p data-start=\"383\" data-end=\"721\"><strong data-start=\"383\" data-end=\"426\">Zbudowany do d\u0142ugotrwa\u0142ego stosowania w pralniach przemys\u0142owych<\/strong><br data-start=\"426\" data-end=\"429\" \/>Te znaczniki s\u0105 przeznaczone specjalnie do pralni i mog\u0105 obs\u0142ugiwa\u0107 <strong data-start=\"496\" data-end=\"516\">Ponad 200 cykli prania<\/strong>, wysoka wilgotno\u015b\u0107 i <strong data-start=\"537\" data-end=\"556\">od \u221225 \u2103 do +120 \u2103<\/strong> dzia\u0142anie. PPS (wysokowydajny termoplast) zapewnia doskona\u0142\u0105 odporno\u015b\u0107 chemiczn\u0105 i mechaniczn\u0105, zapewniaj\u0105c niezmiennie wysok\u0105 wydajno\u015b\u0107 podczas prania, suszenia i prasowania.<\/p>\n<p data-start=\"723\" data-end=\"927\"><strong data-start=\"723\" data-end=\"757\">Mo\u017cliwo\u015b\u0107 ponownego wykorzystania w celu d\u0142ugoterminowego oszcz\u0119dzania<\/strong><br data-start=\"757\" data-end=\"760\" \/>Hermetyzacja zapewnia bezpiecze\u0144stwo danych dzi\u0119ki prasowaniu parowemu i przemys\u0142owemu. Wielokrotne u\u017cycie w wielu cyklach obni\u017ca koszty \u015bledzenia jednostkowego produktu i wspiera cele zr\u00f3wnowa\u017conego rozwoju.<\/p>\n<p data-start=\"929\" data-end=\"943\"><strong data-start=\"929\" data-end=\"941\">Cechy<\/strong><\/p>\n<ul data-start=\"944\" data-end=\"1206\">\n<li data-start=\"944\" data-end=\"989\">\n<p data-start=\"946\" data-end=\"989\">13,56 MHz NFC; <strong data-start=\"961\" data-end=\"987\">ISO 15693 \/ ISO 14443A<\/strong><\/p>\n<\/li>\n<li data-start=\"990\" data-end=\"1045\">\n<p data-start=\"992\" data-end=\"1045\"><strong data-start=\"992\" data-end=\"1030\">Wodoodporny, odporny na warunki atmosferyczne, wielokrotnego u\u017cytku<\/strong> budowa<\/p>\n<\/li>\n<li data-start=\"1046\" data-end=\"1094\">\n<p data-start=\"1048\" data-end=\"1094\">Zakres odczytu do <strong data-start=\"1065\" data-end=\"1074\">0\u20131 m<\/strong> (zale\u017cne od konfiguracji)<\/p>\n<\/li>\n<li data-start=\"1095\" data-end=\"1150\">\n<p data-start=\"1097\" data-end=\"1150\"><strong data-start=\"1097\" data-end=\"1111\">R21 \u00d7 2 mm<\/strong> wsp\u00f3\u0142czynnik kszta\u0142tu (inne rozmiary na \u017cyczenie)<\/p>\n<\/li>\n<li data-start=\"1151\" data-end=\"1206\">\n<p data-start=\"1153\" data-end=\"1206\">Dost\u0119pne us\u0142ugi niestandardowe (kodowanie, kszta\u0142t, branding)<\/p>\n<\/li>\n<\/ul>\n<p data-start=\"1208\" data-end=\"1307\"><strong data-start=\"1208\" data-end=\"1224\">Aplikacje<\/strong><br data-start=\"1224\" data-end=\"1227\" \/>Pralnie, us\u0142ugi pralnicze, fabryki odzie\u017cy, tekstylia hotelowe i hotelarskie.<\/p>\n<p data-start=\"1309\" data-end=\"1652\"><strong data-start=\"1309\" data-end=\"1317\">Cz\u0119sto zadawane pytania<\/strong><br data-start=\"1317\" data-end=\"1320\" \/><strong data-start=\"1320\" data-end=\"1326\">Q:<\/strong> Czy te znaczniki przetrwaj\u0105 przemys\u0142owe pranie i suszenie?<br data-start=\"1380\" data-end=\"1383\" \/><strong data-start=\"1383\" data-end=\"1389\">A:<\/strong> Tak \u2014 zbudowane na ponad 200 cykli, wysok\u0105 temperatur\u0119 i ci\u015bnienie.<br data-start=\"1448\" data-end=\"1451\" \/><strong data-start=\"1451\" data-end=\"1457\">Q:<\/strong> Jaki jest typowy zasi\u0119g odczytu?<br data-start=\"1488\" data-end=\"1491\" \/><strong data-start=\"1491\" data-end=\"1497\">A:<\/strong> Do 1 m w zale\u017cno\u015bci od czytelnika i otoczenia.<br data-start=\"1544\" data-end=\"1547\" \/><strong data-start=\"1547\" data-end=\"1553\">Q:<\/strong> Czy mog\u0119 uzyska\u0107 niestandardowe kodowanie lub rozmiary?<br data-start=\"1589\" data-end=\"1592\" \/><strong data-start=\"1592\" data-end=\"1598\">A:<\/strong> Tak \u2014 dost\u0119pne s\u0105 niestandardowe chipy, kszta\u0142ty i branding.<\/p>\n<h2 data-start=\"1654\" data-end=\"1679\">Tabela (Specyfikacja)<\/h2>\n<div class=\"_tableContainer_1rjym_1\">\n<div class=\"group _tableWrapper_1rjym_13 flex w-fit flex-col-reverse\" tabindex=\"-1\">\n<table class=\"w-fit min-w-(--thread-content-width)\" data-start=\"1680\" data-end=\"2927\">\n<thead data-start=\"1680\" data-end=\"1769\">\n<tr data-start=\"1680\" data-end=\"1769\">\n<th data-start=\"1680\" data-end=\"1703\" data-col-size=\"sm\">Kategoria<\/th>\n<th data-start=\"1703\" data-end=\"1727\" data-col-size=\"sm\">Parametr<\/th>\n<th data-start=\"1727\" data-end=\"1769\" data-col-size=\"sm\">Warto\u015b\u0107<\/th>\n<\/tr>\n<\/thead>\n<tbody data-start=\"1859\" data-end=\"2927\">\n<tr data-start=\"1859\" data-end=\"1947\">\n<td data-start=\"1859\" data-end=\"1881\" data-col-size=\"sm\">Produkt<\/td>\n<td data-col-size=\"sm\" data-start=\"1881\" data-end=\"1905\">Nazwa przedmiotu<\/td>\n<td data-col-size=\"sm\" data-start=\"1905\" data-end=\"1947\">Wodoodporne tagi RFID<\/td>\n<\/tr>\n<tr data-start=\"1948\" data-end=\"2036\">\n<td data-start=\"1948\" data-end=\"1970\" data-col-size=\"sm\">RF<\/td>\n<td data-col-size=\"sm\" data-start=\"1970\" data-end=\"1994\">Cz\u0119stotliwo\u015b\u0107<\/td>\n<td data-col-size=\"sm\" data-start=\"1994\" data-end=\"2036\">13,56 MHz (NFC)<\/td>\n<\/tr>\n<tr data-start=\"2037\" data-end=\"2125\">\n<td data-start=\"2037\" data-end=\"2059\" data-col-size=\"sm\"><\/td>\n<td data-col-size=\"sm\" data-start=\"2059\" data-end=\"2083\">Protok\u00f3\u0142<\/td>\n<td data-col-size=\"sm\" data-start=\"2083\" data-end=\"2125\">ISO 15693 \/ ISO 14443A<\/td>\n<\/tr>\n<tr data-start=\"2126\" data-end=\"2214\">\n<td data-start=\"2126\" data-end=\"2148\" data-col-size=\"sm\">Pami\u0119\u0107<\/td>\n<td data-col-size=\"sm\" data-start=\"2148\" data-end=\"2172\">Pojemno\u015b\u0107<\/td>\n<td data-col-size=\"sm\" data-start=\"2172\" data-end=\"2214\">1024 bity (dost\u0119pne opcje)<\/td>\n<\/tr>\n<tr data-start=\"2215\" data-end=\"2303\">\n<td data-start=\"2215\" data-end=\"2237\" data-col-size=\"sm\">Przybory<\/td>\n<td data-col-size=\"sm\" data-start=\"2237\" data-end=\"2261\">Budowa<\/td>\n<td data-col-size=\"sm\" data-start=\"2261\" data-end=\"2303\">Rdze\u0144 \u017cywiczno-epoksydowy, <strong data-start=\"2283\" data-end=\"2297\">Obudowa PPS<\/strong><\/td>\n<\/tr>\n<tr data-start=\"2304\" data-end=\"2392\">\n<td data-start=\"2304\" data-end=\"2326\" data-col-size=\"sm\">Wymiary<\/td>\n<td data-col-size=\"sm\" data-start=\"2326\" data-end=\"2350\">Rozmiar<\/td>\n<td data-col-size=\"sm\" data-start=\"2350\" data-end=\"2392\"><strong data-start=\"2352\" data-end=\"2366\">R21 \u00d7 2 mm<\/strong><\/td>\n<\/tr>\n<tr data-start=\"2393\" data-end=\"2482\">\n<td data-start=\"2393\" data-end=\"2415\" data-col-size=\"sm\">Wydajno\u015b\u0107<\/td>\n<td data-col-size=\"sm\" data-start=\"2415\" data-end=\"2439\">Zakres odczytu<\/td>\n<td data-col-size=\"sm\" data-start=\"2439\" data-end=\"2482\"><strong data-start=\"2441\" data-end=\"2450\">0\u20131 m<\/strong> (zale\u017cne od czytelnika\/\u015brodowiska)<\/td>\n<\/tr>\n<tr data-start=\"2483\" data-end=\"2571\">\n<td data-start=\"2483\" data-end=\"2505\" data-col-size=\"sm\">\u015arodowisko<\/td>\n<td data-col-size=\"sm\" data-start=\"2505\" data-end=\"2529\">Temperatura pracy<\/td>\n<td data-col-size=\"sm\" data-start=\"2529\" data-end=\"2571\"><strong data-start=\"2531\" data-end=\"2550\">od \u221225 \u2103 do +120 \u2103<\/strong><\/td>\n<\/tr>\n<tr data-start=\"2572\" data-end=\"2660\">\n<td data-start=\"2572\" data-end=\"2594\" data-col-size=\"sm\">Trwa\u0142o\u015b\u0107<\/td>\n<td data-col-size=\"sm\" data-start=\"2594\" data-end=\"2618\">Cykle prania<\/td>\n<td data-col-size=\"sm\" data-start=\"2618\" data-end=\"2660\"><strong data-start=\"2620\" data-end=\"2628\">200+<\/strong> (procesy przemys\u0142owe)<\/td>\n<\/tr>\n<tr data-start=\"2661\" data-end=\"2749\">\n<td data-start=\"2661\" data-end=\"2683\" data-col-size=\"sm\">Aplikacje<\/td>\n<td data-col-size=\"sm\" data-start=\"2683\" data-end=\"2707\">Obszary<\/td>\n<td data-col-size=\"sm\" data-start=\"2707\" data-end=\"2749\">Pralnie, Lniane, Fabryki Odzie\u017cy<\/td>\n<\/tr>\n<tr data-start=\"2750\" data-end=\"2838\">\n<td data-start=\"2750\" data-end=\"2772\" data-col-size=\"sm\">Funkcje specjalne<\/td>\n<td data-col-size=\"sm\" data-start=\"2772\" data-end=\"2796\">Atrybuty<\/td>\n<td data-col-size=\"sm\" data-start=\"2796\" data-end=\"2838\">Wodoodporny \/ Odporny na warunki atmosferyczne \/ Wielokrotnego u\u017cytku<\/td>\n<\/tr>\n<tr data-start=\"2839\" data-end=\"2927\">\n<td data-start=\"2839\" data-end=\"2861\" data-col-size=\"sm\">Pochodzenie<\/td>\n<td data-col-size=\"sm\" data-start=\"2861\" data-end=\"2885\">Miejsce pochodzenia<\/td>\n<td data-col-size=\"sm\" data-start=\"2885\" data-end=\"2927\">Shenzhen, Chiny<\/td>\n<\/tr>\n<\/tbody>\n<\/table>\n<\/div>\n<\/div>","protected":false},"excerpt":{"rendered":"<p>Trwa\u0142e metki pralnicze RFID PPS 13,56 MHz \u2014 wodoodporne, wielokrotnego u\u017cytku i odporne na substancje chemiczne, z odczytem w odleg\u0142o\u015bci 0\u20131 m i wytrzyma\u0142o\u015bci\u0105 na ponad 200 cykli prania, przeznaczone do \u015bledzenia tekstyli\u00f3w przemys\u0142owych.<\/p>","protected":false},"featured_media":737,"template":"","meta":{"_gspb_post_css":""},"product_brand":[],"product_cat":[17,19],"product_tag":[],"class_list":{"0":"post-736","1":"product","2":"type-product","3":"status-publish","4":"has-post-thumbnail","6":"product_cat-rfid-laundry-tags","7":"product_cat-pps-rfid-laundry-tags","9":"first","10":"instock","11":"shipping-taxable","12":"purchasable","13":"product-type-simple"},"_links":{"self":[{"href":"https:\/\/www.cxjsmartcard.com\/pl\/wp-json\/wp\/v2\/product\/736","targetHints":{"allow":["GET"]}}],"collection":[{"href":"https:\/\/www.cxjsmartcard.com\/pl\/wp-json\/wp\/v2\/product"}],"about":[{"href":"https:\/\/www.cxjsmartcard.com\/pl\/wp-json\/wp\/v2\/types\/product"}],"wp:featuredmedia":[{"embeddable":true,"href":"https:\/\/www.cxjsmartcard.com\/pl\/wp-json\/wp\/v2\/media\/737"}],"wp:attachment":[{"href":"https:\/\/www.cxjsmartcard.com\/pl\/wp-json\/wp\/v2\/media?parent=736"}],"wp:term":[{"taxonomy":"product_brand","embeddable":true,"href":"https:\/\/www.cxjsmartcard.com\/pl\/wp-json\/wp\/v2\/product_brand?post=736"},{"taxonomy":"product_cat","embeddable":true,"href":"https:\/\/www.cxjsmartcard.com\/pl\/wp-json\/wp\/v2\/product_cat?post=736"},{"taxonomy":"product_tag","embeddable":true,"href":"https:\/\/www.cxjsmartcard.com\/pl\/wp-json\/wp\/v2\/product_tag?post=736"}],"curies":[{"name":"wp","href":"https:\/\/api.w.org\/{rel}","templated":true}]}}