{"id":731,"date":"2025-11-03T06:59:28","date_gmt":"2025-11-03T06:59:28","guid":{"rendered":"https:\/\/www.cxjsmartcard.com\/?post_type=product&#038;p=731"},"modified":"2025-12-29T01:27:10","modified_gmt":"2025-12-29T01:27:10","slug":"125khz-heat-resistant-washable-pps-rfid-laundry-tag-button-token","status":"publish","type":"product","link":"https:\/\/www.cxjsmartcard.com\/pl\/125khz-heat-resistant-washable-pps-rfid-laundry-tag-button-token\/","title":{"rendered":"Etykieta RFID PPS do prania, odporna na ciep\u0142o, 125 kHz (\u017ceton guzikowy)"},"content":{"rendered":"<p data-start=\"78\" data-end=\"810\">Etykiety pralnicze PPS RFID idealnie nadaj\u0105 si\u0119 do \u015bledzenia po\u015bcieli, mundur\u00f3w i innych ubra\u0144. Stale aktualizujemy i dodajemy produkty RFID do naszej strony internetowej. Je\u015bli jednak szukasz konkretnej etykiety pralniczej, kt\u00f3rej nie mo\u017cesz znale\u017a\u0107, skontaktuj si\u0119 z nami \u2013 prawdopodobnie b\u0119dziemy w stanie j\u0105 dla Ciebie znale\u017a\u0107.<br data-start=\"396\" data-end=\"399\" \/>Token RFID PPS jest wykonany z tworzywa sztucznego metod\u0105 formowania wtryskowego z zatopionym chipem RFID. Jest szeroko stosowany do wybielania i barwienia tkanin i swetr\u00f3w, prania w agresywnych detergentach, produkcji materia\u0142\u00f3w chemicznych oraz w specjalistycznych \u015brodowiskach medycznych. Jest odporny na zu\u017cycie, dzia\u0142anie wysokich temperatur, kwas\u00f3w i zasad, przyjazny dla \u015brodowiska i przeznaczony do d\u0142ugotrwa\u0142ego \u015bledzenia prania.<\/p>\n<p data-start=\"812\" data-end=\"826\"><strong data-start=\"812\" data-end=\"824\">Cechy<\/strong><\/p>\n<ol data-start=\"827\" data-end=\"972\">\n<li data-start=\"827\" data-end=\"860\">\n<p data-start=\"830\" data-end=\"860\">Odporno\u015b\u0107 na wysok\u0105 temperatur\u0119.<\/p>\n<\/li>\n<li data-start=\"861\" data-end=\"886\">\n<p data-start=\"864\" data-end=\"886\">Odporno\u015b\u0107 na ci\u015bnienie.<\/p>\n<\/li>\n<li data-start=\"887\" data-end=\"913\">\n<p data-start=\"890\" data-end=\"913\">Odporno\u015b\u0107 na korozj\u0119.<\/p>\n<\/li>\n<li data-start=\"914\" data-end=\"942\">\n<p data-start=\"917\" data-end=\"942\">Wodoodporne i trwa\u0142e.<\/p>\n<\/li>\n<li data-start=\"943\" data-end=\"972\">\n<p data-start=\"946\" data-end=\"972\">Opcje projektowania dostosowanego do indywidualnych potrzeb.<\/p>\n<\/li>\n<\/ol>\n<p data-start=\"974\" data-end=\"992\"><strong data-start=\"974\" data-end=\"990\">Aplikacje<\/strong><\/p>\n<ul data-start=\"993\" data-end=\"1179\">\n<li data-start=\"993\" data-end=\"1051\">\n<p data-start=\"995\" data-end=\"1051\">\u015aledzenie zasob\u00f3w pralniczych: po\u015bcieli, mundur\u00f3w, ubra\u0144.<\/p>\n<\/li>\n<li data-start=\"1052\" data-end=\"1116\">\n<p data-start=\"1054\" data-end=\"1116\">Procesy przemys\u0142owe: wybielanie\/barwienie, produkcja chemiczna.<\/p>\n<\/li>\n<li data-start=\"1117\" data-end=\"1179\">\n<p data-start=\"1119\" data-end=\"1179\">Zastosowania w plac\u00f3wkach medycznych i innych trudnych \u015brodowiskach, wymagaj\u0105ce trwa\u0142ych etykiet.<\/p>\n<\/li>\n<\/ul>\n<h2 data-start=\"1181\" data-end=\"1206\">Tabela (Specyfikacja)<\/h2>\n<div class=\"_tableContainer_1rjym_1\">\n<div class=\"group _tableWrapper_1rjym_13 flex w-fit flex-col-reverse\" tabindex=\"-1\">\n<table class=\"w-fit min-w-(--thread-content-width)\" data-start=\"1207\" data-end=\"2835\">\n<thead data-start=\"1207\" data-end=\"1341\">\n<tr data-start=\"1207\" data-end=\"1341\">\n<th data-start=\"1207\" data-end=\"1225\" data-col-size=\"sm\">Kategoria<\/th>\n<th data-start=\"1225\" data-end=\"1248\" data-col-size=\"sm\">Parametr<\/th>\n<th data-start=\"1248\" data-end=\"1341\" data-col-size=\"md\">Warto\u015b\u0107<\/th>\n<\/tr>\n<\/thead>\n<tbody data-start=\"1477\" data-end=\"2835\">\n<tr data-start=\"1477\" data-end=\"1612\">\n<td data-start=\"1477\" data-end=\"1495\" data-col-size=\"sm\">Produkt<\/td>\n<td data-col-size=\"sm\" data-start=\"1495\" data-end=\"1519\">Typ<\/td>\n<td data-col-size=\"md\" data-start=\"1519\" data-end=\"1612\">PPS RFID Pralniany znacznik \/ \u017ceton na guzik<\/td>\n<\/tr>\n<tr data-start=\"1613\" data-end=\"1748\">\n<td data-start=\"1613\" data-end=\"1631\" data-col-size=\"sm\">Przybory<\/td>\n<td data-col-size=\"sm\" data-start=\"1631\" data-end=\"1655\">Cia\u0142o<\/td>\n<td data-col-size=\"md\" data-start=\"1655\" data-end=\"1748\">Tworzywo konstrukcyjne PPS (polisiarczek fenylenu)<\/td>\n<\/tr>\n<tr data-start=\"1749\" data-end=\"1884\">\n<td data-start=\"1749\" data-end=\"1767\" data-col-size=\"sm\">RF<\/td>\n<td data-col-size=\"sm\" data-start=\"1767\" data-end=\"1791\">Cz\u0119stotliwo\u015b\u0107<\/td>\n<td data-col-size=\"md\" data-start=\"1791\" data-end=\"1884\">Cz\u0119stotliwo\u015b\u0107 LF: 125 kHz<\/td>\n<\/tr>\n<tr data-start=\"1885\" data-end=\"2020\">\n<td data-start=\"1885\" data-end=\"1903\" data-col-size=\"sm\"><\/td>\n<td data-col-size=\"sm\" data-start=\"1903\" data-end=\"1927\">Opcje na \u017cetony<\/td>\n<td data-col-size=\"md\" data-start=\"1927\" data-end=\"2020\">TK4100, EM4200, EM4305, T5577<\/td>\n<\/tr>\n<tr data-start=\"2021\" data-end=\"2155\">\n<td data-start=\"2021\" data-end=\"2039\" data-col-size=\"sm\">Trwa\u0142o\u015b\u0107<\/td>\n<td data-col-size=\"sm\" data-start=\"2039\" data-end=\"2063\">\u017bycie<\/td>\n<td data-col-size=\"md\" data-start=\"2063\" data-end=\"2155\">200 cykli prania <strong data-start=\"2081\" data-end=\"2087\">Lub<\/strong> 2 lata od daty wysy\u0142ki (w zale\u017cno\u015bci od tego, co nast\u0105pi wcze\u015bniej)<\/td>\n<\/tr>\n<tr data-start=\"2156\" data-end=\"2291\">\n<td data-start=\"2156\" data-end=\"2174\" data-col-size=\"sm\">\u015arodowisko<\/td>\n<td data-col-size=\"sm\" data-start=\"2174\" data-end=\"2198\">Suszenie wst\u0119pne (b\u0119bnowe)<\/td>\n<td data-col-size=\"md\" data-start=\"2198\" data-end=\"2291\">180 \u2103 (320 \u2109), 30 minut<\/td>\n<\/tr>\n<tr data-start=\"2292\" data-end=\"2427\">\n<td data-start=\"2292\" data-end=\"2310\" data-col-size=\"sm\"><\/td>\n<td data-col-size=\"sm\" data-start=\"2310\" data-end=\"2334\">Prasowanie<\/td>\n<td data-col-size=\"md\" data-start=\"2334\" data-end=\"2427\">180 \u2103 (356 \u2109), 10 sekund, 200 cykli<\/td>\n<\/tr>\n<tr data-start=\"2428\" data-end=\"2563\">\n<td data-start=\"2428\" data-end=\"2446\" data-col-size=\"sm\"><\/td>\n<td data-start=\"2446\" data-end=\"2470\" data-col-size=\"sm\">Sterylizacja<\/td>\n<td data-col-size=\"md\" data-start=\"2470\" data-end=\"2563\">135 \u2103 (275 \u2109), 20 minut<\/td>\n<\/tr>\n<tr data-start=\"2564\" data-end=\"2699\">\n<td data-start=\"2564\" data-end=\"2582\" data-col-size=\"sm\">Wydajno\u015b\u0107<\/td>\n<td data-col-size=\"sm\" data-start=\"2582\" data-end=\"2606\">Mechaniczny<\/td>\n<td data-col-size=\"md\" data-start=\"2606\" data-end=\"2699\">Odporny na ci\u015bnienie, odporny na korozj\u0119, wodoodporny, odporny na zu\u017cycie<\/td>\n<\/tr>\n<tr data-start=\"2700\" data-end=\"2835\">\n<td data-start=\"2700\" data-end=\"2718\" data-col-size=\"sm\">Personalizacja<\/td>\n<td data-col-size=\"sm\" data-start=\"2718\" data-end=\"2742\">Opcje<\/td>\n<td data-col-size=\"md\" data-start=\"2742\" data-end=\"2835\">Dost\u0119pne s\u0105 projekty niestandardowe<\/td>\n<\/tr>\n<\/tbody>\n<\/table>\n<\/div>\n<\/div>","protected":false},"excerpt":{"rendered":"<p>Odporna na ciep\u0142o, zmywalna metka PPS RFID do prania po\u015bcieli i mundur\u00f3w \u2014 wodoodporna, odporna na ci\u015bnienie i korozj\u0119, o trwa\u0142o\u015bci 200 cykli z wieloma opcjami chipa LF.<\/p>","protected":false},"featured_media":734,"template":"","meta":{"_gspb_post_css":""},"product_brand":[],"product_cat":[17,19],"product_tag":[],"class_list":{"0":"post-731","1":"product","2":"type-product","3":"status-publish","4":"has-post-thumbnail","6":"product_cat-rfid-laundry-tags","7":"product_cat-pps-rfid-laundry-tags","9":"first","10":"instock","11":"shipping-taxable","12":"purchasable","13":"product-type-simple"},"_links":{"self":[{"href":"https:\/\/www.cxjsmartcard.com\/pl\/wp-json\/wp\/v2\/product\/731","targetHints":{"allow":["GET"]}}],"collection":[{"href":"https:\/\/www.cxjsmartcard.com\/pl\/wp-json\/wp\/v2\/product"}],"about":[{"href":"https:\/\/www.cxjsmartcard.com\/pl\/wp-json\/wp\/v2\/types\/product"}],"wp:featuredmedia":[{"embeddable":true,"href":"https:\/\/www.cxjsmartcard.com\/pl\/wp-json\/wp\/v2\/media\/734"}],"wp:attachment":[{"href":"https:\/\/www.cxjsmartcard.com\/pl\/wp-json\/wp\/v2\/media?parent=731"}],"wp:term":[{"taxonomy":"product_brand","embeddable":true,"href":"https:\/\/www.cxjsmartcard.com\/pl\/wp-json\/wp\/v2\/product_brand?post=731"},{"taxonomy":"product_cat","embeddable":true,"href":"https:\/\/www.cxjsmartcard.com\/pl\/wp-json\/wp\/v2\/product_cat?post=731"},{"taxonomy":"product_tag","embeddable":true,"href":"https:\/\/www.cxjsmartcard.com\/pl\/wp-json\/wp\/v2\/product_tag?post=731"}],"curies":[{"name":"wp","href":"https:\/\/api.w.org\/{rel}","templated":true}]}}