{"id":726,"date":"2025-11-03T06:55:07","date_gmt":"2025-11-03T06:55:07","guid":{"rendered":"https:\/\/www.cxjsmartcard.com\/?post_type=product&#038;p=726"},"modified":"2025-12-29T01:27:10","modified_gmt":"2025-12-29T01:27:10","slug":"13-56mhz-rewritable-washable-waterproof-coin-nfc-pps-laundry-tags","status":"publish","type":"product","link":"https:\/\/www.cxjsmartcard.com\/pl\/13-56mhz-rewritable-washable-waterproof-coin-nfc-pps-laundry-tags\/","title":{"rendered":"13,56 MHz wielokrotnego zapisu, zmywalny, wodoodporny, na monety NFC PPS, etykiety do prania"},"content":{"rendered":"<p data-start=\"77\" data-end=\"334\">Wodoodporna, zmywalna i wielokrotnego zapisu moneta NFC PPS o cz\u0119stotliwo\u015bci 13,56 MHz zosta\u0142a zaprojektowana do zarz\u0105dzania praniem, \u015bledzenia bielizny i identyfikacji odzie\u017cy. Wytrzyma\u0142a obudowa PPS jest odporna na wysokie temperatury, chemikalia i wod\u0119 nawet podczas wielokrotnych cykli prania.<\/p>\n<p data-start=\"336\" data-end=\"644\"><strong data-start=\"336\" data-end=\"382\">Funkcja NFC z mo\u017cliwo\u015bci\u0105 ponownego zapisu do inteligentnego \u015bledzenia<\/strong><br data-start=\"382\" data-end=\"385\" \/>Dzi\u0119ki zastosowaniu uk\u0142ad\u00f3w NFC, takich jak <strong data-start=\"414\" data-end=\"425\">NTAG213<\/strong>, <strong data-start=\"427\" data-end=\"438\">NTAG216<\/strong>, I <strong data-start=\"444\" data-end=\"458\">Kod ICODE SLIX<\/strong>, Etykieta obs\u0142uguje pami\u0119\u0107 wielokrotnego zapisu dla danych o stanie zapas\u00f3w, statusie odzie\u017cy i historii prania. Personel mo\u017ce skanowa\u0107 za pomoc\u0105 standardowych czytnik\u00f3w RFID \u2014 a nawet smartfon\u00f3w \u2014 aby zapewni\u0107 dok\u0142adne \u015bledzenie w czasie rzeczywistym.<\/p>\n<p data-start=\"646\" data-end=\"660\"><strong data-start=\"646\" data-end=\"658\">Cechy<\/strong><\/p>\n<ul data-start=\"661\" data-end=\"962\">\n<li data-start=\"661\" data-end=\"710\">\n<p data-start=\"663\" data-end=\"710\">Obs\u0142uga NFC 13,56 MHz z pami\u0119ci\u0105 wielokrotnego zapisu<\/p>\n<\/li>\n<li data-start=\"711\" data-end=\"771\">\n<p data-start=\"713\" data-end=\"771\">Trwa\u0142a konstrukcja z PPS \/ silikonu \/ ABS \/ mi\u0119kkiego plastiku<\/p>\n<\/li>\n<li data-start=\"772\" data-end=\"841\">\n<p data-start=\"774\" data-end=\"841\">Zmywalny, wodoodporny, odporny na wilgo\u0107, wstrz\u0105sy, odporny na ciep\u0142o<\/p>\n<\/li>\n<li data-start=\"842\" data-end=\"909\">\n<p data-start=\"844\" data-end=\"909\">Ma\u0142e rozmiary monet u\u0142atwiaj\u0105ce szycie, osadzanie lub pakowanie<\/p>\n<\/li>\n<li data-start=\"910\" data-end=\"962\">\n<p data-start=\"912\" data-end=\"962\">Przyjazny dla smartfona, umo\u017cliwiaj\u0105cy szybk\u0105 identyfikacj\u0119 w terenie<\/p>\n<\/li>\n<\/ul>\n<p data-start=\"964\" data-end=\"1068\"><strong data-start=\"964\" data-end=\"980\">Aplikacje<\/strong><br data-start=\"980\" data-end=\"983\" \/>Wynajem odzie\u017cy, obuwia, toreb, po\u015bcieli hotelowej, tekstyli\u00f3w medycznych i odzie\u017cy roboczej.<\/p>\n<h2 data-start=\"1138\" data-end=\"1163\">Tabela (Specyfikacja)<\/h2>\n<div class=\"_tableContainer_1rjym_1\">\n<div class=\"group _tableWrapper_1rjym_13 flex w-fit flex-col-reverse\" tabindex=\"-1\">\n<table class=\"w-fit min-w-(--thread-content-width)\" data-start=\"1164\" data-end=\"2558\">\n<thead data-start=\"1164\" data-end=\"1278\">\n<tr data-start=\"1164\" data-end=\"1278\">\n<th data-start=\"1164\" data-end=\"1186\" data-col-size=\"sm\">Kategoria<\/th>\n<th data-start=\"1186\" data-end=\"1205\" data-col-size=\"sm\">Parametr<\/th>\n<th data-start=\"1205\" data-end=\"1278\" data-col-size=\"md\">Warto\u015b\u0107<\/th>\n<\/tr>\n<\/thead>\n<tbody data-start=\"1394\" data-end=\"2558\">\n<tr data-start=\"1394\" data-end=\"1508\">\n<td data-start=\"1394\" data-end=\"1416\" data-col-size=\"sm\">RF<\/td>\n<td data-col-size=\"sm\" data-start=\"1416\" data-end=\"1435\">Cz\u0119stotliwo\u015b\u0107<\/td>\n<td data-col-size=\"md\" data-start=\"1435\" data-end=\"1508\">13,56 MHz<\/td>\n<\/tr>\n<tr data-start=\"1509\" data-end=\"1623\">\n<td data-start=\"1509\" data-end=\"1531\" data-col-size=\"sm\"><\/td>\n<td data-col-size=\"sm\" data-start=\"1531\" data-end=\"1550\">Protok\u00f3\u0142<\/td>\n<td data-col-size=\"md\" data-start=\"1550\" data-end=\"1623\">ISO14443A \/ ISO15693 \/ ISO18000-6C<\/td>\n<\/tr>\n<tr data-start=\"1624\" data-end=\"1738\">\n<td data-start=\"1624\" data-end=\"1646\" data-col-size=\"sm\">IC \/ Pami\u0119\u0107<\/td>\n<td data-col-size=\"sm\" data-start=\"1646\" data-end=\"1665\">Opcje na \u017cetony<\/td>\n<td data-col-size=\"md\" data-start=\"1665\" data-end=\"1738\">NTAG213 \/ NTAG216 \/ ICODE SLIX<\/td>\n<\/tr>\n<tr data-start=\"1739\" data-end=\"1853\">\n<td data-start=\"1739\" data-end=\"1761\" data-col-size=\"sm\"><\/td>\n<td data-col-size=\"sm\" data-start=\"1761\" data-end=\"1780\">Pami\u0119\u0107<\/td>\n<td data-col-size=\"md\" data-start=\"1780\" data-end=\"1853\">1K, 144 bajty itd. (r\u00f3\u017cni si\u0119 w zale\u017cno\u015bci od uk\u0142adu)<\/td>\n<\/tr>\n<tr data-start=\"1854\" data-end=\"1968\">\n<td data-start=\"1854\" data-end=\"1876\" data-col-size=\"sm\">Fizyczny<\/td>\n<td data-col-size=\"sm\" data-start=\"1876\" data-end=\"1895\">Przybory<\/td>\n<td data-col-size=\"md\" data-start=\"1895\" data-end=\"1968\">PPS \/ Silikon \/ ABS \/ Mi\u0119kki plastik<\/td>\n<\/tr>\n<tr data-start=\"1969\" data-end=\"2083\">\n<td data-start=\"1969\" data-end=\"1991\" data-col-size=\"sm\"><\/td>\n<td data-col-size=\"sm\" data-start=\"1991\" data-end=\"2010\">Opcje rozmiaru<\/td>\n<td data-col-size=\"md\" data-start=\"2010\" data-end=\"2083\">\u00d818 mm \/ \u00d820 mm \/ \u00d825 mm \/ \u00d830 mm lub niestandardowe<\/td>\n<\/tr>\n<tr data-start=\"2084\" data-end=\"2198\">\n<td data-start=\"2084\" data-end=\"2106\" data-col-size=\"sm\">Wydajno\u015b\u0107<\/td>\n<td data-col-size=\"sm\" data-start=\"2106\" data-end=\"2125\">Zakres odczytu<\/td>\n<td data-col-size=\"md\" data-start=\"2125\" data-end=\"2198\">2\u201310 cm (zale\u017cnie od uk\u0142adu scalonego i czytnika)<\/td>\n<\/tr>\n<tr data-start=\"2199\" data-end=\"2314\">\n<td data-start=\"2199\" data-end=\"2221\" data-col-size=\"sm\">\u015arodowisko<\/td>\n<td data-col-size=\"sm\" data-start=\"2221\" data-end=\"2240\">Temperatura<\/td>\n<td data-col-size=\"md\" data-start=\"2240\" data-end=\"2314\">od \u221225 \u2103 do +120 \u2103<\/td>\n<\/tr>\n<tr data-start=\"2315\" data-end=\"2429\">\n<td data-start=\"2315\" data-end=\"2337\" data-col-size=\"sm\">Przypadki u\u017cycia<\/td>\n<td data-col-size=\"sm\" data-start=\"2337\" data-end=\"2356\">Aplikacje<\/td>\n<td data-col-size=\"md\" data-start=\"2356\" data-end=\"2429\">Bran\u017ca odzie\u017cy, obuwia, toreb, po\u015bcieli hotelowej, odzie\u017cy medycznej, wynajmu mundur\u00f3w<\/td>\n<\/tr>\n<tr data-start=\"2430\" data-end=\"2558\">\n<td data-start=\"2430\" data-end=\"2452\" data-col-size=\"sm\">Cechy produktu<\/td>\n<td data-col-size=\"sm\" data-start=\"2452\" data-end=\"2471\">Atrybuty<\/td>\n<td data-col-size=\"md\" data-start=\"2471\" data-end=\"2558\">Elastyczne, \u0142atwe w noszeniu\/u\u017cywaniu; wodoodporne, odporne na wilgo\u0107, wstrz\u0105sy i ciep\u0142o<\/td>\n<\/tr>\n<\/tbody>\n<\/table>\n<\/div>\n<\/div>","protected":false},"excerpt":{"rendered":"<p>Etykieta na pranie NFC PPS o cz\u0119stotliwo\u015bci 13,56 MHz, wielokrotnego zapisu, w stylu monety \u2014 zmywalna, wodoodporna i wytrzyma\u0142a w cyklach przemys\u0142owych; mo\u017cliwo\u015b\u0107 skanowania smartfonem w celu szybkiego \u015bledzenia tekstyli\u00f3w.<\/p>","protected":false},"featured_media":728,"template":"","meta":{"_gspb_post_css":""},"product_brand":[],"product_cat":[17,19],"product_tag":[],"class_list":{"0":"post-726","1":"product","2":"type-product","3":"status-publish","4":"has-post-thumbnail","6":"product_cat-rfid-laundry-tags","7":"product_cat-pps-rfid-laundry-tags","9":"first","10":"instock","11":"shipping-taxable","12":"purchasable","13":"product-type-simple"},"_links":{"self":[{"href":"https:\/\/www.cxjsmartcard.com\/pl\/wp-json\/wp\/v2\/product\/726","targetHints":{"allow":["GET"]}}],"collection":[{"href":"https:\/\/www.cxjsmartcard.com\/pl\/wp-json\/wp\/v2\/product"}],"about":[{"href":"https:\/\/www.cxjsmartcard.com\/pl\/wp-json\/wp\/v2\/types\/product"}],"wp:featuredmedia":[{"embeddable":true,"href":"https:\/\/www.cxjsmartcard.com\/pl\/wp-json\/wp\/v2\/media\/728"}],"wp:attachment":[{"href":"https:\/\/www.cxjsmartcard.com\/pl\/wp-json\/wp\/v2\/media?parent=726"}],"wp:term":[{"taxonomy":"product_brand","embeddable":true,"href":"https:\/\/www.cxjsmartcard.com\/pl\/wp-json\/wp\/v2\/product_brand?post=726"},{"taxonomy":"product_cat","embeddable":true,"href":"https:\/\/www.cxjsmartcard.com\/pl\/wp-json\/wp\/v2\/product_cat?post=726"},{"taxonomy":"product_tag","embeddable":true,"href":"https:\/\/www.cxjsmartcard.com\/pl\/wp-json\/wp\/v2\/product_tag?post=726"}],"curies":[{"name":"wp","href":"https:\/\/api.w.org\/{rel}","templated":true}]}}