{"id":721,"date":"2025-11-03T06:52:46","date_gmt":"2025-11-03T06:52:46","guid":{"rendered":"https:\/\/www.cxjsmartcard.com\/?post_type=product&#038;p=721"},"modified":"2025-12-29T01:27:11","modified_gmt":"2025-12-29T01:27:11","slug":"washable-rfid-tags-for-laundry-management","status":"publish","type":"product","link":"https:\/\/www.cxjsmartcard.com\/pl\/washable-rfid-tags-for-laundry-management\/","title":{"rendered":"Zmywalne etykiety RFID do zarz\u0105dzania pralniami"},"content":{"rendered":"<p data-start=\"53\" data-end=\"465\">Zmywalne etykiety RFID to niezb\u0119dne narz\u0119dzie w nowoczesnym zarz\u0105dzaniu pralni\u0105, zaprojektowane z my\u015bl\u0105 o trwa\u0142o\u015bci i wydajno\u015bci w \u015brodowiskach przemys\u0142owych. Dzi\u0119ki technologii UHF RFID, etykiety te precyzyjnie \u015bledz\u0105 odzie\u017c, po\u015bciel i uniformy w ca\u0142ym procesie, poprawiaj\u0105c organizacj\u0119 i redukuj\u0105c straty. S\u0105 wodoodporne, odporne na wysokie temperatury i zmywalne \u2013 idealne do wysokowydajnych system\u00f3w pralniczych.<\/p>\n<p data-start=\"467\" data-end=\"481\"><strong data-start=\"467\" data-end=\"479\">Cechy<\/strong><\/p>\n<ol data-start=\"482\" data-end=\"895\">\n<li data-start=\"482\" data-end=\"545\">\n<p data-start=\"485\" data-end=\"545\">Wykonanie z materia\u0142u (nylon), niezwykle wytrzyma\u0142ego i wodoodpornego.<\/p>\n<\/li>\n<li data-start=\"546\" data-end=\"589\">\n<p data-start=\"549\" data-end=\"589\">Protok\u00f3\u0142 ISO18000-6C; UHF 860\u2013960 MHz.<\/p>\n<\/li>\n<li data-start=\"590\" data-end=\"630\">\n<p data-start=\"593\" data-end=\"630\">Opcje pami\u0119ci EPC: 96 lub 128 bit\u00f3w.<\/p>\n<\/li>\n<li data-start=\"631\" data-end=\"678\">\n<p data-start=\"634\" data-end=\"678\">Zasi\u0119g odczytu: 1\u20136 metr\u00f3w (w zale\u017cno\u015bci od urz\u0105dzenia).<\/p>\n<\/li>\n<li data-start=\"679\" data-end=\"745\">\n<p data-start=\"682\" data-end=\"745\">Temperatura pracy: \u221225 \u00b0C do +110 \u00b0C; przechowywanie: \u221240 \u00b0C do +85 \u00b0C.<\/p>\n<\/li>\n<li data-start=\"746\" data-end=\"796\">\n<p data-start=\"749\" data-end=\"796\">Odporno\u015b\u0107 na pranie: 200 cykli lub do 3 lat.<\/p>\n<\/li>\n<li data-start=\"797\" data-end=\"895\">\n<p data-start=\"800\" data-end=\"895\">Odporno\u015b\u0107 na temperatur\u0119: 90 \u00b0C (15 min); suszarka 180 \u00b0C (30 min); sterylizacja 135 \u00b0C (20 min).<\/p>\n<\/li>\n<\/ol>\n<p data-start=\"897\" data-end=\"915\"><strong data-start=\"897\" data-end=\"913\">Kluczowe korzy\u015bci<\/strong><\/p>\n<ol data-start=\"916\" data-end=\"1377\">\n<li data-start=\"916\" data-end=\"1046\">\n<p data-start=\"919\" data-end=\"1046\"><strong data-start=\"919\" data-end=\"938\">Wysoka trwa\u0142o\u015b\u0107<\/strong> \u2014 wytrzymuje do 200 cykli prania i trudne warunki (ci\u015bnienie, ciep\u0142o, prasowanie) przez okres u\u017cytkowania wynosz\u0105cy ok. 3 lata.<\/p>\n<\/li>\n<li data-start=\"1047\" data-end=\"1160\">\n<p data-start=\"1050\" data-end=\"1160\"><strong data-start=\"1050\" data-end=\"1072\">Efektywne \u015bledzenie<\/strong> \u2014 Zasi\u0119g odczytu UHF do 6 m umo\u017cliwia szybkie i dok\u0142adne \u015bledzenie przesy\u0142ki od sortowania do dostawy.<\/p>\n<\/li>\n<li data-start=\"1161\" data-end=\"1273\">\n<p data-start=\"1164\" data-end=\"1273\"><strong data-start=\"1164\" data-end=\"1189\">Wodoodporny i zmywalny<\/strong> \u2014 bezpieczne przy wielokrotnym praniu, zanurzaniu i prasowaniu bez utraty w\u0142a\u015bciwo\u015bci u\u017cytkowych.<\/p>\n<\/li>\n<li data-start=\"1274\" data-end=\"1377\">\n<p data-start=\"1277\" data-end=\"1377\"><strong data-start=\"1277\" data-end=\"1308\">Odporno\u015b\u0107 na wysok\u0105 temperatur\u0119<\/strong> \u2014 umo\u017cliwia suszenie w temperaturze 180 \u00b0C i sterylizacj\u0119 w temperaturze 135 \u00b0C w zastosowaniach przemys\u0142owych.<\/p>\n<\/li>\n<\/ol>\n<p data-start=\"1379\" data-end=\"1397\"><strong data-start=\"1379\" data-end=\"1395\">Aplikacje<\/strong><\/p>\n<ul data-start=\"1398\" data-end=\"1723\">\n<li data-start=\"1398\" data-end=\"1475\">\n<p data-start=\"1400\" data-end=\"1475\"><strong data-start=\"1400\" data-end=\"1423\">Pralnia przemys\u0142owa:<\/strong> \u015aled\u017a na du\u017c\u0105 skal\u0119 mundury robocze, r\u0119czniki i po\u015bciel.<\/p>\n<\/li>\n<li data-start=\"1476\" data-end=\"1565\">\n<p data-start=\"1478\" data-end=\"1565\"><strong data-start=\"1478\" data-end=\"1493\">Opieka zdrowotna:<\/strong> Zarz\u0105dzaj uniformami i po\u015bciel\u0105 medyczn\u0105 w celu zapewnienia higieny i kontroli zapas\u00f3w.<\/p>\n<\/li>\n<li data-start=\"1566\" data-end=\"1645\">\n<p data-start=\"1568\" data-end=\"1645\"><strong data-start=\"1568\" data-end=\"1584\">Go\u015bcinno\u015b\u0107:<\/strong> Monitoruj po\u015bciel, r\u0119czniki i mundury hotelowe, aby ograniczy\u0107 ich straty.<\/p>\n<\/li>\n<li data-start=\"1646\" data-end=\"1723\">\n<p data-start=\"1648\" data-end=\"1723\"><strong data-start=\"1648\" data-end=\"1670\">Fabryki odzie\u017cy:<\/strong> \u015aled\u017a produkty tekstylne od produkcji do dystrybucji.<\/p>\n<\/li>\n<\/ul>\n<p data-start=\"1725\" data-end=\"1940\"><strong data-start=\"1725\" data-end=\"1755\">Jak dzia\u0142aj\u0105 metki pralnicze RFID<\/strong><br data-start=\"1755\" data-end=\"1758\" \/>Ka\u017cda etykieta przechowuje szczeg\u00f3\u0142owe informacje (ID, histori\u0119 prania, w\u0142a\u015bciciela). Czytniki RFID rejestruj\u0105 te dane z odleg\u0142o\u015bci do 6 metr\u00f3w, umo\u017cliwiaj\u0105c sprawne \u015bledzenie na ka\u017cdym etapie procesu prania.<\/p>\n<p data-start=\"1942\" data-end=\"2052\"><strong data-start=\"1942\" data-end=\"1950\">Cz\u0119sto zadawane pytania<\/strong><br data-start=\"1950\" data-end=\"1953\" \/><strong data-start=\"1953\" data-end=\"1986\">1) Jak d\u0142ugo utrzymuj\u0105 si\u0119 znaczniki?<\/strong><br data-start=\"1986\" data-end=\"1989\" \/>A\u017c do <strong data-start=\"1995\" data-end=\"2014\">200 cykli prania<\/strong> Lub <strong data-start=\"2018\" data-end=\"2029\">3 lata<\/strong>, w zale\u017cno\u015bci od zastosowania.<\/p>\n<p data-start=\"2054\" data-end=\"2164\"><strong data-start=\"2054\" data-end=\"2101\">2) Czy te znaczniki s\u0105 odporne na wysokie temperatury?<\/strong><br data-start=\"2101\" data-end=\"2104\" \/>Tak-<strong data-start=\"2108\" data-end=\"2118\">180 \u00b0C<\/strong> w suszarkach i <strong data-start=\"2133\" data-end=\"2143\">135 \u00b0C<\/strong> do sterylizacji.<\/p>\n<p data-start=\"2166\" data-end=\"2264\"><strong data-start=\"2166\" data-end=\"2202\">3) Czy s\u0105 dost\u0119pne projekty niestandardowe?<\/strong><br data-start=\"2202\" data-end=\"2205\" \/>Tak \u2014 dost\u0119pne s\u0105 niestandardowe marki\/specyfikacje (minimalne zam\u00f3wienie) <strong data-start=\"2246\" data-end=\"2256\">50,000<\/strong> jednostek).<\/p>\n<h2 data-start=\"2266\" data-end=\"2291\">Tabela (Specyfikacja)<\/h2>\n<div class=\"_tableContainer_1rjym_1\">\n<div class=\"group _tableWrapper_1rjym_13 flex w-fit flex-col-reverse\" tabindex=\"-1\">\n<table class=\"w-fit min-w-(--thread-content-width)\" data-start=\"2292\" data-end=\"3747\">\n<thead data-start=\"2292\" data-end=\"2389\">\n<tr data-start=\"2292\" data-end=\"2389\">\n<th data-start=\"2292\" data-end=\"2313\" data-col-size=\"sm\">Kategoria<\/th>\n<th data-start=\"2313\" data-end=\"2338\" data-col-size=\"sm\">Parametr<\/th>\n<th data-start=\"2338\" data-end=\"2389\" data-col-size=\"md\">Warto\u015b\u0107<\/th>\n<\/tr>\n<\/thead>\n<tbody data-start=\"2487\" data-end=\"3747\">\n<tr data-start=\"2487\" data-end=\"2583\">\n<td data-start=\"2487\" data-end=\"2507\" data-col-size=\"sm\">Przybory<\/td>\n<td data-col-size=\"sm\" data-start=\"2507\" data-end=\"2533\">Tkanina<\/td>\n<td data-col-size=\"md\" data-start=\"2533\" data-end=\"2583\">Nylon<\/td>\n<\/tr>\n<tr data-start=\"2584\" data-end=\"2680\">\n<td data-start=\"2584\" data-end=\"2604\" data-col-size=\"sm\">Wygl\u0105d<\/td>\n<td data-col-size=\"sm\" data-start=\"2604\" data-end=\"2630\">Kolor<\/td>\n<td data-col-size=\"md\" data-start=\"2630\" data-end=\"2680\">Bia\u0142y<\/td>\n<\/tr>\n<tr data-start=\"2681\" data-end=\"2777\">\n<td data-start=\"2681\" data-end=\"2701\" data-col-size=\"sm\">RF \/ Protok\u00f3\u0142<\/td>\n<td data-col-size=\"sm\" data-start=\"2701\" data-end=\"2727\">Standard<\/td>\n<td data-col-size=\"md\" data-start=\"2727\" data-end=\"2777\">ISO18000-6C<\/td>\n<\/tr>\n<tr data-start=\"2778\" data-end=\"2874\">\n<td data-start=\"2778\" data-end=\"2798\" data-col-size=\"sm\"><\/td>\n<td data-col-size=\"sm\" data-start=\"2798\" data-end=\"2824\">Cz\u0119stotliwo\u015b\u0107<\/td>\n<td data-col-size=\"md\" data-start=\"2824\" data-end=\"2874\">860\u2013960 MHz<\/td>\n<\/tr>\n<tr data-start=\"2875\" data-end=\"2971\">\n<td data-start=\"2875\" data-end=\"2895\" data-col-size=\"sm\">Pami\u0119\u0107<\/td>\n<td data-col-size=\"sm\" data-start=\"2895\" data-end=\"2921\">EPC<\/td>\n<td data-col-size=\"md\" data-start=\"2921\" data-end=\"2971\">96 bit\u00f3w \/ 128 bit\u00f3w<\/td>\n<\/tr>\n<tr data-start=\"2972\" data-end=\"3068\">\n<td data-start=\"2972\" data-end=\"2992\" data-col-size=\"sm\">Wydajno\u015b\u0107<\/td>\n<td data-start=\"2992\" data-end=\"3018\" data-col-size=\"sm\">Zakres odczytu<\/td>\n<td data-col-size=\"md\" data-start=\"3018\" data-end=\"3068\">1\u20136 m (zale\u017cnie od urz\u0105dzenia)<\/td>\n<\/tr>\n<tr data-start=\"3069\" data-end=\"3165\">\n<td data-start=\"3069\" data-end=\"3089\" data-col-size=\"sm\">\u015arodowisko<\/td>\n<td data-col-size=\"sm\" data-start=\"3089\" data-end=\"3115\">Temperatura pracy<\/td>\n<td data-col-size=\"md\" data-start=\"3115\" data-end=\"3165\">\u221225 \u00b0C do +110 \u00b0C<\/td>\n<\/tr>\n<tr data-start=\"3166\" data-end=\"3262\">\n<td data-start=\"3166\" data-end=\"3186\" data-col-size=\"sm\"><\/td>\n<td data-start=\"3186\" data-end=\"3212\" data-col-size=\"sm\">Temperatura przechowywania<\/td>\n<td data-col-size=\"md\" data-start=\"3212\" data-end=\"3262\">\u221240 \u00b0C do +85 \u00b0C<\/td>\n<\/tr>\n<tr data-start=\"3263\" data-end=\"3359\">\n<td data-start=\"3263\" data-end=\"3283\" data-col-size=\"sm\">Trwa\u0142o\u015b\u0107<\/td>\n<td data-start=\"3283\" data-end=\"3309\" data-col-size=\"sm\">Odporno\u015b\u0107 na pranie<\/td>\n<td data-col-size=\"md\" data-start=\"3309\" data-end=\"3359\">200 cykli lub ~3 lata<\/td>\n<\/tr>\n<tr data-start=\"3360\" data-end=\"3456\">\n<td data-start=\"3360\" data-end=\"3380\" data-col-size=\"sm\">Odporno\u015b\u0107 na ciep\u0142o<\/td>\n<td data-col-size=\"sm\" data-start=\"3380\" data-end=\"3406\">Mycie<\/td>\n<td data-col-size=\"md\" data-start=\"3406\" data-end=\"3456\">90 \u00b0C, 15 minut<\/td>\n<\/tr>\n<tr data-start=\"3457\" data-end=\"3553\">\n<td data-start=\"3457\" data-end=\"3477\" data-col-size=\"sm\"><\/td>\n<td data-col-size=\"sm\" data-start=\"3477\" data-end=\"3503\">Suszenie (suszarka)<\/td>\n<td data-col-size=\"md\" data-start=\"3503\" data-end=\"3553\">180\u00b0C, 30 minut<\/td>\n<\/tr>\n<tr data-start=\"3554\" data-end=\"3650\">\n<td data-start=\"3554\" data-end=\"3574\" data-col-size=\"sm\"><\/td>\n<td data-col-size=\"sm\" data-start=\"3574\" data-end=\"3600\">Sterylizacja<\/td>\n<td data-col-size=\"md\" data-start=\"3600\" data-end=\"3650\">135 \u00b0C, 20 minut<\/td>\n<\/tr>\n<tr data-start=\"3651\" data-end=\"3747\">\n<td data-start=\"3651\" data-end=\"3671\" data-col-size=\"sm\">Aplikacje<\/td>\n<td data-col-size=\"sm\" data-start=\"3671\" data-end=\"3697\">Typowe przypadki u\u017cycia<\/td>\n<td data-col-size=\"md\" data-start=\"3697\" data-end=\"3747\">Pralnia, Zarz\u0105dzanie Tekstyliami, \u015aledzenie Mundur\u00f3w<\/td>\n<\/tr>\n<\/tbody>\n<\/table>\n<\/div>\n<\/div>","protected":false},"excerpt":{"rendered":"<p>Wodoodporne, zmywalne znaczniki RFID UHF do po\u015bcieli, mundur\u00f3w i tekstyli\u00f3w \u2014 zasi\u0119g odczytu 1\u20136 m, norma ISO18000-6C i trwa\u0142o\u015b\u0107 do 200 cykli prania usprawniaj\u0105 monitorowanie prania przemys\u0142owego.<\/p>","protected":false},"featured_media":725,"template":"","meta":{"_gspb_post_css":""},"product_brand":[],"product_cat":[17,18],"product_tag":[],"class_list":{"0":"post-721","1":"product","2":"type-product","3":"status-publish","4":"has-post-thumbnail","6":"product_cat-rfid-laundry-tags","7":"product_cat-textile-rfid-laundry-tags","9":"first","10":"instock","11":"shipping-taxable","12":"purchasable","13":"product-type-simple"},"_links":{"self":[{"href":"https:\/\/www.cxjsmartcard.com\/pl\/wp-json\/wp\/v2\/product\/721","targetHints":{"allow":["GET"]}}],"collection":[{"href":"https:\/\/www.cxjsmartcard.com\/pl\/wp-json\/wp\/v2\/product"}],"about":[{"href":"https:\/\/www.cxjsmartcard.com\/pl\/wp-json\/wp\/v2\/types\/product"}],"wp:featuredmedia":[{"embeddable":true,"href":"https:\/\/www.cxjsmartcard.com\/pl\/wp-json\/wp\/v2\/media\/725"}],"wp:attachment":[{"href":"https:\/\/www.cxjsmartcard.com\/pl\/wp-json\/wp\/v2\/media?parent=721"}],"wp:term":[{"taxonomy":"product_brand","embeddable":true,"href":"https:\/\/www.cxjsmartcard.com\/pl\/wp-json\/wp\/v2\/product_brand?post=721"},{"taxonomy":"product_cat","embeddable":true,"href":"https:\/\/www.cxjsmartcard.com\/pl\/wp-json\/wp\/v2\/product_cat?post=721"},{"taxonomy":"product_tag","embeddable":true,"href":"https:\/\/www.cxjsmartcard.com\/pl\/wp-json\/wp\/v2\/product_tag?post=721"}],"curies":[{"name":"wp","href":"https:\/\/api.w.org\/{rel}","templated":true}]}}