{"id":716,"date":"2025-11-03T06:51:02","date_gmt":"2025-11-03T06:51:02","guid":{"rendered":"https:\/\/www.cxjsmartcard.com\/?post_type=product&#038;p=716"},"modified":"2025-12-29T01:27:11","modified_gmt":"2025-12-29T01:27:11","slug":"sew-textile-washable-uhf-rfid-laundry-tag-with-metal-hole","status":"publish","type":"product","link":"https:\/\/www.cxjsmartcard.com\/pl\/sew-textile-washable-uhf-rfid-laundry-tag-with-metal-hole\/","title":{"rendered":"Zmywalna metka do prania UHF RFID z metalowym otworem"},"content":{"rendered":"<p data-start=\"69\" data-end=\"507\">Zmywalne tekstylne etykiety pralnicze UHF RFID s\u0105 wystarczaj\u0105co trwa\u0142e, aby przetrwa\u0107 ponad 200 cykli prania. S\u0105 one zazwyczaj stosowane w obiektach wymagaj\u0105cych sta\u0142ego przep\u0142ywu czystej po\u015bcieli, uniform\u00f3w, odzie\u017cy roboczej, medycznej, kostium\u00f3w i artyku\u0142\u00f3w do wypo\u017cyczenia. Nasze etykiety UHF RFID do bielizny umo\u017cliwiaj\u0105 masowy odczyt z odleg\u0142o\u015bci kilku metr\u00f3w, pomagaj\u0105c zautomatyzowanym systemom \u015bledzi\u0107 du\u017c\u0105 liczb\u0119 pojedynczych artyku\u0142\u00f3w szybciej i dok\u0142adniej.<\/p>\n<p data-start=\"509\" data-end=\"558\"><strong data-start=\"509\" data-end=\"556\">Zmywalna etykieta po\u015bcielowa RFID (wytrzyma\u0142o\u015b\u0107 procesowa)<\/strong><\/p>\n<ul data-start=\"559\" data-end=\"797\">\n<li data-start=\"559\" data-end=\"605\">\n<p data-start=\"561\" data-end=\"605\">Pranie: 90 \u2103, 15 minut, ponad 200 cykli<\/p>\n<\/li>\n<li data-start=\"606\" data-end=\"647\">\n<p data-start=\"608\" data-end=\"647\">Ci\u015bnienie: 60 bar\u00f3w ci\u015bnienia atmosferycznego<\/p>\n<\/li>\n<li data-start=\"648\" data-end=\"694\">\n<p data-start=\"650\" data-end=\"694\">Prasowanie: 190 \u2103, 12 sekund, ponad 200 cykli<\/p>\n<\/li>\n<li data-start=\"695\" data-end=\"745\">\n<p data-start=\"697\" data-end=\"745\">Suszenie wst\u0119pne: 180 \u2103, 20 minut, ponad 200 cykli<\/p>\n<\/li>\n<li data-start=\"746\" data-end=\"797\">\n<p data-start=\"748\" data-end=\"797\">Sterylizacja: 135 \u2103, 20 minut, ponad 200 cykli<\/p>\n<\/li>\n<\/ul>\n<p data-start=\"799\" data-end=\"932\"><strong data-start=\"799\" data-end=\"812\">Przypadki u\u017cycia<\/strong><br data-start=\"812\" data-end=\"815\" \/>Wodoodporna, zmywalna metka UHF RFID do prania po\u015bcieli hotelowej, odzie\u017cy do wypo\u017cyczenia i odzie\u017cy medycznej. Umo\u017cliwia \u015bledzenie prania.<\/p>\n<p data-start=\"934\" data-end=\"956\"><strong data-start=\"934\" data-end=\"954\">Wydajno\u015b\u0107 RFID<\/strong><\/p>\n<ul data-start=\"957\" data-end=\"1368\">\n<li data-start=\"957\" data-end=\"1014\">\n<p data-start=\"959\" data-end=\"1014\">Protok\u00f3\u0142: EPC Global UHF Class 1 Gen 2 \/ ISO 18000-6C<\/p>\n<\/li>\n<li data-start=\"1015\" data-end=\"1049\">\n<p data-start=\"1017\" data-end=\"1049\">Cz\u0119stotliwo\u015b\u0107 robocza: 860\u2013960 MHz<\/p>\n<\/li>\n<li data-start=\"1050\" data-end=\"1071\">\n<p data-start=\"1052\" data-end=\"1071\">Uk\u0142ad: NXP UCODE 9<\/p>\n<\/li>\n<li data-start=\"1072\" data-end=\"1124\">\n<p data-start=\"1074\" data-end=\"1124\">Wydajno\u015b\u0107 odczytu i zapisu: R\/W (ponad 100 000 razy)<\/p>\n<\/li>\n<li data-start=\"1125\" data-end=\"1151\">\n<p data-start=\"1127\" data-end=\"1151\">Przechowywanie danych: 20 lat<\/p>\n<\/li>\n<li data-start=\"1152\" data-end=\"1206\">\n<p data-start=\"1154\" data-end=\"1206\">Gwarancja: Wytrzymuje 2 lata lub ponad 200 cykli prania<\/p>\n<\/li>\n<li data-start=\"1207\" data-end=\"1252\">\n<p data-start=\"1209\" data-end=\"1252\">Polaryzacja anteny: Polaryzacja liniowa<\/p>\n<\/li>\n<li data-start=\"1253\" data-end=\"1368\">\n<p data-start=\"1255\" data-end=\"1299\">Odleg\u0142o\u015b\u0107 odczytu (na podstawie test\u00f3w terenowych):<\/p>\n<ul data-start=\"1302\" data-end=\"1368\">\n<li data-start=\"1302\" data-end=\"1338\">\n<p data-start=\"1304\" data-end=\"1338\">Czytnik sta\u0142y (2 W ERP): ponad 6 m<\/p>\n<\/li>\n<li data-start=\"1341\" data-end=\"1368\">\n<p data-start=\"1343\" data-end=\"1368\">Czytnik r\u0119czny: ponad 3 m<\/p>\n<\/li>\n<\/ul>\n<\/li>\n<\/ul>\n<p data-start=\"1370\" data-end=\"1396\"><strong data-start=\"1370\" data-end=\"1394\">Wydajno\u015b\u0107 fizyczna<\/strong><\/p>\n<ul data-start=\"1397\" data-end=\"2362\">\n<li data-start=\"1397\" data-end=\"1423\">\n<p data-start=\"1399\" data-end=\"1423\">G\u0142\u00f3wny materia\u0142: Tekstylia<\/p>\n<\/li>\n<li data-start=\"1424\" data-end=\"1532\">\n<p data-start=\"1426\" data-end=\"1441\">Opcje rozmiaru:<\/p>\n<ul data-start=\"1444\" data-end=\"1532\">\n<li data-start=\"1444\" data-end=\"1481\">\n<p data-start=\"1446\" data-end=\"1481\">Rozmiar: 35\u00d715 mm \/ 36\u00d718 mm \/ 55\u00d712 mm<\/p>\n<\/li>\n<li data-start=\"1484\" data-end=\"1532\">\n<p data-start=\"1486\" data-end=\"1532\">Wymiary: 58\u00d715 mm \/ 70\u00d710 mm \/ 70\u00d718 mm \/ 70\u00d715 mm<\/p>\n<\/li>\n<\/ul>\n<\/li>\n<li data-start=\"1533\" data-end=\"1575\">\n<p data-start=\"1535\" data-end=\"1575\">Temperatura pracy: od \u221225 \u2103 do +110 \u2103<\/p>\n<\/li>\n<li data-start=\"1576\" data-end=\"1616\">\n<p data-start=\"1578\" data-end=\"1616\">Temperatura przechowywania: od \u221240 \u2103 do +110 \u2103<\/p>\n<\/li>\n<li data-start=\"1617\" data-end=\"1645\">\n<p data-start=\"1619\" data-end=\"1645\">Wilgotno\u015b\u0107 przechowywania: 5%\u201395%<\/p>\n<\/li>\n<li data-start=\"1646\" data-end=\"1876\">\n<p data-start=\"1648\" data-end=\"1695\">Kr\u00f3tkotrwa\u0142a odporno\u015b\u0107 na ciep\u0142o (co 200 cykli):<\/p>\n<ul data-start=\"1698\" data-end=\"1876\">\n<li data-start=\"1698\" data-end=\"1731\">\n<p data-start=\"1700\" data-end=\"1731\">Pranie: 90 \u2103 (194 \u2109), 15 min<\/p>\n<\/li>\n<li data-start=\"1734\" data-end=\"1766\">\n<p data-start=\"1736\" data-end=\"1766\">Prasowanie: 190 \u2103 (356 \u2109), 10 s<\/p>\n<\/li>\n<li data-start=\"1769\" data-end=\"1816\">\n<p data-start=\"1771\" data-end=\"1816\">Wst\u0119pne suszenie konwertera: 180 \u2103 (320 \u2109), 30 min<\/p>\n<\/li>\n<li data-start=\"1819\" data-end=\"1876\">\n<p data-start=\"1821\" data-end=\"1876\">Sterylizacja w wysokiej temperaturze: 135 \u2103 (275 \u2109), 20 min<\/p>\n<\/li>\n<\/ul>\n<\/li>\n<li data-start=\"1877\" data-end=\"1909\">\n<p data-start=\"1879\" data-end=\"1909\">Ci\u015bnienie: 60 bar\u00f3w atmosferycznych<\/p>\n<\/li>\n<li data-start=\"1910\" data-end=\"2035\">\n<p data-start=\"1912\" data-end=\"1935\">Metody instalacji:<\/p>\n<ol data-start=\"1938\" data-end=\"2035\">\n<li data-start=\"1938\" data-end=\"1971\">\n<p data-start=\"1941\" data-end=\"1971\">Zszy\u0107 lub umie\u015bci\u0107 w woreczku<\/p>\n<\/li>\n<li data-start=\"1974\" data-end=\"2035\">\n<p data-start=\"1977\" data-end=\"2035\">Prasowanie w temperaturze 215 \u2103 przez 18 s przy ci\u015bnieniu 0,6\u20130,8 MPa<\/p>\n<\/li>\n<\/ol>\n<\/li>\n<li data-start=\"2036\" data-end=\"2129\">\n<p data-start=\"2038\" data-end=\"2129\">Odporno\u015b\u0107 chemiczna: Wytrzymuje wszystkie \u015brodki chemiczne stosowane w normalnych procesach prania przemys\u0142owego<\/p>\n<\/li>\n<li data-start=\"2130\" data-end=\"2213\">\n<p data-start=\"2132\" data-end=\"2213\">Zaliczone testy: RoHS, MRI, SVHC, GB18401, EECC, OEKO-TEX\u00ae Standard 100 (klasa II)<\/p>\n<\/li>\n<li data-start=\"2214\" data-end=\"2362\">\n<p data-start=\"2216\" data-end=\"2241\">Indywidualna obs\u0142uga:<\/p>\n<ul data-start=\"2244\" data-end=\"2362\">\n<li data-start=\"2244\" data-end=\"2275\">\n<p data-start=\"2246\" data-end=\"2275\">Wst\u0119pnie zaprogramowany EPC \/ EPC ID<\/p>\n<\/li>\n<li data-start=\"2278\" data-end=\"2338\">\n<p data-start=\"2280\" data-end=\"2338\">Nadruk: logo, laserowy numer TID\/seryjny, litery, cyfry<\/p>\n<\/li>\n<li data-start=\"2341\" data-end=\"2362\">\n<p data-start=\"2343\" data-end=\"2362\">Opcje wst\u0119pnego szyfrowania<\/p>\n<\/li>\n<\/ul>\n<\/li>\n<\/ul>\n<h2 data-start=\"2364\" data-end=\"2389\">Tabela (Specyfikacja)<\/h2>\n<div class=\"_tableContainer_1rjym_1\">\n<div class=\"group _tableWrapper_1rjym_13 flex w-fit flex-col-reverse\" tabindex=\"-1\">\n<table class=\"w-fit min-w-(--thread-content-width)\" data-start=\"2391\" data-end=\"6638\">\n<thead data-start=\"2391\" data-end=\"2541\">\n<tr data-start=\"2391\" data-end=\"2541\">\n<th data-start=\"2391\" data-end=\"2415\" data-col-size=\"sm\">Kategoria<\/th>\n<th data-start=\"2415\" data-end=\"2451\" data-col-size=\"sm\">Parametr<\/th>\n<th data-start=\"2451\" data-end=\"2541\" data-col-size=\"md\">Warto\u015b\u0107<\/th>\n<\/tr>\n<\/thead>\n<tbody data-start=\"2692\" data-end=\"6638\">\n<tr data-start=\"2692\" data-end=\"2842\">\n<td data-start=\"2692\" data-end=\"2715\" data-col-size=\"sm\">Produkt<\/td>\n<td data-col-size=\"sm\" data-start=\"2715\" data-end=\"2752\">Nazwa<\/td>\n<td data-col-size=\"md\" data-start=\"2752\" data-end=\"2842\">Zmywalna metka do prania UHF RFID z metalowym otworem<\/td>\n<\/tr>\n<tr data-start=\"2843\" data-end=\"2993\">\n<td data-start=\"2843\" data-end=\"2866\" data-col-size=\"sm\">Przypadki u\u017cycia<\/td>\n<td data-col-size=\"sm\" data-start=\"2866\" data-end=\"2903\">Typowe zastosowania<\/td>\n<td data-col-size=\"md\" data-start=\"2903\" data-end=\"2993\">Po\u015bciel hotelowa, odzie\u017c do wynaj\u0119cia, odzie\u017c medyczna, mundury, odzie\u017c robocza, kostiumy<\/td>\n<\/tr>\n<tr data-start=\"2994\" data-end=\"3144\">\n<td data-start=\"2994\" data-end=\"3017\" data-col-size=\"sm\">Wydajno\u015b\u0107 RFID<\/td>\n<td data-start=\"3017\" data-end=\"3054\" data-col-size=\"sm\">Protok\u00f3\u0142<\/td>\n<td data-col-size=\"md\" data-start=\"3054\" data-end=\"3144\">EPC Global UHF Klasa 1 Gen 2 \/ ISO 18000-6C<\/td>\n<\/tr>\n<tr data-start=\"3145\" data-end=\"3296\">\n<td data-start=\"3145\" data-end=\"3168\" data-col-size=\"sm\"><\/td>\n<td data-col-size=\"sm\" data-start=\"3168\" data-end=\"3205\">Cz\u0119stotliwo\u015b\u0107 pracy<\/td>\n<td data-col-size=\"md\" data-start=\"3205\" data-end=\"3296\">860\u2013960 MHz<\/td>\n<\/tr>\n<tr data-start=\"3297\" data-end=\"3448\">\n<td data-start=\"3297\" data-end=\"3320\" data-col-size=\"sm\"><\/td>\n<td data-col-size=\"sm\" data-start=\"3320\" data-end=\"3357\">\u017beton<\/td>\n<td data-col-size=\"md\" data-start=\"3357\" data-end=\"3448\">Kod U-Code NXP 9<\/td>\n<\/tr>\n<tr data-start=\"3449\" data-end=\"3600\">\n<td data-start=\"3449\" data-end=\"3472\" data-col-size=\"sm\"><\/td>\n<td data-start=\"3472\" data-end=\"3509\" data-col-size=\"sm\">Wytrzyma\u0142o\u015b\u0107 R\/W<\/td>\n<td data-col-size=\"md\" data-start=\"3509\" data-end=\"3600\">Ponad 100 000 razy<\/td>\n<\/tr>\n<tr data-start=\"3601\" data-end=\"3752\">\n<td data-start=\"3601\" data-end=\"3624\" data-col-size=\"sm\"><\/td>\n<td data-start=\"3624\" data-end=\"3661\" data-col-size=\"sm\">Przechowywanie danych<\/td>\n<td data-col-size=\"md\" data-start=\"3661\" data-end=\"3752\">20 lat<\/td>\n<\/tr>\n<tr data-start=\"3753\" data-end=\"3905\">\n<td data-start=\"3753\" data-end=\"3776\" data-col-size=\"sm\"><\/td>\n<td data-start=\"3776\" data-end=\"3814\" data-col-size=\"sm\">Gwarancja<\/td>\n<td data-col-size=\"md\" data-start=\"3814\" data-end=\"3905\">2 lata lub \u2265200 cykli prania<\/td>\n<\/tr>\n<tr data-start=\"3906\" data-end=\"4057\">\n<td data-start=\"3906\" data-end=\"3929\" data-col-size=\"sm\"><\/td>\n<td data-start=\"3929\" data-end=\"3966\" data-col-size=\"sm\">Polaryzacja anteny<\/td>\n<td data-start=\"3966\" data-end=\"4057\" data-col-size=\"md\">Liniowy<\/td>\n<\/tr>\n<tr data-start=\"4058\" data-end=\"4209\">\n<td data-start=\"4058\" data-end=\"4081\" data-col-size=\"sm\"><\/td>\n<td data-col-size=\"sm\" data-start=\"4081\" data-end=\"4118\">Odleg\u0142o\u015b\u0107 odczytu (sta\u0142a, 2 W ERP)<\/td>\n<td data-col-size=\"md\" data-start=\"4118\" data-end=\"4209\">&gt;6 m<\/td>\n<\/tr>\n<tr data-start=\"4210\" data-end=\"4361\">\n<td data-start=\"4210\" data-end=\"4233\" data-col-size=\"sm\"><\/td>\n<td data-col-size=\"sm\" data-start=\"4233\" data-end=\"4270\">Odczyt odleg\u0142o\u015bci (z r\u0119ki)<\/td>\n<td data-col-size=\"md\" data-start=\"4270\" data-end=\"4361\">&gt;3 m<\/td>\n<\/tr>\n<tr data-start=\"4362\" data-end=\"4513\">\n<td data-start=\"4362\" data-end=\"4385\" data-col-size=\"sm\">Fizyczny<\/td>\n<td data-col-size=\"sm\" data-start=\"4385\" data-end=\"4422\">Materia\u0142 g\u0142\u00f3wny<\/td>\n<td data-col-size=\"md\" data-start=\"4422\" data-end=\"4513\">W\u0142\u00f3kienniczy<\/td>\n<\/tr>\n<tr data-start=\"4514\" data-end=\"4665\">\n<td data-start=\"4514\" data-end=\"4537\" data-col-size=\"sm\"><\/td>\n<td data-col-size=\"sm\" data-start=\"4537\" data-end=\"4574\">Rozmiary (S)<\/td>\n<td data-col-size=\"md\" data-start=\"4574\" data-end=\"4665\">35\u00d715 mm; 36\u00d718 mm; 55\u00d712 mm<\/td>\n<\/tr>\n<tr data-start=\"4666\" data-end=\"4817\">\n<td data-start=\"4666\" data-end=\"4689\" data-col-size=\"sm\"><\/td>\n<td data-start=\"4689\" data-end=\"4726\" data-col-size=\"sm\">Rozmiary (M)<\/td>\n<td data-col-size=\"md\" data-start=\"4726\" data-end=\"4817\">58\u00d715 mm; 70\u00d710 mm; 70\u00d718 mm; 70\u00d715 mm<\/td>\n<\/tr>\n<tr data-start=\"4818\" data-end=\"4969\">\n<td data-start=\"4818\" data-end=\"4841\" data-col-size=\"sm\">\u015arodowisko<\/td>\n<td data-col-size=\"sm\" data-start=\"4841\" data-end=\"4878\">Temperatura pracy<\/td>\n<td data-col-size=\"md\" data-start=\"4878\" data-end=\"4969\">od \u221225 \u2103 do +110 \u2103<\/td>\n<\/tr>\n<tr data-start=\"4970\" data-end=\"5121\">\n<td data-start=\"4970\" data-end=\"4993\" data-col-size=\"sm\"><\/td>\n<td data-start=\"4993\" data-end=\"5030\" data-col-size=\"sm\">Temperatura przechowywania<\/td>\n<td data-col-size=\"md\" data-start=\"5030\" data-end=\"5121\">od \u221240 \u2103 do +110 \u2103<\/td>\n<\/tr>\n<tr data-start=\"5122\" data-end=\"5272\">\n<td data-start=\"5122\" data-end=\"5145\" data-col-size=\"sm\"><\/td>\n<td data-col-size=\"sm\" data-start=\"5145\" data-end=\"5182\">Wilgotno\u015b\u0107 przechowywania<\/td>\n<td data-col-size=\"md\" data-start=\"5182\" data-end=\"5272\">5%\u201395%<\/td>\n<\/tr>\n<tr data-start=\"5273\" data-end=\"5424\">\n<td data-start=\"5273\" data-end=\"5296\" data-col-size=\"sm\">Wytrzyma\u0142o\u015b\u0107 procesu<\/td>\n<td data-col-size=\"sm\" data-start=\"5296\" data-end=\"5333\">Mycie<\/td>\n<td data-col-size=\"md\" data-start=\"5333\" data-end=\"5424\">90 \u2103, 15 min, 200 cykli<\/td>\n<\/tr>\n<tr data-start=\"5425\" data-end=\"5576\">\n<td data-start=\"5425\" data-end=\"5448\" data-col-size=\"sm\"><\/td>\n<td data-col-size=\"sm\" data-start=\"5448\" data-end=\"5485\">Prasowanie<\/td>\n<td data-col-size=\"md\" data-start=\"5485\" data-end=\"5576\">190 \u2103, 10\u201312 s, 200 cykli<\/td>\n<\/tr>\n<tr data-start=\"5577\" data-end=\"5728\">\n<td data-start=\"5577\" data-end=\"5600\" data-col-size=\"sm\"><\/td>\n<td data-col-size=\"sm\" data-start=\"5600\" data-end=\"5637\">Suszenie wst\u0119pne<\/td>\n<td data-col-size=\"md\" data-start=\"5637\" data-end=\"5728\">180 \u2103, 20\u201330 min, 200 cykli<\/td>\n<\/tr>\n<tr data-start=\"5729\" data-end=\"5880\">\n<td data-start=\"5729\" data-end=\"5752\" data-col-size=\"sm\"><\/td>\n<td data-col-size=\"sm\" data-start=\"5752\" data-end=\"5789\">Sterylizacja<\/td>\n<td data-col-size=\"md\" data-start=\"5789\" data-end=\"5880\">135 \u2103, 20 min, 200 cykli<\/td>\n<\/tr>\n<tr data-start=\"5881\" data-end=\"6032\">\n<td data-start=\"5881\" data-end=\"5904\" data-col-size=\"sm\"><\/td>\n<td data-col-size=\"sm\" data-start=\"5904\" data-end=\"5941\">Ci\u015bnienie<\/td>\n<td data-col-size=\"md\" data-start=\"5941\" data-end=\"6032\">60 bar\u00f3w atmosferycznych<\/td>\n<\/tr>\n<tr data-start=\"6033\" data-end=\"6184\">\n<td data-start=\"6033\" data-end=\"6056\" data-col-size=\"sm\">Instalacja<\/td>\n<td data-col-size=\"sm\" data-start=\"6056\" data-end=\"6093\">Metody<\/td>\n<td data-col-size=\"md\" data-start=\"6093\" data-end=\"6184\">Szycie \/ wk\u0142adanie woreczk\u00f3w; lub prasowanie \u017celazkiem w temperaturze 215 \u2103 przez 18 s przy ci\u015bnieniu 0,6\u20130,8 MPa<\/td>\n<\/tr>\n<tr data-start=\"6185\" data-end=\"6336\">\n<td data-start=\"6185\" data-end=\"6208\" data-col-size=\"sm\">Chemikalia<\/td>\n<td data-col-size=\"sm\" data-start=\"6208\" data-end=\"6245\">Op\u00f3r<\/td>\n<td data-col-size=\"md\" data-start=\"6245\" data-end=\"6336\">Odporny na dzia\u0142anie \u015brodk\u00f3w chemicznych stosowanych w normalnych procesach prania przemys\u0142owego<\/td>\n<\/tr>\n<tr data-start=\"6337\" data-end=\"6487\">\n<td data-start=\"6337\" data-end=\"6360\" data-col-size=\"sm\">Zgodno\u015b\u0107 i testy<\/td>\n<td data-col-size=\"sm\" data-start=\"6360\" data-end=\"6397\">Standardy zaliczone<\/td>\n<td data-col-size=\"md\" data-start=\"6397\" data-end=\"6487\">RoHS, MRI, SVHC, GB18401, EECC, OEKO-TEX\u00ae Standard 100 (klasa II)<\/td>\n<\/tr>\n<tr data-start=\"6488\" data-end=\"6638\">\n<td data-start=\"6488\" data-end=\"6511\" data-col-size=\"sm\">Personalizacja<\/td>\n<td data-col-size=\"sm\" data-start=\"6511\" data-end=\"6548\">Opcje<\/td>\n<td data-col-size=\"md\" data-start=\"6548\" data-end=\"6638\">Wst\u0119pnie zaprogramowany EPC\/EPC ID; drukowanie (logo, laser TID\/seryjny), litery\/cyfry; wst\u0119pne szyfrowanie<\/td>\n<\/tr>\n<\/tbody>\n<\/table>\n<\/div>\n<\/div>","protected":false},"excerpt":{"rendered":"<p>Nadaj\u0105ca si\u0119 do wszywania i prania etykieta tekstylna UHF RFID z metalowym otworem \u2014 wytrzyma\u0142a do ponad 200 cykli prania, odczyt &gt; 6 m (sta\u0142y), odporna na ci\u015bnienie 60 bar\u00f3w, mo\u017cliwa do wszycia lub zgrzania w temperaturze 215 \u2103.<\/p>","protected":false},"featured_media":717,"template":"","meta":{"_gspb_post_css":""},"product_brand":[],"product_cat":[18,17],"product_tag":[],"class_list":{"0":"post-716","1":"product","2":"type-product","3":"status-publish","4":"has-post-thumbnail","6":"product_cat-textile-rfid-laundry-tags","7":"product_cat-rfid-laundry-tags","9":"first","10":"instock","11":"shipping-taxable","12":"purchasable","13":"product-type-simple"},"_links":{"self":[{"href":"https:\/\/www.cxjsmartcard.com\/pl\/wp-json\/wp\/v2\/product\/716","targetHints":{"allow":["GET"]}}],"collection":[{"href":"https:\/\/www.cxjsmartcard.com\/pl\/wp-json\/wp\/v2\/product"}],"about":[{"href":"https:\/\/www.cxjsmartcard.com\/pl\/wp-json\/wp\/v2\/types\/product"}],"wp:featuredmedia":[{"embeddable":true,"href":"https:\/\/www.cxjsmartcard.com\/pl\/wp-json\/wp\/v2\/media\/717"}],"wp:attachment":[{"href":"https:\/\/www.cxjsmartcard.com\/pl\/wp-json\/wp\/v2\/media?parent=716"}],"wp:term":[{"taxonomy":"product_brand","embeddable":true,"href":"https:\/\/www.cxjsmartcard.com\/pl\/wp-json\/wp\/v2\/product_brand?post=716"},{"taxonomy":"product_cat","embeddable":true,"href":"https:\/\/www.cxjsmartcard.com\/pl\/wp-json\/wp\/v2\/product_cat?post=716"},{"taxonomy":"product_tag","embeddable":true,"href":"https:\/\/www.cxjsmartcard.com\/pl\/wp-json\/wp\/v2\/product_tag?post=716"}],"curies":[{"name":"wp","href":"https:\/\/api.w.org\/{rel}","templated":true}]}}