{"id":711,"date":"2025-11-03T06:48:32","date_gmt":"2025-11-03T06:48:32","guid":{"rendered":"https:\/\/www.cxjsmartcard.com\/?post_type=product&#038;p=711"},"modified":"2025-12-29T01:27:11","modified_gmt":"2025-12-29T01:27:11","slug":"washable-uhf-laundry-label-for-fabric-tracking","status":"publish","type":"product","link":"https:\/\/www.cxjsmartcard.com\/pl\/washable-uhf-laundry-label-for-fabric-tracking\/","title":{"rendered":"Zmywalna etykieta UHF do prania, umo\u017cliwiaj\u0105ca \u015bledzenie tkanin"},"content":{"rendered":"<p data-start=\"58\" data-end=\"322\">Etykieta RFID UHF Laundry Label zosta\u0142a zaprojektowana z my\u015bl\u0105 o odporno\u015bci na procesy prania w hotelach i instytucjach, zapewniaj\u0105c trwa\u0142o\u015b\u0107 podczas prania, suszenia, czyszczenia chemicznego i prasowania. Idealnie nadaje si\u0119 do zarz\u0105dzania profesjonalnymi uniformami, kostiumami oraz artyku\u0142ami do wypo\u017cyczenia, takimi jak maty i r\u0119czniki.<\/p>\n<p data-start=\"324\" data-end=\"338\"><strong data-start=\"324\" data-end=\"336\">Cechy<\/strong><\/p>\n<ol data-start=\"339\" data-end=\"666\">\n<li data-start=\"339\" data-end=\"400\">\n<p data-start=\"342\" data-end=\"400\">Ultracienkie, elastyczne, mi\u0119kkie \u2014 w ca\u0142o\u015bci wykonane z tkaniny.<\/p>\n<\/li>\n<li data-start=\"401\" data-end=\"465\">\n<p data-start=\"404\" data-end=\"465\">Zasi\u0119g odczytu do 10 m (z dala od metalu) przy polaryzacji liniowej.<\/p>\n<\/li>\n<li data-start=\"466\" data-end=\"521\">\n<p data-start=\"469\" data-end=\"521\">Uk\u0142ad scalony Impinj R6-P, zgodny z norm\u0105 EPC Gen2 \/ ISO 18000-6C.<\/p>\n<\/li>\n<li data-start=\"522\" data-end=\"568\">\n<p data-start=\"525\" data-end=\"568\">Zoptymalizowane w powietrzu; 50-letni okres przechowywania danych.<\/p>\n<\/li>\n<li data-start=\"569\" data-end=\"623\">\n<p data-start=\"572\" data-end=\"623\">Stopie\u0144 ochrony IP68; wytrzymuje napr\u0119\u017cenia mechaniczne o warto\u015bci 60 bar\u00f3w.<\/p>\n<\/li>\n<li data-start=\"624\" data-end=\"666\">\n<p data-start=\"627\" data-end=\"666\">Mo\u017cliwo\u015b\u0107 przyszycia lub zgrzewu.<\/p>\n<\/li>\n<\/ol>\n<p data-start=\"668\" data-end=\"686\"><strong data-start=\"668\" data-end=\"684\">Aplikacje<\/strong><\/p>\n<ol data-start=\"687\" data-end=\"808\">\n<li data-start=\"687\" data-end=\"740\">\n<p data-start=\"690\" data-end=\"740\">Nadaje si\u0119 do prania, czyszczenia chemicznego i prasowania.<\/p>\n<\/li>\n<li data-start=\"741\" data-end=\"808\">\n<p data-start=\"744\" data-end=\"808\">\u015aledzenie i zarz\u0105dzanie po\u015bciel\u0105 hotelow\u0105, uniformami, fartuchami itp.<\/p>\n<\/li>\n<\/ol>\n<p data-start=\"810\" data-end=\"966\"><strong data-start=\"810\" data-end=\"842\">Najcz\u0119\u015bciej zadawane pytania dotycz\u0105ce tag\u00f3w pralniczych RFID<\/strong><br data-start=\"842\" data-end=\"845\" \/><strong data-start=\"845\" data-end=\"851\">Q:<\/strong> Czy te tagi s\u0105 kompatybilne ze wszystkimi czytnikami RFID?<br data-start=\"900\" data-end=\"903\" \/><strong data-start=\"903\" data-end=\"909\">A:<\/strong> Tak \u2014 ka\u017cdy czytnik obs\u0142uguj\u0105cy norm\u0119 ISO\/IEC 18000-6C (EPC Gen2).<\/p>\n<p data-start=\"968\" data-end=\"1096\"><strong data-start=\"968\" data-end=\"974\">Q:<\/strong> Czy metki mo\u017cna wszy\u0107 w dowolny materia\u0142?<br data-start=\"1012\" data-end=\"1015\" \/><strong data-start=\"1015\" data-end=\"1021\">A:<\/strong> Zdecydowanie. Zaprojektowane do odzie\u017cy i tekstyli\u00f3w \u2013 mundur\u00f3w, prze\u015bcierade\u0142, uniform\u00f3w.<\/p>\n<p data-start=\"1098\" data-end=\"1202\"><strong data-start=\"1098\" data-end=\"1104\">Q:<\/strong> Czy dostarczacie pr\u00f3bki?<br data-start=\"1128\" data-end=\"1131\" \/><strong data-start=\"1131\" data-end=\"1137\">A:<\/strong> Tak. Powiedz nam, jakie s\u0105 Twoje potrzeby w zakresie rozwi\u0105za\u0144 RFID, a my zorganizujemy pr\u00f3bki.<\/p>\n<h2 data-start=\"1278\" data-end=\"1303\">Tabela (Specyfikacja)<\/h2>\n<div class=\"_tableContainer_1rjym_1\">\n<div class=\"group _tableWrapper_1rjym_13 flex w-fit flex-col-reverse\" tabindex=\"-1\">\n<table class=\"w-fit min-w-(--thread-content-width)\" data-start=\"1305\" data-end=\"5015\">\n<thead data-start=\"1305\" data-end=\"1452\">\n<tr data-start=\"1305\" data-end=\"1452\">\n<th data-start=\"1305\" data-end=\"1333\" data-col-size=\"sm\">Kategoria<\/th>\n<th data-start=\"1333\" data-end=\"1361\" data-col-size=\"sm\">Parametr<\/th>\n<th data-start=\"1361\" data-end=\"1452\" data-col-size=\"lg\">Warto\u015b\u0107<\/th>\n<\/tr>\n<\/thead>\n<tbody data-start=\"1600\" data-end=\"5015\">\n<tr data-start=\"1600\" data-end=\"1745\">\n<td data-start=\"1600\" data-end=\"1627\" data-col-size=\"sm\">Specyfikacje RF<\/td>\n<td data-col-size=\"sm\" data-start=\"1627\" data-end=\"1655\">Protok\u00f3\u0142 RF Air<\/td>\n<td data-col-size=\"lg\" data-start=\"1655\" data-end=\"1745\">EPC Global Class 1 Gen2 \/ ISO 18000-6C<\/td>\n<\/tr>\n<tr data-start=\"1746\" data-end=\"1891\">\n<td data-start=\"1746\" data-end=\"1773\" data-col-size=\"sm\"><\/td>\n<td data-start=\"1773\" data-end=\"1801\" data-col-size=\"sm\">Cz\u0119stotliwo\u015b\u0107 pracy<\/td>\n<td data-col-size=\"lg\" data-start=\"1801\" data-end=\"1891\">UHF 866\u2013868 MHz (ETSI) \/ 902\u2013928 MHz (FCC)<\/td>\n<\/tr>\n<tr data-start=\"1892\" data-end=\"2038\">\n<td data-start=\"1892\" data-end=\"1919\" data-col-size=\"sm\"><\/td>\n<td data-start=\"1919\" data-end=\"1947\" data-col-size=\"sm\">Zgodno\u015b\u0107 ze \u015brodowiskiem<\/td>\n<td data-start=\"1947\" data-end=\"2038\" data-col-size=\"lg\">Zoptymalizowany w powietrzu<\/td>\n<\/tr>\n<tr data-start=\"2039\" data-end=\"2185\">\n<td data-start=\"2039\" data-end=\"2066\" data-col-size=\"sm\"><\/td>\n<td data-start=\"2066\" data-end=\"2094\" data-col-size=\"sm\">Przechowywanie danych<\/td>\n<td data-col-size=\"lg\" data-start=\"2094\" data-end=\"2185\">50 lat<\/td>\n<\/tr>\n<tr data-start=\"2186\" data-end=\"2332\">\n<td data-start=\"2186\" data-end=\"2213\" data-col-size=\"sm\"><\/td>\n<td data-start=\"2213\" data-end=\"2241\" data-col-size=\"sm\">Zakres odczytu<\/td>\n<td data-start=\"2241\" data-end=\"2332\" data-col-size=\"lg\">Do 10 m (od metalu)<\/td>\n<\/tr>\n<tr data-start=\"2333\" data-end=\"2479\">\n<td data-start=\"2333\" data-end=\"2360\" data-col-size=\"sm\"><\/td>\n<td data-start=\"2360\" data-end=\"2388\" data-col-size=\"sm\">Polaryzacja<\/td>\n<td data-col-size=\"lg\" data-start=\"2388\" data-end=\"2479\">Liniowy<\/td>\n<\/tr>\n<tr data-start=\"2480\" data-end=\"2626\">\n<td data-start=\"2480\" data-end=\"2507\" data-col-size=\"sm\"><\/td>\n<td data-start=\"2507\" data-end=\"2535\" data-col-size=\"sm\">Typ uk\u0142adu scalonego<\/td>\n<td data-start=\"2535\" data-end=\"2626\" data-col-size=\"lg\">Impinj R6-P<\/td>\n<\/tr>\n<tr data-start=\"2627\" data-end=\"2773\">\n<td data-start=\"2627\" data-end=\"2654\" data-col-size=\"sm\"><\/td>\n<td data-start=\"2654\" data-end=\"2682\" data-col-size=\"sm\">Konfiguracja pami\u0119ci<\/td>\n<td data-col-size=\"lg\" data-start=\"2682\" data-end=\"2773\">EPC 128 bit\u00f3w; TID 96 bit\u00f3w; U\u017cytkownik 32 bity<\/td>\n<\/tr>\n<tr data-start=\"2774\" data-end=\"2920\">\n<td data-start=\"2774\" data-end=\"2801\" data-col-size=\"sm\">Mechaniczny<\/td>\n<td data-col-size=\"sm\" data-start=\"2801\" data-end=\"2829\">Materia\u0142y etykietowe<\/td>\n<td data-col-size=\"lg\" data-start=\"2829\" data-end=\"2920\">Drut metalowy<\/td>\n<\/tr>\n<tr data-start=\"2921\" data-end=\"3067\">\n<td data-start=\"2921\" data-end=\"2948\" data-col-size=\"sm\"><\/td>\n<td data-col-size=\"sm\" data-start=\"2948\" data-end=\"2976\">Materia\u0142y powierzchniowe<\/td>\n<td data-col-size=\"lg\" data-start=\"2976\" data-end=\"3067\">W\u0142\u00f3kienniczy<\/td>\n<\/tr>\n<tr data-start=\"3068\" data-end=\"3214\">\n<td data-start=\"3068\" data-end=\"3095\" data-col-size=\"sm\"><\/td>\n<td data-col-size=\"sm\" data-start=\"3095\" data-end=\"3123\">Wymiary<\/td>\n<td data-col-size=\"lg\" data-start=\"3123\" data-end=\"3214\">15 \u00d7 75 \u00d7 1,5 mm<\/td>\n<\/tr>\n<tr data-start=\"3215\" data-end=\"3361\">\n<td data-start=\"3215\" data-end=\"3242\" data-col-size=\"sm\"><\/td>\n<td data-col-size=\"sm\" data-start=\"3242\" data-end=\"3270\">Waga<\/td>\n<td data-col-size=\"lg\" data-start=\"3270\" data-end=\"3361\">0,5 g<\/td>\n<\/tr>\n<tr data-start=\"3362\" data-end=\"3508\">\n<td data-start=\"3362\" data-end=\"3389\" data-col-size=\"sm\"><\/td>\n<td data-col-size=\"sm\" data-start=\"3389\" data-end=\"3417\">Za\u0142\u0105cznik<\/td>\n<td data-col-size=\"lg\" data-start=\"3417\" data-end=\"3508\">L-T7515S: Wszy\u0107 brzeg lub wszy\u0107 etykiet\u0119 tkan\u0105; L-T7515P: Zgrzewa\u0107 w temperaturze 215 \u2103 przez 15 s przy ci\u015bnieniu 4 bar\u00f3w<\/td>\n<\/tr>\n<tr data-start=\"3509\" data-end=\"3655\">\n<td data-start=\"3509\" data-end=\"3536\" data-col-size=\"sm\">Wygl\u0105d<\/td>\n<td data-col-size=\"sm\" data-start=\"3536\" data-end=\"3564\">Kolor<\/td>\n<td data-col-size=\"lg\" data-start=\"3564\" data-end=\"3655\">Bia\u0142y<\/td>\n<\/tr>\n<tr data-start=\"3656\" data-end=\"3802\">\n<td data-start=\"3656\" data-end=\"3683\" data-col-size=\"sm\">\u015arodowiskowy<\/td>\n<td data-start=\"3683\" data-end=\"3711\" data-col-size=\"sm\">Temperatura pracy<\/td>\n<td data-col-size=\"lg\" data-start=\"3711\" data-end=\"3802\">od \u221230 \u2103 do +85 \u2103<\/td>\n<\/tr>\n<tr data-start=\"3803\" data-end=\"3949\">\n<td data-start=\"3803\" data-end=\"3830\" data-col-size=\"sm\"><\/td>\n<td data-col-size=\"sm\" data-start=\"3830\" data-end=\"3858\">Temperatura otoczenia<\/td>\n<td data-col-size=\"lg\" data-start=\"3858\" data-end=\"3949\">od \u221230 \u2103 do +110 \u2103<\/td>\n<\/tr>\n<tr data-start=\"3950\" data-end=\"4096\">\n<td data-start=\"3950\" data-end=\"3977\" data-col-size=\"sm\"><\/td>\n<td data-col-size=\"sm\" data-start=\"3977\" data-end=\"4005\">Odporno\u015b\u0107 mechaniczna<\/td>\n<td data-col-size=\"lg\" data-start=\"4005\" data-end=\"4096\">60 bar<\/td>\n<\/tr>\n<tr data-start=\"4097\" data-end=\"4243\">\n<td data-start=\"4097\" data-end=\"4124\" data-col-size=\"sm\"><\/td>\n<td data-col-size=\"sm\" data-start=\"4124\" data-end=\"4152\">Odporno\u015b\u0107 chemiczna<\/td>\n<td data-col-size=\"lg\" data-start=\"4152\" data-end=\"4243\">Zwyk\u0142e substancje chemiczne stosowane w procesach prania<\/td>\n<\/tr>\n<tr data-start=\"4244\" data-end=\"4427\">\n<td data-start=\"4244\" data-end=\"4271\" data-col-size=\"sm\"><\/td>\n<td data-col-size=\"sm\" data-start=\"4271\" data-end=\"4299\">Odporno\u015b\u0107 na ciep\u0142o<\/td>\n<td data-col-size=\"lg\" data-start=\"4299\" data-end=\"4427\">Pranie: 90 \u2103, 15 min, 200 cykli; Suszenie wst\u0119pne: 180 \u2103, 30 min; Prasowanie: 180 \u2103, 10 s, 200 cykli; Sterylizacja: 135 \u2103, 20 min<\/td>\n<\/tr>\n<tr data-start=\"4428\" data-end=\"4574\">\n<td data-start=\"4428\" data-end=\"4455\" data-col-size=\"sm\">Oceny i zgodno\u015b\u0107<\/td>\n<td data-start=\"4455\" data-end=\"4483\" data-col-size=\"sm\">Ochrona przed wnikaniem<\/td>\n<td data-col-size=\"lg\" data-start=\"4483\" data-end=\"4574\">IP68<\/td>\n<\/tr>\n<tr data-start=\"4575\" data-end=\"4721\">\n<td data-start=\"4575\" data-end=\"4602\" data-col-size=\"sm\"><\/td>\n<td data-col-size=\"sm\" data-start=\"4602\" data-end=\"4630\">Wstrz\u0105sy i wibracje<\/td>\n<td data-col-size=\"lg\" data-start=\"4630\" data-end=\"4721\">MIL-STD-810F<\/td>\n<\/tr>\n<tr data-start=\"4722\" data-end=\"4868\">\n<td data-start=\"4722\" data-end=\"4749\" data-col-size=\"sm\"><\/td>\n<td data-col-size=\"sm\" data-start=\"4749\" data-end=\"4777\">Certyfikaty<\/td>\n<td data-col-size=\"lg\" data-start=\"4777\" data-end=\"4868\">CE, RoHS, ATEX\/IECEx<\/td>\n<\/tr>\n<tr data-start=\"4869\" data-end=\"5015\">\n<td data-start=\"4869\" data-end=\"4896\" data-col-size=\"sm\">Cykl \u017cycia i gwarancja<\/td>\n<td data-col-size=\"sm\" data-start=\"4896\" data-end=\"4924\">Gwarancja<\/td>\n<td data-col-size=\"lg\" data-start=\"4924\" data-end=\"5015\">2 lata lub 200 cykli prania<\/td>\n<\/tr>\n<\/tbody>\n<\/table>\n<\/div>\n<\/div>","protected":false},"excerpt":{"rendered":"<p>Zmywalna metka materia\u0142owa UHF z certyfikatem Impinj R6-P, zasi\u0119g odczytu do 10 m, stopie\u0144 ochrony IP68 i odporno\u015b\u0107 na 200 cykli ciep\u0142a\/ci\u015bnienia \u2014 do wszywania lub zgrzewania na po\u015bcieli hotelowej i szpitalnej.<\/p>","protected":false},"featured_media":715,"template":"","meta":{"_gspb_post_css":""},"product_brand":[],"product_cat":[17,18],"product_tag":[],"class_list":{"0":"post-711","1":"product","2":"type-product","3":"status-publish","4":"has-post-thumbnail","6":"product_cat-rfid-laundry-tags","7":"product_cat-textile-rfid-laundry-tags","9":"first","10":"instock","11":"shipping-taxable","12":"purchasable","13":"product-type-simple"},"_links":{"self":[{"href":"https:\/\/www.cxjsmartcard.com\/pl\/wp-json\/wp\/v2\/product\/711","targetHints":{"allow":["GET"]}}],"collection":[{"href":"https:\/\/www.cxjsmartcard.com\/pl\/wp-json\/wp\/v2\/product"}],"about":[{"href":"https:\/\/www.cxjsmartcard.com\/pl\/wp-json\/wp\/v2\/types\/product"}],"wp:featuredmedia":[{"embeddable":true,"href":"https:\/\/www.cxjsmartcard.com\/pl\/wp-json\/wp\/v2\/media\/715"}],"wp:attachment":[{"href":"https:\/\/www.cxjsmartcard.com\/pl\/wp-json\/wp\/v2\/media?parent=711"}],"wp:term":[{"taxonomy":"product_brand","embeddable":true,"href":"https:\/\/www.cxjsmartcard.com\/pl\/wp-json\/wp\/v2\/product_brand?post=711"},{"taxonomy":"product_cat","embeddable":true,"href":"https:\/\/www.cxjsmartcard.com\/pl\/wp-json\/wp\/v2\/product_cat?post=711"},{"taxonomy":"product_tag","embeddable":true,"href":"https:\/\/www.cxjsmartcard.com\/pl\/wp-json\/wp\/v2\/product_tag?post=711"}],"curies":[{"name":"wp","href":"https:\/\/api.w.org\/{rel}","templated":true}]}}