{"id":706,"date":"2025-11-03T06:46:07","date_gmt":"2025-11-03T06:46:07","guid":{"rendered":"https:\/\/www.cxjsmartcard.com\/?post_type=product&#038;p=706"},"modified":"2025-12-29T01:27:11","modified_gmt":"2025-12-29T01:27:11","slug":"sewing-washable-uhf-textile-rfid-laundry-tags","status":"publish","type":"product","link":"https:\/\/www.cxjsmartcard.com\/pl\/sewing-washable-uhf-textile-rfid-laundry-tags\/","title":{"rendered":"Szycie, zmywalne tekstylne metki RFID UHF do prania"},"content":{"rendered":"<p data-start=\"95\" data-end=\"390\">Etykieta pralnicza RFID UHF zosta\u0142a zaprojektowana z my\u015bl\u0105 o odporno\u015bci na procesy pralnicze w hotelach i instytucjach, zapewniaj\u0105c trwa\u0142o\u015b\u0107 i przydatno\u015b\u0107 do prania, suszenia, czyszczenia chemicznego i prasowania. Mo\u017cna jej u\u017cywa\u0107 do zarz\u0105dzania innymi profesjonalnymi uniformami, kostiumami lub artyku\u0142ami do wypo\u017cyczenia, takimi jak maty i r\u0119czniki.<\/p>\n<p data-start=\"392\" data-end=\"410\"><strong data-start=\"392\" data-end=\"408\">G\u0142\u00f3wne cechy<\/strong><\/p>\n<ol data-start=\"411\" data-end=\"692\">\n<li data-start=\"411\" data-end=\"507\">\n<p data-start=\"414\" data-end=\"507\">Doskona\u0142a wydajno\u015b\u0107 i ekonomiczne rozwi\u0105zanie do zastosowa\u0144 w pralniach przemys\u0142owych.<\/p>\n<\/li>\n<li data-start=\"508\" data-end=\"595\">\n<p data-start=\"511\" data-end=\"595\">Ultracienk\u0105 i mi\u0119kk\u0105 metk\u0119 mo\u017cna z \u0142atwo\u015bci\u0105 przyszy\u0107 do lnu, z woreczkiem lub bez.<\/p>\n<\/li>\n<li data-start=\"596\" data-end=\"654\">\n<p data-start=\"599\" data-end=\"654\">Odporne na zderzenia, wysokie temperatury, wytrzymuj\u0105 ci\u015bnienie.<\/p>\n<\/li>\n<li data-start=\"655\" data-end=\"692\">\n<p data-start=\"658\" data-end=\"692\">Ponad 200 cykli prania.<\/p>\n<\/li>\n<\/ol>\n<p data-start=\"694\" data-end=\"916\">Te etykiety RFID do prania s\u0105 wodoodporne, wykonane z nylonu i poliestru i przeznaczone do zarz\u0105dzania praniem i po\u015bciel\u0105 za pomoc\u0105 RFID. Mog\u0105 pracowa\u0107 w r\u00f3\u017cnych zakresach temperatur. Etykiety s\u0105 dost\u0119pne w r\u00f3\u017cnych \u015brednicach i rozmiarach.<\/p>\n<p data-start=\"918\" data-end=\"936\"><strong data-start=\"918\" data-end=\"934\">Aplikacje<\/strong><\/p>\n<ol data-start=\"937\" data-end=\"1047\">\n<li data-start=\"937\" data-end=\"989\">\n<p data-start=\"940\" data-end=\"989\">Nadaje si\u0119 do prania, czyszczenia chemicznego i prasowania.<\/p>\n<\/li>\n<li data-start=\"990\" data-end=\"1047\">\n<p data-start=\"993\" data-end=\"1047\">Zarz\u0105dzanie \u015bledzeniem arkuszy hotelowych, mundur\u00f3w itp.<\/p>\n<\/li>\n<\/ol>\n<p data-start=\"1049\" data-end=\"1254\"><strong data-start=\"1049\" data-end=\"1089\">Najcz\u0119\u015bciej zadawane pytania dotycz\u0105ce tekstylnych metek pralniczych RFID<\/strong><br data-start=\"1089\" data-end=\"1092\" \/><strong data-start=\"1092\" data-end=\"1098\">Q:<\/strong> Czy tagi przetrwaj\u0105 prasowanie w maszynach?<br data-start=\"1138\" data-end=\"1141\" \/><strong data-start=\"1141\" data-end=\"1147\">A:<\/strong> Tak. Te znaczniki RFID s\u0105 odporne na wysokie temperatury i ci\u015bnienie \u2013 idealne do przemys\u0142owych suszarek i pras.<\/p>\n<p data-start=\"1256\" data-end=\"1370\"><strong data-start=\"1256\" data-end=\"1262\">Q:<\/strong> Jaki jest przewidywany okres trwa\u0142o\u015bci tych tag\u00f3w?<br data-start=\"1306\" data-end=\"1309\" \/><strong data-start=\"1309\" data-end=\"1315\">A:<\/strong> \u015arednio 200 cykli prania lub do 3 lat u\u017cytkowania.<\/p>\n<p data-start=\"1372\" data-end=\"1534\"><strong data-start=\"1372\" data-end=\"1378\">Q:<\/strong> Jak wybra\u0107 odpowiedni rozmiar tagu?<br data-start=\"1414\" data-end=\"1417\" \/><strong data-start=\"1417\" data-end=\"1423\">A:<\/strong> Oferujemy wiele rozmiar\u00f3w. Prosimy o wype\u0142nienie formularza i podanie specyfikacji odzie\u017cy lub bielizny.<\/p>\n<h2 data-start=\"1536\" data-end=\"1561\">Tabela (Specyfikacja)<\/h2>\n<div class=\"_tableContainer_1rjym_1\">\n<div class=\"group _tableWrapper_1rjym_13 flex w-fit flex-col-reverse\" tabindex=\"-1\">\n<table class=\"w-fit min-w-(--thread-content-width)\" data-start=\"1563\" data-end=\"3688\">\n<thead data-start=\"1563\" data-end=\"1713\">\n<tr data-start=\"1563\" data-end=\"1713\">\n<th data-start=\"1563\" data-end=\"1585\" data-col-size=\"sm\">Kategoria<\/th>\n<th data-start=\"1585\" data-end=\"1607\" data-col-size=\"sm\">Parametr<\/th>\n<th data-start=\"1607\" data-end=\"1713\" data-col-size=\"lg\">Warto\u015b\u0107<\/th>\n<\/tr>\n<\/thead>\n<tbody data-start=\"1865\" data-end=\"3688\">\n<tr data-start=\"1865\" data-end=\"2015\">\n<td data-start=\"1865\" data-end=\"1887\" data-col-size=\"sm\">Produkt<\/td>\n<td data-col-size=\"sm\" data-start=\"1887\" data-end=\"1909\">Nazwa produktu<\/td>\n<td data-col-size=\"lg\" data-start=\"1909\" data-end=\"2015\">Szycie, zmywalne tekstylne metki RFID UHF do prania<\/td>\n<\/tr>\n<tr data-start=\"2016\" data-end=\"2165\">\n<td data-start=\"2016\" data-end=\"2038\" data-col-size=\"sm\">Przybory<\/td>\n<td data-col-size=\"sm\" data-start=\"2038\" data-end=\"2060\">Tworzywo<\/td>\n<td data-col-size=\"lg\" data-start=\"2060\" data-end=\"2165\">Tkanina\/tkanina, Klej \u017celazny, Rodzaj szycia, Otw\u00f3r metalowy itp.<\/td>\n<\/tr>\n<tr data-start=\"2166\" data-end=\"2316\">\n<td data-start=\"2166\" data-end=\"2188\" data-col-size=\"sm\">RFID<\/td>\n<td data-col-size=\"sm\" data-start=\"2188\" data-end=\"2210\">Model chipa<\/td>\n<td data-col-size=\"lg\" data-start=\"2210\" data-end=\"2316\">NXP UCODE\u00ae 9<\/td>\n<\/tr>\n<tr data-start=\"2317\" data-end=\"2467\">\n<td data-start=\"2317\" data-end=\"2339\" data-col-size=\"sm\"><\/td>\n<td data-col-size=\"sm\" data-start=\"2339\" data-end=\"2361\">Pami\u0119\u0107<\/td>\n<td data-col-size=\"lg\" data-start=\"2361\" data-end=\"2467\">EPC: 96 bit\u00f3w<\/td>\n<\/tr>\n<tr data-start=\"2468\" data-end=\"2618\">\n<td data-start=\"2468\" data-end=\"2490\" data-col-size=\"sm\"><\/td>\n<td data-col-size=\"sm\" data-start=\"2490\" data-end=\"2512\">Protok\u00f3\u0142<\/td>\n<td data-col-size=\"lg\" data-start=\"2512\" data-end=\"2618\">EPC C1 G2<\/td>\n<\/tr>\n<tr data-start=\"2619\" data-end=\"2770\">\n<td data-start=\"2619\" data-end=\"2641\" data-col-size=\"sm\">Fizyczny<\/td>\n<td data-col-size=\"sm\" data-start=\"2641\" data-end=\"2663\">Rozmiar<\/td>\n<td data-col-size=\"lg\" data-start=\"2663\" data-end=\"2770\">70\u00d715 mm<\/td>\n<\/tr>\n<tr data-start=\"2771\" data-end=\"2921\">\n<td data-start=\"2771\" data-end=\"2793\" data-col-size=\"sm\"><\/td>\n<td data-col-size=\"sm\" data-start=\"2793\" data-end=\"2815\">Inne rozmiary<\/td>\n<td data-col-size=\"lg\" data-start=\"2815\" data-end=\"2921\">86\u00d716 mm; 50\u00d720 mm; 72\u00d716 mm; 35\u00d715 mm itd.<\/td>\n<\/tr>\n<tr data-start=\"2922\" data-end=\"3072\">\n<td data-start=\"2922\" data-end=\"2944\" data-col-size=\"sm\">Wygl\u0105d<\/td>\n<td data-col-size=\"sm\" data-start=\"2944\" data-end=\"2966\">Kolor<\/td>\n<td data-col-size=\"lg\" data-start=\"2966\" data-end=\"3072\">Bia\u0142y<\/td>\n<\/tr>\n<tr data-start=\"3073\" data-end=\"3223\">\n<td data-start=\"3073\" data-end=\"3095\" data-col-size=\"sm\">Trwa\u0142o\u015b\u0107<\/td>\n<td data-col-size=\"sm\" data-start=\"3095\" data-end=\"3117\">Czas pracy<\/td>\n<td data-col-size=\"lg\" data-start=\"3117\" data-end=\"3223\">\u015arednio 200 cykli; niekt\u00f3re modele &gt;300 cykli<\/td>\n<\/tr>\n<tr data-start=\"3224\" data-end=\"3375\">\n<td data-start=\"3224\" data-end=\"3246\" data-col-size=\"sm\">\u015arodowisko<\/td>\n<td data-start=\"3246\" data-end=\"3270\" data-col-size=\"sm\">Temperatura pracy<\/td>\n<td data-col-size=\"lg\" data-start=\"3270\" data-end=\"3375\">od \u221225 \u2103 do +150 \u2103<\/td>\n<\/tr>\n<tr data-start=\"3376\" data-end=\"3526\">\n<td data-start=\"3376\" data-end=\"3398\" data-col-size=\"sm\">Wydajno\u015b\u0107<\/td>\n<td data-col-size=\"sm\" data-start=\"3398\" data-end=\"3420\">Odczyt odleg\u0142o\u015bci<\/td>\n<td data-col-size=\"lg\" data-start=\"3420\" data-end=\"3526\">5\u201310 metr\u00f3w<\/td>\n<\/tr>\n<tr data-start=\"3527\" data-end=\"3688\">\n<td data-start=\"3527\" data-end=\"3549\" data-col-size=\"sm\">Stosowanie<\/td>\n<td data-col-size=\"sm\" data-start=\"3549\" data-end=\"3571\">Aplikacja<\/td>\n<td data-col-size=\"lg\" data-start=\"3571\" data-end=\"3688\">Rozwi\u0105zania pralnicze, pralnie, pralnie przemys\u0142owe, zarz\u0105dzanie odzie\u017c\u0105 hotelow\u0105, zarz\u0105dzanie supermarketem\/sklepem z odzie\u017c\u0105 itp.<\/td>\n<\/tr>\n<\/tbody>\n<\/table>\n<\/div>\n<\/div>","protected":false},"excerpt":{"rendered":"<p>Nadaj\u0105ce si\u0119 do szycia i prania etykiety RFID UHF przeznaczone do po\u015bcieli i mundur\u00f3w \u2014 wodoodporne, odporne na ciep\u0142o, o zasi\u0119gu odczytu 5\u201310 m i trwa\u0142o\u015bci 200+ cykli prania w pralni przemys\u0142owej.<\/p>","protected":false},"featured_media":707,"template":"","meta":{"_gspb_post_css":""},"product_brand":[],"product_cat":[17,18],"product_tag":[],"class_list":{"0":"post-706","1":"product","2":"type-product","3":"status-publish","4":"has-post-thumbnail","6":"product_cat-rfid-laundry-tags","7":"product_cat-textile-rfid-laundry-tags","9":"first","10":"instock","11":"shipping-taxable","12":"purchasable","13":"product-type-simple"},"_links":{"self":[{"href":"https:\/\/www.cxjsmartcard.com\/pl\/wp-json\/wp\/v2\/product\/706","targetHints":{"allow":["GET"]}}],"collection":[{"href":"https:\/\/www.cxjsmartcard.com\/pl\/wp-json\/wp\/v2\/product"}],"about":[{"href":"https:\/\/www.cxjsmartcard.com\/pl\/wp-json\/wp\/v2\/types\/product"}],"wp:featuredmedia":[{"embeddable":true,"href":"https:\/\/www.cxjsmartcard.com\/pl\/wp-json\/wp\/v2\/media\/707"}],"wp:attachment":[{"href":"https:\/\/www.cxjsmartcard.com\/pl\/wp-json\/wp\/v2\/media?parent=706"}],"wp:term":[{"taxonomy":"product_brand","embeddable":true,"href":"https:\/\/www.cxjsmartcard.com\/pl\/wp-json\/wp\/v2\/product_brand?post=706"},{"taxonomy":"product_cat","embeddable":true,"href":"https:\/\/www.cxjsmartcard.com\/pl\/wp-json\/wp\/v2\/product_cat?post=706"},{"taxonomy":"product_tag","embeddable":true,"href":"https:\/\/www.cxjsmartcard.com\/pl\/wp-json\/wp\/v2\/product_tag?post=706"}],"curies":[{"name":"wp","href":"https:\/\/api.w.org\/{rel}","templated":true}]}}