{"id":701,"date":"2025-11-03T06:44:06","date_gmt":"2025-11-03T06:44:06","guid":{"rendered":"https:\/\/www.cxjsmartcard.com\/?post_type=product&#038;p=701"},"modified":"2025-12-29T01:27:11","modified_gmt":"2025-12-29T01:27:11","slug":"textile-washable-waterproof-uhf-rfid-laundry-tags","status":"publish","type":"product","link":"https:\/\/www.cxjsmartcard.com\/pl\/textile-washable-waterproof-uhf-rfid-laundry-tags\/","title":{"rendered":"Wodoodporne, zmywalne etykiety do prania UHF RFID"},"content":{"rendered":"<p data-start=\"141\" data-end=\"525\">Wodoodporne, zmywalne etykiety pralnicze UHF RFID to niezbywalne etykiety z bezpiecznie zamkni\u0119t\u0105 wk\u0142adk\u0105 RFID, kt\u00f3ra umo\u017cliwia niezawodne przechowywanie i przesy\u0142anie danych. S\u0105 odporne na wysokie temperatury i trudne warunki atmosferyczne. S\u0105 szczeg\u00f3lnie stosowane w zarz\u0105dzaniu po\u015bciel\u0105 i sieciach pralniczych. Etykiety s\u0105 dost\u0119pne w r\u00f3\u017cnych rozmiarach i mo\u017cna je mocowa\u0107 poprzez przyszycie, przyklejenie, przypi\u0119cie lub zawi\u0105zanie.<\/p>\n<p data-start=\"527\" data-end=\"541\"><strong data-start=\"527\" data-end=\"539\">Cechy<\/strong><\/p>\n<ol data-start=\"542\" data-end=\"899\">\n<li data-start=\"542\" data-end=\"602\">\n<p data-start=\"545\" data-end=\"602\">Technologia UHF umo\u017cliwiaj\u0105ca odczyt setek tag\u00f3w jednocze\u015bnie.<\/p>\n<\/li>\n<li data-start=\"603\" data-end=\"642\">\n<p data-start=\"606\" data-end=\"642\">Odleg\u0142o\u015b\u0107 czytania wi\u0119ksza ni\u017c 8 st\u00f3p.<\/p>\n<\/li>\n<li data-start=\"643\" data-end=\"711\">\n<p data-start=\"646\" data-end=\"711\">Nowa konstrukcja mechaniczna zapewniaj\u0105ca lepsz\u0105 wydajno\u015b\u0107 prania p\u0142askiej po\u015bcieli.<\/p>\n<\/li>\n<li data-start=\"712\" data-end=\"768\">\n<p data-start=\"715\" data-end=\"768\">Nadaje si\u0119 do ekstraktor\u00f3w wysokoci\u015bnieniowych do 60 bar.<\/p>\n<\/li>\n<li data-start=\"769\" data-end=\"811\">\n<p data-start=\"772\" data-end=\"811\">Nadaje si\u0119 do sterylizacji w autoklawie.<\/p>\n<\/li>\n<li data-start=\"812\" data-end=\"899\">\n<p data-start=\"815\" data-end=\"899\">Ma\u0142y, mi\u0119kki i elastyczny materia\u0142 idealny do tekstyli\u00f3w, po\u015bcieli, ubra\u0144 i akcesori\u00f3w.<\/p>\n<\/li>\n<\/ol>\n<p data-start=\"901\" data-end=\"1018\"><strong data-start=\"901\" data-end=\"925\">Aplikacja biznesowa<\/strong><br data-start=\"925\" data-end=\"928\" \/>Obszary zastosowa\u0144: pralnie, hotele, szko\u0142y, kontrola jako\u015bci, zarz\u0105dzanie zapasami itp.<\/p>\n<p data-start=\"1020\" data-end=\"1050\"><strong data-start=\"1020\" data-end=\"1048\">Jak zainstalowa\u0107 tagi?<\/strong><\/p>\n<ol data-start=\"1051\" data-end=\"1195\">\n<li data-start=\"1051\" data-end=\"1109\">\n<p data-start=\"1054\" data-end=\"1109\">Omi\u0144 anten\u0119 i zamontuj j\u0105 zszywaj\u0105c oba ko\u0144ce.<\/p>\n<\/li>\n<li data-start=\"1110\" data-end=\"1195\">\n<p data-start=\"1113\" data-end=\"1195\">Aby zamontowa\u0107, nale\u017cy prasowa\u0107 w wysokiej temperaturze 210 stopni Celsjusza przez 15 sekund.<\/p>\n<\/li>\n<\/ol>\n<p data-start=\"1197\" data-end=\"1534\"><strong data-start=\"1197\" data-end=\"1249\">Dlaczego warto u\u017cywa\u0107 tag\u00f3w pralniczych RFID w pralniach przemys\u0142owych?<\/strong><br data-start=\"1249\" data-end=\"1252\" \/>Etykiety pralnicze RFID automatyzuj\u0105 procesy prania o du\u017cej obj\u0119to\u015bci, redukuj\u0105c nak\u0142ad pracy r\u0119cznej i ryzyko b\u0142\u0119d\u00f3w ludzkich. Zaprojektowane z my\u015bl\u0105 o pralniach komercyjnych, odzie\u017cy medycznej i po\u015bcieli szpitalnej, etykiety te upraszczaj\u0105 \u015bledzenie i zarz\u0105dzanie, umo\u017cliwiaj\u0105c bezproblemow\u0105 transmisj\u0119 danych do czytnik\u00f3w RFID.<\/p>\n<p data-start=\"1536\" data-end=\"1716\"><strong data-start=\"1536\" data-end=\"1568\">Najcz\u0119\u015bciej zadawane pytania dotycz\u0105ce tag\u00f3w pralniczych RFID<\/strong><br data-start=\"1568\" data-end=\"1571\" \/><strong data-start=\"1571\" data-end=\"1577\">Q:<\/strong> Czy te znaczniki przetrwaj\u0105 dzia\u0142anie suszarek przemys\u0142owych?<br data-start=\"1619\" data-end=\"1622\" \/><strong data-start=\"1622\" data-end=\"1628\">A:<\/strong> Tak, te zmywalne znaczniki RFID UHF s\u0105 zaprojektowane tak, aby wytrzyma\u0107 wysokie temperatury i ci\u015bnienie.<\/p>\n<p data-start=\"1718\" data-end=\"1834\"><strong data-start=\"1718\" data-end=\"1724\">Q:<\/strong> Jakie czytniki RFID s\u0105 kompatybilne?<br data-start=\"1758\" data-end=\"1761\" \/><strong data-start=\"1761\" data-end=\"1767\">A:<\/strong> Ka\u017cdy czytnik obs\u0142uguj\u0105cy normy ISO 18000-6C lub EPC Class1 Gen2.<\/p>\n<p data-start=\"1836\" data-end=\"2028\"><strong data-start=\"1836\" data-end=\"1842\">Q:<\/strong> Jak mog\u0119 je zintegrowa\u0107 z moim obecnym systemem?<br data-start=\"1890\" data-end=\"1893\" \/><strong data-start=\"1893\" data-end=\"1899\">A:<\/strong> Zapewniamy pe\u0142ne wsparcie techniczne. Wype\u0142nij poni\u017cszy formularz i poinformuj nas, jakiego rodzaju czytnika lub konfiguracji anten potrzebujesz.<\/p>\n<p data-start=\"2030\" data-end=\"2188\"><strong data-start=\"2030\" data-end=\"2038\">\u7b80\u8981\u63cf\u8ff0<\/strong><br data-start=\"2038\" data-end=\"2041\" \/>Wytrzyma\u0142e etykiety pralnicze RFID UHF do tekstyli\u00f3w i odzie\u017cy. Wodoodporne, zmywalne i o du\u017cym zasi\u0119gu \u2013 idealne do \u015bledzenia i zarz\u0105dzania pralniami przemys\u0142owymi.<\/p>\n<h2 data-start=\"2190\" data-end=\"2215\">Tabela (Specyfikacja)<\/h2>\n<div class=\"_tableContainer_1rjym_1\">\n<div class=\"group _tableWrapper_1rjym_13 flex w-fit flex-col-reverse\" tabindex=\"-1\">\n<table class=\"w-fit min-w-(--thread-content-width)\" data-start=\"2217\" data-end=\"4716\">\n<thead data-start=\"2217\" data-end=\"2341\">\n<tr data-start=\"2217\" data-end=\"2341\">\n<th data-start=\"2217\" data-end=\"2242\" data-col-size=\"sm\">Kategoria<\/th>\n<th data-start=\"2242\" data-end=\"2268\" data-col-size=\"sm\">Parametr<\/th>\n<th data-start=\"2268\" data-end=\"2341\" data-col-size=\"md\">Warto\u015b\u0107<\/th>\n<\/tr>\n<\/thead>\n<tbody data-start=\"2467\" data-end=\"4716\">\n<tr data-start=\"2467\" data-end=\"2591\">\n<td data-start=\"2467\" data-end=\"2492\" data-col-size=\"sm\">Parametry fizyczne<\/td>\n<td data-col-size=\"sm\" data-start=\"2492\" data-end=\"2518\">Rozmiar produktu<\/td>\n<td data-col-size=\"md\" data-start=\"2518\" data-end=\"2591\">55\u00d710\u00d72,2 mm; 70\u00d715\u00d71,5 mm; itd.<\/td>\n<\/tr>\n<tr data-start=\"2592\" data-end=\"2716\">\n<td data-start=\"2592\" data-end=\"2617\" data-col-size=\"sm\"><\/td>\n<td data-start=\"2617\" data-end=\"2643\" data-col-size=\"sm\">Przybory<\/td>\n<td data-col-size=\"md\" data-start=\"2643\" data-end=\"2716\">100% poliester<\/td>\n<\/tr>\n<tr data-start=\"2717\" data-end=\"2841\">\n<td data-start=\"2717\" data-end=\"2742\" data-col-size=\"sm\"><\/td>\n<td data-col-size=\"sm\" data-start=\"2742\" data-end=\"2768\">Kolor<\/td>\n<td data-col-size=\"md\" data-start=\"2768\" data-end=\"2841\">Niebieski, bia\u0142y (inne kolory na zam\u00f3wienie)<\/td>\n<\/tr>\n<tr data-start=\"2842\" data-end=\"2966\">\n<td data-start=\"2842\" data-end=\"2867\" data-col-size=\"sm\"><\/td>\n<td data-col-size=\"sm\" data-start=\"2867\" data-end=\"2893\">Rzemios\u0142o<\/td>\n<td data-col-size=\"md\" data-start=\"2893\" data-end=\"2966\">Drukowanie logo, drukowanie numer\u00f3w laserowych<\/td>\n<\/tr>\n<tr data-start=\"2967\" data-end=\"3091\">\n<td data-start=\"2967\" data-end=\"2992\" data-col-size=\"sm\">\u015arodowiskowy<\/td>\n<td data-col-size=\"sm\" data-start=\"2992\" data-end=\"3018\">Temperatura pracy<\/td>\n<td data-col-size=\"md\" data-start=\"3018\" data-end=\"3091\">\u221240 ~ +160 \u00b0C (160 \u00b0C \/ 20 minut)<\/td>\n<\/tr>\n<tr data-start=\"3092\" data-end=\"3216\">\n<td data-start=\"3092\" data-end=\"3117\" data-col-size=\"sm\"><\/td>\n<td data-start=\"3117\" data-end=\"3143\" data-col-size=\"sm\">Temperatura przechowywania<\/td>\n<td data-col-size=\"md\" data-start=\"3143\" data-end=\"3216\">\u221240 ~ +160 \u00b0C (160 \u00b0C \/ 20 minut)<\/td>\n<\/tr>\n<tr data-start=\"3217\" data-end=\"3341\">\n<td data-start=\"3217\" data-end=\"3242\" data-col-size=\"sm\">Techniczny<\/td>\n<td data-col-size=\"sm\" data-start=\"3242\" data-end=\"3268\">Cz\u0119stotliwo\u015b\u0107 pracy<\/td>\n<td data-col-size=\"md\" data-start=\"3268\" data-end=\"3341\">840 ~ 960 MHz<\/td>\n<\/tr>\n<tr data-start=\"3342\" data-end=\"3466\">\n<td data-start=\"3342\" data-end=\"3367\" data-col-size=\"sm\"><\/td>\n<td data-col-size=\"sm\" data-start=\"3367\" data-end=\"3393\">\u017beton<\/td>\n<td data-col-size=\"md\" data-start=\"3393\" data-end=\"3466\">KOD NXP U 9<\/td>\n<\/tr>\n<tr data-start=\"3467\" data-end=\"3591\">\n<td data-start=\"3467\" data-end=\"3492\" data-col-size=\"sm\"><\/td>\n<td data-col-size=\"sm\" data-start=\"3492\" data-end=\"3518\">Protok\u00f3\u0142<\/td>\n<td data-col-size=\"md\" data-start=\"3518\" data-end=\"3591\">ISO18000-6C, EPC Klasa Gen 2<\/td>\n<\/tr>\n<tr data-start=\"3592\" data-end=\"3716\">\n<td data-start=\"3592\" data-end=\"3617\" data-col-size=\"sm\"><\/td>\n<td data-col-size=\"sm\" data-start=\"3617\" data-end=\"3643\">Trwaj\u0105cy ca\u0142e \u017cycie<\/td>\n<td data-col-size=\"md\" data-start=\"3643\" data-end=\"3716\">Pranie normalne 200 razy<\/td>\n<\/tr>\n<tr data-start=\"3717\" data-end=\"3841\">\n<td data-start=\"3717\" data-end=\"3742\" data-col-size=\"sm\"><\/td>\n<td data-col-size=\"sm\" data-start=\"3742\" data-end=\"3768\">Zakres odczytu<\/td>\n<td data-col-size=\"md\" data-start=\"3768\" data-end=\"3841\">10 metr\u00f3w<\/td>\n<\/tr>\n<tr data-start=\"3842\" data-end=\"3966\">\n<td data-start=\"3842\" data-end=\"3867\" data-col-size=\"sm\">Wydajno\u015b\u0107\/obs\u0142uga<\/td>\n<td data-start=\"3867\" data-end=\"3893\" data-col-size=\"sm\">Jednoczesne odczyty<\/td>\n<td data-start=\"3893\" data-end=\"3966\" data-col-size=\"md\">Setki tag\u00f3w (UHF)<\/td>\n<\/tr>\n<tr data-start=\"3967\" data-end=\"4091\">\n<td data-start=\"3967\" data-end=\"3992\" data-col-size=\"sm\"><\/td>\n<td data-col-size=\"sm\" data-start=\"3992\" data-end=\"4018\">Kompatybilno\u015b\u0107 ekstraktora<\/td>\n<td data-col-size=\"md\" data-start=\"4018\" data-end=\"4091\">Ekstraktory wysokoci\u015bnieniowe do 60 bar\u00f3w<\/td>\n<\/tr>\n<tr data-start=\"4092\" data-end=\"4216\">\n<td data-start=\"4092\" data-end=\"4117\" data-col-size=\"sm\"><\/td>\n<td data-col-size=\"sm\" data-start=\"4117\" data-end=\"4143\">Sterylizacja<\/td>\n<td data-col-size=\"md\" data-start=\"4143\" data-end=\"4216\">Nadaje si\u0119 do autoklawu<\/td>\n<\/tr>\n<tr data-start=\"4217\" data-end=\"4341\">\n<td data-start=\"4217\" data-end=\"4242\" data-col-size=\"sm\">Wsp\u00f3\u0142czynnik kszta\u0142tu<\/td>\n<td data-start=\"4242\" data-end=\"4268\" data-col-size=\"sm\">Budowa<\/td>\n<td data-col-size=\"md\" data-start=\"4268\" data-end=\"4341\">Ma\u0142e, mi\u0119kkie, elastyczne \u2013 idealne do tekstyli\u00f3w\/po\u015bcieli\/odzie\u017cy\/akcesori\u00f3w<\/td>\n<\/tr>\n<tr data-start=\"4342\" data-end=\"4466\">\n<td data-start=\"4342\" data-end=\"4367\" data-col-size=\"sm\">Instalacja<\/td>\n<td data-start=\"4367\" data-end=\"4393\" data-col-size=\"sm\">Szycie<\/td>\n<td data-col-size=\"md\" data-start=\"4393\" data-end=\"4466\">Zszyj oba ko\u0144ce, unikaj\u0105c anteny<\/td>\n<\/tr>\n<tr data-start=\"4467\" data-end=\"4591\">\n<td data-start=\"4467\" data-end=\"4492\" data-col-size=\"sm\"><\/td>\n<td data-start=\"4492\" data-end=\"4518\" data-col-size=\"sm\">Prasa termiczna<\/td>\n<td data-start=\"4518\" data-end=\"4591\" data-col-size=\"md\">Prasowa\u0107 w temperaturze 210 \u00b0C przez 15 sekund<\/td>\n<\/tr>\n<tr data-start=\"4592\" data-end=\"4716\">\n<td data-start=\"4592\" data-end=\"4617\" data-col-size=\"sm\">Aplikacje<\/td>\n<td data-col-size=\"sm\" data-start=\"4617\" data-end=\"4643\">Typowe przypadki u\u017cycia<\/td>\n<td data-col-size=\"md\" data-start=\"4643\" data-end=\"4716\">Pralnia, hotel, szko\u0142a, kontrola jako\u015bci, zarz\u0105dzanie zapasami<\/td>\n<\/tr>\n<\/tbody>\n<\/table>\n<\/div>\n<\/div>","protected":false},"excerpt":{"rendered":"<p>Trwa\u0142e, zmywalne, wodoodporne metki UHF RFID do prania tekstyli\u00f3w i po\u015bcieli, z du\u017cym zasi\u0119giem odczytu, odporno\u015bci\u0105 na wysok\u0105 temperatur\u0119 i mo\u017cliwo\u015bci\u0105 stosowania w autoklawach i ekstraktorach 60-barowych.<\/p>","protected":false},"featured_media":702,"template":"","meta":{"_gspb_post_css":""},"product_brand":[],"product_cat":[17,18],"product_tag":[],"class_list":{"0":"post-701","1":"product","2":"type-product","3":"status-publish","4":"has-post-thumbnail","6":"product_cat-rfid-laundry-tags","7":"product_cat-textile-rfid-laundry-tags","9":"first","10":"instock","11":"shipping-taxable","12":"purchasable","13":"product-type-simple"},"_links":{"self":[{"href":"https:\/\/www.cxjsmartcard.com\/pl\/wp-json\/wp\/v2\/product\/701","targetHints":{"allow":["GET"]}}],"collection":[{"href":"https:\/\/www.cxjsmartcard.com\/pl\/wp-json\/wp\/v2\/product"}],"about":[{"href":"https:\/\/www.cxjsmartcard.com\/pl\/wp-json\/wp\/v2\/types\/product"}],"wp:featuredmedia":[{"embeddable":true,"href":"https:\/\/www.cxjsmartcard.com\/pl\/wp-json\/wp\/v2\/media\/702"}],"wp:attachment":[{"href":"https:\/\/www.cxjsmartcard.com\/pl\/wp-json\/wp\/v2\/media?parent=701"}],"wp:term":[{"taxonomy":"product_brand","embeddable":true,"href":"https:\/\/www.cxjsmartcard.com\/pl\/wp-json\/wp\/v2\/product_brand?post=701"},{"taxonomy":"product_cat","embeddable":true,"href":"https:\/\/www.cxjsmartcard.com\/pl\/wp-json\/wp\/v2\/product_cat?post=701"},{"taxonomy":"product_tag","embeddable":true,"href":"https:\/\/www.cxjsmartcard.com\/pl\/wp-json\/wp\/v2\/product_tag?post=701"}],"curies":[{"name":"wp","href":"https:\/\/api.w.org\/{rel}","templated":true}]}}