{"id":692,"date":"2025-11-02T09:12:58","date_gmt":"2025-11-02T09:12:58","guid":{"rendered":"https:\/\/www.cxjsmartcard.com\/?post_type=product&#038;p=692"},"modified":"2025-12-29T01:27:11","modified_gmt":"2025-12-29T01:27:11","slug":"heating-sealing-uhf-laundry-tag-for-hotel-linen-management","status":"publish","type":"product","link":"https:\/\/www.cxjsmartcard.com\/pl\/heating-sealing-uhf-laundry-tag-for-hotel-linen-management\/","title":{"rendered":"Etykieta pralnicza UHF z funkcj\u0105 zgrzewania i uszczelniania do zarz\u0105dzania po\u015bciel\u0105 hotelow\u0105"},"content":{"rendered":"<p data-start=\"78\" data-end=\"323\">Wodoodporna, mi\u0119kka metka do prania UHF, przeznaczona do zgrzewania lub wszywania w w\u0105skie brzegi prze\u015bcierade\u0142 hotelowych, odzie\u017cy roboczej i innych tekstyli\u00f3w. Zaprojektowana do prania\/suszenia w wysokiej temperaturze i skanowania partii, aby zwi\u0119kszy\u0107 dok\u0142adno\u015b\u0107 inwentaryzacji i zredukowa\u0107 nak\u0142ad pracy.<\/p>\n<p data-start=\"325\" data-end=\"341\"><strong data-start=\"325\" data-end=\"341\">G\u0142\u00f3wne cechy<\/strong><\/p>\n<ul data-start=\"342\" data-end=\"864\">\n<li data-start=\"342\" data-end=\"394\">\n<p data-start=\"344\" data-end=\"394\">Rozmiary: 55\u00d712 mm, 70\u00d715 mm, 87\u00d717 mm (mo\u017cliwo\u015b\u0107 dostosowania)<\/p>\n<\/li>\n<li data-start=\"395\" data-end=\"419\">\n<p data-start=\"397\" data-end=\"419\">Chipy: NXP U8 \/ NXP U9<\/p>\n<\/li>\n<li data-start=\"420\" data-end=\"450\">\n<p data-start=\"422\" data-end=\"450\">Cz\u0119stotliwo\u015b\u0107: 865\u2013928 MHz (UHF)<\/p>\n<\/li>\n<li data-start=\"451\" data-end=\"501\">\n<p data-start=\"453\" data-end=\"501\">Materia\u0142: poliester; elastyczny w brzegach i szwach<\/p>\n<\/li>\n<li data-start=\"502\" data-end=\"570\">\n<p data-start=\"504\" data-end=\"570\">Odleg\u0142o\u015b\u0107 odczytu: do 3 m (sprawd\u017a z czytnikiem i otoczeniem)<\/p>\n<\/li>\n<li data-start=\"571\" data-end=\"633\">\n<p data-start=\"573\" data-end=\"633\">Gwarancja: Pierwszy z 200 cykli prania lub 3 lata od daty wysy\u0142ki<\/p>\n<\/li>\n<li data-start=\"634\" data-end=\"697\">\n<p data-start=\"636\" data-end=\"697\">Odporno\u015b\u0107 na dzia\u0142anie chemikali\u00f3w: Kompatybilny ze standardowymi \u015brodkami chemicznymi do prania<\/p>\n<\/li>\n<li data-start=\"698\" data-end=\"864\">\n<p data-start=\"700\" data-end=\"864\">Korzy\u015bci operacyjne: Umo\u017cliwia szybkie gromadzenie, sortowanie, automatyczn\u0105 inwentaryzacj\u0119, \u015bledzenie historii i generowanie raport\u00f3w; obs\u0142uguje skanowanie wsadowe w celu ograniczenia b\u0142\u0119d\u00f3w i koszt\u00f3w<\/p>\n<\/li>\n<\/ul>\n<p data-start=\"866\" data-end=\"894\"><strong data-start=\"866\" data-end=\"894\">Dane techniczne<\/strong><\/p>\n<div class=\"_tableContainer_1rjym_1\">\n<div class=\"group _tableWrapper_1rjym_13 flex w-fit flex-col-reverse\" tabindex=\"-1\">\n<table class=\"w-fit min-w-(--thread-content-width)\" data-start=\"896\" data-end=\"3705\">\n<thead data-start=\"896\" data-end=\"1060\">\n<tr data-start=\"896\" data-end=\"1060\">\n<th data-start=\"896\" data-end=\"921\" data-col-size=\"sm\">Przedmiot<\/th>\n<th data-start=\"921\" data-end=\"1060\" data-col-size=\"lg\">Bli\u017csze dane<\/th>\n<\/tr>\n<\/thead>\n<tbody data-start=\"1226\" data-end=\"3705\">\n<tr data-start=\"1226\" data-end=\"1390\">\n<td data-start=\"1226\" data-end=\"1251\" data-col-size=\"sm\">Aplikacja<\/td>\n<td data-col-size=\"lg\" data-start=\"1251\" data-end=\"1390\">Prze\u015bcierad\u0142a\/po\u015bciel hotelowa, odzie\u017c robocza, inne produkty tekstylne<\/td>\n<\/tr>\n<tr data-start=\"1391\" data-end=\"1555\">\n<td data-start=\"1391\" data-end=\"1416\" data-col-size=\"sm\">Opcje rozmiaru<\/td>\n<td data-col-size=\"lg\" data-start=\"1416\" data-end=\"1555\">55\u00d712 mm, 70\u00d715 mm, 87\u00d717 mm (niestandardowe)<\/td>\n<\/tr>\n<tr data-start=\"1556\" data-end=\"1720\">\n<td data-start=\"1556\" data-end=\"1581\" data-col-size=\"sm\">Uk\u0142ad scalony \/ Chip<\/td>\n<td data-col-size=\"lg\" data-start=\"1581\" data-end=\"1720\">NXP U8, NXP U9<\/td>\n<\/tr>\n<tr data-start=\"1721\" data-end=\"1885\">\n<td data-start=\"1721\" data-end=\"1746\" data-col-size=\"sm\">Cz\u0119stotliwo\u015b\u0107 pracy<\/td>\n<td data-start=\"1746\" data-end=\"1885\" data-col-size=\"lg\">865\u2013928 MHz<\/td>\n<\/tr>\n<tr data-start=\"1886\" data-end=\"2050\">\n<td data-start=\"1886\" data-end=\"1911\" data-col-size=\"sm\">Materia\u0142 etykiety<\/td>\n<td data-col-size=\"lg\" data-start=\"1911\" data-end=\"2050\">Poliester<\/td>\n<\/tr>\n<tr data-start=\"2051\" data-end=\"2215\">\n<td data-start=\"2051\" data-end=\"2076\" data-col-size=\"sm\">Odczyt odleg\u0142o\u015bci<\/td>\n<td data-col-size=\"lg\" data-start=\"2076\" data-end=\"2215\">Do 3 m (do ~9 st\u00f3p); nale\u017cy zweryfikowa\u0107 za pomoc\u0105 czytnika na miejscu<\/td>\n<\/tr>\n<tr data-start=\"2216\" data-end=\"2380\">\n<td data-start=\"2216\" data-end=\"2241\" data-col-size=\"sm\">Gwarancja na tagi<\/td>\n<td data-col-size=\"lg\" data-start=\"2241\" data-end=\"2380\">Pierwszy z 200 cykli prania <strong data-start=\"2268\" data-end=\"2274\">Lub<\/strong> 3 lata od daty wysy\u0142ki<\/td>\n<\/tr>\n<tr data-start=\"2381\" data-end=\"2545\">\n<td data-start=\"2381\" data-end=\"2406\" data-col-size=\"sm\">Temperatura przechowywania<\/td>\n<td data-start=\"2406\" data-end=\"2545\" data-col-size=\"lg\">od \u221240 \u00b0C do +120 \u00b0C (od \u221240 \u00b0F do +248 \u00b0F)<\/td>\n<\/tr>\n<tr data-start=\"2546\" data-end=\"2710\">\n<td data-start=\"2546\" data-end=\"2571\" data-col-size=\"sm\">Cykl prania<\/td>\n<td data-start=\"2571\" data-end=\"2710\" data-col-size=\"lg\">+90 \u00b0C (+194 \u00b0F) przez 60 min<\/td>\n<\/tr>\n<tr data-start=\"2711\" data-end=\"2875\">\n<td data-start=\"2711\" data-end=\"2736\" data-col-size=\"sm\">Wysuszenie<\/td>\n<td data-start=\"2736\" data-end=\"2875\" data-col-size=\"lg\">+180 \u00b0C (+356 \u00b0F) przez 3 min; ci\u015bnienie odwadniania: 35 bar\u00f3w<\/td>\n<\/tr>\n<tr data-start=\"2876\" data-end=\"3040\">\n<td data-start=\"2876\" data-end=\"2901\" data-col-size=\"sm\">Prasowacz<\/td>\n<td data-col-size=\"lg\" data-start=\"2901\" data-end=\"3040\">+195 \u00b0C (+383 \u00b0F) przez 30 s, &lt;18 bar; ekstraktor wodny: 60 bar przez 80 s<\/td>\n<\/tr>\n<tr data-start=\"3041\" data-end=\"3209\">\n<td data-start=\"3041\" data-end=\"3066\" data-col-size=\"sm\">Autoklaw<\/td>\n<td data-start=\"3066\" data-end=\"3209\" data-col-size=\"lg\">Usuwanie powietrza: +100 \u00b0C (+212 \u00b0F), 5 min, 0,1 bara; Suszenie: +45 \u00b0C (+113 \u00b0F), 15 min, 0,2 bara; Sterylizacja: +134 \u00b0C (+273 \u00b0F), 20 min, 3,25 bara<\/td>\n<\/tr>\n<tr data-start=\"3210\" data-end=\"3375\">\n<td data-start=\"3210\" data-end=\"3235\" data-col-size=\"sm\">Odporno\u015b\u0107 chemiczna<\/td>\n<td data-col-size=\"lg\" data-start=\"3235\" data-end=\"3375\">Odporny na chemikalia powszechnie stosowane w procesie prania przemys\u0142owego<\/td>\n<\/tr>\n<tr data-start=\"3376\" data-end=\"3540\">\n<td data-start=\"3376\" data-end=\"3401\" data-col-size=\"sm\">Opcje pakowania<\/td>\n<td data-col-size=\"lg\" data-start=\"3401\" data-end=\"3540\">Dost\u0119pne warianty z w\u0142\u00f3kniny\/silikonu\/PPS; mo\u017cliwo\u015b\u0107 dostosowania za pomoc\u0105 numer\u00f3w seryjnych, kod\u00f3w kreskowych, kod\u00f3w QR<\/td>\n<\/tr>\n<tr data-start=\"3541\" data-end=\"3705\">\n<td data-start=\"3541\" data-end=\"3566\" data-col-size=\"sm\">Typowe zalety<\/td>\n<td data-start=\"3566\" data-end=\"3705\" data-col-size=\"lg\">Identyfikator partii, szybsze sortowanie, mniej b\u0142\u0119d\u00f3w, automatyczne raportowanie, mo\u017cliwo\u015b\u0107 \u015bledzenia historycznego<\/td>\n<\/tr>\n<\/tbody>\n<\/table>\n<\/div>\n<\/div>","protected":false},"excerpt":{"rendered":"<p>Zgrzewalna, wodoodporna etykieta UHF RFID do prania po\u015bcieli hotelowej i odzie\u017cy roboczej; 865\u2013928 MHz, NXP U8\/U9, zasi\u0119g odczytu do 3 m, wytrzyma\u0142o\u015b\u0107 na 200 pra\u0144 lub 3-letnia gwarancja.<\/p>","protected":false},"featured_media":693,"template":"","meta":{"_gspb_post_css":""},"product_brand":[],"product_cat":[17,18],"product_tag":[],"class_list":{"0":"post-692","1":"product","2":"type-product","3":"status-publish","4":"has-post-thumbnail","6":"product_cat-rfid-laundry-tags","7":"product_cat-textile-rfid-laundry-tags","9":"first","10":"instock","11":"shipping-taxable","12":"purchasable","13":"product-type-simple"},"_links":{"self":[{"href":"https:\/\/www.cxjsmartcard.com\/pl\/wp-json\/wp\/v2\/product\/692","targetHints":{"allow":["GET"]}}],"collection":[{"href":"https:\/\/www.cxjsmartcard.com\/pl\/wp-json\/wp\/v2\/product"}],"about":[{"href":"https:\/\/www.cxjsmartcard.com\/pl\/wp-json\/wp\/v2\/types\/product"}],"wp:featuredmedia":[{"embeddable":true,"href":"https:\/\/www.cxjsmartcard.com\/pl\/wp-json\/wp\/v2\/media\/693"}],"wp:attachment":[{"href":"https:\/\/www.cxjsmartcard.com\/pl\/wp-json\/wp\/v2\/media?parent=692"}],"wp:term":[{"taxonomy":"product_brand","embeddable":true,"href":"https:\/\/www.cxjsmartcard.com\/pl\/wp-json\/wp\/v2\/product_brand?post=692"},{"taxonomy":"product_cat","embeddable":true,"href":"https:\/\/www.cxjsmartcard.com\/pl\/wp-json\/wp\/v2\/product_cat?post=692"},{"taxonomy":"product_tag","embeddable":true,"href":"https:\/\/www.cxjsmartcard.com\/pl\/wp-json\/wp\/v2\/product_tag?post=692"}],"curies":[{"name":"wp","href":"https:\/\/api.w.org\/{rel}","templated":true}]}}