{"id":687,"date":"2025-11-02T08:27:34","date_gmt":"2025-11-02T08:27:34","guid":{"rendered":"https:\/\/www.cxjsmartcard.com\/?post_type=product&#038;p=687"},"modified":"2025-12-29T01:27:11","modified_gmt":"2025-12-29T01:27:11","slug":"70x15mm-flexible-rfid-laundry-tag","status":"publish","type":"product","link":"https:\/\/www.cxjsmartcard.com\/pl\/70x15mm-flexible-rfid-laundry-tag\/","title":{"rendered":"Elastyczna etykieta RFID do prania 70\u00d715 mm"},"content":{"rendered":"<p data-start=\"222\" data-end=\"462\">Etykieta tekstylna RFID UHF do prania przemys\u0142owego w hotelach, szpitalach, fabrykach odzie\u017cy i zak\u0142adach zarz\u0105dzania odzie\u017c\u0105 robocz\u0105. Mi\u0119kka, elastyczna, wodoodporna i odporna na ciep\u0142o; mo\u017cna j\u0105 wszy\u0107, zgrza\u0107 lub wszy\u0107 w brzegi bez wp\u0142ywu na komfort noszenia.<\/p>\n<p data-start=\"464\" data-end=\"480\"><strong data-start=\"464\" data-end=\"480\">G\u0142\u00f3wne cechy<\/strong><\/p>\n<ul data-start=\"481\" data-end=\"845\">\n<li data-start=\"481\" data-end=\"547\">\n<p data-start=\"483\" data-end=\"547\">Ponad 200 cykli prania przemys\u0142owego; ka\u017cda pami\u0119\u0107 tagu 100% przetestowana pod k\u0105tem zapisu.<\/p>\n<\/li>\n<li data-start=\"548\" data-end=\"600\">\n<p data-start=\"550\" data-end=\"600\">Wytrzymuje ci\u015bnienie wody do 60 bar\u00f3w.<\/p>\n<\/li>\n<li data-start=\"601\" data-end=\"648\">\n<p data-start=\"603\" data-end=\"648\">Mi\u0119kka tkanina zapewniaj\u0105ca w\u0105skie brzegi i szwy.<\/p>\n<\/li>\n<li data-start=\"649\" data-end=\"712\">\n<p data-start=\"651\" data-end=\"712\">EPC Klasa 1 Gen2 \/ ISO18000-6C, 860\u2013960 MHz (NXP UCODE\u00ae 8\/9).<\/p>\n<\/li>\n<li data-start=\"713\" data-end=\"769\">\n<p data-start=\"715\" data-end=\"769\">Zasi\u0119g odczytu do 3\u20136 m (w zale\u017cno\u015bci od czytnika i \u015brodowiska).<\/p>\n<\/li>\n<li data-start=\"770\" data-end=\"845\">\n<p data-start=\"772\" data-end=\"845\">Odporne na pranie w temperaturze 90\u00b0C, suszenie w temperaturze 180\u00b0C, prasowanie w temperaturze 195\u00b0C, sterylizacj\u0119 w temperaturze 134\u00b0C.<\/p>\n<\/li>\n<\/ul>\n<p data-start=\"847\" data-end=\"875\"><strong data-start=\"847\" data-end=\"875\">Dane techniczne<\/strong><\/p>\n<div class=\"_tableContainer_1rjym_1\">\n<div class=\"group _tableWrapper_1rjym_13 flex w-fit flex-col-reverse\" tabindex=\"-1\">\n<table class=\"w-fit min-w-(--thread-content-width)\" data-start=\"877\" data-end=\"2844\">\n<thead data-start=\"877\" data-end=\"974\">\n<tr data-start=\"877\" data-end=\"974\">\n<th data-start=\"877\" data-end=\"899\" data-col-size=\"sm\">Przedmiot<\/th>\n<th data-start=\"899\" data-end=\"974\" data-col-size=\"md\">Bli\u017csze dane<\/th>\n<\/tr>\n<\/thead>\n<tbody data-start=\"1073\" data-end=\"2844\">\n<tr data-start=\"1073\" data-end=\"1170\">\n<td data-start=\"1073\" data-end=\"1095\" data-col-size=\"sm\">Typ produktu<\/td>\n<td data-col-size=\"md\" data-start=\"1095\" data-end=\"1170\">Tag UHF RFID do prania tekstyli\u00f3w<\/td>\n<\/tr>\n<tr data-start=\"1171\" data-end=\"1268\">\n<td data-start=\"1171\" data-end=\"1193\" data-col-size=\"sm\">Tworzywo<\/td>\n<td data-col-size=\"md\" data-start=\"1193\" data-end=\"1268\">Tkanina \/ Tkanina \/ Poliester<\/td>\n<\/tr>\n<tr data-start=\"1269\" data-end=\"1366\">\n<td data-start=\"1269\" data-end=\"1291\" data-col-size=\"sm\">Opcje rozmiaru<\/td>\n<td data-start=\"1291\" data-end=\"1366\" data-col-size=\"md\">55\u00d712mm, <strong data-start=\"1302\" data-end=\"1313\">70\u00d715 mm<\/strong>, 87\u00d717mm (mo\u017cliwo\u015b\u0107 dostosowania)<\/td>\n<\/tr>\n<tr data-start=\"1367\" data-end=\"1464\">\n<td data-start=\"1367\" data-end=\"1389\" data-col-size=\"sm\">Opcje na \u017cetony<\/td>\n<td data-start=\"1389\" data-end=\"1464\" data-col-size=\"md\">NXP UCODE\u00ae 8, UCODE\u00ae 9<\/td>\n<\/tr>\n<tr data-start=\"1465\" data-end=\"1563\">\n<td data-start=\"1465\" data-end=\"1487\" data-col-size=\"sm\">Cz\u0119stotliwo\u015b\u0107<\/td>\n<td data-col-size=\"md\" data-start=\"1487\" data-end=\"1563\">860\u2013960 MHz<\/td>\n<\/tr>\n<tr data-start=\"1564\" data-end=\"1661\">\n<td data-start=\"1564\" data-end=\"1586\" data-col-size=\"sm\">Protok\u00f3\u0142<\/td>\n<td data-col-size=\"md\" data-start=\"1586\" data-end=\"1661\">EPC Klasa 1 Gen2; ISO18000-6C<\/td>\n<\/tr>\n<tr data-start=\"1662\" data-end=\"1759\">\n<td data-start=\"1662\" data-end=\"1684\" data-col-size=\"sm\">Odczyt odleg\u0142o\u015bci<\/td>\n<td data-col-size=\"md\" data-start=\"1684\" data-end=\"1759\">Do 3\u20136 m (w zale\u017cno\u015bci od czytnika i \u015brodowiska)<\/td>\n<\/tr>\n<tr data-start=\"1760\" data-end=\"1858\">\n<td data-start=\"1760\" data-end=\"1782\" data-col-size=\"sm\">TID<\/td>\n<td data-start=\"1782\" data-end=\"1858\" data-col-size=\"md\">96-bitowy TID<\/td>\n<\/tr>\n<tr data-start=\"1859\" data-end=\"1957\">\n<td data-start=\"1859\" data-end=\"1881\" data-col-size=\"sm\">Pami\u0119\u0107 EPC<\/td>\n<td data-start=\"1881\" data-end=\"1957\" data-col-size=\"md\">96\u2013128 bit\u00f3w<\/td>\n<\/tr>\n<tr data-start=\"1958\" data-end=\"2056\">\n<td data-start=\"1958\" data-end=\"1980\" data-col-size=\"sm\">Przechowywanie danych<\/td>\n<td data-col-size=\"md\" data-start=\"1980\" data-end=\"2056\">10 lat<\/td>\n<\/tr>\n<tr data-start=\"2057\" data-end=\"2155\">\n<td data-start=\"2057\" data-end=\"2079\" data-col-size=\"sm\">Cykle przeprogramowania<\/td>\n<td data-col-size=\"md\" data-start=\"2079\" data-end=\"2155\">100 000 razy<\/td>\n<\/tr>\n<tr data-start=\"2156\" data-end=\"2254\">\n<td data-start=\"2156\" data-end=\"2178\" data-col-size=\"sm\">Odporno\u015b\u0107 na pranie<\/td>\n<td data-col-size=\"md\" data-start=\"2178\" data-end=\"2254\">200+ cykli, pranie w 90\u00b0C \/ suszenie w 180\u00b0C \/ prasowanie w 195\u00b0C<\/td>\n<\/tr>\n<tr data-start=\"2255\" data-end=\"2352\">\n<td data-start=\"2255\" data-end=\"2277\" data-col-size=\"sm\">Sterylizacja<\/td>\n<td data-col-size=\"md\" data-start=\"2277\" data-end=\"2352\">+134\u00b0C przez 20 min przy 3,25 bara<\/td>\n<\/tr>\n<tr data-start=\"2353\" data-end=\"2450\">\n<td data-start=\"2353\" data-end=\"2375\" data-col-size=\"sm\">Stopie\u0144 wodoodporno\u015bci<\/td>\n<td data-col-size=\"md\" data-start=\"2375\" data-end=\"2450\">Wodoodporny, odporny na chemikalia<\/td>\n<\/tr>\n<tr data-start=\"2451\" data-end=\"2549\">\n<td data-start=\"2451\" data-end=\"2473\" data-col-size=\"sm\">Temperatura pracy.<\/td>\n<td data-start=\"2473\" data-end=\"2549\" data-col-size=\"md\">-20\u00b0C ~ +85\u00b0C<\/td>\n<\/tr>\n<tr data-start=\"2550\" data-end=\"2648\">\n<td data-start=\"2550\" data-end=\"2572\" data-col-size=\"sm\">Temperatura przechowywania.<\/td>\n<td data-start=\"2572\" data-end=\"2648\" data-col-size=\"md\">-40\u00b0C ~ +120\u00b0C<\/td>\n<\/tr>\n<tr data-start=\"2649\" data-end=\"2746\">\n<td data-start=\"2649\" data-end=\"2671\" data-col-size=\"sm\">Personalizacja<\/td>\n<td data-col-size=\"md\" data-start=\"2671\" data-end=\"2746\">Numer seryjny, logo, kodowanie, niestandardowa antena<\/td>\n<\/tr>\n<tr data-start=\"2747\" data-end=\"2844\">\n<td data-start=\"2747\" data-end=\"2769\" data-col-size=\"sm\">Aplikacje<\/td>\n<td data-col-size=\"md\" data-start=\"2769\" data-end=\"2844\">Hotele, szpitale, odzie\u017c robocza, tekstylia\/odzie\u017c, zarz\u0105dzanie mundurami<\/td>\n<\/tr>\n<\/tbody>\n<\/table>\n<\/div>\n<\/div>","protected":false},"excerpt":{"rendered":"<p>Elastyczna metka pralnicza RFID UHF 70\u00d715 mm do \u015bledzenia odzie\u017cy roboczej w hotelach, szpitalach i zak\u0142adach przemys\u0142owych; ponad 200 cykli prania, zasi\u0119g odczytu 3\u20136 m, EPC Gen2, zszywalna\/zgrzewalna.<\/p>","protected":false},"featured_media":689,"template":"","meta":{"_gspb_post_css":""},"product_brand":[],"product_cat":[17,18],"product_tag":[],"class_list":{"0":"post-687","1":"product","2":"type-product","3":"status-publish","4":"has-post-thumbnail","6":"product_cat-rfid-laundry-tags","7":"product_cat-textile-rfid-laundry-tags","9":"first","10":"instock","11":"shipping-taxable","12":"purchasable","13":"product-type-simple"},"_links":{"self":[{"href":"https:\/\/www.cxjsmartcard.com\/pl\/wp-json\/wp\/v2\/product\/687","targetHints":{"allow":["GET"]}}],"collection":[{"href":"https:\/\/www.cxjsmartcard.com\/pl\/wp-json\/wp\/v2\/product"}],"about":[{"href":"https:\/\/www.cxjsmartcard.com\/pl\/wp-json\/wp\/v2\/types\/product"}],"wp:featuredmedia":[{"embeddable":true,"href":"https:\/\/www.cxjsmartcard.com\/pl\/wp-json\/wp\/v2\/media\/689"}],"wp:attachment":[{"href":"https:\/\/www.cxjsmartcard.com\/pl\/wp-json\/wp\/v2\/media?parent=687"}],"wp:term":[{"taxonomy":"product_brand","embeddable":true,"href":"https:\/\/www.cxjsmartcard.com\/pl\/wp-json\/wp\/v2\/product_brand?post=687"},{"taxonomy":"product_cat","embeddable":true,"href":"https:\/\/www.cxjsmartcard.com\/pl\/wp-json\/wp\/v2\/product_cat?post=687"},{"taxonomy":"product_tag","embeddable":true,"href":"https:\/\/www.cxjsmartcard.com\/pl\/wp-json\/wp\/v2\/product_tag?post=687"}],"curies":[{"name":"wp","href":"https:\/\/api.w.org\/{rel}","templated":true}]}}