{"id":682,"date":"2025-11-01T11:12:34","date_gmt":"2025-11-01T11:12:34","guid":{"rendered":"https:\/\/www.cxjsmartcard.com\/?post_type=product&#038;p=682"},"modified":"2025-12-29T01:27:11","modified_gmt":"2025-12-29T01:27:11","slug":"stainless-steel-metal-blank-black-nfc-business-cards","status":"publish","type":"product","link":"https:\/\/www.cxjsmartcard.com\/pl\/stainless-steel-metal-blank-black-nfc-business-cards\/","title":{"rendered":"Wizyt\u00f3wki NFC ze stali nierdzewnej, metalowe, czarne, puste"},"content":{"rendered":"<p data-start=\"59\" data-end=\"379\">Wizyt\u00f3wki NFC z metalu, najwy\u017cszej jako\u015bci, ze stali nierdzewnej, z czarnym, galwanizowanym wyko\u0144czeniem. Obs\u0142uguje wbudowany bezdotykowy uk\u0142ad NFC (NTAG\/MIFARE) do otwierania po\u0142\u0105cze\u0144 przez dotkni\u0119cie, profili cyfrowych, Wi-Fi lub udost\u0119pniania kontakt\u00f3w. Wytrzyma\u0142e, wysokiej jako\u015bci, odporne na zarysowania, idealne na prezenty VIP, firmowe, eventowe, dost\u0119powe i firmowe.<\/p>\n<p data-start=\"381\" data-end=\"400\"><strong data-start=\"381\" data-end=\"398\">Specyfikacja<\/strong><\/p>\n<div class=\"_tableContainer_1rjym_1\">\n<div class=\"group _tableWrapper_1rjym_13 flex w-fit flex-col-reverse\" tabindex=\"-1\">\n<table class=\"w-fit min-w-(--thread-content-width)\" data-start=\"401\" data-end=\"1213\">\n<thead data-start=\"401\" data-end=\"419\">\n<tr data-start=\"401\" data-end=\"419\">\n<th data-start=\"401\" data-end=\"408\" data-col-size=\"sm\">Przedmiot<\/th>\n<th data-start=\"408\" data-end=\"419\" data-col-size=\"lg\">Bli\u017csze dane<\/th>\n<\/tr>\n<\/thead>\n<tbody data-start=\"430\" data-end=\"1213\">\n<tr data-start=\"430\" data-end=\"471\">\n<td data-start=\"430\" data-end=\"441\" data-col-size=\"sm\">Tworzywo<\/td>\n<td data-col-size=\"lg\" data-start=\"441\" data-end=\"471\">Stal nierdzewna \/ Aluminium<\/td>\n<\/tr>\n<tr data-start=\"472\" data-end=\"511\">\n<td data-start=\"472\" data-end=\"488\" data-col-size=\"sm\">Standardowy rozmiar<\/td>\n<td data-start=\"488\" data-end=\"511\" data-col-size=\"lg\">85,5 \u00d7 54 mm (CR80)<\/td>\n<\/tr>\n<tr data-start=\"512\" data-end=\"593\">\n<td data-start=\"512\" data-end=\"534\" data-col-size=\"sm\">Dost\u0119pna grubo\u015b\u0107<\/td>\n<td data-col-size=\"lg\" data-start=\"534\" data-end=\"593\">0,3 \/ 0,35 \/ 0,4 \/ 0,5 \/ 0,6 \/ 0,8 \/ 1,0 \/ 1,2 \/ 1,3 mm<\/td>\n<\/tr>\n<tr data-start=\"594\" data-end=\"666\">\n<td data-start=\"594\" data-end=\"613\" data-col-size=\"sm\">Wyko\u0144czenia powierzchni<\/td>\n<td data-col-size=\"lg\" data-start=\"613\" data-end=\"666\">Szczotkowana, polerowana, lustrzana, matowa, naturalna stal<\/td>\n<\/tr>\n<tr data-start=\"667\" data-end=\"748\">\n<td data-start=\"667\" data-end=\"683\" data-col-size=\"sm\">Opcje kolor\u00f3w<\/td>\n<td data-col-size=\"lg\" data-start=\"683\" data-end=\"748\">Czarny, z\u0142oty, r\u00f3\u017cowe z\u0142oto, srebrny, cyjan, br\u0105zowy (galwanizacja)<\/td>\n<\/tr>\n<tr data-start=\"749\" data-end=\"824\">\n<td data-start=\"749\" data-end=\"760\" data-col-size=\"sm\">Druk<\/td>\n<td data-col-size=\"lg\" data-start=\"760\" data-end=\"824\">Sitodruk, druk kolorowy UV, trawienie + druk jedwabny, pow\u0142oka anty-trawi\u0105ca<\/td>\n<\/tr>\n<tr data-start=\"825\" data-end=\"939\">\n<td data-start=\"825\" data-end=\"834\" data-col-size=\"sm\">Rzemie\u015blnictwo<\/td>\n<td data-start=\"834\" data-end=\"939\" data-col-size=\"lg\">Wyci\u0119ty wz\u00f3r, grawerowanie laserowe + wype\u0142nienie tuszem, kod QR, numer seryjny, pasek magnetyczny, panel podpisu<\/td>\n<\/tr>\n<tr data-start=\"940\" data-end=\"1010\">\n<td data-start=\"940\" data-end=\"957\" data-col-size=\"sm\">Opcje NFC\/IC<\/td>\n<td data-col-size=\"lg\" data-start=\"957\" data-end=\"1010\">Bezkontaktowy uk\u0142ad NFC (13,56 MHz), uk\u0142ad scalony stykowy<\/td>\n<\/tr>\n<tr data-start=\"1011\" data-end=\"1141\">\n<td data-start=\"1011\" data-end=\"1025\" data-col-size=\"sm\">Aplikacja<\/td>\n<td data-start=\"1025\" data-end=\"1141\" data-col-size=\"lg\">Klub, promocja, reklama, przedsi\u0119biorstwo, bank, ruch uliczny, ubezpieczenie, supermarket, parking, szko\u0142a, kontrola dost\u0119pu<\/td>\n<\/tr>\n<tr data-start=\"1142\" data-end=\"1213\">\n<td data-start=\"1142\" data-end=\"1153\" data-col-size=\"sm\">Cechy<\/td>\n<td data-start=\"1153\" data-end=\"1213\" data-col-size=\"lg\">Wygl\u0105d najwy\u017cszej klasy, d\u0142uga \u017cywotno\u015b\u0107, odporno\u015b\u0107 na wod\u0119 i zu\u017cycie<\/td>\n<\/tr>\n<\/tbody>\n<\/table>\n<\/div>\n<\/div>\n<p data-start=\"1215\" data-end=\"1226\"><strong data-start=\"1215\" data-end=\"1224\">Notatki<\/strong><\/p>\n<ul data-start=\"1227\" data-end=\"1431\">\n<li data-start=\"1227\" data-end=\"1282\">\n<p data-start=\"1229\" data-end=\"1282\">Mo\u017ce by\u0107 ca\u0142kowicie pusty, czarny metal do przer\u00f3bek\/grawerowania<\/p>\n<\/li>\n<li data-start=\"1283\" data-end=\"1317\">\n<p data-start=\"1285\" data-end=\"1317\">Brak op\u0142at za form\u0119 w przypadku niestandardowych rozmiar\u00f3w<\/p>\n<\/li>\n<li data-start=\"1318\" data-end=\"1368\">\n<p data-start=\"1320\" data-end=\"1368\">Obs\u0142uguje zar\u00f3wno branding, jak i inteligentne funkcje NFC<\/p>\n<\/li>\n<li data-start=\"1369\" data-end=\"1431\">\n<p data-start=\"1371\" data-end=\"1431\">Metalowa obudowa zapewnia silne wra\u017cenia dotykowe i doskona\u0142e pozycjonowanie<\/p>\n<\/li>\n<\/ul>","protected":false},"excerpt":{"rendered":"<p>Czarna wizyt\u00f3wka NFC ze stali nierdzewnej z mo\u017cliwo\u015bci\u0105 personalizacji, zdobieniami laserowymi\/QR\/wycinanymi oraz modu\u0142em NFC 13,56 MHz do \u0142\u0105czenia ze sob\u0105 za pomoc\u0105 dotyku.<\/p>","protected":false},"featured_media":684,"template":"","meta":{"_gspb_post_css":""},"product_brand":[],"product_cat":[15],"product_tag":[],"class_list":{"0":"post-682","1":"product","2":"type-product","3":"status-publish","4":"has-post-thumbnail","6":"product_cat-rfid-cards","8":"first","9":"instock","10":"shipping-taxable","11":"purchasable","12":"product-type-simple"},"_links":{"self":[{"href":"https:\/\/www.cxjsmartcard.com\/pl\/wp-json\/wp\/v2\/product\/682","targetHints":{"allow":["GET"]}}],"collection":[{"href":"https:\/\/www.cxjsmartcard.com\/pl\/wp-json\/wp\/v2\/product"}],"about":[{"href":"https:\/\/www.cxjsmartcard.com\/pl\/wp-json\/wp\/v2\/types\/product"}],"wp:featuredmedia":[{"embeddable":true,"href":"https:\/\/www.cxjsmartcard.com\/pl\/wp-json\/wp\/v2\/media\/684"}],"wp:attachment":[{"href":"https:\/\/www.cxjsmartcard.com\/pl\/wp-json\/wp\/v2\/media?parent=682"}],"wp:term":[{"taxonomy":"product_brand","embeddable":true,"href":"https:\/\/www.cxjsmartcard.com\/pl\/wp-json\/wp\/v2\/product_brand?post=682"},{"taxonomy":"product_cat","embeddable":true,"href":"https:\/\/www.cxjsmartcard.com\/pl\/wp-json\/wp\/v2\/product_cat?post=682"},{"taxonomy":"product_tag","embeddable":true,"href":"https:\/\/www.cxjsmartcard.com\/pl\/wp-json\/wp\/v2\/product_tag?post=682"}],"curies":[{"name":"wp","href":"https:\/\/api.w.org\/{rel}","templated":true}]}}