{"id":677,"date":"2025-11-01T11:10:38","date_gmt":"2025-11-01T11:10:38","guid":{"rendered":"https:\/\/www.cxjsmartcard.com\/?post_type=product&#038;p=677"},"modified":"2025-12-29T01:27:11","modified_gmt":"2025-12-29T01:27:11","slug":"stainless-steel-custom-black-metal-nfc-business-cards","status":"publish","type":"product","link":"https:\/\/www.cxjsmartcard.com\/pl\/stainless-steel-custom-black-metal-nfc-business-cards\/","title":{"rendered":"Wizyt\u00f3wki NFC ze stali nierdzewnej z czarnym metalem"},"content":{"rendered":"<p data-start=\"60\" data-end=\"422\">Wizyt\u00f3wki NFC ze stali nierdzewnej do wykorzystania na eventach, networkingu i brandingu premium. Zbudowane na chipach 13,56 MHz (NTAG213\/215\/216, MIFARE S50\/S70, Ultralight) z obs\u0142ug\u0105 normy ISO 14443A; wytrzyma\u0142e, wodoodporne i odporne na zarysowania powierzchnie z mo\u017cliwo\u015bci\u0105 personalizacji wyko\u0144czenia i r\u0119kodzie\u0142a, umo\u017cliwiaj\u0105ce natychmiastowe udost\u0119pnianie za pomoc\u0105 dotyku.<\/p>\n<p data-start=\"424\" data-end=\"443\"><strong data-start=\"424\" data-end=\"441\">Specyfikacja<\/strong><\/p>\n<div class=\"_tableContainer_1rjym_1\">\n<div class=\"group _tableWrapper_1rjym_13 flex w-fit flex-col-reverse\" tabindex=\"-1\">\n<table class=\"w-fit min-w-(--thread-content-width)\" data-start=\"444\" data-end=\"1339\">\n<thead data-start=\"444\" data-end=\"462\">\n<tr data-start=\"444\" data-end=\"462\">\n<th data-start=\"444\" data-end=\"451\" data-col-size=\"sm\">Przedmiot<\/th>\n<th data-start=\"451\" data-end=\"462\" data-col-size=\"md\">Bli\u017csze dane<\/th>\n<\/tr>\n<\/thead>\n<tbody data-start=\"473\" data-end=\"1339\">\n<tr data-start=\"473\" data-end=\"522\">\n<td data-start=\"473\" data-end=\"488\" data-col-size=\"sm\">Typ produktu<\/td>\n<td data-col-size=\"md\" data-start=\"488\" data-end=\"522\">Karta NFC ze stali nierdzewnej<\/td>\n<\/tr>\n<tr data-start=\"523\" data-end=\"553\">\n<td data-start=\"523\" data-end=\"534\" data-col-size=\"sm\">Tworzywo<\/td>\n<td data-col-size=\"md\" data-start=\"534\" data-end=\"553\">Stal nierdzewna<\/td>\n<\/tr>\n<tr data-start=\"554\" data-end=\"598\">\n<td data-start=\"554\" data-end=\"561\" data-col-size=\"sm\">Rozmiar<\/td>\n<td data-col-size=\"md\" data-start=\"561\" data-end=\"598\">CR80 (85,5 \u00d7 54 mm) lub niestandardowe<\/td>\n<\/tr>\n<tr data-start=\"599\" data-end=\"636\">\n<td data-start=\"599\" data-end=\"611\" data-col-size=\"sm\">Grubo\u015b\u0107<\/td>\n<td data-col-size=\"md\" data-start=\"611\" data-end=\"636\">0,8 mm (mo\u017cliwo\u015b\u0107 dostosowania)<\/td>\n<\/tr>\n<tr data-start=\"637\" data-end=\"662\">\n<td data-start=\"637\" data-end=\"649\" data-col-size=\"sm\">Cz\u0119stotliwo\u015b\u0107<\/td>\n<td data-col-size=\"md\" data-start=\"649\" data-end=\"662\">13,56 MHz<\/td>\n<\/tr>\n<tr data-start=\"663\" data-end=\"692\">\n<td data-start=\"663\" data-end=\"674\" data-col-size=\"sm\">Protok\u00f3\u0142<\/td>\n<td data-col-size=\"md\" data-start=\"674\" data-end=\"692\">ISO\/IEC 14443A<\/td>\n<\/tr>\n<tr data-start=\"693\" data-end=\"791\">\n<td data-start=\"693\" data-end=\"711\" data-col-size=\"sm\">Opcje uk\u0142adu HF<\/td>\n<td data-col-size=\"md\" data-start=\"711\" data-end=\"791\">NTAG213 \/ NTAG215 \/ NTAG216 \/ MIFARE S50 (1K) \/ MIFARE S70 (4K) \/ Ultralekki<\/td>\n<\/tr>\n<tr data-start=\"792\" data-end=\"859\">\n<td data-start=\"792\" data-end=\"803\" data-col-size=\"sm\">Wyko\u0144czenia<\/td>\n<td data-col-size=\"md\" data-start=\"803\" data-end=\"859\">Czarny, z\u0142oty, srebrny; szczotkowany, lustrzany, matowy, mro\u017cony<\/td>\n<\/tr>\n<tr data-start=\"860\" data-end=\"969\">\n<td data-start=\"860\" data-end=\"876\" data-col-size=\"sm\">Opcje rzemie\u015blnicze<\/td>\n<td data-col-size=\"md\" data-start=\"876\" data-end=\"969\">Grawerowanie \/ trawienie laserowe \/ sitodruk \/ wyt\u0142oczony numer \/ kod QR \/ kod kreskowy \/ punktowe UV<\/td>\n<\/tr>\n<tr data-start=\"970\" data-end=\"1053\">\n<td data-start=\"970\" data-end=\"989\" data-col-size=\"sm\">Funkcje specjalne<\/td>\n<td data-col-size=\"md\" data-start=\"989\" data-end=\"1053\">Wodoodporny, odporny na warunki atmosferyczne, odporny na zarysowania; opcja mini-etykiety<\/td>\n<\/tr>\n<tr data-start=\"1054\" data-end=\"1124\">\n<td data-start=\"1054\" data-end=\"1070\" data-col-size=\"sm\">Zgodno\u015b\u0107<\/td>\n<td data-col-size=\"md\" data-start=\"1070\" data-end=\"1124\">Dzia\u0142a ze smartfonami z obs\u0142ug\u0105 NFC (iOS i Android)<\/td>\n<\/tr>\n<tr data-start=\"1125\" data-end=\"1160\">\n<td data-start=\"1125\" data-end=\"1142\" data-col-size=\"sm\">Certyfikaty<\/td>\n<td data-col-size=\"md\" data-start=\"1142\" data-end=\"1160\">ISO, RoHS, SGS<\/td>\n<\/tr>\n<tr data-start=\"1161\" data-end=\"1257\">\n<td data-start=\"1161\" data-end=\"1176\" data-col-size=\"sm\">Aplikacje<\/td>\n<td data-start=\"1176\" data-end=\"1257\" data-col-size=\"md\">Wydarzenia VIP, imprezy, koncerty, networking, cyfrowe wizyt\u00f3wki, promocje<\/td>\n<\/tr>\n<tr data-start=\"1258\" data-end=\"1300\">\n<td data-start=\"1258\" data-end=\"1268\" data-col-size=\"sm\">Pr\u00f3bki<\/td>\n<td data-col-size=\"md\" data-start=\"1268\" data-end=\"1300\">Dost\u0119pne s\u0105 bezp\u0142atne pr\u00f3bki magazynowe<\/td>\n<\/tr>\n<tr data-start=\"1301\" data-end=\"1339\">\n<td data-start=\"1301\" data-end=\"1319\" data-col-size=\"sm\">Miejsce pochodzenia<\/td>\n<td data-col-size=\"md\" data-start=\"1319\" data-end=\"1339\">Guangdong, Chiny<\/td>\n<\/tr>\n<\/tbody>\n<\/table>\n<\/div>\n<\/div>","protected":false},"excerpt":{"rendered":"<p>Wizyt\u00f3wki NFC ze stali nierdzewnej (CR80, 0,8 mm) z chipami NTAG\/MIFARE, ISO 14443A i konfigurowalnymi wyko\u0144czeniami z czarnego metalu, zapewniaj\u0105ce trwa\u0142e udost\u0119pnianie za pomoc\u0105 dotyku.<\/p>","protected":false},"featured_media":681,"template":"","meta":{"_gspb_post_css":""},"product_brand":[],"product_cat":[15],"product_tag":[],"class_list":{"0":"post-677","1":"product","2":"type-product","3":"status-publish","4":"has-post-thumbnail","6":"product_cat-rfid-cards","8":"first","9":"instock","10":"shipping-taxable","11":"purchasable","12":"product-type-simple"},"_links":{"self":[{"href":"https:\/\/www.cxjsmartcard.com\/pl\/wp-json\/wp\/v2\/product\/677","targetHints":{"allow":["GET"]}}],"collection":[{"href":"https:\/\/www.cxjsmartcard.com\/pl\/wp-json\/wp\/v2\/product"}],"about":[{"href":"https:\/\/www.cxjsmartcard.com\/pl\/wp-json\/wp\/v2\/types\/product"}],"wp:featuredmedia":[{"embeddable":true,"href":"https:\/\/www.cxjsmartcard.com\/pl\/wp-json\/wp\/v2\/media\/681"}],"wp:attachment":[{"href":"https:\/\/www.cxjsmartcard.com\/pl\/wp-json\/wp\/v2\/media?parent=677"}],"wp:term":[{"taxonomy":"product_brand","embeddable":true,"href":"https:\/\/www.cxjsmartcard.com\/pl\/wp-json\/wp\/v2\/product_brand?post=677"},{"taxonomy":"product_cat","embeddable":true,"href":"https:\/\/www.cxjsmartcard.com\/pl\/wp-json\/wp\/v2\/product_cat?post=677"},{"taxonomy":"product_tag","embeddable":true,"href":"https:\/\/www.cxjsmartcard.com\/pl\/wp-json\/wp\/v2\/product_tag?post=677"}],"curies":[{"name":"wp","href":"https:\/\/api.w.org\/{rel}","templated":true}]}}