{"id":672,"date":"2025-11-01T11:04:13","date_gmt":"2025-11-01T11:04:13","guid":{"rendered":"https:\/\/www.cxjsmartcard.com\/?post_type=product&#038;p=672"},"modified":"2025-12-29T01:27:11","modified_gmt":"2025-12-29T01:27:11","slug":"rfid-smart-contactless-mifare-plus-ev2-card","status":"publish","type":"product","link":"https:\/\/www.cxjsmartcard.com\/pl\/rfid-smart-contactless-mifare-plus-ev2-card\/","title":{"rendered":"Karta zbli\u017ceniowa RFID Smart MIFARE Plus EV2"},"content":{"rendered":"<p data-start=\"50\" data-end=\"400\">Bezpieczna karta inteligentna zbli\u017ceniowa 13,56 MHz oparta na standardzie NXP MIFARE Plus\u00ae EV2, przeznaczona do transportu, kontroli dost\u0119pu, program\u00f3w lojalno\u015bciowych\/cz\u0142onkowskich i handlu detalicznego. Obs\u0142uguje standard ISO\/IEC 14443A, szybki transfer danych 106\u2013848 kb\/s, bezpieczne przesy\u0142anie wiadomo\u015bci AES-128 oraz bezproblemow\u0105 migracj\u0119 ze starszych infrastruktur.<\/p>\n<p data-start=\"402\" data-end=\"421\"><strong data-start=\"402\" data-end=\"419\">Specyfikacja<\/strong><\/p>\n<div class=\"_tableContainer_1rjym_1\">\n<div class=\"group _tableWrapper_1rjym_13 flex w-fit flex-col-reverse\" tabindex=\"-1\">\n<table class=\"w-fit min-w-(--thread-content-width)\" data-start=\"422\" data-end=\"1050\">\n<thead data-start=\"422\" data-end=\"440\">\n<tr data-start=\"422\" data-end=\"440\">\n<th data-start=\"422\" data-end=\"429\" data-col-size=\"sm\">Przedmiot<\/th>\n<th data-start=\"429\" data-end=\"440\" data-col-size=\"md\">Bli\u017csze dane<\/th>\n<\/tr>\n<\/thead>\n<tbody data-start=\"451\" data-end=\"1050\">\n<tr data-start=\"451\" data-end=\"500\">\n<td data-start=\"451\" data-end=\"458\" data-col-size=\"sm\">\u017beton<\/td>\n<td data-col-size=\"md\" data-start=\"458\" data-end=\"500\">MIFARE Plus\u00ae EV2 (pami\u0119\u0107 NV 2 KB \/ 4 KB)<\/td>\n<\/tr>\n<tr data-start=\"501\" data-end=\"526\">\n<td data-start=\"501\" data-end=\"513\" data-col-size=\"sm\">Cz\u0119stotliwo\u015b\u0107<\/td>\n<td data-col-size=\"md\" data-start=\"513\" data-end=\"526\">13,56 MHz<\/td>\n<\/tr>\n<tr data-start=\"527\" data-end=\"576\">\n<td data-start=\"527\" data-end=\"538\" data-col-size=\"sm\">Protok\u00f3\u0142<\/td>\n<td data-col-size=\"md\" data-start=\"538\" data-end=\"576\">ISO\/IEC 14443 Typ A (cz\u0119\u015bci 2\/3\/4)<\/td>\n<\/tr>\n<tr data-start=\"577\" data-end=\"621\">\n<td data-start=\"577\" data-end=\"589\" data-col-size=\"sm\">Szybko\u015b\u0107 transmisji danych<\/td>\n<td data-col-size=\"md\" data-start=\"589\" data-end=\"621\">106 \/ 212 \/ 424 \/ 848 kbit\/s<\/td>\n<\/tr>\n<tr data-start=\"622\" data-end=\"684\">\n<td data-start=\"622\" data-end=\"628\" data-col-size=\"sm\">Identyfikator u\u017cytkownika<\/td>\n<td data-col-size=\"md\" data-start=\"628\" data-end=\"684\">7-bajtowy UID (opcja losowego identyfikatora), obs\u0142uga 4-bajtowego NUID<\/td>\n<\/tr>\n<tr data-start=\"685\" data-end=\"736\">\n<td data-start=\"685\" data-end=\"698\" data-col-size=\"sm\">Zakres odczytu<\/td>\n<td data-col-size=\"md\" data-start=\"698\" data-end=\"736\">~1\u20136 cm (zale\u017cnie od czytnika\/anteny)<\/td>\n<\/tr>\n<tr data-start=\"737\" data-end=\"780\">\n<td data-start=\"737\" data-end=\"754\" data-col-size=\"sm\">Materia\u0142y kartowe<\/td>\n<td data-col-size=\"md\" data-start=\"754\" data-end=\"780\">PVC \/ PET \/ PETG \/ ABS<\/td>\n<\/tr>\n<tr data-start=\"781\" data-end=\"839\">\n<td data-start=\"781\" data-end=\"788\" data-col-size=\"sm\">Rozmiar<\/td>\n<td data-col-size=\"md\" data-start=\"788\" data-end=\"839\">85,5 \u00d7 54 \u00d7 0,9 mm (ID-1); dost\u0119pne w wersji OEM\/niestandardowej<\/td>\n<\/tr>\n<tr data-start=\"840\" data-end=\"887\">\n<td data-start=\"840\" data-end=\"857\" data-col-size=\"sm\">Certyfikaty<\/td>\n<td data-col-size=\"md\" data-start=\"857\" data-end=\"887\">ISO9001, ISO14001, CE, SGS<\/td>\n<\/tr>\n<tr data-start=\"888\" data-end=\"963\">\n<td data-start=\"888\" data-end=\"912\" data-col-size=\"sm\">Wytrzyma\u0142o\u015b\u0107 \/ Retencja<\/td>\n<td data-col-size=\"md\" data-start=\"912\" data-end=\"963\">~1 000 000 cykli zapisu; 25-letni okres przechowywania danych<\/td>\n<\/tr>\n<tr data-start=\"964\" data-end=\"1050\">\n<td data-start=\"964\" data-end=\"989\" data-col-size=\"sm\">Wsteczna kompatybilno\u015b\u0107<\/td>\n<td data-col-size=\"md\" data-start=\"989\" data-end=\"1050\">Organizacja pami\u0119ci zgodna z MIFARE Classic \/ Plus<\/td>\n<\/tr>\n<\/tbody>\n<\/table>\n<\/div>\n<\/div>\n<p data-start=\"1052\" data-end=\"1076\"><strong data-start=\"1052\" data-end=\"1074\">Bezpiecze\u0144stwo i prywatno\u015b\u0107<\/strong><\/p>\n<div class=\"_tableContainer_1rjym_1\">\n<div class=\"group _tableWrapper_1rjym_13 flex w-fit flex-col-reverse\" tabindex=\"-1\">\n<table class=\"w-fit min-w-(--thread-content-width)\" data-start=\"1077\" data-end=\"1475\">\n<thead data-start=\"1077\" data-end=\"1102\">\n<tr data-start=\"1077\" data-end=\"1102\">\n<th data-start=\"1077\" data-end=\"1087\" data-col-size=\"sm\">Funkcja<\/th>\n<th data-start=\"1087\" data-end=\"1102\" data-col-size=\"md\">Opis<\/th>\n<\/tr>\n<\/thead>\n<tbody data-start=\"1113\" data-end=\"1475\">\n<tr data-start=\"1113\" data-end=\"1186\">\n<td data-start=\"1113\" data-end=\"1128\" data-col-size=\"sm\">Kryptografia<\/td>\n<td data-col-size=\"md\" data-start=\"1128\" data-end=\"1186\">AES-128 (wzajemne uwierzytelnianie 3-przebiegowe), integralno\u015b\u0107 CMAC<\/td>\n<\/tr>\n<tr data-start=\"1187\" data-end=\"1236\">\n<td data-start=\"1187\" data-end=\"1205\" data-col-size=\"sm\">Wsp\u00f3lne kryteria<\/td>\n<td data-col-size=\"md\" data-start=\"1205\" data-end=\"1236\">EAL5+ (sprz\u0119t i oprogramowanie)<\/td>\n<\/tr>\n<tr data-start=\"1237\" data-end=\"1288\">\n<td data-start=\"1237\" data-end=\"1250\" data-col-size=\"sm\">Anty-przeka\u017anik<\/td>\n<td data-col-size=\"md\" data-start=\"1250\" data-end=\"1288\">Kontrola zbli\u017ceniowa, licznik transakcji<\/td>\n<\/tr>\n<tr data-start=\"1289\" data-end=\"1345\">\n<td data-start=\"1289\" data-end=\"1299\" data-col-size=\"sm\">Prywatno\u015b\u0107<\/td>\n<td data-col-size=\"md\" data-start=\"1299\" data-end=\"1345\">Losowy identyfikator, architektura karty wirtualnej (VCA)<\/td>\n<\/tr>\n<tr data-start=\"1346\" data-end=\"1402\">\n<td data-start=\"1346\" data-end=\"1361\" data-col-size=\"sm\">Autentyczno\u015b\u0107<\/td>\n<td data-col-size=\"md\" data-start=\"1361\" data-end=\"1402\">Weryfikacja oryginalno\u015bci uk\u0142ad\u00f3w scalonych NXP<\/td>\n<\/tr>\n<tr data-start=\"1403\" data-end=\"1475\">\n<td data-start=\"1403\" data-end=\"1422\" data-col-size=\"sm\">Bezpieczne wiadomo\u015bci<\/td>\n<td data-col-size=\"md\" data-start=\"1422\" data-end=\"1475\">Szyfrowany kana\u0142 RF; uwierzytelnianie na poziomie sektora<\/td>\n<\/tr>\n<\/tbody>\n<\/table>\n<\/div>\n<\/div>\n<p data-start=\"1477\" data-end=\"1502\"><strong data-start=\"1477\" data-end=\"1500\">Organizacja pami\u0119ci<\/strong><\/p>\n<div class=\"_tableContainer_1rjym_1\">\n<div class=\"group _tableWrapper_1rjym_13 flex w-fit flex-col-reverse\" tabindex=\"-1\">\n<table class=\"w-fit min-w-(--thread-content-width)\" data-start=\"1503\" data-end=\"1718\">\n<thead data-start=\"1503\" data-end=\"1538\">\n<tr data-start=\"1503\" data-end=\"1538\">\n<th data-start=\"1503\" data-end=\"1517\" data-col-size=\"sm\">Wariant EV2<\/th>\n<th data-start=\"1517\" data-end=\"1538\" data-col-size=\"md\">Najwa\u017cniejsze elementy uk\u0142adu<\/th>\n<\/tr>\n<\/thead>\n<tbody data-start=\"1549\" data-end=\"1718\">\n<tr data-start=\"1549\" data-end=\"1630\">\n<td data-start=\"1549\" data-end=\"1567\" data-col-size=\"sm\">MF1P(H)22 (2KB)<\/td>\n<td data-col-size=\"md\" data-start=\"1567\" data-end=\"1630\">32 sektory \u00d7 4 bloki; blok 0 przechowuje dane producenta NXP<\/td>\n<\/tr>\n<tr data-start=\"1631\" data-end=\"1718\">\n<td data-start=\"1631\" data-end=\"1649\" data-col-size=\"sm\">MF1P(H)42 (4KB)<\/td>\n<td data-col-size=\"md\" data-start=\"1649\" data-end=\"1718\">Powy\u017cej + 8 sektor\u00f3w \u00d7 16 blok\u00f3w; zwiastuny sektor\u00f3w definiuj\u0105 klucze dost\u0119pu<\/td>\n<\/tr>\n<\/tbody>\n<\/table>\n<\/div>\n<\/div>\n<p data-start=\"1720\" data-end=\"1755\"><strong data-start=\"1720\" data-end=\"1753\">Personalizacja i r\u0119kodzie\u0142o kartkowe<\/strong><\/p>\n<div class=\"_tableContainer_1rjym_1\">\n<div class=\"group _tableWrapper_1rjym_13 flex w-fit flex-col-reverse\" tabindex=\"-1\">\n<table class=\"w-fit min-w-(--thread-content-width)\" data-start=\"1756\" data-end=\"2165\">\n<thead data-start=\"1756\" data-end=\"1775\">\n<tr data-start=\"1756\" data-end=\"1775\">\n<th data-start=\"1756\" data-end=\"1764\" data-col-size=\"sm\">Rzemios\u0142o<\/th>\n<th data-start=\"1764\" data-end=\"1775\" data-col-size=\"md\">Opcje<\/th>\n<\/tr>\n<\/thead>\n<tbody data-start=\"1786\" data-end=\"2165\">\n<tr data-start=\"1786\" data-end=\"1883\">\n<td data-start=\"1786\" data-end=\"1798\" data-col-size=\"sm\">Numeracja<\/td>\n<td data-col-size=\"md\" data-start=\"1798\" data-end=\"1883\">Numery termiczne\/atramentowe (czarne\/bia\u0142e\/z\u0142ote\/srebrne), wyt\u0142oczony numer seryjny\/NSB (13 pt.\/18 pt.)<\/td>\n<\/tr>\n<tr data-start=\"1884\" data-end=\"1965\">\n<td data-start=\"1884\" data-end=\"1895\" data-col-size=\"sm\">Druk<\/td>\n<td data-col-size=\"md\" data-start=\"1895\" data-end=\"1965\">Offset CMYK, UV, mapowanie numeru serii\/UID, grawerowany laserowo kod QR\/kreskowy<\/td>\n<\/tr>\n<tr data-start=\"1966\" data-end=\"2065\">\n<td data-start=\"1966\" data-end=\"1983\" data-col-size=\"sm\">Folia i efekty<\/td>\n<td data-col-size=\"md\" data-start=\"1983\" data-end=\"2065\">Z\u0142oto\/srebro\/laserowe t\u0142oczenie na gor\u0105co, lustro\/czysto\u015b\u0107\/transparent, hologram, soczewka<\/td>\n<\/tr>\n<tr data-start=\"2066\" data-end=\"2165\">\n<td data-start=\"2066\" data-end=\"2076\" data-col-size=\"sm\">Dodatki<\/td>\n<td data-col-size=\"md\" data-start=\"2076\" data-end=\"2165\">Pasek magnetyczny (HICO 2750\/4000 OE, LOCO 300 OE), panele zdrapki, panel podpisu<\/td>\n<\/tr>\n<\/tbody>\n<\/table>\n<\/div>\n<\/div>\n<p data-start=\"2167\" data-end=\"2192\"><strong data-start=\"2167\" data-end=\"2190\">Opakowania i pr\u00f3bki<\/strong><\/p>\n<div class=\"_tableContainer_1rjym_1\">\n<div class=\"group _tableWrapper_1rjym_13 flex w-fit flex-col-reverse\" tabindex=\"-1\">\n<table class=\"w-fit min-w-(--thread-content-width)\" data-start=\"2193\" data-end=\"2414\">\n<thead data-start=\"2193\" data-end=\"2211\">\n<tr data-start=\"2193\" data-end=\"2211\">\n<th data-start=\"2193\" data-end=\"2200\" data-col-size=\"sm\">Przedmiot<\/th>\n<th data-start=\"2200\" data-end=\"2211\" data-col-size=\"md\">Bli\u017csze dane<\/th>\n<\/tr>\n<\/thead>\n<tbody data-start=\"2222\" data-end=\"2414\">\n<tr data-start=\"2222\" data-end=\"2295\">\n<td data-start=\"2222\" data-end=\"2238\" data-col-size=\"sm\">Pakiet standardowy<\/td>\n<td data-col-size=\"md\" data-start=\"2238\" data-end=\"2295\">200 szt.\/opakowanie wewn\u0119trzne; 5000 szt.\/karton; ok. 35 kg\/karton<\/td>\n<\/tr>\n<tr data-start=\"2296\" data-end=\"2366\">\n<td data-start=\"2296\" data-end=\"2314\" data-col-size=\"sm\">Nieregularne rozmiary<\/td>\n<td data-col-size=\"md\" data-start=\"2314\" data-end=\"2366\">50\u2013100 szt.\/worek OPP, nast\u0119pnie karton (lub na \u017cyczenie)<\/td>\n<\/tr>\n<tr data-start=\"2367\" data-end=\"2414\">\n<td data-start=\"2367\" data-end=\"2377\" data-col-size=\"sm\">Pr\u00f3bki<\/td>\n<td data-col-size=\"md\" data-start=\"2377\" data-end=\"2414\">Bezp\u0142atne pr\u00f3bki dost\u0119pne na \u017cyczenie<\/td>\n<\/tr>\n<\/tbody>\n<\/table>\n<\/div>\n<\/div>\n<p data-start=\"2416\" data-end=\"2442\"><strong data-start=\"2416\" data-end=\"2440\">Typowe zastosowania<\/strong><\/p>\n<ul data-start=\"2443\" data-end=\"2607\">\n<li data-start=\"2443\" data-end=\"2519\">\n<p data-start=\"2445\" data-end=\"2519\">Bilety transportowe, dost\u0119p do kampus\u00f3w\/przedsi\u0119biorstw, programy lojalno\u015bciowe i cz\u0142onkostwo<\/p>\n<\/li>\n<li data-start=\"2520\" data-end=\"2607\">\n<p data-start=\"2522\" data-end=\"2607\">Karty podarunkowe VIP\/biznesowe, karty pralnicze\/gwarancyjne, etykiety baga\u017cowe, karty rabatowe\/przedp\u0142acone<\/p>\n<\/li>\n<\/ul>","protected":false},"excerpt":{"rendered":"<p>Karta inteligentna MIFARE Plus EV2 13,56 MHz z zabezpieczeniami AES, EAL5+, szybk\u0105 RF i bogatymi mo\u017cliwo\u015bciami personalizacji \u2014 idealna do transportu, kontroli dost\u0119pu oraz kart lojalno\u015bciowych\/cz\u0142onkowskich.<\/p>","protected":false},"featured_media":673,"template":"","meta":{"_gspb_post_css":""},"product_brand":[],"product_cat":[15],"product_tag":[],"class_list":{"0":"post-672","1":"product","2":"type-product","3":"status-publish","4":"has-post-thumbnail","6":"product_cat-rfid-cards","8":"first","9":"instock","10":"shipping-taxable","11":"purchasable","12":"product-type-simple"},"_links":{"self":[{"href":"https:\/\/www.cxjsmartcard.com\/pl\/wp-json\/wp\/v2\/product\/672","targetHints":{"allow":["GET"]}}],"collection":[{"href":"https:\/\/www.cxjsmartcard.com\/pl\/wp-json\/wp\/v2\/product"}],"about":[{"href":"https:\/\/www.cxjsmartcard.com\/pl\/wp-json\/wp\/v2\/types\/product"}],"wp:featuredmedia":[{"embeddable":true,"href":"https:\/\/www.cxjsmartcard.com\/pl\/wp-json\/wp\/v2\/media\/673"}],"wp:attachment":[{"href":"https:\/\/www.cxjsmartcard.com\/pl\/wp-json\/wp\/v2\/media?parent=672"}],"wp:term":[{"taxonomy":"product_brand","embeddable":true,"href":"https:\/\/www.cxjsmartcard.com\/pl\/wp-json\/wp\/v2\/product_brand?post=672"},{"taxonomy":"product_cat","embeddable":true,"href":"https:\/\/www.cxjsmartcard.com\/pl\/wp-json\/wp\/v2\/product_cat?post=672"},{"taxonomy":"product_tag","embeddable":true,"href":"https:\/\/www.cxjsmartcard.com\/pl\/wp-json\/wp\/v2\/product_tag?post=672"}],"curies":[{"name":"wp","href":"https:\/\/api.w.org\/{rel}","templated":true}]}}