{"id":667,"date":"2025-11-01T10:59:47","date_gmt":"2025-11-01T10:59:47","guid":{"rendered":"https:\/\/www.cxjsmartcard.com\/?post_type=product&#038;p=667"},"modified":"2025-12-29T01:27:11","modified_gmt":"2025-12-29T01:27:11","slug":"rfid-nfc-smart-shielding-blocker-credit-rfid-blocking-card","status":"publish","type":"product","link":"https:\/\/www.cxjsmartcard.com\/pl\/rfid-nfc-smart-shielding-blocker-credit-rfid-blocking-card\/","title":{"rendered":"Karta blokuj\u0105ca RFID NFC Smart Shielding Blocker"},"content":{"rendered":"<p data-start=\"65\" data-end=\"546\">\u63cf\u8ff0 (\u8981\u6709\u8868\u683c\u6700\u597d\u9075\u5faa\u6587\u6863\u7684\u683c\u5f0f\u8f93\u51fa)<br data-start=\"84\" data-end=\"87\" \/>Smuk\u0142a, mieszcz\u0105ca si\u0119 w portfelu karta blokuj\u0105ca RFID\/NFC, zaprojektowana w celu uniemo\u017cliwienia nieautoryzowanego odczytu zbli\u017ceniowego kart bankowych, kredytowych\/debetowych, paszport\u00f3w i dowod\u00f3w osobistych w pa\u015bmie 13,56 MHz. Wbudowany, nagradzany modu\u0142 ekranuj\u0105cy \u2013 wystarczy umie\u015bci\u0107 1\u20132 karty w portfelu, a wszystkie znajduj\u0105ce si\u0119 w pobli\u017cu karty zbli\u017ceniowe zostan\u0105 zabezpieczone. Obs\u0142uguje drukowanie w kolorach CMYK, dopasowywanie kolor\u00f3w marki oraz r\u00f3\u017cne wyko\u0144czenia powierzchni do cel\u00f3w promocyjnych, bankowych, podr\u00f3\u017cniczych i prezent\u00f3w firmowych.<\/p>\n<p data-start=\"548\" data-end=\"567\"><strong data-start=\"548\" data-end=\"565\">Specyfikacja<\/strong><\/p>\n<div class=\"_tableContainer_1rjym_1\">\n<div class=\"group _tableWrapper_1rjym_13 flex w-fit flex-col-reverse\" tabindex=\"-1\">\n<table class=\"w-fit min-w-(--thread-content-width)\" data-start=\"568\" data-end=\"1243\">\n<thead data-start=\"568\" data-end=\"586\">\n<tr data-start=\"568\" data-end=\"586\">\n<th data-start=\"568\" data-end=\"575\" data-col-size=\"sm\">Przedmiot<\/th>\n<th data-start=\"575\" data-end=\"586\" data-col-size=\"md\">Bli\u017csze dane<\/th>\n<\/tr>\n<\/thead>\n<tbody data-start=\"597\" data-end=\"1243\">\n<tr data-start=\"597\" data-end=\"653\">\n<td data-start=\"597\" data-end=\"612\" data-col-size=\"sm\">Nazwa produktu<\/td>\n<td data-col-size=\"md\" data-start=\"612\" data-end=\"653\">Karta blokuj\u0105ca inteligentne ekranowanie RFID NFC<\/td>\n<\/tr>\n<tr data-start=\"654\" data-end=\"714\">\n<td data-start=\"654\" data-end=\"665\" data-col-size=\"sm\">Tworzywo<\/td>\n<td data-start=\"665\" data-end=\"714\" data-col-size=\"md\">Modu\u0142 blokuj\u0105cy PVC + \/ Tkanina blokuj\u0105ca PVC +<\/td>\n<\/tr>\n<tr data-start=\"715\" data-end=\"744\">\n<td data-start=\"715\" data-end=\"722\" data-col-size=\"sm\">Rozmiar<\/td>\n<td data-start=\"722\" data-end=\"744\" data-col-size=\"md\">CR80, 85,5 \u00d7 54 mm<\/td>\n<\/tr>\n<tr data-start=\"745\" data-end=\"786\">\n<td data-start=\"745\" data-end=\"757\" data-col-size=\"sm\">Grubo\u015b\u0107<\/td>\n<td data-start=\"757\" data-end=\"786\" data-col-size=\"md\">0,86 mm \/ 1,2 mm \/ 1,5 mm<\/td>\n<\/tr>\n<tr data-start=\"787\" data-end=\"844\">\n<td data-start=\"787\" data-end=\"808\" data-col-size=\"sm\">Ekranowana cz\u0119stotliwo\u015b\u0107<\/td>\n<td data-start=\"808\" data-end=\"844\" data-col-size=\"md\">13,56 MHz bezstykowo (RFID\/NFC)<\/td>\n<\/tr>\n<tr data-start=\"845\" data-end=\"883\">\n<td data-start=\"845\" data-end=\"855\" data-col-size=\"sm\">Powierzchnia<\/td>\n<td data-col-size=\"md\" data-start=\"855\" data-end=\"883\">B\u0142yszcz\u0105cy \/ Matowy \/ Mro\u017cony<\/td>\n<\/tr>\n<tr data-start=\"884\" data-end=\"945\">\n<td data-start=\"884\" data-end=\"895\" data-col-size=\"sm\">Druk<\/td>\n<td data-col-size=\"md\" data-start=\"895\" data-end=\"945\">Nadruk sitodrukowy, druk CMYK, dopasowanie kolor\u00f3w 100%<\/td>\n<\/tr>\n<tr data-start=\"946\" data-end=\"994\">\n<td data-start=\"946\" data-end=\"961\" data-col-size=\"sm\">Tryb pracy<\/td>\n<td data-col-size=\"md\" data-start=\"961\" data-end=\"994\">Pasywne ekranowanie, bez baterii<\/td>\n<\/tr>\n<tr data-start=\"995\" data-end=\"1061\">\n<td data-start=\"995\" data-end=\"1003\" data-col-size=\"sm\">Stosowanie<\/td>\n<td data-col-size=\"md\" data-start=\"1003\" data-end=\"1061\">W\u0142\u00f3\u017c 1\u20132 karty do portfela\/torebki, aby zabezpieczy\u0107 wszystkie karty<\/td>\n<\/tr>\n<tr data-start=\"1062\" data-end=\"1131\">\n<td data-start=\"1062\" data-end=\"1076\" data-col-size=\"sm\">Aplikacja<\/td>\n<td data-start=\"1076\" data-end=\"1131\" data-col-size=\"md\">Karty bankowe, dow\u00f3d osobisty, paszport, karta dost\u0119pu, zabezpieczenie antyskimmingowe<\/td>\n<\/tr>\n<tr data-start=\"1132\" data-end=\"1189\">\n<td data-start=\"1132\" data-end=\"1138\" data-col-size=\"sm\">Minimalne zam\u00f3wienie<\/td>\n<td data-col-size=\"md\" data-start=\"1138\" data-end=\"1189\">Brak minimalnego zam\u00f3wienia dla pustych sztuk; 50 sztuk dla niestandardowego logo\/projektu<\/td>\n<\/tr>\n<tr data-start=\"1190\" data-end=\"1243\">\n<td data-start=\"1190\" data-end=\"1201\" data-col-size=\"sm\">Cechy<\/td>\n<td data-start=\"1201\" data-end=\"1243\" data-col-size=\"md\">Nagradzany materia\u0142 blokuj\u0105cy wewn\u0105trz<\/td>\n<\/tr>\n<\/tbody>\n<\/table>\n<\/div>\n<\/div>\n<p data-start=\"1245\" data-end=\"1514\"><strong data-start=\"1245\" data-end=\"1261\">Jak to dzia\u0142a<\/strong><br data-start=\"1261\" data-end=\"1264\" \/>Warstwa blokuj\u0105ca tworzy ochronne pole RF, dzi\u0119ki czemu czytniki znajduj\u0105ce si\u0119 w pobli\u017cu nie mog\u0105 komunikowa\u0107 si\u0119 z chipem w karcie p\u0142atniczej\/dowodowej. Jeden element mo\u017ce chroni\u0107 wiele kart w tej samej kieszeni, co czyni go \u0142atwiejsz\u0105 alternatyw\u0105 dla etui blokuj\u0105cych RFID lub portfeli.<\/p>\n<p data-start=\"1516\" data-end=\"1534\"><strong data-start=\"1516\" data-end=\"1532\">Aplikacje<\/strong><\/p>\n<ul data-start=\"1535\" data-end=\"1703\">\n<li data-start=\"1535\" data-end=\"1579\">\n<p data-start=\"1537\" data-end=\"1579\">Zabezpieczenie przed skimmingiem dla kart bankowych zbli\u017ceniowych<\/p>\n<\/li>\n<li data-start=\"1580\" data-end=\"1620\">\n<p data-start=\"1582\" data-end=\"1620\">Ochrona paszportu\/dowodu osobistego w czasie podr\u00f3\u017cy<\/p>\n<\/li>\n<li data-start=\"1621\" data-end=\"1668\">\n<p data-start=\"1623\" data-end=\"1668\">Gad\u017cet firmowy lub bankowy z niestandardowym logo<\/p>\n<\/li>\n<li data-start=\"1669\" data-end=\"1703\">\n<p data-start=\"1671\" data-end=\"1703\">Akcesorium zabezpieczaj\u0105ce do sprzeda\u017cy detalicznej\/internetowej<\/p>\n<\/li>\n<\/ul>","protected":false},"excerpt":{"rendered":"<p>Karta blokuj\u0105ca RFID\/NFC z tworzywa PVC wielko\u015bci portfela, chroni\u0105ca przed skanowaniem zbli\u017ceniowe karty bankowe, dowody osobiste i paszporty o cz\u0119stotliwo\u015bci 13,56 MHz; mo\u017cliwo\u015b\u0107 dostosowania nadruku i powierzchni.<\/p>","protected":false},"featured_media":668,"template":"","meta":{"_gspb_post_css":""},"product_brand":[],"product_cat":[15],"product_tag":[],"class_list":{"0":"post-667","1":"product","2":"type-product","3":"status-publish","4":"has-post-thumbnail","6":"product_cat-rfid-cards","8":"first","9":"instock","10":"shipping-taxable","11":"purchasable","12":"product-type-simple"},"_links":{"self":[{"href":"https:\/\/www.cxjsmartcard.com\/pl\/wp-json\/wp\/v2\/product\/667","targetHints":{"allow":["GET"]}}],"collection":[{"href":"https:\/\/www.cxjsmartcard.com\/pl\/wp-json\/wp\/v2\/product"}],"about":[{"href":"https:\/\/www.cxjsmartcard.com\/pl\/wp-json\/wp\/v2\/types\/product"}],"wp:featuredmedia":[{"embeddable":true,"href":"https:\/\/www.cxjsmartcard.com\/pl\/wp-json\/wp\/v2\/media\/668"}],"wp:attachment":[{"href":"https:\/\/www.cxjsmartcard.com\/pl\/wp-json\/wp\/v2\/media?parent=667"}],"wp:term":[{"taxonomy":"product_brand","embeddable":true,"href":"https:\/\/www.cxjsmartcard.com\/pl\/wp-json\/wp\/v2\/product_brand?post=667"},{"taxonomy":"product_cat","embeddable":true,"href":"https:\/\/www.cxjsmartcard.com\/pl\/wp-json\/wp\/v2\/product_cat?post=667"},{"taxonomy":"product_tag","embeddable":true,"href":"https:\/\/www.cxjsmartcard.com\/pl\/wp-json\/wp\/v2\/product_tag?post=667"}],"curies":[{"name":"wp","href":"https:\/\/api.w.org\/{rel}","templated":true}]}}