{"id":662,"date":"2025-11-01T08:43:38","date_gmt":"2025-11-01T08:43:38","guid":{"rendered":"https:\/\/www.cxjsmartcard.com\/?post_type=product&#038;p=662"},"modified":"2025-12-29T01:27:11","modified_gmt":"2025-12-29T01:27:11","slug":"rfid-contactless-google-nfc-review-card","status":"publish","type":"product","link":"https:\/\/www.cxjsmartcard.com\/pl\/rfid-contactless-google-nfc-review-card\/","title":{"rendered":"Karta do recenzji zbli\u017ceniowej RFID Google NFC"},"content":{"rendered":"<p data-start=\"46\" data-end=\"417\">Karta z opiniami zbli\u017ceniowa NFC, kt\u00f3ra pozwala klientom otworzy\u0107 stron\u0119 z opiniami Google o Twojej firmie jednym dotkni\u0119ciem telefonu z NFC. Zbudowana na oryginalnych chipach NXP NTAG213\/215\/216, wodoodpornym PVC, z pe\u0142nym nadrukiem CMYK oraz opcjonalnym drukiem laserowym\/seryjnym do kampanii wizerunkowych, restauracji, salon\u00f3w, klinik, lad sklepowych i hoteli.<\/p>\n<p data-start=\"419\" data-end=\"438\"><strong data-start=\"419\" data-end=\"436\">Specyfikacja<\/strong><\/p>\n<div class=\"_tableContainer_1rjym_1\">\n<div class=\"group _tableWrapper_1rjym_13 flex w-fit flex-col-reverse\" tabindex=\"-1\">\n<table class=\"w-fit min-w-(--thread-content-width)\" data-start=\"439\" data-end=\"1041\">\n<thead data-start=\"439\" data-end=\"457\">\n<tr data-start=\"439\" data-end=\"457\">\n<th data-start=\"439\" data-end=\"446\" data-col-size=\"sm\">Przedmiot<\/th>\n<th data-start=\"446\" data-end=\"457\" data-col-size=\"md\">Bli\u017csze dane<\/th>\n<\/tr>\n<\/thead>\n<tbody data-start=\"468\" data-end=\"1041\">\n<tr data-start=\"468\" data-end=\"526\">\n<td data-start=\"468\" data-end=\"483\" data-col-size=\"sm\">Nazwa produktu<\/td>\n<td data-col-size=\"md\" data-start=\"483\" data-end=\"526\">Karta do recenzji zbli\u017ceniowej RFID Google NFC<\/td>\n<\/tr>\n<tr data-start=\"527\" data-end=\"584\">\n<td data-start=\"527\" data-end=\"538\" data-col-size=\"sm\">Funkcjonowa\u0107<\/td>\n<td data-start=\"538\" data-end=\"584\" data-col-size=\"md\">Jedno dotkni\u0119cie, aby otworzy\u0107 stron\u0119 z recenzjami\/stron\u0119 docelow\u0105 Google<\/td>\n<\/tr>\n<tr data-start=\"585\" data-end=\"631\">\n<td data-start=\"585\" data-end=\"600\" data-col-size=\"sm\">Opcje na \u017cetony<\/td>\n<td data-col-size=\"md\" data-start=\"600\" data-end=\"631\">NTAG213 \/ NTAG215 \/ NTAG216<\/td>\n<\/tr>\n<tr data-start=\"632\" data-end=\"674\">\n<td data-start=\"632\" data-end=\"643\" data-col-size=\"sm\">Protok\u00f3\u0142<\/td>\n<td data-start=\"643\" data-end=\"674\" data-col-size=\"md\">ISO14443A, Forum NFC typu 2<\/td>\n<\/tr>\n<tr data-start=\"675\" data-end=\"700\">\n<td data-start=\"675\" data-end=\"687\" data-col-size=\"sm\">Cz\u0119stotliwo\u015b\u0107<\/td>\n<td data-col-size=\"md\" data-start=\"687\" data-end=\"700\">13,56 MHz<\/td>\n<\/tr>\n<tr data-start=\"701\" data-end=\"758\">\n<td data-start=\"701\" data-end=\"720\" data-col-size=\"sm\">Odleg\u0142o\u015b\u0107 czytania<\/td>\n<td data-col-size=\"md\" data-start=\"720\" data-end=\"758\">2\u20135 cm (zale\u017cnie od telefonu i anteny)<\/td>\n<\/tr>\n<tr data-start=\"759\" data-end=\"804\">\n<td data-start=\"759\" data-end=\"770\" data-col-size=\"sm\">Tworzywo<\/td>\n<td data-col-size=\"md\" data-start=\"770\" data-end=\"804\">PVC, wodoodporny \/ odporny na warunki atmosferyczne<\/td>\n<\/tr>\n<tr data-start=\"805\" data-end=\"835\">\n<td data-start=\"805\" data-end=\"812\" data-col-size=\"sm\">Rozmiar<\/td>\n<td data-start=\"812\" data-end=\"835\" data-col-size=\"md\">85,5 \u00d7 54 mm (CR80)<\/td>\n<\/tr>\n<tr data-start=\"836\" data-end=\"880\">\n<td data-start=\"836\" data-end=\"847\" data-col-size=\"sm\">Druk<\/td>\n<td data-col-size=\"md\" data-start=\"847\" data-end=\"880\">CMYK 4C \/ offset \/ sitodruk<\/td>\n<\/tr>\n<tr data-start=\"881\" data-end=\"947\">\n<td data-start=\"881\" data-end=\"890\" data-col-size=\"sm\">Rzemie\u015blnictwo<\/td>\n<td data-start=\"890\" data-end=\"947\" data-col-size=\"md\">Kod laserowy, tusz UV, numer seryjny, t\u0142oczenie, termiczny<\/td>\n<\/tr>\n<tr data-start=\"948\" data-end=\"1018\">\n<td data-start=\"948\" data-end=\"962\" data-col-size=\"sm\">Aplikacja<\/td>\n<td data-col-size=\"md\" data-start=\"962\" data-end=\"1018\">Opinie klient\u00f3w, recenzje spo\u0142eczne, promocja firmy<\/td>\n<\/tr>\n<tr data-start=\"1019\" data-end=\"1041\">\n<td data-start=\"1019\" data-end=\"1028\" data-col-size=\"sm\">Pr\u00f3bka<\/td>\n<td data-col-size=\"md\" data-start=\"1028\" data-end=\"1041\">Dost\u0119pny<\/td>\n<\/tr>\n<\/tbody>\n<\/table>\n<\/div>\n<\/div>\n<p data-start=\"1043\" data-end=\"1227\"><strong data-start=\"1043\" data-end=\"1057\">Jak u\u017cywa\u0107<\/strong><br data-start=\"1057\" data-end=\"1060\" \/>Po\u0142\u00f3\u017c kart\u0119 z recenzj\u0105 NFC na ladzie, biurku lub stole \u2192 klient zbli\u017cy j\u0105 do telefonu \u2192 telefon otworzy wst\u0119pnie ustawiony link do recenzji Google \u2192 u\u017cytkownik w ci\u0105gu kilku sekund wystawi 5-gwiazdkow\u0105 recenzj\u0119.<\/p>","protected":false},"excerpt":{"rendered":"<p>Karta recenzji NFC z PVC z chipem NTAG213\/215\/216, kt\u00f3ra otwiera stron\u0119 recenzji Google jednym dotkni\u0119ciem, idealna do zwi\u0119kszania liczby opinii klient\u00f3w w sklepie.<\/p>","protected":false},"featured_media":663,"template":"","meta":{"_gspb_post_css":""},"product_brand":[],"product_cat":[15],"product_tag":[],"class_list":{"0":"post-662","1":"product","2":"type-product","3":"status-publish","4":"has-post-thumbnail","6":"product_cat-rfid-cards","8":"first","9":"instock","10":"shipping-taxable","11":"purchasable","12":"product-type-simple"},"_links":{"self":[{"href":"https:\/\/www.cxjsmartcard.com\/pl\/wp-json\/wp\/v2\/product\/662","targetHints":{"allow":["GET"]}}],"collection":[{"href":"https:\/\/www.cxjsmartcard.com\/pl\/wp-json\/wp\/v2\/product"}],"about":[{"href":"https:\/\/www.cxjsmartcard.com\/pl\/wp-json\/wp\/v2\/types\/product"}],"wp:featuredmedia":[{"embeddable":true,"href":"https:\/\/www.cxjsmartcard.com\/pl\/wp-json\/wp\/v2\/media\/663"}],"wp:attachment":[{"href":"https:\/\/www.cxjsmartcard.com\/pl\/wp-json\/wp\/v2\/media?parent=662"}],"wp:term":[{"taxonomy":"product_brand","embeddable":true,"href":"https:\/\/www.cxjsmartcard.com\/pl\/wp-json\/wp\/v2\/product_brand?post=662"},{"taxonomy":"product_cat","embeddable":true,"href":"https:\/\/www.cxjsmartcard.com\/pl\/wp-json\/wp\/v2\/product_cat?post=662"},{"taxonomy":"product_tag","embeddable":true,"href":"https:\/\/www.cxjsmartcard.com\/pl\/wp-json\/wp\/v2\/product_tag?post=662"}],"curies":[{"name":"wp","href":"https:\/\/api.w.org\/{rel}","templated":true}]}}