{"id":657,"date":"2025-11-01T08:41:57","date_gmt":"2025-11-01T08:41:57","guid":{"rendered":"https:\/\/www.cxjsmartcard.com\/?post_type=product&#038;p=657"},"modified":"2025-12-29T01:27:11","modified_gmt":"2025-12-29T01:27:11","slug":"plastic-pvc-mifare-classic-4k-s70-rfid-card","status":"publish","type":"product","link":"https:\/\/www.cxjsmartcard.com\/pl\/plastic-pvc-mifare-classic-4k-s70-rfid-card\/","title":{"rendered":"Karta plastikowa PVC MIFARE Classic 4K S70 RFID"},"content":{"rendered":"<p data-start=\"50\" data-end=\"378\">Karta zbli\u017ceniowa RFID PVC 13,56 MHz oparta na standardzie MIFARE Classic 4K (S70), przeznaczona do kontroli dost\u0119pu, p\u0142atno\u015bci bezgot\u00f3wkowych, w obiektach hazardowych\/rozrywkowych, na parkingach, na kampusach, na imprezach i w systemie cz\u0142onkostwa. Standardowy rozmiar CR80, mo\u017cliwo\u015b\u0107 druku offsetowego\/cyfrowego\/sitodruku, obs\u0142uga kodowania UID\/numer\u00f3w seryjnych\/kod\u00f3w kreskowych\/pask\u00f3w magnetycznych i chip\u00f3w.<\/p>\n<p data-start=\"380\" data-end=\"399\"><strong data-start=\"380\" data-end=\"397\">Specyfikacja<\/strong><\/p>\n<div class=\"_tableContainer_1rjym_1\">\n<div class=\"group _tableWrapper_1rjym_13 flex w-fit flex-col-reverse\" tabindex=\"-1\">\n<table class=\"w-fit min-w-(--thread-content-width)\" data-start=\"400\" data-end=\"1455\">\n<thead data-start=\"400\" data-end=\"418\">\n<tr data-start=\"400\" data-end=\"418\">\n<th data-start=\"400\" data-end=\"407\" data-col-size=\"sm\">Przedmiot<\/th>\n<th data-start=\"407\" data-end=\"418\" data-col-size=\"md\">Bli\u017csze dane<\/th>\n<\/tr>\n<\/thead>\n<tbody data-start=\"429\" data-end=\"1455\">\n<tr data-start=\"429\" data-end=\"491\">\n<td data-start=\"429\" data-end=\"444\" data-col-size=\"sm\">Nazwa produktu<\/td>\n<td data-col-size=\"md\" data-start=\"444\" data-end=\"491\">Karta plastikowa PVC MIFARE Classic 4K S70 RFID<\/td>\n<\/tr>\n<tr data-start=\"492\" data-end=\"584\">\n<td data-start=\"492\" data-end=\"514\" data-col-size=\"sm\">Opcje chipa\/RFID<\/td>\n<td data-col-size=\"md\" data-start=\"514\" data-end=\"584\">MIFARE Classic 4K S70; r\u00f3wnie\u017c MIFARE Ultralight EV1\/C\/AES (opcjonalnie)<\/td>\n<\/tr>\n<tr data-start=\"585\" data-end=\"614\">\n<td data-start=\"585\" data-end=\"596\" data-col-size=\"sm\">Protok\u00f3\u0142<\/td>\n<td data-col-size=\"md\" data-start=\"596\" data-end=\"614\">ISO\/IEC 14443A<\/td>\n<\/tr>\n<tr data-start=\"615\" data-end=\"640\">\n<td data-start=\"615\" data-end=\"627\" data-col-size=\"sm\">Cz\u0119stotliwo\u015b\u0107<\/td>\n<td data-start=\"627\" data-end=\"640\" data-col-size=\"md\">13,56 MHz<\/td>\n<\/tr>\n<tr data-start=\"641\" data-end=\"721\">\n<td data-start=\"641\" data-end=\"650\" data-col-size=\"sm\">Pami\u0119\u0107<\/td>\n<td data-start=\"650\" data-end=\"721\" data-col-size=\"md\">4 KB EEPROM (zorganizowana w 16 sektor\u00f3w \u00d7 4 bloki, wieloaplikacyjna)<\/td>\n<\/tr>\n<tr data-start=\"722\" data-end=\"764\">\n<td data-start=\"722\" data-end=\"745\" data-col-size=\"sm\">Wytrzyma\u0142o\u015b\u0107 odczytu\/zapisu<\/td>\n<td data-col-size=\"md\" data-start=\"745\" data-end=\"764\">\u2265100 000 cykli<\/td>\n<\/tr>\n<tr data-start=\"765\" data-end=\"820\">\n<td data-start=\"765\" data-end=\"782\" data-col-size=\"sm\">Integralno\u015b\u0107 danych<\/td>\n<td data-start=\"782\" data-end=\"820\" data-col-size=\"md\">16-bitowy CRC, parzysto\u015b\u0107, antykolizyjny<\/td>\n<\/tr>\n<tr data-start=\"821\" data-end=\"888\">\n<td data-start=\"821\" data-end=\"833\" data-col-size=\"sm\">Rozmiar karty<\/td>\n<td data-col-size=\"md\" data-start=\"833\" data-end=\"888\">CR80, 85,5 \u00d7 54 mm; grubo\u015b\u0107 0,84\u20130,88 mm (niestandardowa)<\/td>\n<\/tr>\n<tr data-start=\"889\" data-end=\"931\">\n<td data-start=\"889\" data-end=\"900\" data-col-size=\"sm\">Tworzywo<\/td>\n<td data-col-size=\"md\" data-start=\"900\" data-end=\"931\">Wysokiej jako\u015bci PVC, do druku<\/td>\n<\/tr>\n<tr data-start=\"932\" data-end=\"1001\">\n<td data-start=\"932\" data-end=\"943\" data-col-size=\"sm\">Druk<\/td>\n<td data-start=\"943\" data-end=\"1001\" data-col-size=\"md\">Heidelberg offset \/ Cyfrowy \/ Sitodruk \/ Pe\u0142ny kolor<\/td>\n<\/tr>\n<tr data-start=\"1002\" data-end=\"1098\">\n<td data-start=\"1002\" data-end=\"1016\" data-col-size=\"sm\">Rzemios\u0142o kartkowe<\/td>\n<td data-col-size=\"md\" data-start=\"1016\" data-end=\"1098\">Numer seryjny, UID uk\u0142adu scalonego, kod QR\/kod kreskowy, pasek magnetyczny (HICO\/LOCO), panel podpisu<\/td>\n<\/tr>\n<tr data-start=\"1099\" data-end=\"1169\">\n<td data-start=\"1099\" data-end=\"1118\" data-col-size=\"sm\">Us\u0142uga kodowania<\/td>\n<td data-col-size=\"md\" data-start=\"1118\" data-end=\"1169\">URL, tekst, liczba, klucze sektorowe, blokada\/szyfrowanie<\/td>\n<\/tr>\n<tr data-start=\"1170\" data-end=\"1241\">\n<td data-start=\"1170\" data-end=\"1180\" data-col-size=\"sm\">Pakiet<\/td>\n<td data-col-size=\"md\" data-start=\"1180\" data-end=\"1241\">200 szt.\/pude\u0142ko; 2000 szt.\/karton (dost\u0119pne niestandardowe opakowanie)<\/td>\n<\/tr>\n<tr data-start=\"1242\" data-end=\"1306\">\n<td data-start=\"1242\" data-end=\"1260\" data-col-size=\"sm\">Kontrola jako\u015bci<\/td>\n<td data-start=\"1260\" data-end=\"1306\" data-col-size=\"md\">Test czu\u0142o\u015bci uk\u0142adu scalonego 100% przed wysy\u0142k\u0105<\/td>\n<\/tr>\n<tr data-start=\"1307\" data-end=\"1347\">\n<td data-start=\"1307\" data-end=\"1313\" data-col-size=\"sm\">Minimalne zam\u00f3wienie<\/td>\n<td data-start=\"1313\" data-end=\"1347\" data-col-size=\"md\">500 szt. (z nadrukiem niestandardowym)<\/td>\n<\/tr>\n<tr data-start=\"1348\" data-end=\"1455\">\n<td data-start=\"1348\" data-end=\"1363\" data-col-size=\"sm\">Aplikacje<\/td>\n<td data-start=\"1363\" data-end=\"1455\" data-col-size=\"md\">Kontrola dost\u0119pu, p\u0142atno\u015bci bezgot\u00f3wkowe, gry, rozrywka, cz\u0142onkostwo, bilety transportowe<\/td>\n<\/tr>\n<\/tbody>\n<\/table>\n<\/div>\n<\/div>\n<p data-start=\"1457\" data-end=\"1471\"><strong data-start=\"1457\" data-end=\"1469\">Cechy<\/strong><\/p>\n<ul data-start=\"1472\" data-end=\"1754\">\n<li data-start=\"1472\" data-end=\"1530\">\n<p data-start=\"1474\" data-end=\"1530\">Bezkontaktowa transmisja danych i zasilanie, bez baterii<\/p>\n<\/li>\n<li data-start=\"1531\" data-end=\"1595\">\n<p data-start=\"1533\" data-end=\"1595\">Zasi\u0119g dzia\u0142ania do ~100 mm (w zale\u017cno\u015bci od anteny\/czytnika)<\/p>\n<\/li>\n<li data-start=\"1596\" data-end=\"1630\">\n<p data-start=\"1598\" data-end=\"1630\">Szybkie bilety\/wpis (&lt;100 ms)<\/p>\n<\/li>\n<li data-start=\"1631\" data-end=\"1664\">\n<p data-start=\"1633\" data-end=\"1664\">Unikalny numer seryjny dla ka\u017cdej karty<\/p>\n<\/li>\n<li data-start=\"1665\" data-end=\"1714\">\n<p data-start=\"1667\" data-end=\"1714\">Obs\u0142uguje wiele aplikacji z hierarchi\u0105 kluczy<\/p>\n<\/li>\n<li data-start=\"1715\" data-end=\"1754\">\n<p data-start=\"1717\" data-end=\"1754\">Mo\u017ce pozosta\u0107 w portfelu podczas transakcji<\/p>\n<\/li>\n<\/ul>","protected":false},"excerpt":{"rendered":"<p>Karta zbli\u017ceniowa PVC 13,56 MHz MIFARE Classic 4K S70, ISO14443A, do druku, z kodowaniem i personalizacj\u0105, przeznaczona do u\u017cytku w miejscach dost\u0119pu, p\u0142atno\u015bciach i rozrywce.<\/p>","protected":false},"featured_media":658,"template":"","meta":{"_gspb_post_css":""},"product_brand":[],"product_cat":[15],"product_tag":[],"class_list":{"0":"post-657","1":"product","2":"type-product","3":"status-publish","4":"has-post-thumbnail","6":"product_cat-rfid-cards","8":"first","9":"instock","10":"shipping-taxable","11":"purchasable","12":"product-type-simple"},"_links":{"self":[{"href":"https:\/\/www.cxjsmartcard.com\/pl\/wp-json\/wp\/v2\/product\/657","targetHints":{"allow":["GET"]}}],"collection":[{"href":"https:\/\/www.cxjsmartcard.com\/pl\/wp-json\/wp\/v2\/product"}],"about":[{"href":"https:\/\/www.cxjsmartcard.com\/pl\/wp-json\/wp\/v2\/types\/product"}],"wp:featuredmedia":[{"embeddable":true,"href":"https:\/\/www.cxjsmartcard.com\/pl\/wp-json\/wp\/v2\/media\/658"}],"wp:attachment":[{"href":"https:\/\/www.cxjsmartcard.com\/pl\/wp-json\/wp\/v2\/media?parent=657"}],"wp:term":[{"taxonomy":"product_brand","embeddable":true,"href":"https:\/\/www.cxjsmartcard.com\/pl\/wp-json\/wp\/v2\/product_brand?post=657"},{"taxonomy":"product_cat","embeddable":true,"href":"https:\/\/www.cxjsmartcard.com\/pl\/wp-json\/wp\/v2\/product_cat?post=657"},{"taxonomy":"product_tag","embeddable":true,"href":"https:\/\/www.cxjsmartcard.com\/pl\/wp-json\/wp\/v2\/product_tag?post=657"}],"curies":[{"name":"wp","href":"https:\/\/api.w.org\/{rel}","templated":true}]}}