{"id":652,"date":"2025-11-01T08:38:58","date_gmt":"2025-11-01T08:38:58","guid":{"rendered":"https:\/\/www.cxjsmartcard.com\/?post_type=product&#038;p=652"},"modified":"2025-12-29T01:27:12","modified_gmt":"2025-12-29T01:27:12","slug":"nxp-ntag213-blank-white-nfc-cards","status":"publish","type":"product","link":"https:\/\/www.cxjsmartcard.com\/pl\/nxp-ntag213-blank-white-nfc-cards\/","title":{"rendered":"NXP NTAG213 Puste bia\u0142e karty NFC"},"content":{"rendered":"<p data-start=\"40\" data-end=\"379\">Puste, bia\u0142e karty NFC z oryginalnym chipem NXP NTAG213, zgodne ze standardem NFC Forum Type 2 Tag i norm\u0105 ISO\/IEC 14443A, przeznaczone do inteligentnego marketingu, uwierzytelniania produkt\u00f3w, uruchamiania adres\u00f3w URL\/aplikacji, program\u00f3w lojalno\u015bciowych, gier i parowania urz\u0105dze\u0144 elektronicznych u\u017cytkowych. Cz\u0119stotliwo\u015b\u0107 13,56 MHz, stabilna praca RF, ochrona has\u0142em i obs\u0142uga wst\u0119pnego kodowania.<\/p>\n<p data-start=\"381\" data-end=\"400\"><strong data-start=\"381\" data-end=\"398\">Specyfikacja<\/strong><\/p>\n<div class=\"_tableContainer_1rjym_1\">\n<div class=\"group _tableWrapper_1rjym_13 flex w-fit flex-col-reverse\" tabindex=\"-1\">\n<table class=\"w-fit min-w-(--thread-content-width)\" data-start=\"401\" data-end=\"1193\">\n<thead data-start=\"401\" data-end=\"419\">\n<tr data-start=\"401\" data-end=\"419\">\n<th data-start=\"401\" data-end=\"408\" data-col-size=\"sm\">Przedmiot<\/th>\n<th data-start=\"408\" data-end=\"419\" data-col-size=\"md\">Bli\u017csze dane<\/th>\n<\/tr>\n<\/thead>\n<tbody data-start=\"430\" data-end=\"1193\">\n<tr data-start=\"430\" data-end=\"476\">\n<td data-start=\"430\" data-end=\"447\" data-col-size=\"sm\">Chip\/Cz\u0119stotliwo\u015b\u0107<\/td>\n<td data-col-size=\"md\" data-start=\"447\" data-end=\"476\">NXP NTAG213, 13,56 MHz HF<\/td>\n<\/tr>\n<tr data-start=\"477\" data-end=\"528\">\n<td data-start=\"477\" data-end=\"488\" data-col-size=\"sm\">Standard<\/td>\n<td data-col-size=\"md\" data-start=\"488\" data-end=\"528\">Tag NFC Forum typu 2, ISO\/IEC 14443A<\/td>\n<\/tr>\n<tr data-start=\"529\" data-end=\"563\">\n<td data-start=\"529\" data-end=\"538\" data-col-size=\"sm\">Pami\u0119\u0107<\/td>\n<td data-start=\"538\" data-end=\"563\" data-col-size=\"md\">144 bajty pami\u0119ci u\u017cytkownika<\/td>\n<\/tr>\n<tr data-start=\"564\" data-end=\"615\">\n<td data-start=\"564\" data-end=\"571\" data-col-size=\"sm\">Rozmiar<\/td>\n<td data-col-size=\"md\" data-start=\"571\" data-end=\"615\">85,5 \u00d7 54 \u00d7 0,84 mm (CR80) lub niestandardowe<\/td>\n<\/tr>\n<tr data-start=\"616\" data-end=\"665\">\n<td data-start=\"616\" data-end=\"627\" data-col-size=\"sm\">Tworzywo<\/td>\n<td data-col-size=\"md\" data-start=\"627\" data-end=\"665\">PVC (na \u017cyczenie obs\u0142uguje PET\/PET-G)<\/td>\n<\/tr>\n<tr data-start=\"666\" data-end=\"718\">\n<td data-start=\"666\" data-end=\"679\" data-col-size=\"sm\">Zakres odczytu<\/td>\n<td data-start=\"679\" data-end=\"718\" data-col-size=\"md\">1\u20135 cm (zale\u017cnie od czytnika i anteny)<\/td>\n<\/tr>\n<tr data-start=\"719\" data-end=\"756\">\n<td data-start=\"719\" data-end=\"737\" data-col-size=\"sm\">Napisz wytrzyma\u0142o\u015b\u0107<\/td>\n<td data-col-size=\"md\" data-start=\"737\" data-end=\"756\">\u2265100 000 cykli<\/td>\n<\/tr>\n<tr data-start=\"757\" data-end=\"801\">\n<td data-start=\"757\" data-end=\"773\" data-col-size=\"sm\">Przesy\u0142anie danych<\/td>\n<td data-col-size=\"md\" data-start=\"773\" data-end=\"801\">106 kbit\/s szybka \u0142\u0105czno\u015b\u0107 radiowa<\/td>\n<\/tr>\n<tr data-start=\"802\" data-end=\"882\">\n<td data-start=\"802\" data-end=\"813\" data-col-size=\"sm\">Bezpiecze\u0144stwo<\/td>\n<td data-start=\"813\" data-end=\"882\" data-col-size=\"md\">7-bajtowy UID, ochrona has\u0142em, bity blokady, podpis oryginalno\u015bci<\/td>\n<\/tr>\n<tr data-start=\"883\" data-end=\"946\">\n<td data-start=\"883\" data-end=\"894\" data-col-size=\"sm\">Druk<\/td>\n<td data-start=\"894\" data-end=\"946\" data-col-size=\"md\">Sitodruk, pe\u0142nokolorowy CMYK, wyko\u0144czenie b\u0142yszcz\u0105ce\/matowe<\/td>\n<\/tr>\n<tr data-start=\"947\" data-end=\"1028\">\n<td data-start=\"947\" data-end=\"965\" data-col-size=\"sm\">Personalizacja<\/td>\n<td data-col-size=\"md\" data-start=\"965\" data-end=\"1028\">Kod QR\/kreskowy, logo, numer seryjny, mapowanie UID, wst\u0119pne pisanie adresu URL<\/td>\n<\/tr>\n<tr data-start=\"1029\" data-end=\"1091\">\n<td data-start=\"1029\" data-end=\"1041\" data-col-size=\"sm\">Opakowanie<\/td>\n<td data-start=\"1041\" data-end=\"1091\" data-col-size=\"md\">200 szt.\/pude\u0142ko, 2000 szt.\/karton (ok. 13 kg\/karton)<\/td>\n<\/tr>\n<tr data-start=\"1092\" data-end=\"1193\">\n<td data-start=\"1092\" data-end=\"1107\" data-col-size=\"sm\">Aplikacje<\/td>\n<td data-col-size=\"md\" data-start=\"1107\" data-end=\"1193\">Inteligentna reklama, tag NFC produktu, dost\u0119p, demo p\u0142atno\u015bci, logistyka, O2O, SoLoMo<\/td>\n<\/tr>\n<\/tbody>\n<\/table>\n<\/div>\n<\/div>\n<p data-start=\"1195\" data-end=\"1209\"><strong data-start=\"1195\" data-end=\"1207\">Cechy<\/strong><\/p>\n<ul data-start=\"1210\" data-end=\"1498\">\n<li data-start=\"1210\" data-end=\"1272\">\n<p data-start=\"1212\" data-end=\"1272\">Szybki odczyt (FAST_READ) umo\u017cliwiaj\u0105cy pobranie kompletnego pliku NDEF w jednym poleceniu<\/p>\n<\/li>\n<li data-start=\"1273\" data-end=\"1327\">\n<p data-start=\"1275\" data-end=\"1327\">Dobra wydajno\u015b\u0107 RF dla r\u00f3\u017cnych kszta\u0142t\u00f3w\/materia\u0142\u00f3w<\/p>\n<\/li>\n<li data-start=\"1328\" data-end=\"1368\">\n<p data-start=\"1330\" data-end=\"1368\">Blokada tylko do odczytu programowalna w terenie<\/p>\n<\/li>\n<li data-start=\"1369\" data-end=\"1426\">\n<p data-start=\"1371\" data-end=\"1426\">Podpis oryginalno\u015bci oparty na ECC dla autentyczno\u015bci chipa<\/p>\n<\/li>\n<li data-start=\"1427\" data-end=\"1498\">\n<p data-start=\"1429\" data-end=\"1498\">Zabezpieczenie przed kolizjami \u2014 wiele kart NFC mo\u017cna odczytywa\u0107 pojedynczo w terenie<\/p>\n<\/li>\n<\/ul>","protected":false},"excerpt":{"rendered":"<p>Puste, bia\u0142e karty NFC NXP NTAG213 o cz\u0119stotliwo\u015bci 13,56 MHz z pami\u0119ci\u0105 144 B, zgodne ze standardem ISO14443A\/NFC typu 2, obs\u0142uguj\u0105ce drukowanie w pe\u0142nym kolorze i wst\u0119pne kodowanie.<\/p>","protected":false},"featured_media":653,"template":"","meta":{"_gspb_post_css":""},"product_brand":[],"product_cat":[15],"product_tag":[],"class_list":{"0":"post-652","1":"product","2":"type-product","3":"status-publish","4":"has-post-thumbnail","6":"product_cat-rfid-cards","8":"first","9":"instock","10":"shipping-taxable","11":"purchasable","12":"product-type-simple"},"_links":{"self":[{"href":"https:\/\/www.cxjsmartcard.com\/pl\/wp-json\/wp\/v2\/product\/652","targetHints":{"allow":["GET"]}}],"collection":[{"href":"https:\/\/www.cxjsmartcard.com\/pl\/wp-json\/wp\/v2\/product"}],"about":[{"href":"https:\/\/www.cxjsmartcard.com\/pl\/wp-json\/wp\/v2\/types\/product"}],"wp:featuredmedia":[{"embeddable":true,"href":"https:\/\/www.cxjsmartcard.com\/pl\/wp-json\/wp\/v2\/media\/653"}],"wp:attachment":[{"href":"https:\/\/www.cxjsmartcard.com\/pl\/wp-json\/wp\/v2\/media?parent=652"}],"wp:term":[{"taxonomy":"product_brand","embeddable":true,"href":"https:\/\/www.cxjsmartcard.com\/pl\/wp-json\/wp\/v2\/product_brand?post=652"},{"taxonomy":"product_cat","embeddable":true,"href":"https:\/\/www.cxjsmartcard.com\/pl\/wp-json\/wp\/v2\/product_cat?post=652"},{"taxonomy":"product_tag","embeddable":true,"href":"https:\/\/www.cxjsmartcard.com\/pl\/wp-json\/wp\/v2\/product_tag?post=652"}],"curies":[{"name":"wp","href":"https:\/\/api.w.org\/{rel}","templated":true}]}}