{"id":648,"date":"2025-11-01T08:35:32","date_gmt":"2025-11-01T08:35:32","guid":{"rendered":"https:\/\/www.cxjsmartcard.com\/?post_type=product&#038;p=648"},"modified":"2025-12-29T01:27:12","modified_gmt":"2025-12-29T01:27:12","slug":"nxp-mifare-desfire-ev2-2k-4k-8k-rfid-cards","status":"publish","type":"product","link":"https:\/\/www.cxjsmartcard.com\/pl\/nxp-mifare-desfire-ev2-2k-4k-8k-rfid-cards\/","title":{"rendered":"Karty RFID NXP MIFARE DESFire EV2 2K 4K 8K"},"content":{"rendered":"<p data-start=\"49\" data-end=\"396\">Karty zbli\u017ceniowe o wysokim poziomie bezpiecze\u0144stwa 13,56 MHz oparte na NXP MIFARE DESFire EV2, dost\u0119pne z pami\u0119ci\u0105 EEPROM 2K, 4K i 8K. Obs\u0142uguj\u0105 standard ISO\/IEC 14443A, klucze AES\/3DES, delegowane zarz\u0105dzanie aplikacjami (MIsmartApp), kontrol\u0119 zbli\u017ceniow\u0105 oraz VCA dla zapewnienia prywatno\u015bci. Zaprojektowane z my\u015bl\u0105 o projektach z zakresu transportu, kontroli dost\u0119pu, kampus\u00f3w, hotelarstwa i kart miejskich.<\/p>\n<p data-start=\"398\" data-end=\"417\"><strong data-start=\"398\" data-end=\"415\">Specyfikacja<\/strong><\/p>\n<div class=\"_tableContainer_1rjym_1\">\n<div class=\"group _tableWrapper_1rjym_13 flex w-fit flex-col-reverse\" tabindex=\"-1\">\n<table class=\"w-fit min-w-(--thread-content-width)\" data-start=\"418\" data-end=\"1199\">\n<thead data-start=\"418\" data-end=\"436\">\n<tr data-start=\"418\" data-end=\"436\">\n<th data-start=\"418\" data-end=\"425\" data-col-size=\"sm\">Przedmiot<\/th>\n<th data-start=\"425\" data-end=\"436\" data-col-size=\"md\">Bli\u017csze dane<\/th>\n<\/tr>\n<\/thead>\n<tbody data-start=\"447\" data-end=\"1199\">\n<tr data-start=\"447\" data-end=\"480\">\n<td data-start=\"447\" data-end=\"454\" data-col-size=\"sm\">\u017beton<\/td>\n<td data-col-size=\"md\" data-start=\"454\" data-end=\"480\">NXP MIFARE DESFire EV2<\/td>\n<\/tr>\n<tr data-start=\"481\" data-end=\"557\">\n<td data-start=\"481\" data-end=\"498\" data-col-size=\"sm\">Opcje pami\u0119ci<\/td>\n<td data-col-size=\"md\" data-start=\"498\" data-end=\"557\">2K \/ 4K \/ 8K (obs\u0142uguje r\u00f3wnie\u017c wi\u0119ksz\u0105 pami\u0119\u0107 NV w serii)<\/td>\n<\/tr>\n<tr data-start=\"558\" data-end=\"610\">\n<td data-start=\"558\" data-end=\"572\" data-col-size=\"sm\">Standard RF<\/td>\n<td data-col-size=\"md\" data-start=\"572\" data-end=\"610\">ISO\/IEC 14443 Typ A (cz\u0119\u015bci 2\/3\/4)<\/td>\n<\/tr>\n<tr data-start=\"611\" data-end=\"636\">\n<td data-start=\"611\" data-end=\"623\" data-col-size=\"sm\">Cz\u0119stotliwo\u015b\u0107<\/td>\n<td data-col-size=\"md\" data-start=\"623\" data-end=\"636\">13,56 MHz<\/td>\n<\/tr>\n<tr data-start=\"637\" data-end=\"681\">\n<td data-start=\"637\" data-end=\"649\" data-col-size=\"sm\">Szybko\u015b\u0107 transmisji danych<\/td>\n<td data-col-size=\"md\" data-start=\"649\" data-end=\"681\">106 \/ 212 \/ 424 \/ 848 kbit\/s<\/td>\n<\/tr>\n<tr data-start=\"682\" data-end=\"722\">\n<td data-start=\"682\" data-end=\"688\" data-col-size=\"sm\">Identyfikator u\u017cytkownika<\/td>\n<td data-col-size=\"md\" data-start=\"688\" data-end=\"722\">7-bajtowy UID, opcjonalnie losowy ID<\/td>\n<\/tr>\n<tr data-start=\"723\" data-end=\"795\">\n<td data-start=\"723\" data-end=\"737\" data-col-size=\"sm\">System plik\u00f3w<\/td>\n<td data-col-size=\"md\" data-start=\"737\" data-end=\"795\">Do 32 plik\u00f3w na aplikacj\u0119, wiele aplikacji na PICC<\/td>\n<\/tr>\n<tr data-start=\"796\" data-end=\"871\">\n<td data-start=\"796\" data-end=\"807\" data-col-size=\"sm\">Bezpiecze\u0144stwo<\/td>\n<td data-start=\"807\" data-end=\"871\" data-col-size=\"md\">Wsp\u00f3lne kryteria EAL5+, AES-128, 3-przebiegowe uwierzytelnianie wzajemne<\/td>\n<\/tr>\n<tr data-start=\"872\" data-end=\"910\">\n<td data-start=\"872\" data-end=\"883\" data-col-size=\"sm\">Tworzywo<\/td>\n<td data-col-size=\"md\" data-start=\"883\" data-end=\"910\">PVC, ABS, PET, PC, itp.<\/td>\n<\/tr>\n<tr data-start=\"911\" data-end=\"946\">\n<td data-start=\"911\" data-end=\"918\" data-col-size=\"sm\">Rozmiar<\/td>\n<td data-col-size=\"md\" data-start=\"918\" data-end=\"946\">CR80 30mil lub dostosowany<\/td>\n<\/tr>\n<tr data-start=\"947\" data-end=\"985\">\n<td data-start=\"947\" data-end=\"957\" data-col-size=\"sm\">Powierzchnia<\/td>\n<td data-start=\"957\" data-end=\"985\" data-col-size=\"md\">B\u0142yszcz\u0105cy \/ Matowy \/ Mro\u017cony<\/td>\n<\/tr>\n<tr data-start=\"986\" data-end=\"1028\">\n<td data-start=\"986\" data-end=\"998\" data-col-size=\"sm\">Nadaj\u0105cy si\u0119 do druku<\/td>\n<td data-col-size=\"md\" data-start=\"998\" data-end=\"1028\">Termiczny, atramentowy, UV, laserowy<\/td>\n<\/tr>\n<tr data-start=\"1029\" data-end=\"1110\">\n<td data-start=\"1029\" data-end=\"1038\" data-col-size=\"sm\">Rzemie\u015blnictwo<\/td>\n<td data-start=\"1038\" data-end=\"1110\" data-col-size=\"md\">Pasek magnetyczny, kod kreskowy\/QR, panel podpisu, zdrapka, numer seryjny<\/td>\n<\/tr>\n<tr data-start=\"1111\" data-end=\"1199\">\n<td data-start=\"1111\" data-end=\"1128\" data-col-size=\"sm\">Systemy docelowe<\/td>\n<td data-start=\"1128\" data-end=\"1199\" data-col-size=\"md\">Sprzeda\u017c bilet\u00f3w transportowych, konwergencja bankowa, karta miejska, kontrola dost\u0119pu<\/td>\n<\/tr>\n<\/tbody>\n<\/table>\n<\/div>\n<\/div>\n<p data-start=\"1201\" data-end=\"1219\"><strong data-start=\"1201\" data-end=\"1217\">G\u0142\u00f3wne cechy<\/strong><\/p>\n<ul data-start=\"1220\" data-end=\"1537\">\n<li data-start=\"1220\" data-end=\"1251\">\n<p data-start=\"1222\" data-end=\"1251\">Wysoki poziom bezpiecze\u0144stwa (EAL5+)<\/p>\n<\/li>\n<li data-start=\"1252\" data-end=\"1299\">\n<p data-start=\"1254\" data-end=\"1299\">Bezpieczne przesy\u0142anie wiadomo\u015bci AES podobne do MIFARE Plus<\/p>\n<\/li>\n<li data-start=\"1300\" data-end=\"1351\">\n<p data-start=\"1302\" data-end=\"1351\">MIsmartApp do zarz\u0105dzania aplikacjami delegowanymi<\/p>\n<\/li>\n<li data-start=\"1352\" data-end=\"1404\">\n<p data-start=\"1354\" data-end=\"1404\">Transakcja MAC, zabezpieczenie przed rozrywaniem i szybkie przewijanie klawiszy<\/p>\n<\/li>\n<li data-start=\"1405\" data-end=\"1477\">\n<p data-start=\"1407\" data-end=\"1477\">Architektura kart wirtualnych (VCA) dla kart wielodost\u0119pnych\/wielous\u0142ugowych<\/p>\n<\/li>\n<li data-start=\"1478\" data-end=\"1537\">\n<p data-start=\"1480\" data-end=\"1537\">Wsteczna kompatybilno\u015b\u0107 z wcze\u015bniejszymi generacjami DESFire<\/p>\n<\/li>\n<\/ul>","protected":false},"excerpt":{"rendered":"<p>Karty RFID NXP MIFARE DESFire EV2 13,56 MHz (2K\/4K\/8K) z zabezpieczeniami AES, ISO14443A i elastycznym, wielozadaniowym systemem plik\u00f3w na potrzeby kart transportowych, dost\u0119powych i inteligentnych miast.<\/p>","protected":false},"featured_media":649,"template":"","meta":{"_gspb_post_css":""},"product_brand":[],"product_cat":[15],"product_tag":[],"class_list":{"0":"post-648","1":"product","2":"type-product","3":"status-publish","4":"has-post-thumbnail","6":"product_cat-rfid-cards","8":"first","9":"instock","10":"shipping-taxable","11":"purchasable","12":"product-type-simple"},"_links":{"self":[{"href":"https:\/\/www.cxjsmartcard.com\/pl\/wp-json\/wp\/v2\/product\/648","targetHints":{"allow":["GET"]}}],"collection":[{"href":"https:\/\/www.cxjsmartcard.com\/pl\/wp-json\/wp\/v2\/product"}],"about":[{"href":"https:\/\/www.cxjsmartcard.com\/pl\/wp-json\/wp\/v2\/types\/product"}],"wp:featuredmedia":[{"embeddable":true,"href":"https:\/\/www.cxjsmartcard.com\/pl\/wp-json\/wp\/v2\/media\/649"}],"wp:attachment":[{"href":"https:\/\/www.cxjsmartcard.com\/pl\/wp-json\/wp\/v2\/media?parent=648"}],"wp:term":[{"taxonomy":"product_brand","embeddable":true,"href":"https:\/\/www.cxjsmartcard.com\/pl\/wp-json\/wp\/v2\/product_brand?post=648"},{"taxonomy":"product_cat","embeddable":true,"href":"https:\/\/www.cxjsmartcard.com\/pl\/wp-json\/wp\/v2\/product_cat?post=648"},{"taxonomy":"product_tag","embeddable":true,"href":"https:\/\/www.cxjsmartcard.com\/pl\/wp-json\/wp\/v2\/product_tag?post=648"}],"curies":[{"name":"wp","href":"https:\/\/api.w.org\/{rel}","templated":true}]}}