{"id":643,"date":"2025-11-01T08:29:51","date_gmt":"2025-11-01T08:29:51","guid":{"rendered":"https:\/\/www.cxjsmartcard.com\/?post_type=product&#038;p=643"},"modified":"2025-12-29T01:27:12","modified_gmt":"2025-12-29T01:27:12","slug":"nxp-mifare-desfire-ev1-4k-rfid-smart-card-for-access-control","status":"publish","type":"product","link":"https:\/\/www.cxjsmartcard.com\/pl\/nxp-mifare-desfire-ev1-4k-rfid-smart-card-for-access-control\/","title":{"rendered":"Karta inteligentna RFID NXP MIFARE DESFire EV1 4K do kontroli dost\u0119pu"},"content":{"rendered":"<p data-start=\"67\" data-end=\"417\">Bezpieczna karta zbli\u017ceniowa 13,56 MHz z pami\u0119ci\u0105 EEPROM 4 KB oparta na NXP MIFARE DESFire EV1, odpowiednia do kontroli dost\u0119pu, bilet\u00f3w w transporcie publicznym, p\u0142atno\u015bci elektronicznych oraz kart identyfikacyjnych\/lojalno\u015bciowych. Zgodna z norm\u0105 ISO\/IEC 14443 typu A i obs\u0142uguje wiele aplikacji i plik\u00f3w z wzajemnym uwierzytelnianiem trzyetapowym.<\/p>\n<p data-start=\"419\" data-end=\"449\"><strong data-start=\"419\" data-end=\"447\">Dane techniczne<\/strong><\/p>\n<div class=\"_tableContainer_1rjym_1\">\n<div class=\"group _tableWrapper_1rjym_13 flex w-fit flex-col-reverse\" tabindex=\"-1\">\n<table class=\"w-fit min-w-(--thread-content-width)\" data-start=\"450\" data-end=\"1076\">\n<thead data-start=\"450\" data-end=\"471\">\n<tr data-start=\"450\" data-end=\"471\">\n<th data-start=\"450\" data-end=\"460\" data-col-size=\"sm\">Funkcja<\/th>\n<th data-start=\"460\" data-end=\"471\" data-col-size=\"md\">Bli\u017csze dane<\/th>\n<\/tr>\n<\/thead>\n<tbody data-start=\"482\" data-end=\"1076\">\n<tr data-start=\"482\" data-end=\"500\">\n<td data-start=\"482\" data-end=\"493\" data-col-size=\"sm\">Tworzywo<\/td>\n<td data-col-size=\"md\" data-start=\"493\" data-end=\"500\">PCV<\/td>\n<\/tr>\n<tr data-start=\"501\" data-end=\"556\">\n<td data-start=\"501\" data-end=\"513\" data-col-size=\"sm\">Wymiar<\/td>\n<td data-col-size=\"md\" data-start=\"513\" data-end=\"556\">85,6 \u00d7 54 \u00d7 0,88 mm (ISO\/IEC 7810 ID-1)<\/td>\n<\/tr>\n<tr data-start=\"557\" data-end=\"598\">\n<td data-start=\"557\" data-end=\"565\" data-col-size=\"sm\">Kolor<\/td>\n<td data-start=\"565\" data-end=\"598\" data-col-size=\"md\">Bia\u0142y (nadruk personalizowany)<\/td>\n<\/tr>\n<tr data-start=\"599\" data-end=\"624\">\n<td data-start=\"599\" data-end=\"611\" data-col-size=\"sm\">Cz\u0119stotliwo\u015b\u0107<\/td>\n<td data-col-size=\"md\" data-start=\"611\" data-end=\"624\">13,56 MHz<\/td>\n<\/tr>\n<tr data-start=\"625\" data-end=\"661\">\n<td data-start=\"625\" data-end=\"632\" data-col-size=\"sm\">\u017beton<\/td>\n<td data-col-size=\"md\" data-start=\"632\" data-end=\"661\">NXP MIFARE DESFire EV1 4K<\/td>\n<\/tr>\n<tr data-start=\"662\" data-end=\"747\">\n<td data-start=\"662\" data-end=\"671\" data-col-size=\"sm\">Pami\u0119\u0107<\/td>\n<td data-start=\"671\" data-end=\"747\" data-col-size=\"md\">4 KB EEPROM; obs\u0142uguje do 28 aplikacji i 32 plik\u00f3w na aplikacj\u0119<\/td>\n<\/tr>\n<tr data-start=\"748\" data-end=\"820\">\n<td data-start=\"748\" data-end=\"760\" data-col-size=\"sm\">Standardy<\/td>\n<td data-col-size=\"md\" data-start=\"760\" data-end=\"820\">ISO\/IEC 14443 Typ A; ISO\/IEC 7816-4 (polecenia opcjonalne)<\/td>\n<\/tr>\n<tr data-start=\"821\" data-end=\"903\">\n<td data-start=\"821\" data-end=\"832\" data-col-size=\"sm\">Bezpiecze\u0144stwo<\/td>\n<td data-start=\"832\" data-end=\"903\" data-col-size=\"md\">3-przebiegowe uwierzytelnianie wzajemne, zarz\u0105dzanie kopiami zapasowymi na chipie, 7-bajtowy UID<\/td>\n<\/tr>\n<tr data-start=\"904\" data-end=\"946\">\n<td data-start=\"904\" data-end=\"917\" data-col-size=\"sm\">Zakres odczytu<\/td>\n<td data-start=\"917\" data-end=\"946\" data-col-size=\"md\">2\u20135 cm (zale\u017cnie od czytelnika)<\/td>\n<\/tr>\n<tr data-start=\"947\" data-end=\"1076\">\n<td data-start=\"947\" data-end=\"962\" data-col-size=\"sm\">Typowe zastosowania<\/td>\n<td data-col-size=\"md\" data-start=\"962\" data-end=\"1037\">Kontrola dost\u0119pu, transport publiczny, p\u0142atno\u015bci elektroniczne, programy identyfikacyjne i lojalno\u015bciowe<\/td>\n<\/tr>\n<\/tbody>\n<\/table>\n<\/div>\n<\/div>\n<p data-start=\"1078\" data-end=\"1096\"><strong data-start=\"1078\" data-end=\"1094\">G\u0142\u00f3wne cechy<\/strong><\/p>\n<ul data-start=\"1097\" data-end=\"1370\">\n<li data-start=\"1097\" data-end=\"1178\">\n<p data-start=\"1099\" data-end=\"1178\">Wysoki poziom bezpiecze\u0144stwa dzi\u0119ki wzajemnemu uwierzytelnianiu trzyetapowemu i zaawansowanej kryptografii<\/p>\n<\/li>\n<li data-start=\"1179\" data-end=\"1238\">\n<p data-start=\"1181\" data-end=\"1238\">Du\u017cy, elastyczny system plik\u00f3w (obs\u0142uga wielu aplikacji)<\/p>\n<\/li>\n<li data-start=\"1239\" data-end=\"1288\">\n<p data-start=\"1241\" data-end=\"1288\">Otwarte standardy zapewniaj\u0105ce szerok\u0105 kompatybilno\u015b\u0107 z czytelnikami<\/p>\n<\/li>\n<li data-start=\"1289\" data-end=\"1370\">\n<p data-start=\"1291\" data-end=\"1370\">Unikalny 7-bajtowy UID do dywersyfikacji kluczy<\/p>\n<\/li>\n<\/ul>","protected":false},"excerpt":{"rendered":"<p>Karta zbli\u017ceniowa NXP MIFARE DESFire EV1 4K o cz\u0119stotliwo\u015bci 13,56 MHz z norm\u0105 ISO14443A, pami\u0119ci\u0105 4 KB i silnym uwierzytelnianiem na potrzeby dost\u0119pu, transportu i p\u0142atno\u015bci elektronicznych.<\/p>","protected":false},"featured_media":644,"template":"","meta":{"_gspb_post_css":""},"product_brand":[],"product_cat":[15],"product_tag":[],"class_list":{"0":"post-643","1":"product","2":"type-product","3":"status-publish","4":"has-post-thumbnail","6":"product_cat-rfid-cards","8":"first","9":"instock","10":"shipping-taxable","11":"purchasable","12":"product-type-simple"},"_links":{"self":[{"href":"https:\/\/www.cxjsmartcard.com\/pl\/wp-json\/wp\/v2\/product\/643","targetHints":{"allow":["GET"]}}],"collection":[{"href":"https:\/\/www.cxjsmartcard.com\/pl\/wp-json\/wp\/v2\/product"}],"about":[{"href":"https:\/\/www.cxjsmartcard.com\/pl\/wp-json\/wp\/v2\/types\/product"}],"wp:featuredmedia":[{"embeddable":true,"href":"https:\/\/www.cxjsmartcard.com\/pl\/wp-json\/wp\/v2\/media\/644"}],"wp:attachment":[{"href":"https:\/\/www.cxjsmartcard.com\/pl\/wp-json\/wp\/v2\/media?parent=643"}],"wp:term":[{"taxonomy":"product_brand","embeddable":true,"href":"https:\/\/www.cxjsmartcard.com\/pl\/wp-json\/wp\/v2\/product_brand?post=643"},{"taxonomy":"product_cat","embeddable":true,"href":"https:\/\/www.cxjsmartcard.com\/pl\/wp-json\/wp\/v2\/product_cat?post=643"},{"taxonomy":"product_tag","embeddable":true,"href":"https:\/\/www.cxjsmartcard.com\/pl\/wp-json\/wp\/v2\/product_tag?post=643"}],"curies":[{"name":"wp","href":"https:\/\/api.w.org\/{rel}","templated":true}]}}