{"id":637,"date":"2025-11-01T08:26:42","date_gmt":"2025-11-01T08:26:42","guid":{"rendered":"https:\/\/www.cxjsmartcard.com\/?post_type=product&#038;p=637"},"modified":"2025-12-29T01:27:12","modified_gmt":"2025-12-29T01:27:12","slug":"mifare-desfire-ev2-2k-rfid-card","status":"publish","type":"product","link":"https:\/\/www.cxjsmartcard.com\/pl\/mifare-desfire-ev2-2k-rfid-card\/","title":{"rendered":"Karta RFID MIFARE DESFire EV2 2K"},"content":{"rendered":"<p data-start=\"38\" data-end=\"428\">Bezpieczna karta inteligentna zbli\u017ceniowa 13,56 MHz oparta na NXP MIFARE DESFire EV2 2K, przeznaczona do wielu zastosowa\u0144: sprzeda\u017cy bilet\u00f3w, transportu, kontroli dost\u0119pu, hotelarstwa, kampus\u00f3w, p\u0142atno\u015bci bezgot\u00f3wkowych i inteligentnych us\u0142ug miejskich. Zgodna z norm\u0105 ISO\/IEC 14443A, obs\u0142uguje du\u017c\u0105 pr\u0119dko\u015b\u0107 transmisji danych do 848 kb\/s, poziom bezpiecze\u0144stwa Common Criteria EAL5+ oraz elastyczne zarz\u0105dzanie plikami\/aplikacjami.<\/p>\n<p data-start=\"430\" data-end=\"449\"><strong data-start=\"430\" data-end=\"447\">Specyfikacja<\/strong><\/p>\n<div class=\"_tableContainer_1rjym_1\">\n<div class=\"group _tableWrapper_1rjym_13 flex w-fit flex-col-reverse\" tabindex=\"-1\">\n<table class=\"w-fit min-w-(--thread-content-width)\" data-start=\"450\" data-end=\"1095\">\n<thead data-start=\"450\" data-end=\"468\">\n<tr data-start=\"450\" data-end=\"468\">\n<th data-start=\"450\" data-end=\"457\" data-col-size=\"sm\">Przedmiot<\/th>\n<th data-start=\"457\" data-end=\"468\" data-col-size=\"md\">Bli\u017csze dane<\/th>\n<\/tr>\n<\/thead>\n<tbody data-start=\"479\" data-end=\"1095\">\n<tr data-start=\"479\" data-end=\"511\">\n<td data-start=\"479\" data-end=\"486\" data-col-size=\"sm\">\u017beton<\/td>\n<td data-col-size=\"md\" data-start=\"486\" data-end=\"511\">MIFARE DESFire EV2 2K<\/td>\n<\/tr>\n<tr data-start=\"512\" data-end=\"542\">\n<td data-start=\"512\" data-end=\"521\" data-col-size=\"sm\">Pami\u0119\u0107<\/td>\n<td data-col-size=\"md\" data-start=\"521\" data-end=\"542\">2 KB pami\u0119ci NV<\/td>\n<\/tr>\n<tr data-start=\"543\" data-end=\"609\">\n<td data-start=\"543\" data-end=\"569\" data-col-size=\"sm\">Standardowy \/ Interfejs RF<\/td>\n<td data-col-size=\"md\" data-start=\"569\" data-end=\"609\">ISO\/IEC 14443 Typ A (Cz\u0119\u015bci 2, 3, 4)<\/td>\n<\/tr>\n<tr data-start=\"610\" data-end=\"635\">\n<td data-start=\"610\" data-end=\"622\" data-col-size=\"sm\">Cz\u0119stotliwo\u015b\u0107<\/td>\n<td data-col-size=\"md\" data-start=\"622\" data-end=\"635\">13,56 MHz<\/td>\n<\/tr>\n<tr data-start=\"636\" data-end=\"680\">\n<td data-start=\"636\" data-end=\"648\" data-col-size=\"sm\">Szybko\u015b\u0107 transmisji danych<\/td>\n<td data-col-size=\"md\" data-start=\"648\" data-end=\"680\">106 \/ 212 \/ 424 \/ 848 kbit\/s<\/td>\n<\/tr>\n<tr data-start=\"681\" data-end=\"736\">\n<td data-start=\"681\" data-end=\"687\" data-col-size=\"sm\">Identyfikator u\u017cytkownika<\/td>\n<td data-start=\"687\" data-end=\"736\" data-col-size=\"md\">7-bajtowy unikatowy identyfikator (obs\u0142uguje losowe ID)<\/td>\n<\/tr>\n<tr data-start=\"737\" data-end=\"777\">\n<td data-start=\"737\" data-end=\"744\" data-col-size=\"sm\">Rozmiar<\/td>\n<td data-start=\"744\" data-end=\"777\" data-col-size=\"md\">85,5 \u00d7 54 mm (CR80) lub niestandardowe<\/td>\n<\/tr>\n<tr data-start=\"778\" data-end=\"830\">\n<td data-start=\"778\" data-end=\"791\" data-col-size=\"sm\">Zakres odczytu<\/td>\n<td data-col-size=\"md\" data-start=\"791\" data-end=\"830\">0\u201310 cm (w zale\u017cno\u015bci od czytnika\/anteny)<\/td>\n<\/tr>\n<tr data-start=\"831\" data-end=\"868\">\n<td data-start=\"831\" data-end=\"849\" data-col-size=\"sm\">Napisz wytrzyma\u0142o\u015b\u0107<\/td>\n<td data-col-size=\"md\" data-start=\"849\" data-end=\"868\">\u2265500 000 cykli<\/td>\n<\/tr>\n<tr data-start=\"869\" data-end=\"898\">\n<td data-start=\"869\" data-end=\"886\" data-col-size=\"sm\">Przechowywanie danych<\/td>\n<td data-col-size=\"md\" data-start=\"886\" data-end=\"898\">25 lat<\/td>\n<\/tr>\n<tr data-start=\"899\" data-end=\"942\">\n<td data-start=\"899\" data-end=\"910\" data-col-size=\"sm\">Tworzywo<\/td>\n<td data-start=\"910\" data-end=\"942\" data-col-size=\"md\">PVC (niestandardowe: PET, PET-G, PC)<\/td>\n<\/tr>\n<tr data-start=\"943\" data-end=\"1010\">\n<td data-start=\"943\" data-end=\"954\" data-col-size=\"sm\">Druk<\/td>\n<td data-start=\"954\" data-end=\"1010\" data-col-size=\"md\">Offset CMYK, sitodruk, personalizacja, kod QR\/kreskowy<\/td>\n<\/tr>\n<tr data-start=\"1011\" data-end=\"1095\">\n<td data-start=\"1011\" data-end=\"1020\" data-col-size=\"sm\">Rzemie\u015blnictwo<\/td>\n<td data-start=\"1020\" data-end=\"1095\" data-col-size=\"md\">Numer seryjny, pasek magnetyczny, wyt\u0142oczenie\/wkl\u0119s\u0142o\u015b\u0107, kod laserowy, t\u0142oczenie na gor\u0105co<\/td>\n<\/tr>\n<\/tbody>\n<\/table>\n<\/div>\n<\/div>\n<p data-start=\"1097\" data-end=\"1116\"><strong data-start=\"1097\" data-end=\"1114\">G\u0142\u00f3wne funkcje<\/strong><\/p>\n<div class=\"_tableContainer_1rjym_1\">\n<div class=\"group _tableWrapper_1rjym_13 flex w-fit flex-col-reverse\" tabindex=\"-1\">\n<table class=\"w-fit min-w-(--thread-content-width)\" data-start=\"1117\" data-end=\"1682\">\n<thead data-start=\"1117\" data-end=\"1142\">\n<tr data-start=\"1117\" data-end=\"1142\">\n<th data-start=\"1117\" data-end=\"1127\" data-col-size=\"sm\">Funkcja<\/th>\n<th data-start=\"1127\" data-end=\"1142\" data-col-size=\"md\">Opis<\/th>\n<\/tr>\n<\/thead>\n<tbody data-start=\"1153\" data-end=\"1682\">\n<tr data-start=\"1153\" data-end=\"1250\">\n<td data-start=\"1153\" data-end=\"1173\" data-col-size=\"sm\">Wielozadaniowo\u015b\u0107<\/td>\n<td data-col-size=\"md\" data-start=\"1173\" data-end=\"1250\">Praktycznie nieograniczona liczba aplikacji na kart\u0119; do 32 plik\u00f3w na aplikacj\u0119<\/td>\n<\/tr>\n<tr data-start=\"1251\" data-end=\"1334\">\n<td data-start=\"1251\" data-end=\"1273\" data-col-size=\"sm\">Bezpieczna architektura<\/td>\n<td data-start=\"1273\" data-end=\"1334\" data-col-size=\"md\">Klucze AES (128-bitowe) i 3DES, wzajemne uwierzytelnianie 3-przebiegowe<\/td>\n<\/tr>\n<tr data-start=\"1335\" data-end=\"1394\">\n<td data-start=\"1335\" data-end=\"1353\" data-col-size=\"sm\">Transakcja MAC<\/td>\n<td data-col-size=\"md\" data-start=\"1353\" data-end=\"1394\">Zapewnia integralno\u015b\u0107 ka\u017cdej transakcji<\/td>\n<\/tr>\n<tr data-start=\"1395\" data-end=\"1466\">\n<td data-start=\"1395\" data-end=\"1408\" data-col-size=\"sm\">Aplikacja MIsmartApp<\/td>\n<td data-start=\"1408\" data-end=\"1466\" data-col-size=\"md\">Delegowane zarz\u0105dzanie aplikacjami dla operator\u00f3w us\u0142ug<\/td>\n<\/tr>\n<tr data-start=\"1467\" data-end=\"1521\">\n<td data-start=\"1467\" data-end=\"1485\" data-col-size=\"sm\">Kontrola zbli\u017ceniowa<\/td>\n<td data-col-size=\"md\" data-start=\"1485\" data-end=\"1521\">Ochrona przed atakami przeka\u017anikowymi<\/td>\n<\/tr>\n<tr data-start=\"1522\" data-end=\"1601\">\n<td data-start=\"1522\" data-end=\"1556\" data-col-size=\"sm\">VCA (architektura kart wirtualnych)<\/td>\n<td data-col-size=\"md\" data-start=\"1556\" data-end=\"1601\">Lepsza prywatno\u015b\u0107 i separacja aplikacji<\/td>\n<\/tr>\n<tr data-start=\"1602\" data-end=\"1682\">\n<td data-start=\"1602\" data-end=\"1627\" data-col-size=\"sm\">Wsparcie ISO\/IEC 7816-4<\/td>\n<td data-col-size=\"md\" data-start=\"1627\" data-end=\"1682\">APDU i struktura plik\u00f3w dla \u0142atwej integracji systemu<\/td>\n<\/tr>\n<\/tbody>\n<\/table>\n<\/div>\n<\/div>\n<p data-start=\"1684\" data-end=\"1711\"><strong data-start=\"1684\" data-end=\"1709\">Scenariusze zastosowa\u0144<\/strong><\/p>\n<ul data-start=\"1712\" data-end=\"1963\">\n<li data-start=\"1712\" data-end=\"1764\">\n<p data-start=\"1714\" data-end=\"1764\">Transport publiczny, bilety elektroniczne, rejestracja czasu pracy<\/p>\n<\/li>\n<li data-start=\"1765\" data-end=\"1803\">\n<p data-start=\"1767\" data-end=\"1803\">Dost\u0119p do kampusu \/ przedsi\u0119biorstwa \/ hotelu<\/p>\n<\/li>\n<li data-start=\"1804\" data-end=\"1848\">\n<p data-start=\"1806\" data-end=\"1848\">Sprzeda\u017c bezgot\u00f3wkowa i p\u0142atno\u015bci w obiegu zamkni\u0119tym<\/p>\n<\/li>\n<li data-start=\"1849\" data-end=\"1909\">\n<p data-start=\"1851\" data-end=\"1909\">Karta miejska obejmuj\u0105ca parking, wsp\u00f3\u0142dzielenie rower\u00f3w\/samochod\u00f3w i bibliotek\u0119<\/p>\n<\/li>\n<li data-start=\"1910\" data-end=\"1963\">\n<p data-start=\"1912\" data-end=\"1963\">Karty lojalno\u015bciowe, na wydarzenia i aktywacyjne w mediach spo\u0142eczno\u015bciowych<\/p>\n<\/li>\n<\/ul>","protected":false},"excerpt":{"rendered":"<p>Karta RFID MIFARE DESFire EV2 2K 13,56 MHz o wysokim poziomie bezpiecze\u0144stwa z technologi\u0105 AES, du\u017c\u0105 szybko\u015bci\u0105 transmisji danych i obs\u0142ug\u0105 wielu zastosowa\u0144 w transporcie, kontroli dost\u0119pu i projektach inteligentnych miast.<\/p>","protected":false},"featured_media":638,"template":"","meta":{"_gspb_post_css":""},"product_brand":[],"product_cat":[15],"product_tag":[],"class_list":{"0":"post-637","1":"product","2":"type-product","3":"status-publish","4":"has-post-thumbnail","6":"product_cat-rfid-cards","8":"first","9":"instock","10":"shipping-taxable","11":"purchasable","12":"product-type-simple"},"_links":{"self":[{"href":"https:\/\/www.cxjsmartcard.com\/pl\/wp-json\/wp\/v2\/product\/637","targetHints":{"allow":["GET"]}}],"collection":[{"href":"https:\/\/www.cxjsmartcard.com\/pl\/wp-json\/wp\/v2\/product"}],"about":[{"href":"https:\/\/www.cxjsmartcard.com\/pl\/wp-json\/wp\/v2\/types\/product"}],"wp:featuredmedia":[{"embeddable":true,"href":"https:\/\/www.cxjsmartcard.com\/pl\/wp-json\/wp\/v2\/media\/638"}],"wp:attachment":[{"href":"https:\/\/www.cxjsmartcard.com\/pl\/wp-json\/wp\/v2\/media?parent=637"}],"wp:term":[{"taxonomy":"product_brand","embeddable":true,"href":"https:\/\/www.cxjsmartcard.com\/pl\/wp-json\/wp\/v2\/product_brand?post=637"},{"taxonomy":"product_cat","embeddable":true,"href":"https:\/\/www.cxjsmartcard.com\/pl\/wp-json\/wp\/v2\/product_cat?post=637"},{"taxonomy":"product_tag","embeddable":true,"href":"https:\/\/www.cxjsmartcard.com\/pl\/wp-json\/wp\/v2\/product_tag?post=637"}],"curies":[{"name":"wp","href":"https:\/\/api.w.org\/{rel}","templated":true}]}}