{"id":632,"date":"2025-11-01T08:24:27","date_gmt":"2025-11-01T08:24:27","guid":{"rendered":"https:\/\/www.cxjsmartcard.com\/?post_type=product&#038;p=632"},"modified":"2025-12-29T01:27:12","modified_gmt":"2025-12-29T01:27:12","slug":"mifare-classic-ev1-1k-nfc-blank-white-rfid-card","status":"publish","type":"product","link":"https:\/\/www.cxjsmartcard.com\/pl\/mifare-classic-ev1-1k-nfc-blank-white-rfid-card\/","title":{"rendered":"Karta RFID MIFARE Classic EV1 1K NFC Blank White"},"content":{"rendered":"<p data-start=\"54\" data-end=\"430\">Karta RFID MIFARE Classic EV1 1K, bia\u0142a, pusta, 13,56 MHz, do kontroli dost\u0119pu, identyfikacji, p\u0142atno\u015bci bezgot\u00f3wkowych, rejestracji czasu pracy, hoteli, szk\u00f3\u0142, klub\u00f3w\/spa, turystyki, opieki zdrowotnej, supermarket\u00f3w, parking\u00f3w, promocji i zarz\u0105dzania cz\u0142onkostwem. Standardowy rozmiar karty kredytowej, wytrzyma\u0142e tworzywo PVC i wysokiej jako\u015bci antena zapewniaj\u0105 stabilny odczyt.<\/p>\n<p data-start=\"432\" data-end=\"457\"><strong data-start=\"432\" data-end=\"455\">Parametry fizyczne<\/strong><\/p>\n<div class=\"_tableContainer_1rjym_1\">\n<div class=\"group _tableWrapper_1rjym_13 flex w-fit flex-col-reverse\" tabindex=\"-1\">\n<table class=\"w-fit min-w-(--thread-content-width)\" data-start=\"458\" data-end=\"815\">\n<thead data-start=\"458\" data-end=\"476\">\n<tr data-start=\"458\" data-end=\"476\">\n<th data-start=\"458\" data-end=\"465\" data-col-size=\"sm\">Przedmiot<\/th>\n<th data-start=\"465\" data-end=\"476\" data-col-size=\"md\">Bli\u017csze dane<\/th>\n<\/tr>\n<\/thead>\n<tbody data-start=\"487\" data-end=\"815\">\n<tr data-start=\"487\" data-end=\"521\">\n<td data-start=\"487\" data-end=\"498\" data-col-size=\"sm\">Tworzywo<\/td>\n<td data-col-size=\"md\" data-start=\"498\" data-end=\"521\">PVC \/ PET \/ Bio-PCW<\/td>\n<\/tr>\n<tr data-start=\"522\" data-end=\"574\">\n<td data-start=\"522\" data-end=\"537\" data-col-size=\"sm\">Typ anteny<\/td>\n<td data-start=\"537\" data-end=\"574\" data-col-size=\"md\">Antena miedziana \/ Antena aluminiowa<\/td>\n<\/tr>\n<tr data-start=\"575\" data-end=\"620\">\n<td data-start=\"575\" data-end=\"582\" data-col-size=\"sm\">Rozmiar<\/td>\n<td data-start=\"582\" data-end=\"620\" data-col-size=\"md\">85,5 \u00d7 54 \u00d7 0,85 mm (mo\u017cliwo\u015b\u0107 dostosowania)<\/td>\n<\/tr>\n<tr data-start=\"621\" data-end=\"644\">\n<td data-start=\"621\" data-end=\"629\" data-col-size=\"sm\">Kolor<\/td>\n<td data-col-size=\"md\" data-start=\"629\" data-end=\"644\">Pusty bia\u0142y<\/td>\n<\/tr>\n<tr data-start=\"645\" data-end=\"672\">\n<td data-start=\"645\" data-end=\"659\" data-col-size=\"sm\">Waga karty<\/td>\n<td data-col-size=\"md\" data-start=\"659\" data-end=\"672\">6 g\/sztuka<\/td>\n<\/tr>\n<tr data-start=\"673\" data-end=\"718\">\n<td data-start=\"673\" data-end=\"690\" data-col-size=\"sm\">Wyko\u0144czenie powierzchni<\/td>\n<td data-start=\"690\" data-end=\"718\" data-col-size=\"md\">B\u0142yszcz\u0105cy \/ Matowy \/ Mro\u017cony<\/td>\n<\/tr>\n<tr data-start=\"719\" data-end=\"815\">\n<td data-start=\"719\" data-end=\"731\" data-col-size=\"sm\">Opakowanie<\/td>\n<td data-col-size=\"md\" data-start=\"731\" data-end=\"815\">200 szt.\/pude\u0142ko (22,2 \u00d7 9 \u00d7 5,4 cm), 2000 szt.\/karton (49 \u00d7 24,5 \u00d7 13 cm), waga jednostkowa 14 kg<\/td>\n<\/tr>\n<\/tbody>\n<\/table>\n<\/div>\n<\/div>\n<p data-start=\"817\" data-end=\"844\"><strong data-start=\"817\" data-end=\"842\">Parametry elektryczne<\/strong><\/p>\n<div class=\"_tableContainer_1rjym_1\">\n<div class=\"group _tableWrapper_1rjym_13 flex w-fit flex-col-reverse\" tabindex=\"-1\">\n<table class=\"w-fit min-w-(--thread-content-width)\" data-start=\"845\" data-end=\"1111\">\n<thead data-start=\"845\" data-end=\"863\">\n<tr data-start=\"845\" data-end=\"863\">\n<th data-start=\"845\" data-end=\"852\" data-col-size=\"sm\">Przedmiot<\/th>\n<th data-start=\"852\" data-end=\"863\" data-col-size=\"sm\">Bli\u017csze dane<\/th>\n<\/tr>\n<\/thead>\n<tbody data-start=\"874\" data-end=\"1111\">\n<tr data-start=\"874\" data-end=\"898\">\n<td data-start=\"874\" data-end=\"885\" data-col-size=\"sm\">Protok\u00f3\u0142<\/td>\n<td data-col-size=\"sm\" data-start=\"885\" data-end=\"898\">ISO14443A<\/td>\n<\/tr>\n<tr data-start=\"899\" data-end=\"924\">\n<td data-start=\"899\" data-end=\"911\" data-col-size=\"sm\">Cz\u0119stotliwo\u015b\u0107<\/td>\n<td data-start=\"911\" data-end=\"924\" data-col-size=\"sm\">13,56 MHz<\/td>\n<\/tr>\n<tr data-start=\"925\" data-end=\"958\">\n<td data-start=\"925\" data-end=\"932\" data-col-size=\"sm\">\u017beton<\/td>\n<td data-start=\"932\" data-end=\"958\" data-col-size=\"sm\">MIFARE Classic\u00ae EV1 1K<\/td>\n<\/tr>\n<tr data-start=\"959\" data-end=\"980\">\n<td data-start=\"959\" data-end=\"968\" data-col-size=\"sm\">Pami\u0119\u0107<\/td>\n<td data-start=\"968\" data-end=\"980\" data-col-size=\"sm\">1K bajt\u00f3w<\/td>\n<\/tr>\n<tr data-start=\"981\" data-end=\"1020\">\n<td data-start=\"981\" data-end=\"1001\" data-col-size=\"sm\">Cykle odczytu\/zapisu<\/td>\n<td data-col-size=\"sm\" data-start=\"1001\" data-end=\"1020\">1 000 000 razy<\/td>\n<\/tr>\n<tr data-start=\"1021\" data-end=\"1084\">\n<td data-start=\"1021\" data-end=\"1040\" data-col-size=\"sm\">Odleg\u0142o\u015b\u0107 czytania<\/td>\n<td data-col-size=\"sm\" data-start=\"1040\" data-end=\"1084\">2\u20136 cm (w zale\u017cno\u015bci od czytelnika i \u015brodowiska)<\/td>\n<\/tr>\n<tr data-start=\"1085\" data-end=\"1111\">\n<td data-start=\"1085\" data-end=\"1099\" data-col-size=\"sm\">Certyfikat<\/td>\n<td data-col-size=\"sm\" data-start=\"1099\" data-end=\"1111\">CE, RoHS<\/td>\n<\/tr>\n<\/tbody>\n<\/table>\n<\/div>\n<\/div>\n<p data-start=\"1113\" data-end=\"1140\"><strong data-start=\"1113\" data-end=\"1138\">Materia\u0142 i trwa\u0142o\u015b\u0107<\/strong><\/p>\n<ul data-start=\"1141\" data-end=\"1413\">\n<li data-start=\"1141\" data-end=\"1171\">\n<p data-start=\"1143\" data-end=\"1171\">Standardowa grubo\u015b\u0107 0,84 mm<\/p>\n<\/li>\n<li data-start=\"1172\" data-end=\"1248\">\n<p data-start=\"1174\" data-end=\"1248\">100% dziewiczy PVC, odporny na sk\u0142adanie, nietoksyczny, odporny na korozj\u0119 i \u015bcieranie<\/p>\n<\/li>\n<li data-start=\"1249\" data-end=\"1318\">\n<p data-start=\"1251\" data-end=\"1318\">Zgodno\u015b\u0107 z dyrektyw\u0105 RoHS\/REACH dla zastosowa\u0144 d\u0142ugoterminowych i wymagaj\u0105cych du\u017cego obci\u0105\u017cenia<\/p>\n<\/li>\n<li data-start=\"1319\" data-end=\"1413\">\n<p data-start=\"1321\" data-end=\"1413\">Nadaje si\u0119 do drukowania, personalizacji i kodowania<\/p>\n<\/li>\n<\/ul>\n<p data-start=\"1415\" data-end=\"1457\"><strong data-start=\"1415\" data-end=\"1455\">Dost\u0119pne drukowanie i personalizacja<\/strong><\/p>\n<ul data-start=\"1458\" data-end=\"1726\">\n<li data-start=\"1458\" data-end=\"1481\">\n<p data-start=\"1460\" data-end=\"1481\">Kody kreskowe \/ kody QR<\/p>\n<\/li>\n<li data-start=\"1482\" data-end=\"1521\">\n<p data-start=\"1484\" data-end=\"1521\">Wyko\u0144czenia kart i opcje grubo\u015bci<\/p>\n<\/li>\n<li data-start=\"1522\" data-end=\"1537\">\n<p data-start=\"1524\" data-end=\"1537\">Wycinanie matrycowe<\/p>\n<\/li>\n<li data-start=\"1538\" data-end=\"1563\">\n<p data-start=\"1540\" data-end=\"1563\">T\u0142oczenie i numerowanie<\/p>\n<\/li>\n<li data-start=\"1564\" data-end=\"1588\">\n<p data-start=\"1566\" data-end=\"1588\">Kodowanie chipa\/sektora<\/p>\n<\/li>\n<li data-start=\"1589\" data-end=\"1617\">\n<p data-start=\"1591\" data-end=\"1617\">T\u0142oczenie foli\u0105 \/ metaliczne<\/p>\n<\/li>\n<li data-start=\"1618\" data-end=\"1661\">\n<p data-start=\"1620\" data-end=\"1661\">Panel UV punktowy \/ zdrapkowy \/ z podpisem<\/p>\n<\/li>\n<li data-start=\"1662\" data-end=\"1726\">\n<p data-start=\"1664\" data-end=\"1726\">Drukowanie zmiennych danych<\/p>\n<\/li>\n<\/ul>","protected":false},"excerpt":{"rendered":"<p>Pusta, bia\u0142a karta RFID 13,56 MHz MIFARE Classic EV1 1K PVC do kontroli dost\u0119pu i cz\u0142onkostwa, zgodna z norm\u0105 ISO14443A, trwa\u0142a i gotowa do niestandardowego zadruku\/kodowania.<\/p>","protected":false},"featured_media":634,"template":"","meta":{"_gspb_post_css":""},"product_brand":[],"product_cat":[15],"product_tag":[],"class_list":{"0":"post-632","1":"product","2":"type-product","3":"status-publish","4":"has-post-thumbnail","6":"product_cat-rfid-cards","8":"first","9":"instock","10":"shipping-taxable","11":"purchasable","12":"product-type-simple"},"_links":{"self":[{"href":"https:\/\/www.cxjsmartcard.com\/pl\/wp-json\/wp\/v2\/product\/632","targetHints":{"allow":["GET"]}}],"collection":[{"href":"https:\/\/www.cxjsmartcard.com\/pl\/wp-json\/wp\/v2\/product"}],"about":[{"href":"https:\/\/www.cxjsmartcard.com\/pl\/wp-json\/wp\/v2\/types\/product"}],"wp:featuredmedia":[{"embeddable":true,"href":"https:\/\/www.cxjsmartcard.com\/pl\/wp-json\/wp\/v2\/media\/634"}],"wp:attachment":[{"href":"https:\/\/www.cxjsmartcard.com\/pl\/wp-json\/wp\/v2\/media?parent=632"}],"wp:term":[{"taxonomy":"product_brand","embeddable":true,"href":"https:\/\/www.cxjsmartcard.com\/pl\/wp-json\/wp\/v2\/product_brand?post=632"},{"taxonomy":"product_cat","embeddable":true,"href":"https:\/\/www.cxjsmartcard.com\/pl\/wp-json\/wp\/v2\/product_cat?post=632"},{"taxonomy":"product_tag","embeddable":true,"href":"https:\/\/www.cxjsmartcard.com\/pl\/wp-json\/wp\/v2\/product_tag?post=632"}],"curies":[{"name":"wp","href":"https:\/\/api.w.org\/{rel}","templated":true}]}}