{"id":627,"date":"2025-11-01T08:22:49","date_gmt":"2025-11-01T08:22:49","guid":{"rendered":"https:\/\/www.cxjsmartcard.com\/?post_type=product&#038;p=627"},"modified":"2025-12-29T01:27:12","modified_gmt":"2025-12-29T01:27:12","slug":"iso-15693-icode-sli-rfid-smart-nfc-card","status":"publish","type":"product","link":"https:\/\/www.cxjsmartcard.com\/pl\/iso-15693-icode-sli-rfid-smart-nfc-card\/","title":{"rendered":"Karta inteligentna RFID NFC ISO 15693 ICODE SLI"},"content":{"rendered":"<p data-start=\"46\" data-end=\"378\">Wydajna, inteligentna karta NFC RFID z serii ICODE SLI\/SLIX, zgodna z norm\u0105 ISO 15693, dzia\u0142aj\u0105ca z cz\u0119stotliwo\u015bci\u0105 13,56 MHz, charakteryzuj\u0105ca si\u0119 du\u017cym zasi\u0119giem odczytu, prawdziw\u0105 ochron\u0105 antykolizyjn\u0105 i pami\u0119ci\u0105 chronion\u0105 has\u0142em. Idealna do kontroli dost\u0119pu, kart zamk\u00f3w hotelowych, zarz\u0105dzania spo\u0142eczno\u015bci\u0105, tagowania przemys\u0142owego, \u015bledzenia zasob\u00f3w bibliotecznych i wizyt\u00f3wek.<\/p>\n<p data-start=\"380\" data-end=\"399\"><strong data-start=\"380\" data-end=\"397\">Specyfikacja<\/strong><\/p>\n<div class=\"_tableContainer_1rjym_1\">\n<div class=\"group _tableWrapper_1rjym_13 flex w-fit flex-col-reverse\" tabindex=\"-1\">\n<table class=\"w-fit min-w-(--thread-content-width)\" data-start=\"400\" data-end=\"1127\">\n<thead data-start=\"400\" data-end=\"418\">\n<tr data-start=\"400\" data-end=\"418\">\n<th data-start=\"400\" data-end=\"407\" data-col-size=\"sm\">Przedmiot<\/th>\n<th data-start=\"407\" data-end=\"418\" data-col-size=\"md\">Bli\u017csze dane<\/th>\n<\/tr>\n<\/thead>\n<tbody data-start=\"429\" data-end=\"1127\">\n<tr data-start=\"429\" data-end=\"487\">\n<td data-start=\"429\" data-end=\"444\" data-col-size=\"sm\">Nazwa produktu<\/td>\n<td data-start=\"444\" data-end=\"487\" data-col-size=\"md\">Karta inteligentna RFID NFC ISO 15693 ICODE SLI<\/td>\n<\/tr>\n<tr data-start=\"488\" data-end=\"522\">\n<td data-start=\"488\" data-end=\"499\" data-col-size=\"sm\">Tworzywo<\/td>\n<td data-start=\"499\" data-end=\"522\" data-col-size=\"md\">Materia\u0142 PVC lub OEM<\/td>\n<\/tr>\n<tr data-start=\"523\" data-end=\"577\">\n<td data-start=\"523\" data-end=\"530\" data-col-size=\"sm\">Rozmiar<\/td>\n<td data-start=\"530\" data-end=\"577\" data-col-size=\"md\">85,5 \u00d7 54 \u00d7 0,86 mm (akceptowane rozmiary niestandardowe)<\/td>\n<\/tr>\n<tr data-start=\"578\" data-end=\"636\">\n<td data-start=\"578\" data-end=\"593\" data-col-size=\"sm\">Opcje na \u017cetony<\/td>\n<td data-start=\"593\" data-end=\"636\" data-col-size=\"md\">ICODE SLI-S, ICODE SLIX-L, ICODE SLIX-S<\/td>\n<\/tr>\n<tr data-start=\"637\" data-end=\"676\">\n<td data-start=\"637\" data-end=\"648\" data-col-size=\"sm\">Protok\u00f3\u0142<\/td>\n<td data-start=\"648\" data-end=\"676\" data-col-size=\"md\">ISO\/IEC 15693 (okolice)<\/td>\n<\/tr>\n<tr data-start=\"677\" data-end=\"702\">\n<td data-start=\"677\" data-end=\"689\" data-col-size=\"sm\">Cz\u0119stotliwo\u015b\u0107<\/td>\n<td data-start=\"689\" data-end=\"702\" data-col-size=\"md\">13,56 MHz<\/td>\n<\/tr>\n<tr data-start=\"703\" data-end=\"778\">\n<td data-start=\"703\" data-end=\"712\" data-col-size=\"sm\">Pami\u0119\u0107<\/td>\n<td data-start=\"712\" data-end=\"778\" data-col-size=\"md\">1024 bity (32 bloki \u00d7 4 bajty) lub 2048 bit\u00f3w w zale\u017cno\u015bci od uk\u0142adu<\/td>\n<\/tr>\n<tr data-start=\"779\" data-end=\"814\">\n<td data-start=\"779\" data-end=\"795\" data-col-size=\"sm\">Przesy\u0142anie danych<\/td>\n<td data-start=\"795\" data-end=\"814\" data-col-size=\"md\">Do 53 kbit\/s<\/td>\n<\/tr>\n<tr data-start=\"815\" data-end=\"882\">\n<td data-start=\"815\" data-end=\"837\" data-col-size=\"sm\">Odleg\u0142o\u015b\u0107 odczytu\/zapisu<\/td>\n<td data-start=\"837\" data-end=\"882\" data-col-size=\"md\">Do 1,5 m (w zale\u017cno\u015bci od czytnika i anteny)<\/td>\n<\/tr>\n<tr data-start=\"883\" data-end=\"927\">\n<td data-start=\"883\" data-end=\"891\" data-col-size=\"sm\">Moc<\/td>\n<td data-start=\"891\" data-end=\"927\" data-col-size=\"md\">Bezdotykowo, nie wymaga baterii<\/td>\n<\/tr>\n<tr data-start=\"928\" data-end=\"986\">\n<td data-start=\"928\" data-end=\"939\" data-col-size=\"sm\">Druk<\/td>\n<td data-start=\"939\" data-end=\"986\" data-col-size=\"md\">Druk offsetowy \/ Sitodruk \/ Cyfrowy \/ UV<\/td>\n<\/tr>\n<tr data-start=\"987\" data-end=\"1040\">\n<td data-start=\"987\" data-end=\"1007\" data-col-size=\"sm\">Wsparcie techniczne<\/td>\n<td data-start=\"1007\" data-end=\"1040\" data-col-size=\"md\">Kodowanie chipa, konfiguracja has\u0142a<\/td>\n<\/tr>\n<tr data-start=\"1041\" data-end=\"1127\">\n<td data-start=\"1041\" data-end=\"1056\" data-col-size=\"sm\">Aplikacje<\/td>\n<td data-start=\"1056\" data-end=\"1127\" data-col-size=\"md\">Kontrola dost\u0119pu, karta hotelowa, zarz\u0105dzanie spo\u0142eczno\u015bci\u0105, wizyt\u00f3wka, EAS<\/td>\n<\/tr>\n<\/tbody>\n<\/table>\n<\/div>\n<\/div>\n<p data-start=\"1129\" data-end=\"1158\"><strong data-start=\"1129\" data-end=\"1156\">Interfejs RF i funkcje<\/strong><\/p>\n<ul data-start=\"1159\" data-end=\"1484\">\n<li data-start=\"1159\" data-end=\"1203\">\n<p data-start=\"1161\" data-end=\"1203\">Bezkontaktowa transmisja danych i energii<\/p>\n<\/li>\n<li data-start=\"1204\" data-end=\"1238\">\n<p data-start=\"1206\" data-end=\"1238\">Zasi\u0119g dzia\u0142ania do 1,5 m<\/p>\n<\/li>\n<li data-start=\"1239\" data-end=\"1283\">\n<p data-start=\"1241\" data-end=\"1283\">16-bitowy CRC, ramkowanie, wysoka integralno\u015b\u0107 danych<\/p>\n<\/li>\n<li data-start=\"1284\" data-end=\"1362\">\n<p data-start=\"1286\" data-end=\"1362\">Prawdziwa ochrona przed kolizjami: wiele tag\u00f3w w terenie mo\u017cna zidentyfikowa\u0107 indywidualnie<\/p>\n<\/li>\n<li data-start=\"1363\" data-end=\"1390\">\n<p data-start=\"1365\" data-end=\"1390\">Obs\u0142uga EAS, AFI, DSFID<\/p>\n<\/li>\n<li data-start=\"1391\" data-end=\"1432\">\n<p data-start=\"1393\" data-end=\"1432\">Odleg\u0142o\u015b\u0107 zapisu r\u00f3wna odleg\u0142o\u015bci odczytu<\/p>\n<\/li>\n<li data-start=\"1433\" data-end=\"1484\">\n<p data-start=\"1435\" data-end=\"1484\">Opcjonalne polecenia prywatno\u015bci i niszczenia (w SLIX-S)<\/p>\n<\/li>\n<\/ul>\n<p data-start=\"1486\" data-end=\"1509\"><strong data-start=\"1486\" data-end=\"1507\">Pami\u0119\u0107 i bezpiecze\u0144stwo<\/strong><\/p>\n<ul data-start=\"1510\" data-end=\"1671\">\n<li data-start=\"1510\" data-end=\"1535\">\n<p data-start=\"1512\" data-end=\"1535\">EEPROM 1024\u20132048 bit\u00f3w<\/p>\n<\/li>\n<li data-start=\"1536\" data-end=\"1566\">\n<p data-start=\"1538\" data-end=\"1566\">10\u201350 lat przechowywania danych<\/p>\n<\/li>\n<li data-start=\"1567\" data-end=\"1591\">\n<p data-start=\"1569\" data-end=\"1591\">100 000 cykli zapisu<\/p>\n<\/li>\n<li data-start=\"1592\" data-end=\"1620\">\n<p data-start=\"1594\" data-end=\"1620\">Mechanizm blokady na blok<\/p>\n<\/li>\n<li data-start=\"1621\" data-end=\"1671\">\n<p data-start=\"1623\" data-end=\"1671\">Zabezpieczenie has\u0142em odczytu\/zapisu, EAS, AFI, prywatno\u015b\u0107<\/p>\n<\/li>\n<\/ul>","protected":false},"excerpt":{"rendered":"<p>Karta NFC ICODE SLI\/SLIX ISO 15693 13,56 MHz z du\u017cym zasi\u0119giem odczytu, zabezpieczeniem antykolizyjnym, bezpieczn\u0105 pami\u0119ci\u0105 i mo\u017cliwo\u015bci\u0105 druku w pe\u0142nym kolorze do projekt\u00f3w kontroli dost\u0119pu i kart hotelowych\/kluczy.<\/p>","protected":false},"featured_media":630,"template":"","meta":{"_gspb_post_css":""},"product_brand":[],"product_cat":[15],"product_tag":[],"class_list":{"0":"post-627","1":"product","2":"type-product","3":"status-publish","4":"has-post-thumbnail","6":"product_cat-rfid-cards","8":"first","9":"instock","10":"shipping-taxable","11":"purchasable","12":"product-type-simple"},"_links":{"self":[{"href":"https:\/\/www.cxjsmartcard.com\/pl\/wp-json\/wp\/v2\/product\/627","targetHints":{"allow":["GET"]}}],"collection":[{"href":"https:\/\/www.cxjsmartcard.com\/pl\/wp-json\/wp\/v2\/product"}],"about":[{"href":"https:\/\/www.cxjsmartcard.com\/pl\/wp-json\/wp\/v2\/types\/product"}],"wp:featuredmedia":[{"embeddable":true,"href":"https:\/\/www.cxjsmartcard.com\/pl\/wp-json\/wp\/v2\/media\/630"}],"wp:attachment":[{"href":"https:\/\/www.cxjsmartcard.com\/pl\/wp-json\/wp\/v2\/media?parent=627"}],"wp:term":[{"taxonomy":"product_brand","embeddable":true,"href":"https:\/\/www.cxjsmartcard.com\/pl\/wp-json\/wp\/v2\/product_brand?post=627"},{"taxonomy":"product_cat","embeddable":true,"href":"https:\/\/www.cxjsmartcard.com\/pl\/wp-json\/wp\/v2\/product_cat?post=627"},{"taxonomy":"product_tag","embeddable":true,"href":"https:\/\/www.cxjsmartcard.com\/pl\/wp-json\/wp\/v2\/product_tag?post=627"}],"curies":[{"name":"wp","href":"https:\/\/api.w.org\/{rel}","templated":true}]}}