{"id":621,"date":"2025-11-01T08:20:22","date_gmt":"2025-11-01T08:20:22","guid":{"rendered":"https:\/\/www.cxjsmartcard.com\/?post_type=product&#038;p=621"},"modified":"2025-12-29T01:27:12","modified_gmt":"2025-12-29T01:27:12","slug":"customized-wooden-bamboo-rfid-hotel-key-card","status":"publish","type":"product","link":"https:\/\/www.cxjsmartcard.com\/pl\/customized-wooden-bamboo-rfid-hotel-key-card\/","title":{"rendered":"Spersonalizowana drewniana bambusowa karta hotelowa RFID"},"content":{"rendered":"<p data-start=\"51\" data-end=\"378\">Ekologiczna, drewniano-bambusowa karta hotelowa RFID, wykonana z naturalnych, biodegradowalnych materia\u0142\u00f3w drewnianych, w pe\u0142ni personalizowana logo hotelu, zmiennymi danymi i mo\u017cliwo\u015bci\u0105 r\u0119kodzie\u0142a. Nadaje si\u0119 do system\u00f3w zamk\u00f3w hotelowych, kontroli dost\u0119pu, event\u00f3w, cz\u0142onkostwa, prezent\u00f3w i kampanii wizerunkowych.<\/p>\n<p data-start=\"380\" data-end=\"399\"><strong data-start=\"380\" data-end=\"397\">Specyfikacja<\/strong><\/p>\n<div class=\"_tableContainer_1rjym_1\">\n<div class=\"group _tableWrapper_1rjym_13 flex w-fit flex-col-reverse\" tabindex=\"-1\">\n<table class=\"w-fit min-w-(--thread-content-width)\" data-start=\"400\" data-end=\"1166\">\n<thead data-start=\"400\" data-end=\"418\">\n<tr data-start=\"400\" data-end=\"418\">\n<th data-start=\"400\" data-end=\"407\" data-col-size=\"sm\">Przedmiot<\/th>\n<th data-start=\"407\" data-end=\"418\" data-col-size=\"md\">Bli\u017csze dane<\/th>\n<\/tr>\n<\/thead>\n<tbody data-start=\"429\" data-end=\"1166\">\n<tr data-start=\"429\" data-end=\"492\">\n<td data-start=\"429\" data-end=\"444\" data-col-size=\"sm\">Nazwa produktu<\/td>\n<td data-col-size=\"md\" data-start=\"444\" data-end=\"492\">Spersonalizowana drewniana\/bambusowa karta hotelowa RFID<\/td>\n<\/tr>\n<tr data-start=\"493\" data-end=\"582\">\n<td data-start=\"493\" data-end=\"515\" data-col-size=\"sm\">Dost\u0119pne materia\u0142y<\/td>\n<td data-col-size=\"md\" data-start=\"515\" data-end=\"582\">Klon, bambus, lipa, buk, wi\u015bnia, orzech czarny, sapele, d\u0105b<\/td>\n<\/tr>\n<tr data-start=\"583\" data-end=\"637\">\n<td data-start=\"583\" data-end=\"602\" data-col-size=\"sm\">Grubo\u015b\u0107 \/ Rozmiar<\/td>\n<td data-col-size=\"md\" data-start=\"602\" data-end=\"637\">0,8\u20130,84 mm lub 0,76 mm (niestandardowe)<\/td>\n<\/tr>\n<tr data-start=\"638\" data-end=\"685\">\n<td data-start=\"638\" data-end=\"649\" data-col-size=\"sm\">Protok\u00f3\u0142<\/td>\n<td data-col-size=\"md\" data-start=\"649\" data-end=\"685\">ISO14443A, ISO15693, ISO18000-6C<\/td>\n<\/tr>\n<tr data-start=\"686\" data-end=\"733\">\n<td data-start=\"686\" data-end=\"698\" data-col-size=\"sm\">Cz\u0119stotliwo\u015b\u0107<\/td>\n<td data-col-size=\"md\" data-start=\"698\" data-end=\"733\">125 kHz, 13,56 MHz, 860\u2013960 MHz<\/td>\n<\/tr>\n<tr data-start=\"734\" data-end=\"791\">\n<td data-start=\"734\" data-end=\"745\" data-col-size=\"sm\">Druk<\/td>\n<td data-col-size=\"md\" data-start=\"745\" data-end=\"791\">Druk laserowy \/ Sitodruk \/ Druk 4C<\/td>\n<\/tr>\n<tr data-start=\"792\" data-end=\"907\">\n<td data-start=\"792\" data-end=\"810\" data-col-size=\"sm\">Opcjonalne rzemios\u0142o<\/td>\n<td data-col-size=\"md\" data-start=\"810\" data-end=\"907\">T\u0142oczenie na gor\u0105co srebra\/z\u0142ota, pasek magnetyczny HICO\/LOCO, grawerowanie laserowe, kod QR, numery seryjne<\/td>\n<\/tr>\n<tr data-start=\"908\" data-end=\"998\">\n<td data-start=\"908\" data-end=\"923\" data-col-size=\"sm\">Aplikacje<\/td>\n<td data-col-size=\"md\" data-start=\"923\" data-end=\"998\">Kontrola dost\u0119pu, P\u0142atno\u015bci, Wydarzenia, Programy lojalno\u015bciowe, Media spo\u0142eczno\u015bciowe, Karta hotelowa<\/td>\n<\/tr>\n<tr data-start=\"999\" data-end=\"1035\">\n<td data-start=\"999\" data-end=\"1009\" data-col-size=\"sm\">Pr\u00f3bki<\/td>\n<td data-col-size=\"md\" data-start=\"1009\" data-end=\"1035\">Dost\u0119pne s\u0105 bezp\u0142atne pr\u00f3bki<\/td>\n<\/tr>\n<tr data-start=\"1036\" data-end=\"1094\">\n<td data-start=\"1036\" data-end=\"1060\" data-col-size=\"sm\">Funkcja \u015brodowiskowa<\/td>\n<td data-col-size=\"md\" data-start=\"1060\" data-end=\"1094\">Biodegradowalny, 100% nadaj\u0105cy si\u0119 do recyklingu<\/td>\n<\/tr>\n<tr data-start=\"1095\" data-end=\"1166\">\n<td data-start=\"1095\" data-end=\"1103\" data-col-size=\"sm\">Notatki<\/td>\n<td data-start=\"1103\" data-end=\"1166\" data-col-size=\"md\">Naturalne drewno mo\u017ce powodowa\u0107 r\u00f3\u017cnice w us\u0142ojeniu\/kolorze po wydrukowaniu<\/td>\n<\/tr>\n<\/tbody>\n<\/table>\n<\/div>\n<\/div>\n<p data-start=\"1168\" data-end=\"1182\"><strong data-start=\"1168\" data-end=\"1180\">Cechy<\/strong><\/p>\n<ul data-start=\"1183\" data-end=\"1529\">\n<li data-start=\"1183\" data-end=\"1244\">\n<p data-start=\"1185\" data-end=\"1244\">Karta o wygl\u0105dzie naturalnego drewna, zast\u0119puj\u0105ca plastikowe karty-klucze hotelowe<\/p>\n<\/li>\n<li data-start=\"1245\" data-end=\"1320\">\n<p data-start=\"1247\" data-end=\"1320\">Obs\u0142uguje powszechnie stosowane standardy RFID (LF\/HF\/UHF) dla zamk\u00f3w hotelowych i budynkowych<\/p>\n<\/li>\n<li data-start=\"1321\" data-end=\"1396\">\n<p data-start=\"1323\" data-end=\"1396\">R\u00f3\u017cne gatunki drewna pasuj\u0105ce do tonu marki (bambus w wersji ekologicznej, orzech w wersji premium)<\/p>\n<\/li>\n<li data-start=\"1397\" data-end=\"1457\">\n<p data-start=\"1399\" data-end=\"1457\">Obs\u0142uguje grawerowanie logo i foliowanie na gor\u0105co w hotelach butikowych<\/p>\n<\/li>\n<li data-start=\"1458\" data-end=\"1529\">\n<p data-start=\"1460\" data-end=\"1529\">Mo\u017cna u\u017cywa\u0107 jako karty cz\u0142onkowskiej\/prezentowej\/VIP\/karty na wydarzenia w bran\u017cy hotelarskiej<\/p>\n<\/li>\n<\/ul>","protected":false},"excerpt":{"rendered":"<p>Biodegradowalna, drewniana\/bambusowa karta hotelowa RFID zgodna z normami ISO14443A\/ISO15693, z mo\u017cliwo\u015bci\u0105 nadruku logo i ekologicznym wyko\u0144czeniem klasy premium dla hoteli i kontroli dost\u0119pu.<\/p>","protected":false},"featured_media":625,"template":"","meta":{"_gspb_post_css":""},"product_brand":[],"product_cat":[15],"product_tag":[],"class_list":{"0":"post-621","1":"product","2":"type-product","3":"status-publish","4":"has-post-thumbnail","6":"product_cat-rfid-cards","8":"first","9":"instock","10":"shipping-taxable","11":"purchasable","12":"product-type-simple"},"_links":{"self":[{"href":"https:\/\/www.cxjsmartcard.com\/pl\/wp-json\/wp\/v2\/product\/621","targetHints":{"allow":["GET"]}}],"collection":[{"href":"https:\/\/www.cxjsmartcard.com\/pl\/wp-json\/wp\/v2\/product"}],"about":[{"href":"https:\/\/www.cxjsmartcard.com\/pl\/wp-json\/wp\/v2\/types\/product"}],"wp:featuredmedia":[{"embeddable":true,"href":"https:\/\/www.cxjsmartcard.com\/pl\/wp-json\/wp\/v2\/media\/625"}],"wp:attachment":[{"href":"https:\/\/www.cxjsmartcard.com\/pl\/wp-json\/wp\/v2\/media?parent=621"}],"wp:term":[{"taxonomy":"product_brand","embeddable":true,"href":"https:\/\/www.cxjsmartcard.com\/pl\/wp-json\/wp\/v2\/product_brand?post=621"},{"taxonomy":"product_cat","embeddable":true,"href":"https:\/\/www.cxjsmartcard.com\/pl\/wp-json\/wp\/v2\/product_cat?post=621"},{"taxonomy":"product_tag","embeddable":true,"href":"https:\/\/www.cxjsmartcard.com\/pl\/wp-json\/wp\/v2\/product_tag?post=621"}],"curies":[{"name":"wp","href":"https:\/\/api.w.org\/{rel}","templated":true}]}}