{"id":615,"date":"2025-11-01T08:18:22","date_gmt":"2025-11-01T08:18:22","guid":{"rendered":"https:\/\/www.cxjsmartcard.com\/?post_type=product&#038;p=615"},"modified":"2025-12-29T01:27:12","modified_gmt":"2025-12-29T01:27:12","slug":"contactless-credit-protector-nfc-bank-anti-theft-rfid-blocking-card","status":"publish","type":"product","link":"https:\/\/www.cxjsmartcard.com\/pl\/contactless-credit-protector-nfc-bank-anti-theft-rfid-blocking-card\/","title":{"rendered":"Karta zbli\u017ceniowa NFC Bank z blokad\u0105 RFID i zabezpieczeniem przed kradzie\u017c\u0105"},"content":{"rendered":"<p data-start=\"74\" data-end=\"353\">Karta blokuj\u0105ca zbli\u017ceniowo RFID, kt\u00f3ra blokuje sygna\u0142y NFC 13,56 MHz, zapobiegaj\u0105c skanowaniu kart bankowych i dokument\u00f3w to\u017csamo\u015bci. Smuk\u0142a konstrukcja z PVC, pe\u0142nokolorowa personalizacja CMYK i prosta obs\u0142uga \u2013 jedna karta mo\u017ce chroni\u0107 wiele kart zbli\u017ceniowych w tym samym gnie\u017adzie portfela.<\/p>\n<p data-start=\"355\" data-end=\"374\"><strong data-start=\"355\" data-end=\"372\">Specyfikacja<\/strong><\/p>\n<div class=\"_tableContainer_1rjym_1\">\n<div class=\"group _tableWrapper_1rjym_13 flex w-fit flex-col-reverse\" tabindex=\"-1\">\n<table class=\"w-fit min-w-(--thread-content-width)\" data-start=\"375\" data-end=\"676\">\n<thead data-start=\"375\" data-end=\"393\">\n<tr data-start=\"375\" data-end=\"393\">\n<th data-start=\"375\" data-end=\"382\" data-col-size=\"sm\">Przedmiot<\/th>\n<th data-start=\"382\" data-end=\"393\" data-col-size=\"md\">Bli\u017csze dane<\/th>\n<\/tr>\n<\/thead>\n<tbody data-start=\"404\" data-end=\"676\">\n<tr data-start=\"404\" data-end=\"440\">\n<td data-start=\"404\" data-end=\"415\" data-col-size=\"sm\">Tworzywo<\/td>\n<td data-col-size=\"md\" data-start=\"415\" data-end=\"440\">PVC + modu\u0142 blokuj\u0105cy<\/td>\n<\/tr>\n<tr data-start=\"441\" data-end=\"471\">\n<td data-start=\"441\" data-end=\"448\" data-col-size=\"sm\">Rozmiar<\/td>\n<td data-col-size=\"md\" data-start=\"448\" data-end=\"471\">85,5 \u00d7 54 mm (CR80)<\/td>\n<\/tr>\n<tr data-start=\"472\" data-end=\"499\">\n<td data-start=\"472\" data-end=\"484\" data-col-size=\"sm\">Grubo\u015b\u0107<\/td>\n<td data-col-size=\"md\" data-start=\"484\" data-end=\"499\">0,76\u20131,5 mm<\/td>\n<\/tr>\n<tr data-start=\"500\" data-end=\"530\">\n<td data-start=\"500\" data-end=\"511\" data-col-size=\"sm\">Druk<\/td>\n<td data-col-size=\"md\" data-start=\"511\" data-end=\"530\">Pe\u0142ny kolor CMYK<\/td>\n<\/tr>\n<tr data-start=\"531\" data-end=\"568\">\n<td data-start=\"531\" data-end=\"552\" data-col-size=\"sm\">Cz\u0119stotliwo\u015b\u0107 blokowania<\/td>\n<td data-col-size=\"md\" data-start=\"552\" data-end=\"568\">HF 13,56 MHz<\/td>\n<\/tr>\n<tr data-start=\"569\" data-end=\"627\">\n<td data-start=\"569\" data-end=\"579\" data-col-size=\"sm\">Pakiet<\/td>\n<td data-col-size=\"md\" data-start=\"579\" data-end=\"627\">Worek OPP; karton (dost\u0119pne opakowanie niestandardowe)<\/td>\n<\/tr>\n<tr data-start=\"628\" data-end=\"676\">\n<td data-start=\"628\" data-end=\"640\" data-col-size=\"sm\">Czas realizacji<\/td>\n<td data-col-size=\"md\" data-start=\"640\" data-end=\"676\">7\u201310 dni roboczych po dokonaniu p\u0142atno\u015bci<\/td>\n<\/tr>\n<\/tbody>\n<\/table>\n<\/div>\n<\/div>\n<p data-start=\"678\" data-end=\"956\"><strong data-start=\"678\" data-end=\"694\">Jak to dzia\u0142a<\/strong><br data-start=\"694\" data-end=\"697\" \/>Karty RFID\/NFC wykorzystuj\u0105 fale radiowe i generuj\u0105 niewielkie pola elektromagnetyczne, kt\u00f3re mo\u017cna odczyta\u0107 z bliskiej odleg\u0142o\u015bci. Karta blokuj\u0105ca wprowadza zak\u0142\u00f3cenia, kt\u00f3re zak\u0142\u00f3caj\u0105 sygna\u0142 RF, uniemo\u017cliwiaj\u0105c nieautoryzowanym czytnikom dost\u0119p do danych na pobliskich kartach zbli\u017ceniowych.<\/p>\n<p data-start=\"958\" data-end=\"976\"><strong data-start=\"958\" data-end=\"974\">Kluczowe korzy\u015bci<\/strong><\/p>\n<ul data-start=\"977\" data-end=\"1247\">\n<li data-start=\"977\" data-end=\"1034\">\n<p data-start=\"979\" data-end=\"1034\">Zapobiega kradzie\u017cy kart kredytowych\/debetowych i dowod\u00f3w osobistych za pomoc\u0105 technologii RFID\/NFC<\/p>\n<\/li>\n<li data-start=\"1035\" data-end=\"1078\">\n<p data-start=\"1037\" data-end=\"1078\">Zast\u0119puje niepor\u0119czne blokuj\u0105ce portfele\/r\u0119kawy<\/p>\n<\/li>\n<li data-start=\"1079\" data-end=\"1141\">\n<p data-start=\"1081\" data-end=\"1141\">Jedna karta chroni wszystkie karty zbli\u017ceniowe w kieszeni portfela<\/p>\n<\/li>\n<li data-start=\"1142\" data-end=\"1190\">\n<p data-start=\"1144\" data-end=\"1190\">\u0141atwe testowanie za pomoc\u0105 dowolnego smartfona obs\u0142uguj\u0105cego NFC<\/p>\n<\/li>\n<li data-start=\"1191\" data-end=\"1247\">\n<p data-start=\"1193\" data-end=\"1247\">Wytrzyma\u0142y materia\u0142 PVC; obs\u0142uguje niestandardowe grafiki i nadruki logo<\/p>\n<\/li>\n<\/ul>","protected":false},"excerpt":{"rendered":"<p>Smuk\u0142a karta blokuj\u0105ca RFID z PVC, kt\u00f3ra chroni karty NFC 13,56 MHz przed skanowaniem; jedna karta chroni wiele kart i obs\u0142uguje pe\u0142nokolorow\u0105 personalizacj\u0119 CMYK.<\/p>","protected":false},"featured_media":618,"template":"","meta":{"_gspb_post_css":""},"product_brand":[],"product_cat":[15],"product_tag":[],"class_list":{"0":"post-615","1":"product","2":"type-product","3":"status-publish","4":"has-post-thumbnail","6":"product_cat-rfid-cards","8":"first","9":"instock","10":"shipping-taxable","11":"purchasable","12":"product-type-simple"},"_links":{"self":[{"href":"https:\/\/www.cxjsmartcard.com\/pl\/wp-json\/wp\/v2\/product\/615","targetHints":{"allow":["GET"]}}],"collection":[{"href":"https:\/\/www.cxjsmartcard.com\/pl\/wp-json\/wp\/v2\/product"}],"about":[{"href":"https:\/\/www.cxjsmartcard.com\/pl\/wp-json\/wp\/v2\/types\/product"}],"wp:featuredmedia":[{"embeddable":true,"href":"https:\/\/www.cxjsmartcard.com\/pl\/wp-json\/wp\/v2\/media\/618"}],"wp:attachment":[{"href":"https:\/\/www.cxjsmartcard.com\/pl\/wp-json\/wp\/v2\/media?parent=615"}],"wp:term":[{"taxonomy":"product_brand","embeddable":true,"href":"https:\/\/www.cxjsmartcard.com\/pl\/wp-json\/wp\/v2\/product_brand?post=615"},{"taxonomy":"product_cat","embeddable":true,"href":"https:\/\/www.cxjsmartcard.com\/pl\/wp-json\/wp\/v2\/product_cat?post=615"},{"taxonomy":"product_tag","embeddable":true,"href":"https:\/\/www.cxjsmartcard.com\/pl\/wp-json\/wp\/v2\/product_tag?post=615"}],"curies":[{"name":"wp","href":"https:\/\/api.w.org\/{rel}","templated":true}]}}