{"id":608,"date":"2025-11-01T08:15:35","date_gmt":"2025-11-01T08:15:35","guid":{"rendered":"https:\/\/www.cxjsmartcard.com\/?post_type=product&#038;p=608"},"modified":"2025-12-29T01:27:12","modified_gmt":"2025-12-29T01:27:12","slug":"anti-theft-credit-card-protector-rfid-blocking-card","status":"publish","type":"product","link":"https:\/\/www.cxjsmartcard.com\/pl\/anti-theft-credit-card-protector-rfid-blocking-card\/","title":{"rendered":"Karta ochronna na kart\u0119 kredytow\u0105 z blokad\u0105 RFID"},"content":{"rendered":"<p data-start=\"58\" data-end=\"460\">Karta blokuj\u0105ca RFID zaprojektowana do ochrony kart p\u0142atniczych zbli\u017ceniowych, paszport\u00f3w, dowod\u00f3w osobistych i innych kart inteligentnych 13,56 MHz przed nieautoryzowanym skanowaniem. Umie\u015b\u0107 j\u0105 w tym samym gnie\u017adzie portfela co kart\u0119, a wytworzy pole interferencyjne, kt\u00f3re blokuje fale radiowe, zapobiegaj\u0105c kradzie\u017cy danych i skimmingowi. Nadaje si\u0119 do bank\u00f3w, instytucji finansowych, podr\u00f3\u017cy, upomink\u00f3w firmowych i ochrony prywatno\u015bci.<\/p>\n<p data-start=\"462\" data-end=\"481\"><strong data-start=\"462\" data-end=\"479\">Specyfikacja<\/strong><\/p>\n<div class=\"_tableContainer_1rjym_1\">\n<div class=\"group _tableWrapper_1rjym_13 flex w-fit flex-col-reverse\" tabindex=\"-1\">\n<table class=\"w-fit min-w-(--thread-content-width)\" data-start=\"482\" data-end=\"1365\">\n<thead data-start=\"482\" data-end=\"500\">\n<tr data-start=\"482\" data-end=\"500\">\n<th data-start=\"482\" data-end=\"489\" data-col-size=\"sm\">Przedmiot<\/th>\n<th data-start=\"489\" data-end=\"500\" data-col-size=\"md\">Bli\u017csze dane<\/th>\n<\/tr>\n<\/thead>\n<tbody data-start=\"511\" data-end=\"1365\">\n<tr data-start=\"511\" data-end=\"583\">\n<td data-start=\"511\" data-end=\"526\" data-col-size=\"sm\">Nazwa produktu<\/td>\n<td data-col-size=\"md\" data-start=\"526\" data-end=\"583\">Karta blokuj\u0105ca RFID \/ Ochraniacz karty kredytowej chroni\u0105cy przed kradzie\u017c\u0105<\/td>\n<\/tr>\n<tr data-start=\"584\" data-end=\"651\">\n<td data-start=\"584\" data-end=\"595\" data-col-size=\"sm\">Funkcjonowa\u0107<\/td>\n<td data-col-size=\"md\" data-start=\"595\" data-end=\"651\">Blokuje sygna\u0142y RF\/NFC o cz\u0119stotliwo\u015bci 13,56 MHz, zapobiegaj\u0105c kradzie\u017cy danych<\/td>\n<\/tr>\n<tr data-start=\"652\" data-end=\"701\">\n<td data-start=\"652\" data-end=\"663\" data-col-size=\"sm\">Tworzywo<\/td>\n<td data-col-size=\"md\" data-start=\"663\" data-end=\"701\">PVC z wbudowanym modu\u0142em ekranuj\u0105cym<\/td>\n<\/tr>\n<tr data-start=\"702\" data-end=\"741\">\n<td data-start=\"702\" data-end=\"709\" data-col-size=\"sm\">Rozmiar<\/td>\n<td data-col-size=\"md\" data-start=\"709\" data-end=\"741\">85,5 \u00d7 54 mm (standard CR80)<\/td>\n<\/tr>\n<tr data-start=\"742\" data-end=\"764\">\n<td data-start=\"742\" data-end=\"754\" data-col-size=\"sm\">Grubo\u015b\u0107<\/td>\n<td data-col-size=\"md\" data-start=\"754\" data-end=\"764\">1,5 mm<\/td>\n<\/tr>\n<tr data-start=\"765\" data-end=\"785\">\n<td data-start=\"765\" data-end=\"774\" data-col-size=\"sm\">Waga<\/td>\n<td data-col-size=\"md\" data-start=\"774\" data-end=\"785\">11 g\/szt.<\/td>\n<\/tr>\n<tr data-start=\"786\" data-end=\"850\">\n<td data-start=\"786\" data-end=\"808\" data-col-size=\"sm\">Cz\u0119stotliwo\u015b\u0107 ekranowania<\/td>\n<td data-col-size=\"md\" data-start=\"808\" data-end=\"850\">13,56 MHz (karty inteligentne o wysokiej cz\u0119stotliwo\u015bci)<\/td>\n<\/tr>\n<tr data-start=\"851\" data-end=\"899\">\n<td data-start=\"851\" data-end=\"862\" data-col-size=\"sm\">Druk<\/td>\n<td data-start=\"862\" data-end=\"899\" data-col-size=\"md\">Druk offsetowy, druk cyfrowy<\/td>\n<\/tr>\n<tr data-start=\"900\" data-end=\"994\">\n<td data-start=\"900\" data-end=\"919\" data-col-size=\"sm\">Dost\u0119pne rzemios\u0142o<\/td>\n<td data-col-size=\"md\" data-start=\"919\" data-end=\"994\">Sitodruk, dynamiczny kod QR, dynamiczny kod kreskowy, t\u0142oczenie na gor\u0105co, pow\u0142oka UV<\/td>\n<\/tr>\n<tr data-start=\"995\" data-end=\"1054\">\n<td data-start=\"995\" data-end=\"1013\" data-col-size=\"sm\">Metody oznaczania<\/td>\n<td data-col-size=\"md\" data-start=\"1013\" data-end=\"1054\">Kod laserowy, kod natryskowy, kod wyt\u0142oczony<\/td>\n<\/tr>\n<tr data-start=\"1055\" data-end=\"1131\">\n<td data-start=\"1055\" data-end=\"1063\" data-col-size=\"sm\">Stosowanie<\/td>\n<td data-col-size=\"md\" data-start=\"1063\" data-end=\"1131\">Po\u0142\u0105cz z kartami bankowymi\/paszportami, aby zablokowa\u0107 odczyt bezprzewodowy<\/td>\n<\/tr>\n<tr data-start=\"1132\" data-end=\"1205\">\n<td data-start=\"1132\" data-end=\"1144\" data-col-size=\"sm\">Opakowanie<\/td>\n<td data-col-size=\"md\" data-start=\"1144\" data-end=\"1205\">125 szt.\/ma\u0142e pude\u0142ko; 1000 szt.\/karton; 30,5 \u00d7 22,5 \u00d7 20,5 cm<\/td>\n<\/tr>\n<tr data-start=\"1206\" data-end=\"1277\">\n<td data-start=\"1206\" data-end=\"1222\" data-col-size=\"sm\">Personalizacja<\/td>\n<td data-col-size=\"md\" data-start=\"1222\" data-end=\"1277\">Kolor, projekt, drukowanie logo na potrzeby brandingu i upomink\u00f3w<\/td>\n<\/tr>\n<tr data-start=\"1278\" data-end=\"1365\">\n<td data-start=\"1278\" data-end=\"1292\" data-col-size=\"sm\">Aplikacja<\/td>\n<td data-start=\"1292\" data-end=\"1365\" data-col-size=\"md\">Karty kredytowe\/debetowe, dowody osobiste, prawo jazdy, paszporty, karty cz\u0142onkowskie<\/td>\n<\/tr>\n<\/tbody>\n<\/table>\n<\/div>\n<\/div>\n<p data-start=\"1367\" data-end=\"1583\"><strong data-start=\"1367\" data-end=\"1383\">Jak to dzia\u0142a<\/strong><br data-start=\"1383\" data-end=\"1386\" \/>Karta tworzy ochronne pole RF, kt\u00f3re zak\u0142\u00f3ca sygna\u0142 czytnika, uniemo\u017cliwiaj\u0105c skanerom odczyt danych z karty nawet z bliskiej odleg\u0142o\u015bci. Jedna karta blokuj\u0105ca mo\u017ce chroni\u0107 kilka kart w tej samej kieszeni portfela.<\/p>\n<p data-start=\"1585\" data-end=\"1603\"><strong data-start=\"1585\" data-end=\"1601\">Aplikacje<\/strong><\/p>\n<ul data-start=\"1604\" data-end=\"1815\">\n<li data-start=\"1604\" data-end=\"1639\">\n<p data-start=\"1606\" data-end=\"1639\">Zabezpieczenie przed skimmingiem kart kredytowych\/debetowych<\/p>\n<\/li>\n<li data-start=\"1640\" data-end=\"1672\">\n<p data-start=\"1642\" data-end=\"1672\">Ochrona paszportu elektronicznego i dowodu osobistego<\/p>\n<\/li>\n<li data-start=\"1673\" data-end=\"1713\">\n<p data-start=\"1675\" data-end=\"1713\">Smartfon z w\u0142\u0105czon\u0105 technologi\u0105 NFC, chroni\u0105cy przed pods\u0142uchiwaniem<\/p>\n<\/li>\n<li data-start=\"1714\" data-end=\"1768\">\n<p data-start=\"1716\" data-end=\"1768\">Upominki reklamowe dla firm z funkcj\u0105 bezpiecze\u0144stwa<\/p>\n<\/li>\n<li data-start=\"1769\" data-end=\"1815\">\n<p data-start=\"1771\" data-end=\"1815\">Alternatywa dla portfeli\/pokrowc\u00f3w blokuj\u0105cych RFID<\/p>\n<\/li>\n<\/ul>","protected":false},"excerpt":{"rendered":"<p>Smuk\u0142a karta blokuj\u0105ca RFID z PVC, chroni\u0105ca karty zbli\u017ceniowe 13,56 MHz przed nieautoryzowanym odczytem bezprzewodowym; przyjazna dla portfela i w pe\u0142ni zadrukowana w celu brandingu.<\/p>","protected":false},"featured_media":609,"template":"","meta":{"_gspb_post_css":""},"product_brand":[],"product_cat":[15],"product_tag":[],"class_list":{"0":"post-608","1":"product","2":"type-product","3":"status-publish","4":"has-post-thumbnail","6":"product_cat-rfid-cards","8":"first","9":"instock","10":"shipping-taxable","11":"purchasable","12":"product-type-simple"},"_links":{"self":[{"href":"https:\/\/www.cxjsmartcard.com\/pl\/wp-json\/wp\/v2\/product\/608","targetHints":{"allow":["GET"]}}],"collection":[{"href":"https:\/\/www.cxjsmartcard.com\/pl\/wp-json\/wp\/v2\/product"}],"about":[{"href":"https:\/\/www.cxjsmartcard.com\/pl\/wp-json\/wp\/v2\/types\/product"}],"wp:featuredmedia":[{"embeddable":true,"href":"https:\/\/www.cxjsmartcard.com\/pl\/wp-json\/wp\/v2\/media\/609"}],"wp:attachment":[{"href":"https:\/\/www.cxjsmartcard.com\/pl\/wp-json\/wp\/v2\/media?parent=608"}],"wp:term":[{"taxonomy":"product_brand","embeddable":true,"href":"https:\/\/www.cxjsmartcard.com\/pl\/wp-json\/wp\/v2\/product_brand?post=608"},{"taxonomy":"product_cat","embeddable":true,"href":"https:\/\/www.cxjsmartcard.com\/pl\/wp-json\/wp\/v2\/product_cat?post=608"},{"taxonomy":"product_tag","embeddable":true,"href":"https:\/\/www.cxjsmartcard.com\/pl\/wp-json\/wp\/v2\/product_tag?post=608"}],"curies":[{"name":"wp","href":"https:\/\/api.w.org\/{rel}","templated":true}]}}