{"id":603,"date":"2025-11-01T08:13:41","date_gmt":"2025-11-01T08:13:41","guid":{"rendered":"https:\/\/www.cxjsmartcard.com\/?post_type=product&#038;p=603"},"modified":"2025-12-29T01:27:12","modified_gmt":"2025-12-29T01:27:12","slug":"access-control-rfid-cards","status":"publish","type":"product","link":"https:\/\/www.cxjsmartcard.com\/pl\/access-control-rfid-cards\/","title":{"rendered":"Karty RFID kontroli dost\u0119pu"},"content":{"rendered":"<p data-start=\"32\" data-end=\"450\">Access control RFID cards are plastic cards with an embedded chip and antenna that communicate with an RFID reader via radio frequency to enable fast, contactless identification and door\/area entry. Each card carries a unique ID and is compatible with multiple access control systems for buildings, offices, parking areas, hotels, and community management. <button class=\"ms-1 flex h-[25px] text-[10px] leading-[13px] rounded-xl items-center justify-center gap-1 px-2 relative text-token-text-secondary! hover:text-token-text-primary! hover:bg-token-bg-secondary dark:bg-token-main-surface-secondary dark:hover:bg-token-bg-secondary bg-[#f4f4f4] \"><\/button><\/p>\n<p class=\"not-prose mt-0! mb-0! flex-auto truncate\">Access Control RFID Cards<\/p>\n<p data-start=\"452\" data-end=\"480\"><strong data-start=\"452\" data-end=\"478\">Product Specifications<\/strong><\/p>\n<div class=\"_tableContainer_1rjym_1\">\n<div class=\"group _tableWrapper_1rjym_13 flex w-fit flex-col-reverse\" tabindex=\"-1\">\n<table class=\"w-fit min-w-(--thread-content-width)\" data-start=\"481\" data-end=\"2141\">\n<thead data-start=\"481\" data-end=\"548\">\n<tr data-start=\"481\" data-end=\"548\">\n<th data-start=\"481\" data-end=\"492\" data-col-size=\"sm\">Category<\/th>\n<th data-start=\"492\" data-end=\"519\" data-col-size=\"md\">Technical Specifications<\/th>\n<th data-start=\"519\" data-end=\"534\" data-col-size=\"sm\">Key Features<\/th>\n<th data-start=\"534\" data-end=\"548\" data-col-size=\"md\">Advantages<\/th>\n<\/tr>\n<\/thead>\n<tbody data-start=\"567\" data-end=\"2141\">\n<tr data-start=\"567\" data-end=\"717\">\n<td data-start=\"567\" data-end=\"590\" data-col-size=\"sm\">Technical Parameters<\/td>\n<td data-col-size=\"md\" data-start=\"590\" data-end=\"641\">Frequency range: 13.56 MHz, 125 kHz, 860\u2013960 MHz<\/td>\n<td data-col-size=\"sm\" data-start=\"641\" data-end=\"667\">Multi-frequency support<\/td>\n<td data-col-size=\"md\" data-start=\"667\" data-end=\"717\">Compatible with various access control systems<\/td>\n<\/tr>\n<tr data-start=\"718\" data-end=\"842\">\n<td data-start=\"718\" data-end=\"745\" data-col-size=\"sm\">Physical Characteristics<\/td>\n<td data-col-size=\"md\" data-start=\"745\" data-end=\"790\">85.5 \u00d7 54 \u00d7 0.8 mm (standard ID card size)<\/td>\n<td data-col-size=\"sm\" data-start=\"790\" data-end=\"823\">Universal reader compatibility<\/td>\n<td data-col-size=\"md\" data-start=\"823\" data-end=\"842\">Easy deployment<\/td>\n<\/tr>\n<tr data-start=\"843\" data-end=\"924\">\n<td data-start=\"843\" data-end=\"854\" data-col-size=\"sm\">Material<\/td>\n<td data-col-size=\"md\" data-start=\"854\" data-end=\"873\">High-quality PVC<\/td>\n<td data-col-size=\"sm\" data-start=\"873\" data-end=\"895\">Eco-friendly &amp; safe<\/td>\n<td data-col-size=\"md\" data-start=\"895\" data-end=\"924\">Durable for long-term use<\/td>\n<\/tr>\n<tr data-start=\"925\" data-end=\"1052\">\n<td data-start=\"925\" data-end=\"944\" data-col-size=\"sm\">Printing Methods<\/td>\n<td data-col-size=\"md\" data-start=\"944\" data-end=\"987\">Offset, Silkscreen, Digital, UV printing<\/td>\n<td data-col-size=\"sm\" data-start=\"987\" data-end=\"1015\">Customization flexibility<\/td>\n<td data-col-size=\"md\" data-start=\"1015\" data-end=\"1052\">Meets diverse design requirements<\/td>\n<\/tr>\n<tr data-start=\"1053\" data-end=\"1151\">\n<td data-start=\"1053\" data-end=\"1069\" data-col-size=\"sm\">Color Options<\/td>\n<td data-col-size=\"md\" data-start=\"1069\" data-end=\"1096\">Full-color, double-sided<\/td>\n<td data-col-size=\"sm\" data-start=\"1096\" data-end=\"1117\">Rich color palette<\/td>\n<td data-col-size=\"md\" data-start=\"1117\" data-end=\"1151\">Enhanced brand personalization<\/td>\n<\/tr>\n<tr data-start=\"1152\" data-end=\"1289\">\n<td data-start=\"1152\" data-end=\"1172\" data-col-size=\"sm\">Additional Crafts<\/td>\n<td data-col-size=\"md\" data-start=\"1172\" data-end=\"1235\">Magnetic stripe, signature panel, barcode, hot foil stamping<\/td>\n<td data-col-size=\"sm\" data-start=\"1235\" data-end=\"1263\">Value-added functionality<\/td>\n<td data-col-size=\"md\" data-start=\"1263\" data-end=\"1289\">Increased card utility<\/td>\n<\/tr>\n<tr data-start=\"1290\" data-end=\"1401\">\n<td data-start=\"1290\" data-end=\"1318\" data-col-size=\"sm\">Identification Technology<\/td>\n<td data-col-size=\"md\" data-start=\"1318\" data-end=\"1345\">RFID active\/passive tags<\/td>\n<td data-col-size=\"sm\" data-start=\"1345\" data-end=\"1366\">High-speed reading<\/td>\n<td data-col-size=\"md\" data-start=\"1366\" data-end=\"1401\">Recognition distance up to 30 m<\/td>\n<\/tr>\n<tr data-start=\"1402\" data-end=\"1496\">\n<td data-start=\"1402\" data-end=\"1417\" data-col-size=\"sm\">Data Storage<\/td>\n<td data-col-size=\"md\" data-start=\"1417\" data-end=\"1451\">Expandable to tens of kilobytes<\/td>\n<td data-col-size=\"sm\" data-start=\"1451\" data-end=\"1468\">Large capacity<\/td>\n<td data-col-size=\"md\" data-start=\"1468\" data-end=\"1496\">Flexible data management<\/td>\n<\/tr>\n<tr data-start=\"1497\" data-end=\"1618\">\n<td data-start=\"1497\" data-end=\"1517\" data-col-size=\"sm\">Security Features<\/td>\n<td data-col-size=\"md\" data-start=\"1517\" data-end=\"1564\">Password protection, encrypted communication<\/td>\n<td data-col-size=\"sm\" data-start=\"1564\" data-end=\"1586\">High security level<\/td>\n<td data-col-size=\"md\" data-start=\"1586\" data-end=\"1618\">Prevents unauthorized access<\/td>\n<\/tr>\n<tr data-start=\"1619\" data-end=\"1746\">\n<td data-start=\"1619\" data-end=\"1643\" data-col-size=\"sm\">Application Scenarios<\/td>\n<td data-col-size=\"md\" data-start=\"1643\" data-end=\"1700\">Hotel door locks, community management, access control<\/td>\n<td data-col-size=\"sm\" data-start=\"1700\" data-end=\"1721\">Wide applicability<\/td>\n<td data-col-size=\"md\" data-start=\"1721\" data-end=\"1746\">Multi-sector solution<\/td>\n<\/tr>\n<tr data-start=\"1747\" data-end=\"1876\">\n<td data-start=\"1747\" data-end=\"1759\" data-col-size=\"sm\">Packaging<\/td>\n<td data-col-size=\"md\" data-start=\"1759\" data-end=\"1815\">200 cards\/inner box; 1000 cards\/carton; 6\u20137 kg\/carton<\/td>\n<td data-col-size=\"sm\" data-start=\"1815\" data-end=\"1840\">Standardized packaging<\/td>\n<td data-col-size=\"md\" data-start=\"1840\" data-end=\"1876\">Logistics and storage efficiency<\/td>\n<\/tr>\n<tr data-start=\"1877\" data-end=\"2005\">\n<td data-start=\"1877\" data-end=\"1894\" data-col-size=\"sm\">Design Support<\/td>\n<td data-col-size=\"md\" data-start=\"1894\" data-end=\"1944\">Free design consultation; 10-member design team<\/td>\n<td data-col-size=\"sm\" data-start=\"1944\" data-end=\"1969\">Custom design services<\/td>\n<td data-col-size=\"md\" data-start=\"1969\" data-end=\"2005\">Rapid response to customer needs<\/td>\n<\/tr>\n<tr data-start=\"2006\" data-end=\"2141\">\n<td data-start=\"2006\" data-end=\"2030\" data-col-size=\"sm\">Technical Integration<\/td>\n<td data-col-size=\"md\" data-start=\"2030\" data-end=\"2076\">Compatible with multiple management systems<\/td>\n<td data-col-size=\"sm\" data-start=\"2076\" data-end=\"2110\">Comprehensive technical support<\/td>\n<td data-col-size=\"md\" data-start=\"2110\" data-end=\"2141\">Seamless system integration<\/td>\n<\/tr>\n<\/tbody>\n<\/table>\n<\/div>\n<\/div>\n<p data-start=\"2143\" data-end=\"2166\"><strong data-start=\"2143\" data-end=\"2164\">Application Areas<\/strong><\/p>\n<ul data-start=\"2167\" data-end=\"2339\">\n<li data-start=\"2167\" data-end=\"2193\">\n<p data-start=\"2169\" data-end=\"2193\">Access control systems<\/p>\n<\/li>\n<li data-start=\"2194\" data-end=\"2219\">\n<p data-start=\"2196\" data-end=\"2219\">Hotel door lock cards<\/p>\n<\/li>\n<li data-start=\"2220\" data-end=\"2266\">\n<p data-start=\"2222\" data-end=\"2266\">Community\/residential management solutions<\/p>\n<\/li>\n<li data-start=\"2267\" data-end=\"2339\">\n<p data-start=\"2269\" data-end=\"2339\">Parking and staff ID scenarios<\/p>\n<\/li>\n<\/ul>\n<p data-start=\"2341\" data-end=\"2373\"><strong data-start=\"2341\" data-end=\"2371\">RFID Technology Advantages<\/strong><\/p>\n<ul data-start=\"2374\" data-end=\"2610\">\n<li data-start=\"2374\" data-end=\"2415\">\n<p data-start=\"2376\" data-end=\"2415\">Larger data capacity than 2D barcodes<\/p>\n<\/li>\n<li data-start=\"2416\" data-end=\"2470\">\n<p data-start=\"2418\" data-end=\"2470\">Works in harsh environments (dust, oil, radiation)<\/p>\n<\/li>\n<li data-start=\"2471\" data-end=\"2510\">\n<p data-start=\"2473\" data-end=\"2510\">Long service life and high security<\/p>\n<\/li>\n<li data-start=\"2511\" data-end=\"2563\">\n<p data-start=\"2513\" data-end=\"2563\">Supports password-protected and encrypted access<\/p>\n<\/li>\n<li data-start=\"2564\" data-end=\"2610\">\n<p data-start=\"2566\" data-end=\"2610\">Suitable for different shapes\/form factors<\/p>\n<\/li>\n<\/ul>\n","protected":false},"excerpt":{"rendered":"<p>Trwa\u0142e karty dost\u0119pu RFID z PVC z obs\u0142ug\u0105 wielu cz\u0119stotliwo\u015bci, bezpieczn\u0105 szyfrowan\u0105 komunikacj\u0105 i mo\u017cliwo\u015bci\u0105 dowolnego zadruku dla budynk\u00f3w, hoteli i osiedli.<\/p>","protected":false},"featured_media":604,"template":"","meta":{"_gspb_post_css":""},"product_brand":[],"product_cat":[15],"product_tag":[],"class_list":{"0":"post-603","1":"product","2":"type-product","3":"status-publish","4":"has-post-thumbnail","6":"product_cat-rfid-cards","8":"first","9":"instock","10":"shipping-taxable","11":"purchasable","12":"product-type-simple"},"_links":{"self":[{"href":"https:\/\/www.cxjsmartcard.com\/pl\/wp-json\/wp\/v2\/product\/603","targetHints":{"allow":["GET"]}}],"collection":[{"href":"https:\/\/www.cxjsmartcard.com\/pl\/wp-json\/wp\/v2\/product"}],"about":[{"href":"https:\/\/www.cxjsmartcard.com\/pl\/wp-json\/wp\/v2\/types\/product"}],"wp:featuredmedia":[{"embeddable":true,"href":"https:\/\/www.cxjsmartcard.com\/pl\/wp-json\/wp\/v2\/media\/604"}],"wp:attachment":[{"href":"https:\/\/www.cxjsmartcard.com\/pl\/wp-json\/wp\/v2\/media?parent=603"}],"wp:term":[{"taxonomy":"product_brand","embeddable":true,"href":"https:\/\/www.cxjsmartcard.com\/pl\/wp-json\/wp\/v2\/product_brand?post=603"},{"taxonomy":"product_cat","embeddable":true,"href":"https:\/\/www.cxjsmartcard.com\/pl\/wp-json\/wp\/v2\/product_cat?post=603"},{"taxonomy":"product_tag","embeddable":true,"href":"https:\/\/www.cxjsmartcard.com\/pl\/wp-json\/wp\/v2\/product_tag?post=603"}],"curies":[{"name":"wp","href":"https:\/\/api.w.org\/{rel}","templated":true}]}}