{"id":596,"date":"2025-11-01T08:10:10","date_gmt":"2025-11-01T08:10:10","guid":{"rendered":"https:\/\/www.cxjsmartcard.com\/?post_type=product&#038;p=596"},"modified":"2025-12-29T01:27:12","modified_gmt":"2025-12-29T01:27:12","slug":"13-56mhz-contactless-mifare-rfid-smart-cards","status":"publish","type":"product","link":"https:\/\/www.cxjsmartcard.com\/pl\/13-56mhz-contactless-mifare-rfid-smart-cards\/","title":{"rendered":"Karty inteligentne RFID MIFARE bezkontaktowe 13,56 MHz"},"content":{"rendered":"<p data-start=\"51\" data-end=\"301\">Inteligentne karty zbli\u017ceniowe MIFARE RFID 13,56 MHz do kontroli dost\u0119pu, identyfikacji, p\u0142atno\u015bci bezgot\u00f3wkowych, rejestracji czasu pracy, hoteli, szk\u00f3\u0142, klub\u00f3w\/SPA, turystyki, s\u0142u\u017cby zdrowia, supermarket\u00f3w, parking\u00f3w, promocji i zarz\u0105dzania cz\u0142onkostwem.<\/p>\n<p data-start=\"303\" data-end=\"322\"><strong data-start=\"303\" data-end=\"320\">Specyfikacja<\/strong><\/p>\n<div class=\"_tableContainer_1rjym_1\">\n<div class=\"group _tableWrapper_1rjym_13 flex w-fit flex-col-reverse\" tabindex=\"-1\">\n<table class=\"w-fit min-w-(--thread-content-width)\" data-start=\"323\" data-end=\"958\">\n<thead data-start=\"323\" data-end=\"341\">\n<tr data-start=\"323\" data-end=\"341\">\n<th data-start=\"323\" data-end=\"330\" data-col-size=\"sm\">Przedmiot<\/th>\n<th data-start=\"330\" data-end=\"341\" data-col-size=\"md\">Bli\u017csze dane<\/th>\n<\/tr>\n<\/thead>\n<tbody data-start=\"352\" data-end=\"958\">\n<tr data-start=\"352\" data-end=\"420\">\n<td data-start=\"352\" data-end=\"363\" data-col-size=\"sm\">Tworzywo<\/td>\n<td data-col-size=\"md\" data-start=\"363\" data-end=\"420\">PVC, PET-G, ABS, PC, PLA, przezroczyste PVC, drewno, itp.<\/td>\n<\/tr>\n<tr data-start=\"421\" data-end=\"473\">\n<td data-start=\"421\" data-end=\"433\" data-col-size=\"sm\">Wymiar<\/td>\n<td data-col-size=\"md\" data-start=\"433\" data-end=\"473\">85,5 \u00d7 54 mm (CR80) lub personalizacja<\/td>\n<\/tr>\n<tr data-start=\"474\" data-end=\"507\">\n<td data-start=\"474\" data-end=\"486\" data-col-size=\"sm\">Grubo\u015b\u0107<\/td>\n<td data-col-size=\"md\" data-start=\"486\" data-end=\"507\">0,84 mm \u00b1 0,05 mm<\/td>\n<\/tr>\n<tr data-start=\"508\" data-end=\"551\">\n<td data-start=\"508\" data-end=\"523\" data-col-size=\"sm\">Powierzchnia karty<\/td>\n<td data-col-size=\"md\" data-start=\"523\" data-end=\"551\">B\u0142yszcz\u0105cy \/ Matowy \/ Mro\u017cony<\/td>\n<\/tr>\n<tr data-start=\"552\" data-end=\"635\">\n<td data-start=\"552\" data-end=\"563\" data-col-size=\"sm\">Druk<\/td>\n<td data-col-size=\"md\" data-start=\"563\" data-end=\"635\">Druk offsetowy Heidelberg CMYK, druk cyfrowy, sitodruk, kolor Pantone<\/td>\n<\/tr>\n<tr data-start=\"636\" data-end=\"706\">\n<td data-start=\"636\" data-end=\"656\" data-col-size=\"sm\">Do druku (puste)<\/td>\n<td data-col-size=\"md\" data-start=\"656\" data-end=\"706\">Do drukarki termotransferowej lub atramentowej<\/td>\n<\/tr>\n<tr data-start=\"707\" data-end=\"732\">\n<td data-start=\"707\" data-end=\"719\" data-col-size=\"sm\">Cz\u0119stotliwo\u015b\u0107<\/td>\n<td data-col-size=\"md\" data-start=\"719\" data-end=\"732\">13,56 MHz<\/td>\n<\/tr>\n<tr data-start=\"733\" data-end=\"770\">\n<td data-start=\"733\" data-end=\"753\" data-col-size=\"sm\">Wsparcie techniczne<\/td>\n<td data-col-size=\"md\" data-start=\"753\" data-end=\"770\">Kodowanie chip\u00f3w<\/td>\n<\/tr>\n<tr data-start=\"771\" data-end=\"863\">\n<td data-start=\"771\" data-end=\"781\" data-col-size=\"sm\">Pakiet<\/td>\n<td data-col-size=\"md\" data-start=\"781\" data-end=\"863\">200 szt.\/pude\u0142ko (21,5\u00d79\u00d75,5 cm); 2000 szt.\/karton (49,5\u00d724,5\u00d713,6 cm), 14 kg\/karton<\/td>\n<\/tr>\n<tr data-start=\"864\" data-end=\"958\">\n<td data-start=\"864\" data-end=\"879\" data-col-size=\"sm\">Aplikacje<\/td>\n<td data-col-size=\"md\" data-start=\"879\" data-end=\"958\">Cz\u0142onkostwo, kontrola dost\u0119pu, hotel, transport, lojalno\u015b\u0107, promocje itp.<\/td>\n<\/tr>\n<\/tbody>\n<\/table>\n<\/div>\n<\/div>\n<p data-start=\"960\" data-end=\"978\"><strong data-start=\"960\" data-end=\"976\">Opcje na \u017cetony<\/strong><\/p>\n<ul data-start=\"979\" data-end=\"1294\">\n<li data-start=\"979\" data-end=\"1029\">\n<p data-start=\"981\" data-end=\"1029\">MIFARE Classic\u00ae EV1 1K, MIFARE Classic\u00ae EV1 4K<\/p>\n<\/li>\n<li data-start=\"1030\" data-end=\"1078\">\n<p data-start=\"1032\" data-end=\"1078\">MIFARE Ultralight\u00ae EV1, MIFARE Ultralight\u00ae C<\/p>\n<\/li>\n<li data-start=\"1079\" data-end=\"1104\">\n<p data-start=\"1081\" data-end=\"1104\">NTAG\u00ae 213 \/ 215 \/ 216<\/p>\n<\/li>\n<li data-start=\"1105\" data-end=\"1156\">\n<p data-start=\"1107\" data-end=\"1156\">MIFARE\u00ae DESFire\u00ae EV1 \/ EV2 \/ EV3 (2K \/ 4K \/ 8K)<\/p>\n<\/li>\n<li data-start=\"1157\" data-end=\"1194\">\n<p data-start=\"1159\" data-end=\"1194\">MIFARE Plus\u00ae EV2, MIFARE Plus\u00ae SE<\/p>\n<\/li>\n<li data-start=\"1195\" data-end=\"1242\">\n<p data-start=\"1197\" data-end=\"1242\">ICODE\u00ae SLI \/ SLIX \/ SLIX2 \/ SLIX-S \/ SLIX-L<\/p>\n<\/li>\n<li data-start=\"1243\" data-end=\"1294\">\n<p data-start=\"1245\" data-end=\"1294\">Dost\u0119pne s\u0105 uk\u0142ady zgodne ze standardami ISO14443A i ISO15693<\/p>\n<\/li>\n<\/ul>\n<p data-start=\"1296\" data-end=\"1318\"><strong data-start=\"1296\" data-end=\"1316\">Dost\u0119pne rzemios\u0142o<\/strong><\/p>\n<ul data-start=\"1319\" data-end=\"1615\">\n<li data-start=\"1319\" data-end=\"1350\">\n<p data-start=\"1321\" data-end=\"1350\">Pasek magnetyczny (HICO\/LOCO)<\/p>\n<\/li>\n<li data-start=\"1351\" data-end=\"1396\">\n<p data-start=\"1353\" data-end=\"1396\">Panel z podpisem \/ Panel z zadrapaniami \/ Punkt UV<\/p>\n<\/li>\n<li data-start=\"1397\" data-end=\"1428\">\n<p data-start=\"1399\" data-end=\"1428\">Drukowanie kod\u00f3w kreskowych lub kod\u00f3w QR<\/p>\n<\/li>\n<li data-start=\"1429\" data-end=\"1459\">\n<p data-start=\"1431\" data-end=\"1459\">T\u0142oczenie na gor\u0105co (z\u0142oto\/srebro)<\/p>\n<\/li>\n<li data-start=\"1460\" data-end=\"1472\">\n<p data-start=\"1462\" data-end=\"1472\">Hologram<\/p>\n<\/li>\n<li data-start=\"1473\" data-end=\"1508\">\n<p data-start=\"1475\" data-end=\"1508\">Metaliczne z\u0142oto\/srebrne t\u0142o<\/p>\n<\/li>\n<li data-start=\"1509\" data-end=\"1615\">\n<p data-start=\"1511\" data-end=\"1615\">Personalizacja: t\u0142oczenie, druk laserowy, DOD lub termiczny (numer, imi\u0119, data wa\u017cno\u015bci), dziurkowanie itp.<\/p>\n<\/li>\n<\/ul>\n<p data-start=\"1617\" data-end=\"1649\"><strong data-start=\"1617\" data-end=\"1647\">Projektowanie kart drukowanych na zam\u00f3wienie<\/strong><\/p>\n<ol data-start=\"1650\" data-end=\"1790\">\n<li data-start=\"1650\" data-end=\"1713\">\n<p data-start=\"1653\" data-end=\"1713\">Wy\u015blij nam swoje wymagania, a my dostarczymy Ci kompletne rozwi\u0105zanie w zakresie kart.<\/p>\n<\/li>\n<li data-start=\"1714\" data-end=\"1790\">\n<p data-start=\"1717\" data-end=\"1790\">Mo\u017cesz te\u017c wys\u0142a\u0107 oryginalne dzie\u0142o sztuki (AI\/PDF), a my ode\u015blemy Ci kopi\u0119 do potwierdzenia.<\/p>\n<\/li>\n<\/ol>","protected":false},"excerpt":{"rendered":"<p>Bezkontaktowe karty RFID MIFARE 13,56 MHz z wieloma opcjami chip\u00f3w, najwy\u017cszej jako\u015bci materia\u0142ami PVC i niestandardowym nadrukiem zapewniaj\u0105cym bezpieczny dost\u0119p, identyfikacj\u0119 i programy cz\u0142onkowskie.<\/p>","protected":false},"featured_media":597,"template":"","meta":{"_gspb_post_css":""},"product_brand":[],"product_cat":[15],"product_tag":[],"class_list":{"0":"post-596","1":"product","2":"type-product","3":"status-publish","4":"has-post-thumbnail","6":"product_cat-rfid-cards","8":"first","9":"instock","10":"shipping-taxable","11":"purchasable","12":"product-type-simple"},"_links":{"self":[{"href":"https:\/\/www.cxjsmartcard.com\/pl\/wp-json\/wp\/v2\/product\/596","targetHints":{"allow":["GET"]}}],"collection":[{"href":"https:\/\/www.cxjsmartcard.com\/pl\/wp-json\/wp\/v2\/product"}],"about":[{"href":"https:\/\/www.cxjsmartcard.com\/pl\/wp-json\/wp\/v2\/types\/product"}],"wp:featuredmedia":[{"embeddable":true,"href":"https:\/\/www.cxjsmartcard.com\/pl\/wp-json\/wp\/v2\/media\/597"}],"wp:attachment":[{"href":"https:\/\/www.cxjsmartcard.com\/pl\/wp-json\/wp\/v2\/media?parent=596"}],"wp:term":[{"taxonomy":"product_brand","embeddable":true,"href":"https:\/\/www.cxjsmartcard.com\/pl\/wp-json\/wp\/v2\/product_brand?post=596"},{"taxonomy":"product_cat","embeddable":true,"href":"https:\/\/www.cxjsmartcard.com\/pl\/wp-json\/wp\/v2\/product_cat?post=596"},{"taxonomy":"product_tag","embeddable":true,"href":"https:\/\/www.cxjsmartcard.com\/pl\/wp-json\/wp\/v2\/product_tag?post=596"}],"curies":[{"name":"wp","href":"https:\/\/api.w.org\/{rel}","templated":true}]}}