{"id":1185,"date":"2025-11-24T08:59:19","date_gmt":"2025-11-24T08:59:19","guid":{"rendered":"https:\/\/www.cxjsmartcard.com\/?post_type=product&#038;p=1185"},"modified":"2025-12-29T01:27:06","modified_gmt":"2025-12-29T01:27:06","slug":"ntag215-nfc-coin-tag-504_byte-blank-programmable-token","status":"publish","type":"product","link":"https:\/\/www.cxjsmartcard.com\/pl\/ntag215-nfc-coin-tag-504_byte-blank-programmable-token\/","title":{"rendered":"NTAG215 NFC Coin Tag 504_Byte Pusty programowalny token"},"content":{"rendered":"<p data-start=\"40\" data-end=\"431\">NTAG215 NFC Coin Tag \u2013 504-bajtowy pusty, programowalny token to ma\u0142y, wytrzyma\u0142y token NFC o cz\u0119stotliwo\u015bci 13,56 MHz, przeznaczony do projekt\u00f3w wymagaj\u0105cych niezawodnej, wielokrotnego zapisu pami\u0119ci w kompaktowym formacie. Wykorzystuj\u0105c oryginaln\u0105 technologi\u0119 chipow\u0105 NTAG215, oferuje 504 bajty pami\u0119ci u\u017cytkowej i 7-bajtowy unikalny identyfikator, dzi\u0119ki czemu nadaje si\u0119 do kodowania adres\u00f3w URL, tekstu, identyfikator\u00f3w, danych konfiguracyjnych, danych gier, informacji o programach lojalno\u015bciowych i innych.<\/p>\n<p data-start=\"433\" data-end=\"814\">Tag dzia\u0142a w standardzie ISO\/IEC 14443A i jest kompatybilny z wi\u0119kszo\u015bci\u0105 smartfon\u00f3w, tablet\u00f3w i czytnik\u00f3w obs\u0142uguj\u0105cych NFC, kt\u00f3re obs\u0142uguj\u0105 tagi NFC Forum typu 2. Wystarczy zbli\u017cy\u0107 go do telefonu lub czytnika, aby odczyta\u0107 lub zapisa\u0107 dane, takie jak linki do stron internetowych, wyzwalacze aplikacji, konfiguracja Wi-Fi, kupony lub szczeg\u00f3\u0142y wydarze\u0144. Po zakodowaniu dane mo\u017cna zablokowa\u0107, aby uniemo\u017cliwi\u0107 ich zmian\u0119, je\u015bli aplikacja tego za\u017c\u0105da.<\/p>\n<p data-start=\"816\" data-end=\"1207\">Konstrukcja przypominaj\u0105ca monet\u0119 sprawia, \u017ce zawieszka jest \u0142atwa w obs\u0142udze i monta\u017cu. Typowe \u015brednice to 20\u201330 mm (lub niestandardowe), a jej cienki, p\u0142aski profil pasuje do paneli, obud\u00f3w, wy\u015bwietlaczy, brelok\u00f3w do kluczy lub identyfikator\u00f3w. Obudowa jest zazwyczaj wykonana z tworzywa PVC lub ABS, co zapewnia dobr\u0105 odporno\u015b\u0107 na codzienne zu\u017cycie, lekkie uderzenia i wilgo\u0107 w typowych warunkach wewn\u0119trznych lub zadaszonych warunkach zewn\u0119trznych.<\/p>\n<p data-start=\"1209\" data-end=\"1527\">Zastosowany w nim uk\u0142ad NTAG215 obs\u0142uguje szybk\u0105 komunikacj\u0119, 10-letnie przechowywanie danych i do 100 000 cykli odczytu\/zapisu. Dzi\u0119ki temu token stanowi solidny wyb\u00f3r dla d\u0142ugoterminowych projekt\u00f3w, takich jak programy lojalno\u015bciowe, identyfikatory dost\u0119pu, tokeny gamingowe czy punkty odprawy, kt\u00f3re s\u0105 kodowane i odczytywane wielokrotnie w ci\u0105gu ca\u0142ego cyklu \u017cycia.<\/p>\n<p data-start=\"1529\" data-end=\"1608\">Instalacja i integracja s\u0105 elastyczne. Etykieta na monety mo\u017ce by\u0107 dostarczona z:<\/p>\n<ul data-start=\"1610\" data-end=\"1874\">\n<li data-start=\"1610\" data-end=\"1752\">\n<p data-start=\"1612\" data-end=\"1752\"><strong data-start=\"1612\" data-end=\"1632\">Podk\u0142ad klej\u0105cy<\/strong> \u2013 do szybkiego monta\u017cu typu \u201codklej i przyklej\u201d na czystych, niemetalowych powierzchniach, takich jak plastik, szk\u0142o, drewno lub pomalowane \u015bciany.<\/p>\n<\/li>\n<li data-start=\"1753\" data-end=\"1874\">\n<p data-start=\"1755\" data-end=\"1874\"><strong data-start=\"1755\" data-end=\"1779\">Wersja bez kleju<\/strong> \u2013 do wbudowania w obudowy, breloki, zabawki, elementy gier, opaski na r\u0119k\u0119 lub materia\u0142y drukowane.<\/p>\n<\/li>\n<\/ul>\n<p data-start=\"1876\" data-end=\"2052\">(W razie potrzeby mo\u017cna okre\u015bli\u0107 wersj\u0119 antymetalow\u0105, dzi\u0119ki kt\u00f3rej znacznik mo\u017ce by\u0107 stosowany na powierzchniach metalowych; w przeciwnym razie standardowe znaczniki monet NTAG215 s\u0105 przeznaczone do \u015brodowisk bezmetalowych.)<\/p>\n<p data-start=\"2054\" data-end=\"2259\">Ka\u017cdy tag jest dostarczany pusty i niesformatowany, gotowy do wgrania w\u0142asnych danych. Mo\u017cna go zakodowa\u0107 za pomoc\u0105 bezp\u0142atnego lub profesjonalnego oprogramowania NFC, korzystaj\u0105c z czytnik\u00f3w NFC na komputerach stacjonarnych lub telefon\u00f3w kom\u00f3rkowych z obs\u0142ug\u0105 NFC. Typowe zastosowania obejmuj\u0105:<\/p>\n<ul data-start=\"2261\" data-end=\"2603\">\n<li data-start=\"2261\" data-end=\"2305\">\n<p data-start=\"2263\" data-end=\"2305\">\u017betony do rejestracji na wydarzenia i identyfikatory dla go\u015bci<\/p>\n<\/li>\n<li data-start=\"2306\" data-end=\"2365\">\n<p data-start=\"2308\" data-end=\"2365\">\u017betony lojalno\u015bciowe i cz\u0142onkowskie do sklep\u00f3w, si\u0142owni i klub\u00f3w<\/p>\n<\/li>\n<li data-start=\"2366\" data-end=\"2432\">\n<p data-start=\"2368\" data-end=\"2432\">Elementy gry i \u017cetony kolekcjonerskie z ukryt\u0105 zawarto\u015bci\u0105 cyfrow\u0105<\/p>\n<\/li>\n<li data-start=\"2433\" data-end=\"2474\">\n<p data-start=\"2435\" data-end=\"2474\">Etykiety zapas\u00f3w i lekkich aktyw\u00f3w<\/p>\n<\/li>\n<li data-start=\"2475\" data-end=\"2538\">\n<p data-start=\"2477\" data-end=\"2538\">Inteligentne plakaty, metki produktowe i punkty styku marketingowego<\/p>\n<\/li>\n<li data-start=\"2539\" data-end=\"2603\">\n<p data-start=\"2541\" data-end=\"2603\">Projekty DIY i hobbystyczne NFC, wyzwalacze automatyzacji lub skr\u00f3ty<\/p>\n<\/li>\n<\/ul>\n<p data-start=\"2605\" data-end=\"2888\">W celu brandingu i identyfikacji, powierzchnia mo\u017ce zosta\u0107 zadrukowana logo, tekstem, numerami seryjnymi, kodami kreskowymi lub kodami QR. R\u00f3\u017cne kolory i prosta grafika u\u0142atwiaj\u0105 rozr\u00f3\u017cnianie partii, grup u\u017cytkownik\u00f3w lub funkcji (na przyk\u0142ad r\u00f3\u017cne kolory dla r\u00f3\u017cnych poziom\u00f3w gry lub stref dost\u0119pu).<\/p>\n<p data-start=\"2890\" data-end=\"3163\">\u0141\u0105cz\u0105c kompaktowe rozmiary, pami\u0119\u0107 504-bajtow\u0105, dobr\u0105 kompatybilno\u015b\u0107 i \u0142atwo\u015b\u0107 obs\u0142ugi, tag NFC Coin Tag NTAG215 jest praktycznym \u201cczystym tokenem\u201d do szerokiej gamy zastosowa\u0144 NFC, w kt\u00f3rych chcesz samodzielnie kontrolowa\u0107 zawarto\u015b\u0107, zachowuj\u0105c przy tym czysty i prosty wygl\u0105d.<\/p>","protected":false},"excerpt":{"rendered":"<p>Etykieta na monety NFC NTAG215 z 504-bajtow\u0105 pami\u0119ci\u0105 u\u017cytkownika, zgodna ze standardem ISO14443A NFC Forum Type 2. Czysty i wielokrotnego zapisu token 13,56 MHz w kompaktowej formie monety, idealny do program\u00f3w lojalno\u015bciowych, gier, punkt\u00f3w odprawy, inteligentnych plakat\u00f3w i projekt\u00f3w DIY NFC.<\/p>","protected":false},"featured_media":1186,"template":"","meta":{"_gspb_post_css":""},"product_brand":[],"product_cat":[15],"product_tag":[],"class_list":{"0":"post-1185","1":"product","2":"type-product","3":"status-publish","4":"has-post-thumbnail","6":"product_cat-rfid-cards","8":"first","9":"instock","10":"shipping-taxable","11":"purchasable","12":"product-type-simple"},"_links":{"self":[{"href":"https:\/\/www.cxjsmartcard.com\/pl\/wp-json\/wp\/v2\/product\/1185","targetHints":{"allow":["GET"]}}],"collection":[{"href":"https:\/\/www.cxjsmartcard.com\/pl\/wp-json\/wp\/v2\/product"}],"about":[{"href":"https:\/\/www.cxjsmartcard.com\/pl\/wp-json\/wp\/v2\/types\/product"}],"wp:featuredmedia":[{"embeddable":true,"href":"https:\/\/www.cxjsmartcard.com\/pl\/wp-json\/wp\/v2\/media\/1186"}],"wp:attachment":[{"href":"https:\/\/www.cxjsmartcard.com\/pl\/wp-json\/wp\/v2\/media?parent=1185"}],"wp:term":[{"taxonomy":"product_brand","embeddable":true,"href":"https:\/\/www.cxjsmartcard.com\/pl\/wp-json\/wp\/v2\/product_brand?post=1185"},{"taxonomy":"product_cat","embeddable":true,"href":"https:\/\/www.cxjsmartcard.com\/pl\/wp-json\/wp\/v2\/product_cat?post=1185"},{"taxonomy":"product_tag","embeddable":true,"href":"https:\/\/www.cxjsmartcard.com\/pl\/wp-json\/wp\/v2\/product_tag?post=1185"}],"curies":[{"name":"wp","href":"https:\/\/api.w.org\/{rel}","templated":true}]}}