{"id":1174,"date":"2025-11-24T08:42:34","date_gmt":"2025-11-24T08:42:34","guid":{"rendered":"https:\/\/www.cxjsmartcard.com\/?post_type=product&#038;p=1174"},"modified":"2025-12-29T01:27:06","modified_gmt":"2025-12-29T01:27:06","slug":"fpc-micro-rfid-nfc-tags-stickers","status":"publish","type":"product","link":"https:\/\/www.cxjsmartcard.com\/pl\/fpc-micro-rfid-nfc-tags-stickers\/","title":{"rendered":"Naklejki z mikro tagami RFID NFC FPC"},"content":{"rendered":"<p data-start=\"40\" data-end=\"503\">Naklejki FPC micro RFID NFC to ultrama\u0142e, elastyczne etykiety identyfikacyjne zaprojektowane z my\u015bl\u0105 o precyzyjnym \u015bledzeniu w miejscach o ograniczonej przestrzeni. Zbudowane na elastycznej antenie FPC i kompaktowej bazie, idealnie nadaj\u0105 si\u0119 do zastosowa\u0144 takich jak kontrola dost\u0119pu, zarz\u0105dzanie zasobami, \u015bledzenie drobnych przedmiot\u00f3w (np. narz\u0119dzi chirurgicznych, lek\u00f3w, artyku\u0142\u00f3w medycznych), ochrona marki w przypadku produkt\u00f3w o wysokiej warto\u015bci, a nawet zarz\u0105dzanie zwierz\u0119tami.<\/p>\n<p data-start=\"505\" data-end=\"950\">Korpus znacznika \u0142\u0105czy anten\u0119 FPC z podstaw\u0105 z papieru, PVC lub PET, tworz\u0105c cienk\u0105, gi\u0119tk\u0105 konstrukcj\u0119, kt\u00f3r\u0105 \u0142atwo zintegrowa\u0107 z ciasnymi przestrzeniami lub zakrzywionymi powierzchniami. Standardowe rozmiary obejmuj\u0105 okr\u0105g\u0142e \u015brednice 5 mm, 7 mm, 8 mm, 9 mm, 10 mm i 15 mm, a tak\u017ce popularne formaty prostok\u0105tne, takie jak 8\u00d78 mm, 10\u00d710 mm, 4\u00d712 mm, 6\u00d716 mm, 15\u00d715 mm i 9\u00d746 mm. Mo\u017cliwe jest wykonanie znacznik\u00f3w o niestandardowych kszta\u0142tach i wymiarach, zgodnie z konkretnymi wymaganiami projektu.<\/p>\n<p data-start=\"952\" data-end=\"1487\">Pomimo niewielkich rozmiar\u00f3w, te mikroznaczniki oferuj\u0105 stabiln\u0105 prac\u0119. Dwumiedziana antena zapewnia typow\u0105 odleg\u0142o\u015b\u0107 odczytu oko\u0142o 1\u201310 cm (w zale\u017cno\u015bci od chipa, czytnika i \u015brodowiska), zapewniaj\u0105c niezawodn\u0105 identyfikacj\u0119 z kr\u00f3tkiego zasi\u0119gu, gdzie kontrolowane strefy odczytu s\u0105 istotne. Konstrukcja z tworzywa PET zapewnia wodoodporno\u015b\u0107, odporno\u015b\u0107 na chemikalia i wysok\u0105 temperatur\u0119, dzi\u0119ki czemu znaczniki doskonale nadaj\u0105 si\u0119 do zastosowa\u0144 medycznych, laboratoryjnych i przemys\u0142owych, gdzie cz\u0119ste czyszczenie, sterylizacja lub trudne warunki s\u0105 powszechne.<\/p>\n<p data-start=\"1489\" data-end=\"1990\">Aby obs\u0142ugiwa\u0107 szerok\u0105 gam\u0119 system\u00f3w, tagi s\u0105 dost\u0119pne z wieloma uk\u0142adami scalonymi wysokiej cz\u0119stotliwo\u015bci i protoko\u0142ami. Dost\u0119pne opcje obejmuj\u0105 uk\u0142ady MIFARE Classic\u00ae, MIFARE Plus\u00ae, MIFARE DESFire\u00ae, NTAG\u00ae 203\/213\/215\/216 (NFC Forum Type 2), seri\u0119 MIFARE Ultralight\u00ae oraz rodzin\u0119 ICODE\u00ae SLIX, zgodne z normami ISO\/IEC 14443A, ISO 15693 i ISO 18000-3. Zapewnia to kompatybilno\u015b\u0107 z popularnymi czytnikami HF, skanerami przemys\u0142owymi i smartfonami z obs\u0142ug\u0105 NFC (dla uk\u0142ad\u00f3w NTAG i MIFARE Ultralight).<\/p>\n<p data-start=\"1992\" data-end=\"2397\">Projekt mo\u017ce by\u0107 dostarczony w formie wklejek do wbudowania lub jako gotowe naklejki z nadrukowanym logo, grafik\u0105 lub kodem. Dost\u0119pne opcje obejmuj\u0105 numery seryjne, kody kreskowe, kody QR lub elementy brandingowe, u\u0142atwiaj\u0105ce identyfikacj\u0119 i zapobiegaj\u0105ce fa\u0142szerstwom. Dost\u0119pna jest r\u00f3wnie\u017c konfiguracja antymetaliczna, kt\u00f3ra pozwala mikrotagom niezawodnie dzia\u0142a\u0107 na metalowych narz\u0119dziach lub sprz\u0119cie bez znacz\u0105cej utraty wydajno\u015bci.<\/p>\n<p data-start=\"2399\" data-end=\"2643\">Ka\u017cdy tag obs\u0142uguje ponad 100 000 cykli odczytu\/zapisu, oferuj\u0105c d\u0142ugotrwa\u0142\u0105 i stabiln\u0105 prac\u0119 przez ca\u0142y okres u\u017cytkowania. Pasywna konstrukcja HF nie wymaga baterii, co ogranicza konserwacj\u0119 i umo\u017cliwia trwa\u0142e lub p\u00f3\u0142trwa\u0142e mocowanie do obiekt\u00f3w.<\/p>\n<p data-start=\"2645\" data-end=\"2663\"><strong data-start=\"2645\" data-end=\"2661\">G\u0142\u00f3wne cechy<\/strong><\/p>\n<ul data-start=\"2664\" data-end=\"3335\">\n<li data-start=\"2664\" data-end=\"2748\">\n<p data-start=\"2666\" data-end=\"2748\">Bardzo ma\u0142e wymiary, pocz\u0105wszy od \u015brednicy 5 mm i kompaktowe, prostok\u0105tne rozmiary<\/p>\n<\/li>\n<li data-start=\"2749\" data-end=\"2818\">\n<p data-start=\"2751\" data-end=\"2818\">Elastyczna antena FPC z podstaw\u0105 z papieru\/PCW\/PET dla \u0142atwej integracji<\/p>\n<\/li>\n<li data-start=\"2819\" data-end=\"2926\">\n<p data-start=\"2821\" data-end=\"2926\">Podw\u00f3jna miedziana konstrukcja anteny zapewniaj\u0105ca stabilny odczyt w kr\u00f3tkim zasi\u0119gu (ok. 1\u201310 cm, w zale\u017cno\u015bci od zastosowania)<\/p>\n<\/li>\n<li data-start=\"2927\" data-end=\"3011\">\n<p data-start=\"2929\" data-end=\"3011\">Warstwa PET zapewniaj\u0105ca wodoodporno\u015b\u0107, odporno\u015b\u0107 na chemikalia i ciep\u0142o<\/p>\n<\/li>\n<li data-start=\"3012\" data-end=\"3085\">\n<p data-start=\"3014\" data-end=\"3085\">Opcjonalna konstrukcja antymetalowa do stosowania na narz\u0119dziach i sprz\u0119cie metalowym<\/p>\n<\/li>\n<li data-start=\"3086\" data-end=\"3160\">\n<p data-start=\"3088\" data-end=\"3160\">Format mokrej wk\u0142adki lub gotowa naklejka z nadrukowanym logo lub kodem<\/p>\n<\/li>\n<li data-start=\"3161\" data-end=\"3294\">\n<p data-start=\"3163\" data-end=\"3294\">Opcje uk\u0142ad\u00f3w o wysokiej cz\u0119stotliwo\u015bci: MIFARE Classic\u00ae, MIFARE Plus\u00ae, MIFARE DESFire\u00ae, seria NTAG\u00ae, MIFARE Ultralight\u00ae, rodzina ICODE\u00ae SLIX<\/p>\n<\/li>\n<li data-start=\"3295\" data-end=\"3335\">\n<p data-start=\"3297\" data-end=\"3335\">Wytrzyma\u0142o\u015b\u0107 odczytu\/zapisu &gt;100 000 cykli<\/p>\n<\/li>\n<\/ul>\n<p data-start=\"3337\" data-end=\"3363\"><strong data-start=\"3337\" data-end=\"3361\">Typowe zastosowania<\/strong><\/p>\n<ul data-start=\"3364\" data-end=\"4091\">\n<li data-start=\"3364\" data-end=\"3494\">\n<p data-start=\"3366\" data-end=\"3494\"><strong data-start=\"3366\" data-end=\"3392\">Medycyna i opieka zdrowotna<\/strong>:\u015aledzenie instrument\u00f3w chirurgicznych, narz\u0119dzi medycznych wielokrotnego u\u017cytku, produkt\u00f3w farmaceutycznych i sprz\u0119tu nadaj\u0105cego si\u0119 do sterylizacji.<\/p>\n<\/li>\n<li data-start=\"3495\" data-end=\"3628\">\n<p data-start=\"3497\" data-end=\"3628\"><strong data-start=\"3497\" data-end=\"3526\">Przemys\u0142owe i laboratoryjne<\/strong>:Identyfikacja ma\u0142ych komponent\u00f3w, element\u00f3w wyposa\u017cenia, pr\u00f3bek i pojemnik\u00f3w nara\u017conych na dzia\u0142anie substancji chemicznych lub ciep\u0142a.<\/p>\n<\/li>\n<li data-start=\"3629\" data-end=\"3740\">\n<p data-start=\"3631\" data-end=\"3740\"><strong data-start=\"3631\" data-end=\"3651\">Zarz\u0105dzanie aktywami<\/strong>:Precyzyjne \u015bledzenie niewielkich, cennych zasob\u00f3w lub narz\u0119dzi, do kt\u00f3rych nie mo\u017cna przyklei\u0107 standardowych etykiet.<\/p>\n<\/li>\n<li data-start=\"3741\" data-end=\"3852\">\n<p data-start=\"3743\" data-end=\"3852\"><strong data-start=\"3743\" data-end=\"3763\">Ochrona marki<\/strong>:Niewidoczne lub dyskretne etykietowanie ma\u0142ych, warto\u015bciowych produkt\u00f3w w celu zwalczania podrabiania.<\/p>\n<\/li>\n<li data-start=\"3853\" data-end=\"3961\">\n<p data-start=\"3855\" data-end=\"3961\"><strong data-start=\"3855\" data-end=\"3876\">Zarz\u0105dzanie zwierz\u0119tami<\/strong>:Obro\u017ce lub ma\u0142e urz\u0105dzenia z identyfikatorami dla zwierz\u0105t, w przypadku kt\u00f3rych rozmiar i wygoda maj\u0105 kluczowe znaczenie.<\/p>\n<\/li>\n<li data-start=\"3962\" data-end=\"4091\">\n<p data-start=\"3964\" data-end=\"4091\"><strong data-start=\"3964\" data-end=\"4016\">Kontrola dost\u0119pu i uprawnienia do ma\u0142ych format\u00f3w<\/strong>:Integracja z miniaturowymi identyfikatorami, brelokami lub wbudowanymi urz\u0105dzeniami dost\u0119powymi.<\/p>\n<\/li>\n<\/ul>\n<p data-start=\"4093\" data-end=\"4119\"><strong data-start=\"4093\" data-end=\"4117\">Korzy\u015bci w skr\u00f3cie<\/strong><\/p>\n<ul data-start=\"4120\" data-end=\"4486\">\n<li data-start=\"4120\" data-end=\"4191\">\n<p data-start=\"4122\" data-end=\"4191\">Umo\u017cliwia \u015bledzenie na poziomie przedmiotu, nawet w przypadku bardzo ma\u0142ych lub nieregularnych obiekt\u00f3w<\/p>\n<\/li>\n<li data-start=\"4192\" data-end=\"4269\">\n<p data-start=\"4194\" data-end=\"4269\">Zachowuje niezawodn\u0105 wydajno\u015b\u0107 w warunkach wilgoci, ciep\u0142a i nara\u017cenia na dzia\u0142anie substancji chemicznych<\/p>\n<\/li>\n<li data-start=\"4270\" data-end=\"4327\">\n<p data-start=\"4272\" data-end=\"4327\">Mo\u017cliwo\u015b\u0107 konfiguracji dla \u015brodowisk metalowych i niemetalowych<\/p>\n<\/li>\n<li data-start=\"4328\" data-end=\"4402\">\n<p data-start=\"4330\" data-end=\"4402\">Kompatybilny z szerokim ekosystemem czytnik\u00f3w HF\/NFC i urz\u0105dze\u0144 mobilnych<\/p>\n<\/li>\n<li data-start=\"4403\" data-end=\"4486\">\n<p data-start=\"4405\" data-end=\"4486\">Wysoce konfigurowalny uk\u0142ad, rozmiar, kszta\u0142t i drukowanie w zale\u017cno\u015bci od potrzeb konkretnego projektu<\/p>\n<\/li>\n<\/ul>","protected":false},"excerpt":{"rendered":"<p>Naklejki FPC micro RFID NFC to ultrama\u0142e, elastyczne etykiety HF do precyzyjnego \u015bledzenia drobnych przedmiot\u00f3w i cennych aktyw\u00f3w. Dost\u0119pne w wielu rozmiarach mikro, z chipami i niestandardowych kszta\u0142tach, zapewniaj\u0105 wodoodporno\u015b\u0107, odporno\u015b\u0107 na ciep\u0142o i chemikalia, a tak\u017ce opcjonaln\u0105 konstrukcj\u0119 antymetaliczn\u0105 i mo\u017cliwo\u015b\u0107 nadruku logo lub kodu.<\/p>","protected":false},"featured_media":1175,"template":"","meta":{"_gspb_post_css":""},"product_brand":[],"product_cat":[29],"product_tag":[],"class_list":{"0":"post-1174","1":"product","2":"type-product","3":"status-publish","4":"has-post-thumbnail","6":"product_cat-nfc-tags","8":"first","9":"instock","10":"shipping-taxable","11":"purchasable","12":"product-type-simple"},"_links":{"self":[{"href":"https:\/\/www.cxjsmartcard.com\/pl\/wp-json\/wp\/v2\/product\/1174","targetHints":{"allow":["GET"]}}],"collection":[{"href":"https:\/\/www.cxjsmartcard.com\/pl\/wp-json\/wp\/v2\/product"}],"about":[{"href":"https:\/\/www.cxjsmartcard.com\/pl\/wp-json\/wp\/v2\/types\/product"}],"wp:featuredmedia":[{"embeddable":true,"href":"https:\/\/www.cxjsmartcard.com\/pl\/wp-json\/wp\/v2\/media\/1175"}],"wp:attachment":[{"href":"https:\/\/www.cxjsmartcard.com\/pl\/wp-json\/wp\/v2\/media?parent=1174"}],"wp:term":[{"taxonomy":"product_brand","embeddable":true,"href":"https:\/\/www.cxjsmartcard.com\/pl\/wp-json\/wp\/v2\/product_brand?post=1174"},{"taxonomy":"product_cat","embeddable":true,"href":"https:\/\/www.cxjsmartcard.com\/pl\/wp-json\/wp\/v2\/product_cat?post=1174"},{"taxonomy":"product_tag","embeddable":true,"href":"https:\/\/www.cxjsmartcard.com\/pl\/wp-json\/wp\/v2\/product_tag?post=1174"}],"curies":[{"name":"wp","href":"https:\/\/api.w.org\/{rel}","templated":true}]}}