{"id":1168,"date":"2025-11-24T08:39:53","date_gmt":"2025-11-24T08:39:53","guid":{"rendered":"https:\/\/www.cxjsmartcard.com\/?post_type=product&#038;p=1168"},"modified":"2025-12-29T01:27:06","modified_gmt":"2025-12-29T01:27:06","slug":"custom-logo-nfc-rfid-epoxy-key-tag","status":"publish","type":"product","link":"https:\/\/www.cxjsmartcard.com\/pl\/custom-logo-nfc-rfid-epoxy-key-tag\/","title":{"rendered":"Brelok do kluczy NFC RFID z logo na zam\u00f3wienie, epoksydowy"},"content":{"rendered":"<p data-start=\"40\" data-end=\"448\">Brelok do kluczy NFC RFID Epoxy z logo i personalizowanym logo to kompaktowy, stylowy, inteligentny brelok, kt\u00f3ry \u0142\u0105czy w sobie wytrzyma\u0142o\u015b\u0107, branding i wielofunkcyjn\u0105 technologi\u0119 NFC\/RFID w jednym produkcie. Idealnie nadaje si\u0119 do kontroli dost\u0119pu, zarz\u0105dzania obecno\u015bci\u0105, biletowania, transportu, p\u0142atno\u015bci bezgot\u00f3wkowych i uwierzytelniania produkt\u00f3w, a jednocze\u015bnie prezentuje si\u0119 elegancko, co wzmacnia zaufanie u\u017cytkownik\u00f3w i wizerunek marki.<\/p>\n<p data-start=\"450\" data-end=\"753\">Etykieta wykorzystuje podstaw\u0119 z PVC z g\u0142adk\u0105 powierzchni\u0105 z \u017cywicy epoksydowej, co zapewnia jej doskona\u0142\u0105 odporno\u015b\u0107 na wod\u0119, wilgo\u0107, uderzenia, korozj\u0119 i codzienne zu\u017cycie. Ta solidna konstrukcja sprawia, \u017ce nadaje si\u0119 do d\u0142ugotrwa\u0142ego u\u017cytkowania na brelokach, torbach lub smyczach, nie blaknie ani nie p\u0119ka, nawet w miejscach o du\u017cym nat\u0119\u017ceniu ruchu lub na zewn\u0105trz.<\/p>\n<p data-start=\"755\" data-end=\"1115\">Projekt i wygl\u0105d s\u0105 w pe\u0142ni personalizowane. Mo\u017cesz wybra\u0107 kszta\u0142t okr\u0105g\u0142y, prostok\u0105tny lub nietypowy, okre\u015bli\u0107 rozmiar i grubo\u015b\u0107, a tak\u017ce wybra\u0107 wyko\u0144czenie b\u0142yszcz\u0105ce, matowe, laserowe lub inne niestandardowe. Na powierzchni mo\u017cna nadrukowa\u0107 pe\u0142nokolorowe logo, kody QR, kody kreskowe, numery seryjne, wzory i elementy marki, aby dopasowa\u0107 je do identyfikacji wizualnej Twojej firmy lub projektu kampanii.<\/p>\n<p data-start=\"1117\" data-end=\"1551\">Brelok z \u017cywicy epoksydowej obs\u0142uguje szerok\u0105 gam\u0119 chip\u00f3w NFC\/RFID i cz\u0119stotliwo\u015bci, w tym 13,56 MHz HF (NTAG213\/215\/216, F08, S50, S70, FM11RF08 itp.), a tak\u017ce 125 kHz LF i 860\u2013960 MHz UHF na \u017cyczenie. Jest zgodny z popularnymi normami, takimi jak ISO\/IEC 14443, ISO\/IEC 15693 i ISO\/IEC 18000, zapewniaj\u0105c kompatybilno\u015b\u0107 z popularnymi czytnikami, systemami kontroli dost\u0119pu, terminalami rejestracyjnymi, kasownikami bilet\u00f3w i urz\u0105dzeniami p\u0142atniczymi.<\/p>\n<p data-start=\"1553\" data-end=\"1941\">Dzi\u0119ki typowej odleg\u0142o\u015bci odczytu wynosz\u0105cej oko\u0142o 2\u201310 cm (w zale\u017cno\u015bci od czytnika i \u015brodowiska) oraz bezdotykowej pr\u0119dko\u015bci odczytu\/zapisu wynosz\u0105cej oko\u0142o 1 ms, u\u017cytkownicy mog\u0105 cieszy\u0107 si\u0119 p\u0142ynnym i szybkim odczytem w codziennych sytuacjach, takich jak otwieranie drzwi, rejestrowanie czasu pracy, wsiadanie do autobusu czy weryfikacja autentyczno\u015bci produktu. Tag jest ca\u0142kowicie pasywny i nie wymaga baterii, co ogranicza konserwacj\u0119 i zwi\u0119ksza niezawodno\u015b\u0107.<\/p>\n<p data-start=\"1943\" data-end=\"2296\">Zaprojektowany z my\u015bl\u0105 o d\u0142ugiej \u017cywotno\u015bci, chip obs\u0142uguje ponad 100 000 cykli odczytu\/zapisu i charakteryzuje si\u0119 \u017cywotno\u015bci\u0105 ponad 10 lat. Temperatura pracy od -20\u2103 do +55\u2103 pozwala na u\u017cytkowanie tagu zar\u00f3wno w pomieszczeniach, jak i w umiarkowanych warunkach zewn\u0119trznych, takich jak biura, fabryki, hotele, szko\u0142y, sieci transportu publicznego, parkingi, o\u015brodki narciarskie i obiekty komunalne.<\/p>\n<p data-start=\"2298\" data-end=\"2316\"><strong data-start=\"2298\" data-end=\"2314\">G\u0142\u00f3wne cechy<\/strong><\/p>\n<ul data-start=\"2317\" data-end=\"2823\">\n<li data-start=\"2317\" data-end=\"2390\">\n<p data-start=\"2319\" data-end=\"2390\">Wodoodporna i odporna na uderzenia powierzchnia epoksydowa do d\u0142ugotrwa\u0142ego, codziennego u\u017cytku<\/p>\n<\/li>\n<li data-start=\"2391\" data-end=\"2474\">\n<p data-start=\"2393\" data-end=\"2474\">W pe\u0142ni konfigurowalny wygl\u0105d: logo, kolor, kszta\u0142t, grubo\u015b\u0107 i wyko\u0144czenie powierzchni<\/p>\n<\/li>\n<li data-start=\"2475\" data-end=\"2564\">\n<p data-start=\"2477\" data-end=\"2564\">Obs\u0142uguje wiele uk\u0142ad\u00f3w i cz\u0119stotliwo\u015bci (HF\/LF\/UHF) dla r\u00f3\u017cnych wymaga\u0144 systemowych<\/p>\n<\/li>\n<li data-start=\"2565\" data-end=\"2625\">\n<p data-start=\"2567\" data-end=\"2625\">Szeroka zgodno\u015b\u0107 protoko\u0142\u00f3w: ISO\/IEC 14443, 15693, 18000<\/p>\n<\/li>\n<li data-start=\"2626\" data-end=\"2691\">\n<p data-start=\"2628\" data-end=\"2691\">Szybkie, bezkontaktowe skanowanie z pr\u0119dko\u015bci\u0105 odczytu\/zapisu oko\u0142o 1 ms<\/p>\n<\/li>\n<li data-start=\"2692\" data-end=\"2765\">\n<p data-start=\"2694\" data-end=\"2765\">Ponad 100 000 cykli odczytu\/zapisu i ponad 10 lat \u017cywotno\u015bci<\/p>\n<\/li>\n<li data-start=\"2766\" data-end=\"2823\">\n<p data-start=\"2768\" data-end=\"2823\">Pasywna konstrukcja, kt\u00f3ra nie wymaga zewn\u0119trznego zasilania<\/p>\n<\/li>\n<\/ul>\n<p data-start=\"2825\" data-end=\"2853\"><strong data-start=\"2825\" data-end=\"2851\">Specyfikacja produktu<\/strong><\/p>\n<ul data-start=\"2854\" data-end=\"3796\">\n<li data-start=\"2854\" data-end=\"2928\">\n<p data-start=\"2856\" data-end=\"2928\">Nazwa produktu: Brelok do kluczy NFC z \u017cywic\u0105 epoksydow\u0105 \/ Karta NFC z \u017cywic\u0105 epoksydow\u0105 \/ Karta kontroli dost\u0119pu<\/p>\n<\/li>\n<li data-start=\"2929\" data-end=\"2989\">\n<p data-start=\"2931\" data-end=\"2989\">Materia\u0142y: podstawa z PVC + powierzchnia z \u017cywicy epoksydowej (mo\u017cliwo\u015b\u0107 dostosowania)<\/p>\n<\/li>\n<li data-start=\"2990\" data-end=\"3053\">\n<p data-start=\"2992\" data-end=\"3053\">Rozmiar i kszta\u0142t: Okr\u0105g\u0142y, prostok\u0105tny lub o niestandardowym kszta\u0142cie na zam\u00f3wienie<\/p>\n<\/li>\n<li data-start=\"3054\" data-end=\"3119\">\n<p data-start=\"3056\" data-end=\"3119\">Efekt powierzchni: B\u0142yszcz\u0105cy, matowy, laserowy lub inny niestandardowy<\/p>\n<\/li>\n<li data-start=\"3120\" data-end=\"3216\">\n<p data-start=\"3122\" data-end=\"3216\">Opcje uk\u0142ad\u00f3w scalonych: NTAG213, NTAG215, NTAG216, F08, S50, S70, FM11RF08, N424 i inne na \u017cyczenie<\/p>\n<\/li>\n<li data-start=\"3217\" data-end=\"3291\">\n<p data-start=\"3219\" data-end=\"3291\">Cz\u0119stotliwo\u015b\u0107: 13,56 MHz (HF), opcjonalnie 125 kHz (LF) i 860\u2013960 MHz (UHF)<\/p>\n<\/li>\n<li data-start=\"3292\" data-end=\"3352\">\n<p data-start=\"3294\" data-end=\"3352\">Protoko\u0142y: ISO\/IEC 14443 \/ ISO\/IEC 15693 \/ ISO\/IEC 18000<\/p>\n<\/li>\n<li data-start=\"3353\" data-end=\"3427\">\n<p data-start=\"3355\" data-end=\"3427\">Zasi\u0119g odczytu: Zwykle 2\u201310 cm (w zale\u017cno\u015bci od czytaj\u0105cego i \u015brodowiska)<\/p>\n<\/li>\n<li data-start=\"3428\" data-end=\"3462\">\n<p data-start=\"3430\" data-end=\"3462\">Pr\u0119dko\u015b\u0107 odczytu\/zapisu: ok. 1 ms<\/p>\n<\/li>\n<li data-start=\"3463\" data-end=\"3500\">\n<p data-start=\"3465\" data-end=\"3500\">Cykle odczytu\/zapisu: &gt;100 000 razy<\/p>\n<\/li>\n<li data-start=\"3501\" data-end=\"3539\">\n<p data-start=\"3503\" data-end=\"3539\">Temperatura pracy: -20\u2103 ~ +55\u2103<\/p>\n<\/li>\n<li data-start=\"3540\" data-end=\"3567\">\n<p data-start=\"3542\" data-end=\"3567\">Okres u\u017cytkowania: &gt;10 lat<\/p>\n<\/li>\n<li data-start=\"3568\" data-end=\"3614\">\n<p data-start=\"3570\" data-end=\"3614\">Zasilanie: pasywne, nie wymaga baterii<\/p>\n<\/li>\n<li data-start=\"3615\" data-end=\"3685\">\n<p data-start=\"3617\" data-end=\"3685\">Czas realizacji: Zwykle 10\u201315 dni, w zale\u017cno\u015bci od uk\u0142adu i personalizacji<\/p>\n<\/li>\n<li data-start=\"3686\" data-end=\"3796\">\n<p data-start=\"3688\" data-end=\"3796\">Opcje niestandardowe: logo, kod QR, kod kreskowy, numer seryjny, styl nadruku, kszta\u0142t, grubo\u015b\u0107 i efekt powierzchni<\/p>\n<\/li>\n<\/ul>\n<p data-start=\"3798\" data-end=\"3824\"><strong data-start=\"3798\" data-end=\"3822\">Typowe zastosowania<\/strong><\/p>\n<ul data-start=\"3825\" data-end=\"4654\">\n<li data-start=\"3825\" data-end=\"3949\">\n<p data-start=\"3827\" data-end=\"3949\"><strong data-start=\"3827\" data-end=\"3856\">Kontrola dost\u0119pu i bezpiecze\u0144stwo<\/strong>:Karty dost\u0119pu do biur, fabryk, hoteli, budynk\u00f3w mieszkalnych i obszar\u00f3w chronionych.<\/p>\n<\/li>\n<li data-start=\"3950\" data-end=\"4083\">\n<p data-start=\"3952\" data-end=\"4083\"><strong data-start=\"3952\" data-end=\"3982\">Rejestracja obecno\u015bci i czasu<\/strong>:Systemy meldowania si\u0119 pracownik\u00f3w, student\u00f3w lub personelu wydarzenia wymagaj\u0105ce szybkiej i niezawodnej identyfikacji.<\/p>\n<\/li>\n<li data-start=\"4084\" data-end=\"4203\">\n<p data-start=\"4086\" data-end=\"4203\"><strong data-start=\"4086\" data-end=\"4109\">Sprzeda\u017c bilet\u00f3w i p\u0142atno\u015bci<\/strong>: Karty do transportu publicznego, dost\u0119p do parkingu, rozwi\u0105zania p\u0142atnicze w postaci przedp\u0142aconych \u015brodk\u00f3w lub cz\u0142onkostwa.<\/p>\n<\/li>\n<li data-start=\"4204\" data-end=\"4351\">\n<p data-start=\"4206\" data-end=\"4351\"><strong data-start=\"4206\" data-end=\"4254\">Uwierzytelnianie produkt\u00f3w i zapobieganie podrabianiu<\/strong>:Unikalne metki na markow\u0105 elektronik\u0119, towary luksusowe i produkty farmaceutyczne, w celu potwierdzenia ich autentyczno\u015bci.<\/p>\n<\/li>\n<li data-start=\"4352\" data-end=\"4502\">\n<p data-start=\"4354\" data-end=\"4502\"><strong data-start=\"4354\" data-end=\"4380\">Marketing i promocje<\/strong>:Karty cz\u0142onkowskie i lojalno\u015bciowe, pami\u0105tki z wydarze\u0144 oraz interaktywny marketing NFC w mediach spo\u0142eczno\u015bciowych lub kampaniach promocyjnych.<\/p>\n<\/li>\n<li data-start=\"4503\" data-end=\"4654\">\n<p data-start=\"4505\" data-end=\"4654\"><strong data-start=\"4505\" data-end=\"4524\">Sektory specjalne<\/strong>:Karnety narciarskie, karty miejskie, bankowo\u015b\u0107, s\u0142u\u017cba zdrowia i aplikacje rz\u0105dowe wymagaj\u0105ce trwa\u0142ych, bezpiecznych po\u015bwiadcze\u0144.<\/p>\n<\/li>\n<\/ul>\n<p data-start=\"4656\" data-end=\"4712\"><strong data-start=\"4656\" data-end=\"4710\">Dlaczego warto wybra\u0107 nasz brelok NFC RFID z \u017cywicy epoksydowej z logo?<\/strong><\/p>\n<ul data-start=\"4713\" data-end=\"5188\">\n<li data-start=\"4713\" data-end=\"4799\">\n<p data-start=\"4715\" data-end=\"4799\">Sprawdzona niezawodno\u015b\u0107 w zastosowaniach o du\u017cym nat\u0119\u017ceniu ruchu, w tym na brelokach i w pobli\u017cu przedmiot\u00f3w metalowych<\/p>\n<\/li>\n<li data-start=\"4800\" data-end=\"4875\">\n<p data-start=\"4802\" data-end=\"4875\">Wyko\u0144czenie epoksydowe najwy\u017cszej jako\u015bci zapewniaj\u0105ce profesjonalny, nowoczesny wygl\u0105d i wra\u017cenie<\/p>\n<\/li>\n<li data-start=\"4876\" data-end=\"4964\">\n<p data-start=\"4878\" data-end=\"4964\">\u0141atwa, intuicyjna obs\u0142uga dzi\u0119ki szybkiemu skanowaniu bezdotykowemu i bez krzywej uczenia si\u0119<\/p>\n<\/li>\n<li data-start=\"4965\" data-end=\"5076\">\n<p data-start=\"4967\" data-end=\"5076\">Bezpieczne, nietoksyczne materia\u0142y i solidna, wodoodporna konstrukcja, kt\u00f3ra zachowuje wydajno\u015b\u0107 i wygl\u0105d przez d\u0142ugi czas<\/p>\n<\/li>\n<li data-start=\"5077\" data-end=\"5188\">\n<p data-start=\"5079\" data-end=\"5188\">Wysoki stopie\u0144 personalizacji sprawia, \u017ce etykieta staje si\u0119 silnym no\u015bnikiem marki, a nie tylko funkcjonaln\u0105 kart\u0105<\/p>\n<\/li>\n<\/ul>\n<p data-start=\"5190\" data-end=\"5210\"><strong data-start=\"5190\" data-end=\"5208\">Cz\u0119sto zadawane pytania (podsumowanie)<\/strong><\/p>\n<ul data-start=\"5211\" data-end=\"6158\">\n<li data-start=\"5211\" data-end=\"5376\">\n<p data-start=\"5213\" data-end=\"5376\"><strong data-start=\"5213\" data-end=\"5242\">Zgodno\u015b\u0107 z dost\u0119pem do drzwi<\/strong>: Wsp\u00f3\u0142pracuje ze standardowymi czytnikami NFC 13,56 MHz i systemami opartymi na normie ISO14443, powszechnie stosowanymi w biurach, hotelach i osiedlach mieszkaniowych.<\/p>\n<\/li>\n<li data-start=\"5377\" data-end=\"5522\">\n<p data-start=\"5379\" data-end=\"5522\"><strong data-start=\"5379\" data-end=\"5410\">Trwa\u0142o\u015b\u0107 powierzchni epoksydowej<\/strong>:Epoksyd jest odporny na zarysowania i wilgo\u0107, a tak\u017ce zachowuje przejrzysto\u015b\u0107 i stabilno\u015b\u0107 podczas codziennego, d\u0142ugotrwa\u0142ego u\u017cytkowania.<\/p>\n<\/li>\n<li data-start=\"5523\" data-end=\"5656\">\n<p data-start=\"5525\" data-end=\"5656\"><strong data-start=\"5525\" data-end=\"5550\">Opcje personalizacji<\/strong>:Dost\u0119pne s\u0105 r\u00f3\u017cne kszta\u0142ty, rozmiary, grubo\u015bci, kolory, logo, kody QR\/kreskowe, numery seryjne i wyko\u0144czenia powierzchni.<\/p>\n<\/li>\n<li data-start=\"5657\" data-end=\"5789\">\n<p data-start=\"5659\" data-end=\"5789\"><strong data-start=\"5659\" data-end=\"5678\">Obs\u0142ugiwane uk\u0142ady scalone<\/strong>:NTAG213\/215\/216, F08, S50\/S70, FM11RF08, N424 i inne na zam\u00f3wienie o r\u00f3\u017cnych pojemno\u015bciach i funkcjach.<\/p>\n<\/li>\n<li data-start=\"5790\" data-end=\"5885\">\n<p data-start=\"5792\" data-end=\"5885\"><strong data-start=\"5792\" data-end=\"5811\">Czas produkcji<\/strong>:Zwykle oko\u0142o 10\u201315 dni w zale\u017cno\u015bci od ilo\u015bci, rodzaju \u017cetonu i projektu graficznego.<\/p>\n<\/li>\n<li data-start=\"5886\" data-end=\"6008\">\n<p data-start=\"5888\" data-end=\"6008\"><strong data-start=\"5888\" data-end=\"5910\">Wielofunkcyjne zastosowanie<\/strong>:Jeden tag mo\u017cna zintegrowa\u0107 z systemami kontroli dost\u0119pu, obecno\u015bci, p\u0142atno\u015bci i uwierzytelniania.<\/p>\n<\/li>\n<li data-start=\"6009\" data-end=\"6158\">\n<p data-start=\"6011\" data-end=\"6158\"><strong data-start=\"6011\" data-end=\"6035\">Wp\u0142yw na zasi\u0119g odczytu<\/strong>:Warstwa epoksydowa ma minimalny wp\u0142yw; odleg\u0142o\u015b\u0107 odczytu zale\u017cy g\u0142\u00f3wnie od konstrukcji anteny i mocy czytnika, zwykle wynosi 2\u201310 cm.<\/p>\n<\/li>\n<\/ul>","protected":false},"excerpt":{"rendered":"<p>Personalizowany brelok NFC RFID z \u017cywicy epoksydowej z nadrukowanym logo, dost\u0119pny w r\u00f3\u017cnych kszta\u0142tach, chipach i cz\u0119stotliwo\u015bciach. Wodoodporna, trwa\u0142a i pasywna konstrukcja do kontroli dost\u0119pu, kontroli obecno\u015bci, biletowania, p\u0142atno\u015bci, marketingu i uwierzytelniania produkt\u00f3w.<\/p>","protected":false},"featured_media":1170,"template":"","meta":{"_gspb_post_css":""},"product_brand":[],"product_cat":[29],"product_tag":[],"class_list":{"0":"post-1168","1":"product","2":"type-product","3":"status-publish","4":"has-post-thumbnail","6":"product_cat-nfc-tags","8":"first","9":"instock","10":"shipping-taxable","11":"purchasable","12":"product-type-simple"},"_links":{"self":[{"href":"https:\/\/www.cxjsmartcard.com\/pl\/wp-json\/wp\/v2\/product\/1168","targetHints":{"allow":["GET"]}}],"collection":[{"href":"https:\/\/www.cxjsmartcard.com\/pl\/wp-json\/wp\/v2\/product"}],"about":[{"href":"https:\/\/www.cxjsmartcard.com\/pl\/wp-json\/wp\/v2\/types\/product"}],"wp:featuredmedia":[{"embeddable":true,"href":"https:\/\/www.cxjsmartcard.com\/pl\/wp-json\/wp\/v2\/media\/1170"}],"wp:attachment":[{"href":"https:\/\/www.cxjsmartcard.com\/pl\/wp-json\/wp\/v2\/media?parent=1168"}],"wp:term":[{"taxonomy":"product_brand","embeddable":true,"href":"https:\/\/www.cxjsmartcard.com\/pl\/wp-json\/wp\/v2\/product_brand?post=1168"},{"taxonomy":"product_cat","embeddable":true,"href":"https:\/\/www.cxjsmartcard.com\/pl\/wp-json\/wp\/v2\/product_cat?post=1168"},{"taxonomy":"product_tag","embeddable":true,"href":"https:\/\/www.cxjsmartcard.com\/pl\/wp-json\/wp\/v2\/product_tag?post=1168"}],"curies":[{"name":"wp","href":"https:\/\/api.w.org\/{rel}","templated":true}]}}