{"id":1162,"date":"2025-11-24T08:36:41","date_gmt":"2025-11-24T08:36:41","guid":{"rendered":"https:\/\/www.cxjsmartcard.com\/?post_type=product&#038;p=1162"},"modified":"2025-12-29T01:27:06","modified_gmt":"2025-12-29T01:27:06","slug":"anti-metal-nfc-coin-tag","status":"publish","type":"product","link":"https:\/\/www.cxjsmartcard.com\/pl\/anti-metal-nfc-coin-tag\/","title":{"rendered":"Etykieta na monety NFC antymetalowa"},"content":{"rendered":"<p data-start=\"31\" data-end=\"547\">Identyfikator na monety NFC Anti-metal zosta\u0142 zaprojektowany z my\u015bl\u0105 o niezawodnej pracy na powierzchniach metalowych, w pe\u0142ni zgodny z normami ISO\/IEC 14443A i ISO 18000-3 oraz kompatybilny ze wszystkimi czytnikami i antenami NFC typu A o cz\u0119stotliwo\u015bci 13,56 MHz. Oferuje stabilny zasi\u0119g odczytu od oko\u0142o 1 do 5 cm (do oko\u0142o 10 cm, w zale\u017cno\u015bci od mocy czytnika i warunk\u00f3w otoczenia), co czyni go idealnym do identyfikacji i interakcji z bliskiej odleg\u0142o\u015bci w zastosowaniach profesjonalnych, takich jak p\u0142atno\u015bci mobilne, bilety elektroniczne i uwierzytelnianie produkt\u00f3w.<\/p>\n<p data-start=\"549\" data-end=\"877\">Zbudowany z NTAG\u00ae 213, NTAG\u00ae 215 i innymi popularnymi uk\u0142adami NFC, ten metalowy identyfikator monety oferuje zar\u00f3wno 7-bajtowy identyfikator u\u017cytkownika (UID), jak i obszern\u0105 pami\u0119\u0107 u\u017cytkownika (144 lub 504 bajty). Obs\u0142uguje pe\u0142en zakres operacji odczytu\/zapisu, 10-letni okres przechowywania danych i do 100 000 cykli programowania, co gwarantuje d\u0142ugoterminow\u0105 niezawodno\u015b\u0107 w wymagaj\u0105cych projektach.<\/p>\n<p data-start=\"879\" data-end=\"1222\">Tag ma kompaktow\u0105, okr\u0105g\u0142\u0105 obudow\u0119 o \u015brednicy 20 mm i konstrukcj\u0119 zoptymalizowan\u0105 pod k\u0105tem \u015brodowisk metalowych: antena z wytrawionego aluminium na papierze zabezpieczaj\u0105cym, pokryta wodoodporn\u0105 pow\u0142ok\u0105 z PVC i warstw\u0105 ferrytu antymetalicznego. Taka konstrukcja skutecznie izoluje anten\u0119 NFC od zak\u0142\u00f3ce\u0144 metalowych, jednocze\u015bnie zachowuj\u0105c cienk\u0105 konstrukcj\u0119 i \u0142atwo\u015b\u0107 integracji.<\/p>\n<p data-start=\"1224\" data-end=\"1464\">Samoprzylepna warstwa spodnia sprawia, \u017ce monta\u017c jest szybki i prosty \u2013 wystarczy odklei\u0107 i przyklei\u0107 do metalowych szafek, narz\u0119dzi, maszyn, drzwi lub innych metalowych element\u00f3w. Ka\u017cde opakowanie zawiera 200 sztuk, co u\u0142atwia monta\u017c w \u015brednich i du\u017cych projektach.<\/p>\n<p data-start=\"1466\" data-end=\"1745\">Etykieta obs\u0142uguje szerok\u0105 gam\u0119 opcji personalizacji, je\u015bli chodzi o potrzeby zwi\u0105zane z brandingiem i integracj\u0105: mo\u017cesz wybra\u0107 r\u00f3\u017cne modele chip\u00f3w, wzory anten, materia\u0142y, opcje klejenia, a tak\u017ce niestandardowe nadruki i specjalne zdobienia (takie jak logo, numery seryjne, kody kreskowe, kody QR lub kolorowe grafiki).<\/p>\n<p data-start=\"1747\" data-end=\"1764\">Parametry RFID<\/p>\n<ul data-start=\"1765\" data-end=\"2167\">\n<li data-start=\"1765\" data-end=\"1798\">\n<p data-start=\"1767\" data-end=\"1798\">Typ: Etykieta na monety NFC antymetalowa<\/p>\n<\/li>\n<li data-start=\"1799\" data-end=\"1842\">\n<p data-start=\"1801\" data-end=\"1842\">Protok\u00f3\u0142: ISO\/IEC 14443 A i ISO 18000-3<\/p>\n<\/li>\n<li data-start=\"1843\" data-end=\"1883\">\n<p data-start=\"1845\" data-end=\"1883\">Cz\u0119stotliwo\u015b\u0107: 13,56 MHz (globalne pasmo HF)<\/p>\n<\/li>\n<li data-start=\"1884\" data-end=\"1933\">\n<p data-start=\"1886\" data-end=\"1933\">Opcje chip\u00f3w: NTAG\u00ae 213, NTAG\u00ae 215 i inne<\/p>\n<\/li>\n<li data-start=\"1934\" data-end=\"1992\">\n<p data-start=\"1936\" data-end=\"1992\">Pami\u0119\u0107: 7-bajtowy UID; pami\u0119\u0107 u\u017cytkownika 144 bajty lub 504 bajty<\/p>\n<\/li>\n<li data-start=\"1993\" data-end=\"2018\">\n<p data-start=\"1995\" data-end=\"2018\">Odczyt\/Zapis: Obs\u0142ugiwane<\/p>\n<\/li>\n<li data-start=\"2019\" data-end=\"2087\">\n<p data-start=\"2021\" data-end=\"2087\">Typowy zasi\u0119g odczytu: 1\u20135 cm (w zale\u017cno\u015bci od czytaj\u0105cego i \u015brodowiska)<\/p>\n<\/li>\n<li data-start=\"2088\" data-end=\"2122\">\n<p data-start=\"2090\" data-end=\"2122\">Przechowywanie danych: do 10 lat<\/p>\n<\/li>\n<li data-start=\"2123\" data-end=\"2167\">\n<p data-start=\"2125\" data-end=\"2167\">Cykle programowania: do 100 000 cykli<\/p>\n<\/li>\n<\/ul>\n<p data-start=\"2169\" data-end=\"2190\">Parametry fizyczne<\/p>\n<ul data-start=\"2191\" data-end=\"2672\">\n<li data-start=\"2191\" data-end=\"2230\">\n<p data-start=\"2193\" data-end=\"2230\">Rozmiar: okr\u0105g\u0142a zawieszka na monet\u0119 o \u015brednicy 20 mm<\/p>\n<\/li>\n<li data-start=\"2231\" data-end=\"2268\">\n<p data-start=\"2233\" data-end=\"2268\">Materia\u0142 pod\u0142o\u017ca: Papier antyadhezyjny<\/p>\n<\/li>\n<li data-start=\"2269\" data-end=\"2307\">\n<p data-start=\"2271\" data-end=\"2307\">Materia\u0142 anteny: trawienie aluminium<\/p>\n<\/li>\n<li data-start=\"2308\" data-end=\"2376\">\n<p data-start=\"2310\" data-end=\"2376\">Materia\u0142 powierzchni: PVC, wodoodporny, z warstw\u0105 ferrytu antymetalicznego<\/p>\n<\/li>\n<li data-start=\"2377\" data-end=\"2433\">\n<p data-start=\"2379\" data-end=\"2433\">Kodowanie: Obs\u0142ugiwane (wst\u0119pne kodowanie lub puste pole opcjonalne)<\/p>\n<\/li>\n<li data-start=\"2434\" data-end=\"2494\">\n<p data-start=\"2436\" data-end=\"2494\">Monta\u017c: Samoprzylepny, odpowiedni do powierzchni metalowych<\/p>\n<\/li>\n<li data-start=\"2495\" data-end=\"2534\">\n<p data-start=\"2497\" data-end=\"2534\">Temperatura pracy: od -25\u2103 do +65\u2103<\/p>\n<\/li>\n<li data-start=\"2535\" data-end=\"2569\">\n<p data-start=\"2537\" data-end=\"2569\">Wilgotno\u015b\u0107 robocza: 20%\u201390% RH<\/p>\n<\/li>\n<li data-start=\"2570\" data-end=\"2596\">\n<p data-start=\"2572\" data-end=\"2596\">Opakowanie: 200 szt.\/pude\u0142ko<\/p>\n<\/li>\n<li data-start=\"2597\" data-end=\"2672\">\n<p data-start=\"2599\" data-end=\"2672\">Us\u0142uga dostosowana do potrzeb: Chip \/ Antena \/ Materia\u0142 \/ Klej \/ Druk \/ R\u0119kodzie\u0142o<\/p>\n<\/li>\n<\/ul>\n<p data-start=\"2674\" data-end=\"2708\">Zastosowania i zalety rynkowe<\/p>\n<ul data-start=\"2709\" data-end=\"4180\">\n<li data-start=\"2709\" data-end=\"2893\">\n<p data-start=\"2711\" data-end=\"2893\">P\u0142atno\u015bci mobilne i transakcje zbli\u017ceniowe:<br data-start=\"2754\" data-end=\"2757\" \/>Stosowany z urz\u0105dzeniami obs\u0142uguj\u0105cymi technologi\u0119 NFC do szybkich i bezpiecznych p\u0142atno\u015bci mobilnych, portfeli cyfrowych oraz sprzeda\u017cy bezgot\u00f3wkowej przy u\u017cyciu metalowych lad lub terminali.<\/p>\n<\/li>\n<li data-start=\"2895\" data-end=\"3051\">\n<p data-start=\"2897\" data-end=\"3051\">Bilety elektroniczne i dost\u0119p do wydarze\u0144:<br data-start=\"2924\" data-end=\"2927\" \/>Nadaje si\u0119 do obs\u0142ugi koncert\u00f3w, wystaw, transportu i kontroli dost\u0119pu do obiekt\u00f3w, umo\u017cliwiaj\u0105c szybkie skanowanie i sprawn\u0105 odpraw\u0119.<\/p>\n<\/li>\n<li data-start=\"3053\" data-end=\"3229\">\n<p data-start=\"3055\" data-end=\"3229\">Uwierzytelnianie produktu i zapobieganie podrabianiu:<br data-start=\"3100\" data-end=\"3103\" \/>Pomaga weryfikowa\u0107 autentyczno\u015b\u0107 markowych towar\u00f3w, takich jak elektronika, produkty luksusowe czy produkty farmaceutyczne, chroni\u0105c warto\u015b\u0107 marki.<\/p>\n<\/li>\n<li data-start=\"3231\" data-end=\"3396\">\n<p data-start=\"3233\" data-end=\"3396\">Zarz\u0105dzanie aktywami i \u015bledzenie zapas\u00f3w:<br data-start=\"3271\" data-end=\"3274\" \/>Doskonale nadaje si\u0119 do etykietowania metalowych narz\u0119dzi, sprz\u0119tu, rega\u0142\u00f3w i maszyn, u\u0142atwiaj\u0105c \u015bledzenie, liczenie i rejestrowanie konserwacji.<\/p>\n<\/li>\n<li data-start=\"3398\" data-end=\"3556\">\n<p data-start=\"3400\" data-end=\"3556\">Systemy patrolowe\/trasy wartowniczej:<br data-start=\"3428\" data-end=\"3431\" \/>Pe\u0142ni\u0105 funkcj\u0119 punkt\u00f3w kontrolnych patroli na metalowych \u015bcianach, drzwiach lub obiektach, umo\u017cliwiaj\u0105c stra\u017cnikom dok\u0142adne rejestrowanie tras patroli.<\/p>\n<\/li>\n<li data-start=\"3558\" data-end=\"3713\">\n<p data-start=\"3560\" data-end=\"3713\">Kontrola dost\u0119pu i inteligentne zamki:<br data-start=\"3589\" data-end=\"3592\" \/>Pasuje do system\u00f3w kontroli dost\u0119pu NFC na metalowych drzwiach lub ramach w biurach, fabrykach, magazynach i budynkach mieszkalnych.<\/p>\n<\/li>\n<li data-start=\"3715\" data-end=\"3840\">\n<p data-start=\"3717\" data-end=\"3840\">Zarz\u0105dzanie obecno\u015bci\u0105:<br data-start=\"3739\" data-end=\"3742\" \/>Umo\u017cliwia sprawdzanie obecno\u015bci pracownik\u00f3w, student\u00f3w, kontrahent\u00f3w i personelu wydarzenia za pomoc\u0105 urz\u0105dze\u0144 NFC.<\/p>\n<\/li>\n<li data-start=\"3842\" data-end=\"4007\">\n<p data-start=\"3844\" data-end=\"4007\">Inteligentne opakowania i marketing interaktywny:<br data-start=\"3884\" data-end=\"3887\" \/>Umieszczane w opakowaniach lub wy\u015bwietlaczach, umo\u017cliwiaj\u0105ce uruchamianie stron internetowych, promocji lub kampanii cyfrowych po dotkni\u0119ciu smartfonem.<\/p>\n<\/li>\n<li data-start=\"4009\" data-end=\"4180\">\n<p data-start=\"4011\" data-end=\"4180\">Rosn\u0105cy popyt rynkowy:<br data-start=\"4033\" data-end=\"4036\" \/>Stosowane powszechnie w inteligentnych miastach, logistyce, handlu detalicznym, systemach bezpiecze\u0144stwa, produkcji przemys\u0142owej, zarz\u0105dzaniu si\u0142\u0105 robocz\u0105 oraz innych zastosowaniach Internetu rzeczy i zaawansowanych technologii.<\/p>\n<\/li>\n<\/ul>\n<p data-start=\"4182\" data-end=\"4223\">Dlaczego warto wybra\u0107 nasz antymetalowy znacznik NFC?<\/p>\n<ul data-start=\"4224\" data-end=\"4703\">\n<li data-start=\"4224\" data-end=\"4307\">\n<p data-start=\"4226\" data-end=\"4307\">Wytrzyma\u0142a, wodoodporna i odporna na dzia\u0142anie metalu konstrukcja do d\u0142ugotrwa\u0142ego stosowania na powierzchniach metalowych<\/p>\n<\/li>\n<li data-start=\"4308\" data-end=\"4377\">\n<p data-start=\"4310\" data-end=\"4377\">Pe\u0142na kompatybilno\u015b\u0107 z czytnikami NFC ISO 14443A i urz\u0105dzeniami 13,56 MHz<\/p>\n<\/li>\n<li data-start=\"4378\" data-end=\"4493\">\n<p data-start=\"4380\" data-end=\"4493\">Elastyczna personalizacja uk\u0142ad\u00f3w scalonych, anten, materia\u0142\u00f3w, klej\u00f3w, nadruk\u00f3w i r\u0119kodzie\u0142a, aby dopasowa\u0107 je do Twojego projektu lub marki<\/p>\n<\/li>\n<li data-start=\"4494\" data-end=\"4574\">\n<p data-start=\"4496\" data-end=\"4574\">D\u0142uga \u017cywotno\u015b\u0107 z nawet 100 000 cykli zapisu i 10-letnim przechowywaniem danych<\/p>\n<\/li>\n<li data-start=\"4575\" data-end=\"4703\">\n<p data-start=\"4577\" data-end=\"4703\">Nadaje si\u0119 do p\u0142atno\u015bci, uwierzytelniania, kontroli dost\u0119pu, \u015bledzenia obecno\u015bci, system\u00f3w patrolowych i innych zastosowa\u0144 NFC na metalu<\/p>\n<\/li>\n<\/ul>","protected":false},"excerpt":{"rendered":"<p data-start=\"4736\" data-end=\"5000\">Wytrzyma\u0142y, metalowy brelok NFC do monet, przeznaczony do czytnik\u00f3w 13,56 MHz ISO\/IEC 14443A. Wodoodporna konstrukcja z PVC i ferrytu, chipy NTAG213\/NTAG215, samoprzylepny podk\u0142ad, idealny do p\u0142atno\u015bci, bilet\u00f3w elektronicznych, uwierzytelniania, kontroli dost\u0119pu, kontroli obecno\u015bci i patrolowania powierzchni metalowych.<\/p>\n<p data-start=\"5002\" data-end=\"5014\">Kluczowe dane techniczne:<\/p>\n<ul data-start=\"5015\" data-end=\"5358\">\n<li data-start=\"5015\" data-end=\"5041\">\n<p data-start=\"5017\" data-end=\"5041\">Cz\u0119stotliwo\u015b\u0107: 13,56MHz HF<\/p>\n<\/li>\n<li data-start=\"5042\" data-end=\"5081\">\n<p data-start=\"5044\" data-end=\"5081\">Protok\u00f3\u0142: ISO\/IEC 14443 A i 18000-3<\/p>\n<\/li>\n<li data-start=\"5082\" data-end=\"5125\">\n<p data-start=\"5084\" data-end=\"5125\">Chip: NTAG\u00ae 213 \/ NTAG\u00ae 215, 7-bajtowy UID<\/p>\n<\/li>\n<li data-start=\"5126\" data-end=\"5165\">\n<p data-start=\"5128\" data-end=\"5165\">Pami\u0119\u0107 u\u017cytkownika: 144 bajty lub 504 bajty<\/p>\n<\/li>\n<li data-start=\"5166\" data-end=\"5206\">\n<p data-start=\"5168\" data-end=\"5206\">Rozmiar: \u00d820 mm, etykieta na monety, samoprzylepna<\/p>\n<\/li>\n<li data-start=\"5207\" data-end=\"5292\">\n<p data-start=\"5209\" data-end=\"5292\">Struktura: antena aluminiowa + papier zabezpieczaj\u0105cy + wodoodporny PVC + ferryt antymetaliczny<\/p>\n<\/li>\n<li data-start=\"5293\" data-end=\"5358\">\n<p data-start=\"5295\" data-end=\"5358\">Wytrzyma\u0142o\u015b\u0107: 10-letnie przechowywanie danych, 100 000 cykli programowania<\/p>\n<\/li>\n<\/ul>","protected":false},"featured_media":1166,"template":"","meta":{"_gspb_post_css":""},"product_brand":[],"product_cat":[29],"product_tag":[],"class_list":{"0":"post-1162","1":"product","2":"type-product","3":"status-publish","4":"has-post-thumbnail","6":"product_cat-nfc-tags","8":"first","9":"instock","10":"shipping-taxable","11":"purchasable","12":"product-type-simple"},"_links":{"self":[{"href":"https:\/\/www.cxjsmartcard.com\/pl\/wp-json\/wp\/v2\/product\/1162","targetHints":{"allow":["GET"]}}],"collection":[{"href":"https:\/\/www.cxjsmartcard.com\/pl\/wp-json\/wp\/v2\/product"}],"about":[{"href":"https:\/\/www.cxjsmartcard.com\/pl\/wp-json\/wp\/v2\/types\/product"}],"wp:featuredmedia":[{"embeddable":true,"href":"https:\/\/www.cxjsmartcard.com\/pl\/wp-json\/wp\/v2\/media\/1166"}],"wp:attachment":[{"href":"https:\/\/www.cxjsmartcard.com\/pl\/wp-json\/wp\/v2\/media?parent=1162"}],"wp:term":[{"taxonomy":"product_brand","embeddable":true,"href":"https:\/\/www.cxjsmartcard.com\/pl\/wp-json\/wp\/v2\/product_brand?post=1162"},{"taxonomy":"product_cat","embeddable":true,"href":"https:\/\/www.cxjsmartcard.com\/pl\/wp-json\/wp\/v2\/product_cat?post=1162"},{"taxonomy":"product_tag","embeddable":true,"href":"https:\/\/www.cxjsmartcard.com\/pl\/wp-json\/wp\/v2\/product_tag?post=1162"}],"curies":[{"name":"wp","href":"https:\/\/api.w.org\/{rel}","templated":true}]}}