{"id":867,"date":"2025-11-03T08:51:49","date_gmt":"2025-11-03T08:51:49","guid":{"rendered":"https:\/\/www.cxjsmartcard.com\/?post_type=product&#038;p=867"},"modified":"2025-12-29T01:27:08","modified_gmt":"2025-12-29T01:27:08","slug":"rfid-animal-transponder-glass-tube-tag-pet-identification-microchip","status":"publish","type":"product","link":"https:\/\/www.cxjsmartcard.com\/nl\/rfid-animal-transponder-glass-tube-tag-pet-identification-microchip\/","title":{"rendered":"RFID-transponder voor dieren \u2013 microchip voor huisdieridentificatie"},"content":{"rendered":"<p data-start=\"81\" data-end=\"343\">In glas ingekapselde LF-microchip voor permanente identificatie en berging van huisdieren. De passieve transponder (ongeveer zo groot als een rijstkorrel) wordt subcutaan ingebracht en gelezen door ISO-conforme scanners die worden gebruikt in klinieken, asielen en dierenbeschermingscentra.<\/p>\n<p data-start=\"345\" data-end=\"553\"><strong data-start=\"345\" data-end=\"361\">Hoe het werkt<\/strong><br data-start=\"361\" data-end=\"364\" \/>Elke steriele spuit bevat een unieke microchip. Wanneer een huisdier wordt gescand, wordt de 15-cijferige code op korte afstand uitgelezen en gekoppeld aan registratiegegevens om dieren en hun eigenaren te herenigen.<\/p>\n<p data-start=\"555\" data-end=\"573\"><strong data-start=\"555\" data-end=\"571\">Belangrijkste kenmerken<\/strong><\/p>\n<ul data-start=\"574\" data-end=\"917\">\n<li data-start=\"574\" data-end=\"620\">\n<p data-start=\"576\" data-end=\"620\">FDX-B 134,2 kHz, ISO 11784\/11785-compatibel<\/p>\n<\/li>\n<li data-start=\"621\" data-end=\"669\">\n<p data-start=\"623\" data-end=\"669\">Medische bioglascapsule met koperen antenne<\/p>\n<\/li>\n<li data-start=\"670\" data-end=\"714\">\n<p data-start=\"672\" data-end=\"714\">EO-gas gesteriliseerd, met paryleencoating<\/p>\n<\/li>\n<li data-start=\"715\" data-end=\"771\">\n<p data-start=\"717\" data-end=\"771\">Leesafstand tot ~1\u201312 cm (afhankelijk van grootte\/lezer)<\/p>\n<\/li>\n<li data-start=\"772\" data-end=\"840\">\n<p data-start=\"774\" data-end=\"840\">Antibacteri\u00eble, anti-allergische en anti-afstotingsontwerpelementen<\/p>\n<\/li>\n<li data-start=\"841\" data-end=\"917\">\n<p data-start=\"843\" data-end=\"917\">Willekeurige of aangepaste ID-opties; optionele NFC-ondersteuning (afhankelijk van de workflow)<\/p>\n<\/li>\n<\/ul>\n<p data-start=\"919\" data-end=\"1042\"><strong data-start=\"919\" data-end=\"938\">Wat is inbegrepen<\/strong><br data-start=\"938\" data-end=\"941\" \/>Vooraf gevulde steriele polypropyleenspuit met de microchip, klaar voor professionele implantatie.<\/p>\n<h2 data-start=\"1044\" data-end=\"1069\">Tabel (Specificaties)<\/h2>\n<div class=\"_tableContainer_1rjym_1\">\n<div class=\"group _tableWrapper_1rjym_13 flex w-fit flex-col-reverse\" tabindex=\"-1\">\n<table class=\"w-fit min-w-(--thread-content-width)\" data-start=\"1071\" data-end=\"2736\">\n<thead data-start=\"1071\" data-end=\"1168\">\n<tr data-start=\"1071\" data-end=\"1168\">\n<th data-start=\"1071\" data-end=\"1089\" data-col-size=\"sm\">Categorie<\/th>\n<th data-start=\"1089\" data-end=\"1113\" data-col-size=\"sm\">Parameter<\/th>\n<th data-start=\"1113\" data-end=\"1168\" data-col-size=\"md\">Waarde<\/th>\n<\/tr>\n<\/thead>\n<tbody data-start=\"1267\" data-end=\"2736\">\n<tr data-start=\"1267\" data-end=\"1364\">\n<td data-start=\"1267\" data-end=\"1285\" data-col-size=\"sm\">Product<\/td>\n<td data-col-size=\"sm\" data-start=\"1285\" data-end=\"1309\">Type<\/td>\n<td data-col-size=\"md\" data-start=\"1309\" data-end=\"1364\">RFID-microchip voor dierlijk glasbuislabel<\/td>\n<\/tr>\n<tr data-start=\"1365\" data-end=\"1462\">\n<td data-start=\"1365\" data-end=\"1383\" data-col-size=\"sm\">Frequentie<\/td>\n<td data-col-size=\"sm\" data-start=\"1383\" data-end=\"1407\">LF<\/td>\n<td data-col-size=\"md\" data-start=\"1407\" data-end=\"1462\">134,2 kHz (FDX-B)<\/td>\n<\/tr>\n<tr data-start=\"1463\" data-end=\"1560\">\n<td data-start=\"1463\" data-end=\"1481\" data-col-size=\"sm\">Normen<\/td>\n<td data-col-size=\"sm\" data-start=\"1481\" data-end=\"1505\">Protocol<\/td>\n<td data-col-size=\"md\" data-start=\"1505\" data-end=\"1560\">ISO 11784\/11785 (FDX-B)<\/td>\n<\/tr>\n<tr data-start=\"1561\" data-end=\"1658\">\n<td data-start=\"1561\" data-end=\"1579\" data-col-size=\"sm\">Spaander<\/td>\n<td data-start=\"1579\" data-end=\"1603\" data-col-size=\"sm\">IC<\/td>\n<td data-col-size=\"md\" data-start=\"1603\" data-end=\"1658\">EM4305<\/td>\n<\/tr>\n<tr data-start=\"1659\" data-end=\"1756\">\n<td data-start=\"1659\" data-end=\"1677\" data-col-size=\"sm\">Afmetingen<\/td>\n<td data-col-size=\"sm\" data-start=\"1677\" data-end=\"1701\">Maten<\/td>\n<td data-col-size=\"md\" data-start=\"1701\" data-end=\"1756\">1,25\u00d77 mm; 1,4\u00d78 mm; 2\u00d712 mm; 3\u00d715 mm<\/td>\n<\/tr>\n<tr data-start=\"1757\" data-end=\"1854\">\n<td data-start=\"1757\" data-end=\"1775\" data-col-size=\"sm\">Materialen<\/td>\n<td data-col-size=\"sm\" data-start=\"1775\" data-end=\"1799\">Capsule \/ Antenne<\/td>\n<td data-col-size=\"md\" data-start=\"1799\" data-end=\"1854\">Medisch bioglas \/ Koper<\/td>\n<\/tr>\n<tr data-start=\"1855\" data-end=\"1952\">\n<td data-start=\"1855\" data-end=\"1873\" data-col-size=\"sm\">Coating<\/td>\n<td data-col-size=\"sm\" data-start=\"1873\" data-end=\"1897\">Paryleen<\/td>\n<td data-col-size=\"md\" data-start=\"1897\" data-end=\"1952\">Ja<\/td>\n<\/tr>\n<tr data-start=\"1953\" data-end=\"2050\">\n<td data-start=\"1953\" data-end=\"1971\" data-col-size=\"sm\">Sterilisatie<\/td>\n<td data-col-size=\"sm\" data-start=\"1971\" data-end=\"1995\">Methode<\/td>\n<td data-col-size=\"md\" data-start=\"1995\" data-end=\"2050\">Ethyleenoxide (EO) gas<\/td>\n<\/tr>\n<tr data-start=\"2051\" data-end=\"2148\">\n<td data-start=\"2051\" data-end=\"2069\" data-col-size=\"sm\">ID-opties<\/td>\n<td data-col-size=\"sm\" data-start=\"2069\" data-end=\"2093\">Nummering<\/td>\n<td data-col-size=\"md\" data-start=\"2093\" data-end=\"2148\">Willekeurige ID of aangepaste ID<\/td>\n<\/tr>\n<tr data-start=\"2149\" data-end=\"2246\">\n<td data-start=\"2149\" data-end=\"2167\" data-col-size=\"sm\">Prestatie<\/td>\n<td data-col-size=\"sm\" data-start=\"2167\" data-end=\"2191\">Leesbereik<\/td>\n<td data-col-size=\"md\" data-start=\"2191\" data-end=\"2246\">~1\u201312 cm (afhankelijk van taggrootte en lezer)<\/td>\n<\/tr>\n<tr data-start=\"2247\" data-end=\"2344\">\n<td data-start=\"2247\" data-end=\"2265\" data-col-size=\"sm\">Omgeving<\/td>\n<td data-start=\"2265\" data-end=\"2289\" data-col-size=\"sm\">Geldige periode<\/td>\n<td data-col-size=\"md\" data-start=\"2289\" data-end=\"2344\">5 jaar<\/td>\n<\/tr>\n<tr data-start=\"2345\" data-end=\"2442\">\n<td data-start=\"2345\" data-end=\"2363\" data-col-size=\"sm\">Levering<\/td>\n<td data-col-size=\"sm\" data-start=\"2363\" data-end=\"2387\">Applicator<\/td>\n<td data-col-size=\"md\" data-start=\"2387\" data-end=\"2442\">Voorgevulde steriele spuit (polypropyleen)<\/td>\n<\/tr>\n<tr data-start=\"2443\" data-end=\"2540\">\n<td data-start=\"2443\" data-end=\"2461\" data-col-size=\"sm\">Operatie<\/td>\n<td data-col-size=\"sm\" data-start=\"2461\" data-end=\"2485\">Stroom<\/td>\n<td data-col-size=\"md\" data-start=\"2485\" data-end=\"2540\">Passief (batterijloos)<\/td>\n<\/tr>\n<tr data-start=\"2541\" data-end=\"2638\">\n<td data-start=\"2541\" data-end=\"2559\" data-col-size=\"sm\">Sollicitatie<\/td>\n<td data-col-size=\"sm\" data-start=\"2559\" data-end=\"2583\">Gebruiksscenario&#039;s<\/td>\n<td data-col-size=\"md\" data-start=\"2583\" data-end=\"2638\">Huisdieridentificatie en -beheer (honden, katten, vissen, exotische dieren)<\/td>\n<\/tr>\n<tr data-start=\"2639\" data-end=\"2736\">\n<td data-start=\"2639\" data-end=\"2657\" data-col-size=\"sm\">Extra&#039;s<\/td>\n<td data-col-size=\"sm\" data-start=\"2657\" data-end=\"2681\">Ontwerpkenmerken<\/td>\n<td data-col-size=\"md\" data-start=\"2681\" data-end=\"2736\">Antibacterieel, anti-allergisch, anti-afstoting<\/td>\n<\/tr>\n<\/tbody>\n<\/table>\n<\/div>\n<\/div>","protected":false},"excerpt":{"rendered":"<p>Steriele glazen LF-microchip voor huisdieren (FDX-B 134,2 kHz) met voorgevulde spuit, voldoet aan ISO 11784\/11785, meetwaarden van 1\u201312 cm, medische bioglascapsule met paryleencoating.<\/p>","protected":false},"featured_media":861,"template":"","meta":{"_gspb_post_css":""},"product_brand":[],"product_cat":[25,24],"product_tag":[],"class_list":{"0":"post-867","1":"product","2":"type-product","3":"status-publish","4":"has-post-thumbnail","6":"product_cat-rfid-animal-glass-tube-tag-pets-microchip","7":"product_cat-rfid-tags","9":"first","10":"instock","11":"shipping-taxable","12":"purchasable","13":"product-type-simple"},"_links":{"self":[{"href":"https:\/\/www.cxjsmartcard.com\/nl\/wp-json\/wp\/v2\/product\/867","targetHints":{"allow":["GET"]}}],"collection":[{"href":"https:\/\/www.cxjsmartcard.com\/nl\/wp-json\/wp\/v2\/product"}],"about":[{"href":"https:\/\/www.cxjsmartcard.com\/nl\/wp-json\/wp\/v2\/types\/product"}],"wp:featuredmedia":[{"embeddable":true,"href":"https:\/\/www.cxjsmartcard.com\/nl\/wp-json\/wp\/v2\/media\/861"}],"wp:attachment":[{"href":"https:\/\/www.cxjsmartcard.com\/nl\/wp-json\/wp\/v2\/media?parent=867"}],"wp:term":[{"taxonomy":"product_brand","embeddable":true,"href":"https:\/\/www.cxjsmartcard.com\/nl\/wp-json\/wp\/v2\/product_brand?post=867"},{"taxonomy":"product_cat","embeddable":true,"href":"https:\/\/www.cxjsmartcard.com\/nl\/wp-json\/wp\/v2\/product_cat?post=867"},{"taxonomy":"product_tag","embeddable":true,"href":"https:\/\/www.cxjsmartcard.com\/nl\/wp-json\/wp\/v2\/product_tag?post=867"}],"curies":[{"name":"wp","href":"https:\/\/api.w.org\/{rel}","templated":true}]}}