{"id":855,"date":"2025-11-03T08:32:04","date_gmt":"2025-11-03T08:32:04","guid":{"rendered":"https:\/\/www.cxjsmartcard.com\/?post_type=product&#038;p=855"},"modified":"2025-12-29T01:27:08","modified_gmt":"2025-12-29T01:27:08","slug":"uhf-rfid-inlay","status":"publish","type":"product","link":"https:\/\/www.cxjsmartcard.com\/nl\/uhf-rfid-inlay\/","title":{"rendered":"UHF RFID-inlay"},"content":{"rendered":"<p data-start=\"26\" data-end=\"302\">UHF RFID-inlays met PET + aluminium ge\u00ebtste antennes voor 860\u2013960 MHz-systemen. Verkrijgbaar in droog, nat of wit-nat formaat, gemakkelijk te converteren naar labels, tickets, kaarten en kledinglabels. De typische leesafstand is 1\u201310 meter (afhankelijk van de lezer en de omgeving).<\/p>\n<p data-start=\"304\" data-end=\"322\"><strong data-start=\"304\" data-end=\"320\">Waarom het werkt<\/strong><\/p>\n<ul data-start=\"323\" data-end=\"723\">\n<li data-start=\"323\" data-end=\"398\">\n<p data-start=\"325\" data-end=\"398\"><strong data-start=\"325\" data-end=\"345\">Standaarden-gereed:<\/strong> EPC Klasse 1 Gen2 \/ ISO 18000-6C, passieve werking<\/p>\n<\/li>\n<li data-start=\"399\" data-end=\"485\">\n<p data-start=\"401\" data-end=\"485\"><strong data-start=\"401\" data-end=\"419\">Duurzame constructie:<\/strong> PET- of gecoate papierconstructies met aluminium ge\u00ebtste antennes<\/p>\n<\/li>\n<li data-start=\"486\" data-end=\"579\">\n<p data-start=\"488\" data-end=\"579\"><strong data-start=\"488\" data-end=\"509\">Flexibele formaten:<\/strong> Droog (lamineren), nat (lijm) en wit-nat (bedrukbaar oppervlak)<\/p>\n<\/li>\n<li data-start=\"580\" data-end=\"664\">\n<p data-start=\"582\" data-end=\"664\"><strong data-start=\"582\" data-end=\"606\">Productievriendelijk:<\/strong> Geleverd op rollen voor geautomatiseerd converteren en bedrukken<\/p>\n<\/li>\n<li data-start=\"665\" data-end=\"723\">\n<p data-start=\"667\" data-end=\"723\"><strong data-start=\"667\" data-end=\"684\">Gratis monsters:<\/strong> Monsters op voorraad beschikbaar voor testen<\/p>\n<\/li>\n<\/ul>\n<p data-start=\"725\" data-end=\"876\"><strong data-start=\"725\" data-end=\"741\">Toepassingen<\/strong><br data-start=\"741\" data-end=\"744\" \/>Logistiek en inventaris \u2022 Etikettering van kleding en schoenen \u2022 Toegangscontrole en evenementreferenties \u2022 Etikettering van magazijnen en koelcellen.<\/p>\n<h2 data-start=\"878\" data-end=\"903\">Tabel (Specificaties)<\/h2>\n<div class=\"_tableContainer_1rjym_1\">\n<div class=\"group _tableWrapper_1rjym_13 flex w-fit flex-col-reverse\" tabindex=\"-1\">\n<table class=\"w-fit min-w-(--thread-content-width)\" data-start=\"905\" data-end=\"2486\">\n<thead data-start=\"905\" data-end=\"1017\">\n<tr data-start=\"905\" data-end=\"1017\">\n<th data-start=\"905\" data-end=\"924\" data-col-size=\"sm\">Categorie<\/th>\n<th data-start=\"924\" data-end=\"944\" data-col-size=\"sm\">Parameter<\/th>\n<th data-start=\"944\" data-end=\"1017\" data-col-size=\"md\">Waarde<\/th>\n<\/tr>\n<\/thead>\n<tbody data-start=\"1131\" data-end=\"2486\">\n<tr data-start=\"1131\" data-end=\"1243\">\n<td data-start=\"1131\" data-end=\"1150\" data-col-size=\"sm\">RF<\/td>\n<td data-col-size=\"sm\" data-start=\"1150\" data-end=\"1170\">Frequentie<\/td>\n<td data-col-size=\"md\" data-start=\"1170\" data-end=\"1243\">860\u2013960 MHz<\/td>\n<\/tr>\n<tr data-start=\"1244\" data-end=\"1356\">\n<td data-start=\"1244\" data-end=\"1263\" data-col-size=\"sm\"><\/td>\n<td data-col-size=\"sm\" data-start=\"1263\" data-end=\"1283\">Protocol<\/td>\n<td data-col-size=\"md\" data-start=\"1283\" data-end=\"1356\">EPC Klasse 1 Gen2 \/ ISO 18000-6C<\/td>\n<\/tr>\n<tr data-start=\"1357\" data-end=\"1469\">\n<td data-start=\"1357\" data-end=\"1376\" data-col-size=\"sm\">Antenne<\/td>\n<td data-col-size=\"sm\" data-start=\"1376\" data-end=\"1396\">Type<\/td>\n<td data-col-size=\"md\" data-start=\"1396\" data-end=\"1469\">Ge\u00ebtst aluminium<\/td>\n<\/tr>\n<tr data-start=\"1470\" data-end=\"1582\">\n<td data-start=\"1470\" data-end=\"1489\" data-col-size=\"sm\">Bouw<\/td>\n<td data-col-size=\"sm\" data-start=\"1489\" data-end=\"1509\">Substraat<\/td>\n<td data-col-size=\"md\" data-start=\"1509\" data-end=\"1582\">PET; gecoat papier<\/td>\n<\/tr>\n<tr data-start=\"1583\" data-end=\"1695\">\n<td data-start=\"1583\" data-end=\"1602\" data-col-size=\"sm\">IC-opties<\/td>\n<td data-col-size=\"sm\" data-start=\"1602\" data-end=\"1622\">Chips<\/td>\n<td data-col-size=\"md\" data-start=\"1622\" data-end=\"1695\">Buitenaards wezen H3, H9, H10; U9, U10, U7M; MR6-P<\/td>\n<\/tr>\n<tr data-start=\"1696\" data-end=\"1808\">\n<td data-start=\"1696\" data-end=\"1715\" data-col-size=\"sm\">Prestatie<\/td>\n<td data-col-size=\"sm\" data-start=\"1715\" data-end=\"1735\">Leesbereik<\/td>\n<td data-col-size=\"md\" data-start=\"1735\" data-end=\"1808\">1\u201310 m (afhankelijk van lezer\/omgeving)<\/td>\n<\/tr>\n<tr data-start=\"1809\" data-end=\"1921\">\n<td data-start=\"1809\" data-end=\"1828\" data-col-size=\"sm\">Formaten<\/td>\n<td data-start=\"1828\" data-end=\"1848\" data-col-size=\"sm\">Inlay-typen<\/td>\n<td data-col-size=\"md\" data-start=\"1848\" data-end=\"1921\">Droog (lamineren); Nat (lijm); Wit-nat (bedrukbare lijm)<\/td>\n<\/tr>\n<tr data-start=\"1922\" data-end=\"2034\">\n<td data-start=\"1922\" data-end=\"1941\" data-col-size=\"sm\">Afmetingen<\/td>\n<td data-col-size=\"sm\" data-start=\"1941\" data-end=\"1961\">Maatopties<\/td>\n<td data-col-size=\"md\" data-start=\"1961\" data-end=\"2034\">100\u00d715 mm; 99\u00d724 mm; 86\u00d754 mm; 80\u00d750 mm; 73\u00d723 mm<\/td>\n<\/tr>\n<tr data-start=\"2035\" data-end=\"2147\">\n<td data-start=\"2035\" data-end=\"2054\" data-col-size=\"sm\">Verpakking<\/td>\n<td data-start=\"2054\" data-end=\"2074\" data-col-size=\"sm\">Levering<\/td>\n<td data-col-size=\"md\" data-start=\"2074\" data-end=\"2147\">Rolformaat voor geautomatiseerde conversie<\/td>\n<\/tr>\n<tr data-start=\"2148\" data-end=\"2260\">\n<td data-start=\"2148\" data-end=\"2167\" data-col-size=\"sm\">Monsters<\/td>\n<td data-start=\"2167\" data-end=\"2187\" data-col-size=\"sm\">Beschikbaarheid<\/td>\n<td data-col-size=\"md\" data-start=\"2187\" data-end=\"2260\">Gratis monsters op voorraad<\/td>\n<\/tr>\n<tr data-start=\"2261\" data-end=\"2373\">\n<td data-start=\"2261\" data-end=\"2280\" data-col-size=\"sm\">Oorsprong<\/td>\n<td data-start=\"2280\" data-end=\"2300\" data-col-size=\"sm\">Plaats van herkomst<\/td>\n<td data-col-size=\"md\" data-start=\"2300\" data-end=\"2373\">Guangdong, China<\/td>\n<\/tr>\n<tr data-start=\"2374\" data-end=\"2486\">\n<td data-start=\"2374\" data-end=\"2393\" data-col-size=\"sm\">Gebruiksscenario&#039;s<\/td>\n<td data-col-size=\"sm\" data-start=\"2393\" data-end=\"2413\">Toepassingen<\/td>\n<td data-col-size=\"md\" data-start=\"2413\" data-end=\"2486\">Logistiek, inventaris, kledinglabels, toegangscontrole<\/td>\n<\/tr>\n<\/tbody>\n<\/table>\n<\/div>\n<\/div>","protected":false},"excerpt":{"rendered":"<p>UHF RFID-inlays (860\u2013960 MHz) met PET + aluminium antennes \u2013 droge, natte of wit-natte formaten voor labels, tickets en kledinglabels; 1\u201310 m reads en gratis samples.<\/p>","protected":false},"featured_media":856,"template":"","meta":{"_gspb_post_css":""},"product_brand":[],"product_cat":[23],"product_tag":[],"class_list":{"0":"post-855","1":"product","2":"type-product","3":"status-publish","4":"has-post-thumbnail","6":"product_cat-rfid-nfc-inlay","8":"first","9":"instock","10":"shipping-taxable","11":"purchasable","12":"product-type-simple"},"_links":{"self":[{"href":"https:\/\/www.cxjsmartcard.com\/nl\/wp-json\/wp\/v2\/product\/855","targetHints":{"allow":["GET"]}}],"collection":[{"href":"https:\/\/www.cxjsmartcard.com\/nl\/wp-json\/wp\/v2\/product"}],"about":[{"href":"https:\/\/www.cxjsmartcard.com\/nl\/wp-json\/wp\/v2\/types\/product"}],"wp:featuredmedia":[{"embeddable":true,"href":"https:\/\/www.cxjsmartcard.com\/nl\/wp-json\/wp\/v2\/media\/856"}],"wp:attachment":[{"href":"https:\/\/www.cxjsmartcard.com\/nl\/wp-json\/wp\/v2\/media?parent=855"}],"wp:term":[{"taxonomy":"product_brand","embeddable":true,"href":"https:\/\/www.cxjsmartcard.com\/nl\/wp-json\/wp\/v2\/product_brand?post=855"},{"taxonomy":"product_cat","embeddable":true,"href":"https:\/\/www.cxjsmartcard.com\/nl\/wp-json\/wp\/v2\/product_cat?post=855"},{"taxonomy":"product_tag","embeddable":true,"href":"https:\/\/www.cxjsmartcard.com\/nl\/wp-json\/wp\/v2\/product_tag?post=855"}],"curies":[{"name":"wp","href":"https:\/\/api.w.org\/{rel}","templated":true}]}}