{"id":767,"date":"2025-11-03T07:23:32","date_gmt":"2025-11-03T07:23:32","guid":{"rendered":"https:\/\/www.cxjsmartcard.com\/?post_type=product&#038;p=767"},"modified":"2025-12-29T01:27:10","modified_gmt":"2025-12-29T01:27:10","slug":"waterproof-uhf-industrial-rfid-flexible-silicone-laundry-tag","status":"publish","type":"product","link":"https:\/\/www.cxjsmartcard.com\/nl\/waterproof-uhf-industrial-rfid-flexible-silicone-laundry-tag\/","title":{"rendered":"Waterdichte UHF industri\u00eble RFID flexibele siliconen waslabel"},"content":{"rendered":"<p data-start=\"72\" data-end=\"463\">Flexibele siliconen UHF-waslabel, ontworpen voor industrieel wassen en textielbeheer. Het label is waterdicht, hittebestendig en weerbestendig, werkt in de 860-960 MHz-band en ondersteunt ISO\/IEC 18000-6C (EPC Gen2). Het label is met name geschikt voor industrieel wassen van kleding en linnen en is bestand tegen strijken op hoge temperatuur, hoge druk en meer dan 200 industri\u00eble wasbeurten.<\/p>\n<p data-start=\"465\" data-end=\"488\"><strong data-start=\"465\" data-end=\"486\">Kwaliteitsborging<\/strong><\/p>\n<ul data-start=\"489\" data-end=\"581\">\n<li data-start=\"489\" data-end=\"545\">\n<p data-start=\"491\" data-end=\"545\">100%-functie getest door Voyantic Performance Tester.<\/p>\n<\/li>\n<li data-start=\"546\" data-end=\"581\">\n<p data-start=\"548\" data-end=\"581\">100% EPC en gebruikersgeheugen gecontroleerd.<\/p>\n<\/li>\n<\/ul>\n<p data-start=\"583\" data-end=\"614\"><strong data-start=\"583\" data-end=\"612\">Elektrische specificaties<\/strong><\/p>\n<ul data-start=\"615\" data-end=\"886\">\n<li data-start=\"615\" data-end=\"664\">\n<p data-start=\"617\" data-end=\"664\">Luchtinterface: EPC Klasse 1 Gen2, ISO 18000-6C<\/p>\n<\/li>\n<li data-start=\"665\" data-end=\"705\">\n<p data-start=\"667\" data-end=\"705\">Apparaattype: Passieve UHF-transponder<\/p>\n<\/li>\n<li data-start=\"706\" data-end=\"744\">\n<p data-start=\"708\" data-end=\"744\">Bedrijfsfrequentie: 865\u2013928 MHz<\/p>\n<\/li>\n<li data-start=\"745\" data-end=\"834\">\n<p data-start=\"747\" data-end=\"834\">Geheugen (typische IC-configuratie): EPC 128 bits; Gebruiker 32 bits; Wachtwoord 32 bits; TID 96 bits<\/p>\n<\/li>\n<li data-start=\"835\" data-end=\"859\">\n<p data-start=\"837\" data-end=\"859\">Polarisatie: Lineair<\/p>\n<\/li>\n<li data-start=\"860\" data-end=\"886\">\n<p data-start=\"862\" data-end=\"886\">Gegevensretentie: 10 jaar<\/p>\n<\/li>\n<\/ul>\n<p data-start=\"888\" data-end=\"916\"><strong data-start=\"888\" data-end=\"914\">Mechanisch &amp; Materialen<\/strong><\/p>\n<ul data-start=\"917\" data-end=\"1077\">\n<li data-start=\"917\" data-end=\"960\">\n<p data-start=\"919\" data-end=\"960\">Afmetingen (stoffen label): 60 \u00d7 20 \u00d7 1 mm<\/p>\n<\/li>\n<li data-start=\"961\" data-end=\"1043\">\n<p data-start=\"963\" data-end=\"1043\">Afmetingen (siliconen label): 85 \u00d7 27 \u00d7 4 mm; 55 \u00d7 12 \u00d7 2,5 mm (andere beschikbaar)<\/p>\n<\/li>\n<li data-start=\"1044\" data-end=\"1077\">\n<p data-start=\"1046\" data-end=\"1077\">Tagmaterialen: Stof, Siliconen<\/p>\n<\/li>\n<\/ul>\n<p data-start=\"1079\" data-end=\"1118\"><strong data-start=\"1079\" data-end=\"1116\">Milieu- en procesduurzaamheid<\/strong><\/p>\n<ul data-start=\"1119\" data-end=\"1352\">\n<li data-start=\"1119\" data-end=\"1181\">\n<p data-start=\"1121\" data-end=\"1181\">Bewaartemperatuur: -40 \u00b0C tot +120 \u00b0C (-40 \u00b0F tot +248 \u00b0F)<\/p>\n<\/li>\n<li data-start=\"1182\" data-end=\"1219\">\n<p data-start=\"1184\" data-end=\"1219\">Strijkijzer: 180 \u00b0C \u00d7 15 s, 200 cycli<\/p>\n<\/li>\n<li data-start=\"1220\" data-end=\"1316\">\n<p data-start=\"1222\" data-end=\"1316\">Droger: 85 \u00b0C \u00d7 120 min, 200 cycli; 120 \u00b0C \u00d7 60 min, 200 cycli; 150 \u00b0C \u00d7 20 min, 200 cycli<\/p>\n<\/li>\n<li data-start=\"1317\" data-end=\"1352\">\n<p data-start=\"1319\" data-end=\"1352\">Drukbestendigheid: tot 56 bar<\/p>\n<\/li>\n<\/ul>\n<p data-start=\"1354\" data-end=\"1372\"><strong data-start=\"1354\" data-end=\"1370\">Toepassingen<\/strong><\/p>\n<ul data-start=\"1373\" data-end=\"1510\">\n<li data-start=\"1373\" data-end=\"1394\">\n<p data-start=\"1375\" data-end=\"1394\">Linnenbeheer<\/p>\n<\/li>\n<li data-start=\"1395\" data-end=\"1417\">\n<p data-start=\"1397\" data-end=\"1417\">Uniform beheer<\/p>\n<\/li>\n<li data-start=\"1418\" data-end=\"1449\">\n<p data-start=\"1420\" data-end=\"1449\">Ziekenhuiswasserijbeheer<\/p>\n<\/li>\n<li data-start=\"1450\" data-end=\"1478\">\n<p data-start=\"1452\" data-end=\"1478\">Hotelwasserijbeheer<\/p>\n<\/li>\n<li data-start=\"1479\" data-end=\"1510\">\n<p data-start=\"1481\" data-end=\"1510\">Industrieel textielbeheer<\/p>\n<\/li>\n<\/ul>\n<p data-start=\"1512\" data-end=\"1666\"><strong data-start=\"1512\" data-end=\"1520\">Veelgestelde vragen<\/strong><br data-start=\"1520\" data-end=\"1523\" \/><strong data-start=\"1523\" data-end=\"1530\">Vraag 1:<\/strong> Kunnen deze RFID-tags in uniformen of kledingstukken worden genaaid?<br data-start=\"1585\" data-end=\"1588\" \/><strong data-start=\"1588\" data-end=\"1594\">A:<\/strong> Ja. Het flexibele siliconen label kan worden genaaid, geseald of ingebed.<\/p>\n<p data-start=\"1668\" data-end=\"1791\"><strong data-start=\"1668\" data-end=\"1675\">Vraag 2:<\/strong> Hoeveel wasbeurten kan dit label verdragen?<br data-start=\"1717\" data-end=\"1720\" \/><strong data-start=\"1720\" data-end=\"1726\">A:<\/strong> Tot 200 wasbeurten, afhankelijk van wasmiddel en temperatuur.<\/p>\n<p data-start=\"1793\" data-end=\"1916\"><strong data-start=\"1793\" data-end=\"1800\">Vraag 3:<\/strong> Is maatwerk mogelijk?<br data-start=\"1828\" data-end=\"1831\" \/><strong data-start=\"1831\" data-end=\"1837\">A:<\/strong> Ja. Maten, kleuren en branding (logo-afdrukken of QR-codes) zijn aanpasbaar.<\/p>\n<h2 data-start=\"1918\" data-end=\"1943\">Tabel (Specificaties)<\/h2>\n<div class=\"_tableContainer_1rjym_1\">\n<div class=\"group _tableWrapper_1rjym_13 flex w-fit flex-col-reverse\" tabindex=\"-1\">\n<table class=\"w-fit min-w-(--thread-content-width)\" data-start=\"1945\" data-end=\"4087\">\n<thead data-start=\"1945\" data-end=\"2071\">\n<tr data-start=\"1945\" data-end=\"2071\">\n<th data-start=\"1945\" data-end=\"1970\" data-col-size=\"sm\">Categorie<\/th>\n<th data-start=\"1970\" data-end=\"1998\" data-col-size=\"sm\">Parameter<\/th>\n<th data-start=\"1998\" data-end=\"2071\" data-col-size=\"md\">Waarde<\/th>\n<\/tr>\n<\/thead>\n<tbody data-start=\"2198\" data-end=\"4087\">\n<tr data-start=\"2198\" data-end=\"2323\">\n<td data-start=\"2198\" data-end=\"2222\" data-col-size=\"sm\">RF-interface<\/td>\n<td data-col-size=\"sm\" data-start=\"2222\" data-end=\"2250\">Protocol<\/td>\n<td data-col-size=\"md\" data-start=\"2250\" data-end=\"2323\">EPC Klasse 1 Gen2 \/ ISO 18000-6C<\/td>\n<\/tr>\n<tr data-start=\"2324\" data-end=\"2449\">\n<td data-start=\"2324\" data-end=\"2348\" data-col-size=\"sm\"><\/td>\n<td data-col-size=\"sm\" data-start=\"2348\" data-end=\"2376\">Apparaattype<\/td>\n<td data-col-size=\"md\" data-start=\"2376\" data-end=\"2449\">Passieve UHF-transponder<\/td>\n<\/tr>\n<tr data-start=\"2450\" data-end=\"2575\">\n<td data-start=\"2450\" data-end=\"2474\" data-col-size=\"sm\"><\/td>\n<td data-col-size=\"sm\" data-start=\"2474\" data-end=\"2502\">Frequentie<\/td>\n<td data-col-size=\"md\" data-start=\"2502\" data-end=\"2575\">865\u2013928 MHz (operationeel); 860\u2013960 MHz ondersteund<\/td>\n<\/tr>\n<tr data-start=\"2576\" data-end=\"2701\">\n<td data-start=\"2576\" data-end=\"2600\" data-col-size=\"sm\">Geheugen<\/td>\n<td data-col-size=\"sm\" data-start=\"2600\" data-end=\"2628\">EPC \/ Gebruiker \/ Pwd \/ TID<\/td>\n<td data-col-size=\"md\" data-start=\"2628\" data-end=\"2701\">128 bits \/ 32 bits \/ 32 bits \/ 96 bits<\/td>\n<\/tr>\n<tr data-start=\"2702\" data-end=\"2827\">\n<td data-start=\"2702\" data-end=\"2726\" data-col-size=\"sm\">Gegevens<\/td>\n<td data-col-size=\"sm\" data-start=\"2726\" data-end=\"2754\">Behoud<\/td>\n<td data-col-size=\"md\" data-start=\"2754\" data-end=\"2827\">10 jaar<\/td>\n<\/tr>\n<tr data-start=\"2828\" data-end=\"2953\">\n<td data-start=\"2828\" data-end=\"2852\" data-col-size=\"sm\">Antenne<\/td>\n<td data-col-size=\"sm\" data-start=\"2852\" data-end=\"2880\">Polarisatie<\/td>\n<td data-col-size=\"md\" data-start=\"2880\" data-end=\"2953\">Lineair<\/td>\n<\/tr>\n<tr data-start=\"2954\" data-end=\"3079\">\n<td data-start=\"2954\" data-end=\"2978\" data-col-size=\"sm\">Materialen<\/td>\n<td data-col-size=\"sm\" data-start=\"2978\" data-end=\"3006\">Tagmateriaal<\/td>\n<td data-col-size=\"md\" data-start=\"3006\" data-end=\"3079\">Stof, siliconen<\/td>\n<\/tr>\n<tr data-start=\"3080\" data-end=\"3205\">\n<td data-start=\"3080\" data-end=\"3104\" data-col-size=\"sm\">Afmetingen (stof)<\/td>\n<td data-col-size=\"sm\" data-start=\"3104\" data-end=\"3132\">Maat<\/td>\n<td data-col-size=\"md\" data-start=\"3132\" data-end=\"3205\">60 \u00d7 20 \u00d7 1 mm<\/td>\n<\/tr>\n<tr data-start=\"3206\" data-end=\"3331\">\n<td data-start=\"3206\" data-end=\"3230\" data-col-size=\"sm\">Afmetingen (siliconen)<\/td>\n<td data-col-size=\"sm\" data-start=\"3230\" data-end=\"3258\">Maatopties<\/td>\n<td data-col-size=\"md\" data-start=\"3258\" data-end=\"3331\">85 \u00d7 27 \u00d7 4 mm; 55 \u00d7 12 \u00d7 2,5 mm<\/td>\n<\/tr>\n<tr data-start=\"3332\" data-end=\"3457\">\n<td data-start=\"3332\" data-end=\"3356\" data-col-size=\"sm\">Omgeving<\/td>\n<td data-col-size=\"sm\" data-start=\"3356\" data-end=\"3384\">Opslagtemperatuur<\/td>\n<td data-col-size=\"md\" data-start=\"3384\" data-end=\"3457\">-40 \u00b0C tot +120 \u00b0C<\/td>\n<\/tr>\n<tr data-start=\"3458\" data-end=\"3583\">\n<td data-start=\"3458\" data-end=\"3482\" data-col-size=\"sm\">Procesuithoudingsvermogen<\/td>\n<td data-col-size=\"sm\" data-start=\"3482\" data-end=\"3510\">Strijkijzer<\/td>\n<td data-col-size=\"md\" data-start=\"3510\" data-end=\"3583\">180 \u00b0C \u00d7 15 s, 200 cycli<\/td>\n<\/tr>\n<tr data-start=\"3584\" data-end=\"3709\">\n<td data-start=\"3584\" data-end=\"3608\" data-col-size=\"sm\"><\/td>\n<td data-col-size=\"sm\" data-start=\"3608\" data-end=\"3636\">Droger<\/td>\n<td data-col-size=\"md\" data-start=\"3636\" data-end=\"3709\">85 \u00b0C \u00d7 120 min; 120 \u00b0C \u00d7 60 min; 150 \u00b0C \u00d7 20 min (alle 200 cycli)<\/td>\n<\/tr>\n<tr data-start=\"3710\" data-end=\"3835\">\n<td data-start=\"3710\" data-end=\"3734\" data-col-size=\"sm\">Mechanica<\/td>\n<td data-col-size=\"sm\" data-start=\"3734\" data-end=\"3762\">Drukweerstand<\/td>\n<td data-col-size=\"md\" data-start=\"3762\" data-end=\"3835\">Tot 56 bar<\/td>\n<\/tr>\n<tr data-start=\"3836\" data-end=\"3961\">\n<td data-start=\"3836\" data-end=\"3860\" data-col-size=\"sm\">Toepassingen<\/td>\n<td data-col-size=\"sm\" data-start=\"3860\" data-end=\"3888\">Typische gebruiksgevallen<\/td>\n<td data-col-size=\"md\" data-start=\"3888\" data-end=\"3961\">Linnengoed, uniformen, wasserijen voor ziekenhuizen en hotels, industri\u00eble textiel<\/td>\n<\/tr>\n<tr data-start=\"3962\" data-end=\"4087\">\n<td data-start=\"3962\" data-end=\"3986\" data-col-size=\"sm\">Kwaliteitscontrole<\/td>\n<td data-col-size=\"sm\" data-start=\"3986\" data-end=\"4014\">Testen<\/td>\n<td data-col-size=\"md\" data-start=\"4014\" data-end=\"4087\">Voyantic-prestaties getest; 100% EPC en gebruikersgeheugen gecontroleerd<\/td>\n<\/tr>\n<\/tbody>\n<\/table>\n<\/div>\n<\/div>","protected":false},"excerpt":{"rendered":"<p>Flexibele, waterdichte UHF RFID siliconen waslabel voor industri\u00eble textiel \u2014 EPC Gen2, 865\u2013928 MHz, tot 200 cycli, drukbestendigheid tot 56 bar; naaien, hittelassen of inbedden.<\/p>","protected":false},"featured_media":768,"template":"","meta":{"_gspb_post_css":""},"product_brand":[],"product_cat":[17,20],"product_tag":[],"class_list":{"0":"post-767","1":"product","2":"type-product","3":"status-publish","4":"has-post-thumbnail","6":"product_cat-rfid-laundry-tags","7":"product_cat-silicone-rfid-laundry-tags","9":"first","10":"instock","11":"shipping-taxable","12":"purchasable","13":"product-type-simple"},"_links":{"self":[{"href":"https:\/\/www.cxjsmartcard.com\/nl\/wp-json\/wp\/v2\/product\/767","targetHints":{"allow":["GET"]}}],"collection":[{"href":"https:\/\/www.cxjsmartcard.com\/nl\/wp-json\/wp\/v2\/product"}],"about":[{"href":"https:\/\/www.cxjsmartcard.com\/nl\/wp-json\/wp\/v2\/types\/product"}],"wp:featuredmedia":[{"embeddable":true,"href":"https:\/\/www.cxjsmartcard.com\/nl\/wp-json\/wp\/v2\/media\/768"}],"wp:attachment":[{"href":"https:\/\/www.cxjsmartcard.com\/nl\/wp-json\/wp\/v2\/media?parent=767"}],"wp:term":[{"taxonomy":"product_brand","embeddable":true,"href":"https:\/\/www.cxjsmartcard.com\/nl\/wp-json\/wp\/v2\/product_brand?post=767"},{"taxonomy":"product_cat","embeddable":true,"href":"https:\/\/www.cxjsmartcard.com\/nl\/wp-json\/wp\/v2\/product_cat?post=767"},{"taxonomy":"product_tag","embeddable":true,"href":"https:\/\/www.cxjsmartcard.com\/nl\/wp-json\/wp\/v2\/product_tag?post=767"}],"curies":[{"name":"wp","href":"https:\/\/api.w.org\/{rel}","templated":true}]}}