{"id":746,"date":"2025-11-03T07:05:39","date_gmt":"2025-11-03T07:05:39","guid":{"rendered":"https:\/\/www.cxjsmartcard.com\/?post_type=product&#038;p=746"},"modified":"2025-12-29T01:27:10","modified_gmt":"2025-12-29T01:27:10","slug":"washable-pps-iso15693-icode-slix-laundry-rfid-tag","status":"publish","type":"product","link":"https:\/\/www.cxjsmartcard.com\/nl\/washable-pps-iso15693-icode-slix-laundry-rfid-tag\/","title":{"rendered":"Wasbare PPS ISO15693 ICODE SLIX was-RFID-tag"},"content":{"rendered":"<p data-start=\"61\" data-end=\"361\">Deze ISO15693 ICODE SLIX RFID-wasgoedtag is gemaakt van hittebestendig PPS-materiaal met dubbelzijdige PPS-verpakking voor een robuuste, <strong data-start=\"199\" data-end=\"249\">waterdicht, schokbestendig en vochtbestendig<\/strong> bouwen. Het kan in kledingstukken worden genaaid of in labels worden aangebracht en ondersteunt directe zeefdruk of lasernummering.<\/p>\n<p data-start=\"363\" data-end=\"377\"><strong data-start=\"363\" data-end=\"375\">Functies<\/strong><\/p>\n<ol data-start=\"378\" data-end=\"757\">\n<li data-start=\"378\" data-end=\"444\">\n<p data-start=\"381\" data-end=\"444\">Wasbare identificatietransponder voor kledingtoepassingen.<\/p>\n<\/li>\n<li data-start=\"445\" data-end=\"521\">\n<p data-start=\"448\" data-end=\"521\">Robuust ontwerp voor zware wasomgevingen; bestand tegen bijtende stoffen.<\/p>\n<\/li>\n<li data-start=\"522\" data-end=\"600\">\n<p data-start=\"525\" data-end=\"600\">100% waterdicht en bestand tegen hoge temperaturen; milieuvriendelijk.<\/p>\n<\/li>\n<li data-start=\"601\" data-end=\"678\">\n<p data-start=\"604\" data-end=\"678\">Geschikt voor kleding, uniformen, kostuums en kleding voor ziekenhuispati\u00ebnten.<\/p>\n<\/li>\n<li data-start=\"679\" data-end=\"757\">\n<p data-start=\"682\" data-end=\"757\">Lees-\/schrijfbewerking met aanpasbare chipselectie die bij uw systeem past.<\/p>\n<\/li>\n<\/ol>\n<p data-start=\"759\" data-end=\"930\"><strong data-start=\"759\" data-end=\"775\">Toepassingen<\/strong><br data-start=\"775\" data-end=\"778\" \/>Kledingbeheer, beveiligingscontroles, wasserijen (inclusief industri\u00eble wasserijen) en andere veeleisende omgevingen waar duurzame, wasbare RFID-tags vereist zijn.<\/p>\n<h2 data-start=\"932\" data-end=\"957\">Tabel (Specificaties)<\/h2>\n<div class=\"_tableContainer_1rjym_1\">\n<div class=\"group _tableWrapper_1rjym_13 flex w-fit flex-col-reverse\" tabindex=\"-1\">\n<table class=\"w-fit min-w-(--thread-content-width)\" data-start=\"958\" data-end=\"2813\">\n<thead data-start=\"958\" data-end=\"1073\">\n<tr data-start=\"958\" data-end=\"1073\">\n<th data-start=\"958\" data-end=\"984\" data-col-size=\"sm\">Categorie<\/th>\n<th data-start=\"984\" data-end=\"1010\" data-col-size=\"sm\">Parameter<\/th>\n<th data-start=\"1010\" data-end=\"1073\" data-col-size=\"sm\">Waarde<\/th>\n<\/tr>\n<\/thead>\n<tbody data-start=\"1190\" data-end=\"2813\">\n<tr data-start=\"1190\" data-end=\"1305\">\n<td data-start=\"1190\" data-end=\"1216\" data-col-size=\"sm\">Product<\/td>\n<td data-col-size=\"sm\" data-start=\"1216\" data-end=\"1242\">Item<\/td>\n<td data-col-size=\"sm\" data-start=\"1242\" data-end=\"1305\">PPS RFID-waslabel<\/td>\n<\/tr>\n<tr data-start=\"1306\" data-end=\"1421\">\n<td data-start=\"1306\" data-end=\"1332\" data-col-size=\"sm\">Speciale kenmerken<\/td>\n<td data-col-size=\"sm\" data-start=\"1332\" data-end=\"1358\">Attributen<\/td>\n<td data-col-size=\"sm\" data-start=\"1358\" data-end=\"1421\">Waterdicht \/ Weerbestendig, Mini-tag<\/td>\n<\/tr>\n<tr data-start=\"1422\" data-end=\"1537\">\n<td data-start=\"1422\" data-end=\"1448\" data-col-size=\"sm\">Mededeling<\/td>\n<td data-col-size=\"sm\" data-start=\"1448\" data-end=\"1474\">Interface<\/td>\n<td data-col-size=\"sm\" data-start=\"1474\" data-end=\"1537\">RFID, NFC<\/td>\n<\/tr>\n<tr data-start=\"1538\" data-end=\"1653\">\n<td data-start=\"1538\" data-end=\"1564\" data-col-size=\"sm\">Materialen<\/td>\n<td data-col-size=\"sm\" data-start=\"1564\" data-end=\"1590\">Lichaam<\/td>\n<td data-col-size=\"sm\" data-start=\"1590\" data-end=\"1653\">PPS<\/td>\n<\/tr>\n<tr data-start=\"1654\" data-end=\"1769\">\n<td data-start=\"1654\" data-end=\"1680\" data-col-size=\"sm\">Afmetingen<\/td>\n<td data-col-size=\"sm\" data-start=\"1680\" data-end=\"1706\">Maatopties<\/td>\n<td data-col-size=\"sm\" data-start=\"1706\" data-end=\"1769\">\u00d818 mm, \u00d820 mm, \u00d822 mm, \u00d830 mm<\/td>\n<\/tr>\n<tr data-start=\"1770\" data-end=\"1885\">\n<td data-start=\"1770\" data-end=\"1796\" data-col-size=\"sm\">RF<\/td>\n<td data-col-size=\"sm\" data-start=\"1796\" data-end=\"1822\">Frequentie<\/td>\n<td data-col-size=\"sm\" data-start=\"1822\" data-end=\"1885\">13,56 MHz<\/td>\n<\/tr>\n<tr data-start=\"1886\" data-end=\"2001\">\n<td data-start=\"1886\" data-end=\"1912\" data-col-size=\"sm\"><\/td>\n<td data-col-size=\"sm\" data-start=\"1912\" data-end=\"1938\">Protocol<\/td>\n<td data-col-size=\"sm\" data-start=\"1938\" data-end=\"2001\">ISO\/IEC 15693<\/td>\n<\/tr>\n<tr data-start=\"2002\" data-end=\"2117\">\n<td data-start=\"2002\" data-end=\"2028\" data-col-size=\"sm\">Omgeving<\/td>\n<td data-start=\"2028\" data-end=\"2054\" data-col-size=\"sm\">Bedrijfstemperatuur<\/td>\n<td data-col-size=\"sm\" data-start=\"2054\" data-end=\"2117\">-25 \u2103 tot +75 \u2103<\/td>\n<\/tr>\n<tr data-start=\"2118\" data-end=\"2233\">\n<td data-start=\"2118\" data-end=\"2144\" data-col-size=\"sm\"><\/td>\n<td data-col-size=\"sm\" data-start=\"2144\" data-end=\"2170\">Opslagtemperatuur<\/td>\n<td data-col-size=\"sm\" data-start=\"2170\" data-end=\"2233\">-55 \u2103 tot +220 \u2103<\/td>\n<\/tr>\n<tr data-start=\"2234\" data-end=\"2349\">\n<td data-start=\"2234\" data-end=\"2260\" data-col-size=\"sm\">Procescompatibiliteit<\/td>\n<td data-col-size=\"sm\" data-start=\"2260\" data-end=\"2286\">Wasmethode<\/td>\n<td data-col-size=\"sm\" data-start=\"2286\" data-end=\"2349\">Wasserij, stomerij<\/td>\n<\/tr>\n<tr data-start=\"2350\" data-end=\"2465\">\n<td data-start=\"2350\" data-end=\"2376\" data-col-size=\"sm\">Duurzaamheid<\/td>\n<td data-col-size=\"sm\" data-start=\"2376\" data-end=\"2402\">Was het leven<\/td>\n<td data-col-size=\"sm\" data-start=\"2402\" data-end=\"2465\">200 wasbeurten<\/td>\n<\/tr>\n<tr data-start=\"2466\" data-end=\"2581\">\n<td data-start=\"2466\" data-end=\"2492\" data-col-size=\"sm\">Gegevens<\/td>\n<td data-col-size=\"sm\" data-start=\"2492\" data-end=\"2518\">Chipgegevensretentie<\/td>\n<td data-col-size=\"sm\" data-start=\"2518\" data-end=\"2581\">10 jaar<\/td>\n<\/tr>\n<tr data-start=\"2582\" data-end=\"2697\">\n<td data-start=\"2582\" data-end=\"2608\" data-col-size=\"sm\">Tagmethode<\/td>\n<td data-col-size=\"sm\" data-start=\"2608\" data-end=\"2634\">Bijlage<\/td>\n<td data-col-size=\"sm\" data-start=\"2634\" data-end=\"2697\">Naaien, invoegen<\/td>\n<\/tr>\n<tr data-start=\"2698\" data-end=\"2813\">\n<td data-start=\"2698\" data-end=\"2724\" data-col-size=\"sm\">Operatie<\/td>\n<td data-col-size=\"sm\" data-start=\"2724\" data-end=\"2750\">Werkmodus<\/td>\n<td data-col-size=\"sm\" data-start=\"2750\" data-end=\"2813\">Lezen\/Schrijven<\/td>\n<\/tr>\n<\/tbody>\n<\/table>\n<\/div>\n<\/div>","protected":false},"excerpt":{"rendered":"<p>Wasbaar PPS ISO15693 ICODE SLIX waslabel: robuust, waterdicht en chemisch bestendig voor kleding en uniformen; 13,56 MHz R\/W met een duurzaamheid van 200 cycli.<\/p>","protected":false},"featured_media":747,"template":"","meta":{"_gspb_post_css":""},"product_brand":[],"product_cat":[17,19],"product_tag":[],"class_list":{"0":"post-746","1":"product","2":"type-product","3":"status-publish","4":"has-post-thumbnail","6":"product_cat-rfid-laundry-tags","7":"product_cat-pps-rfid-laundry-tags","9":"first","10":"instock","11":"shipping-taxable","12":"purchasable","13":"product-type-simple"},"_links":{"self":[{"href":"https:\/\/www.cxjsmartcard.com\/nl\/wp-json\/wp\/v2\/product\/746","targetHints":{"allow":["GET"]}}],"collection":[{"href":"https:\/\/www.cxjsmartcard.com\/nl\/wp-json\/wp\/v2\/product"}],"about":[{"href":"https:\/\/www.cxjsmartcard.com\/nl\/wp-json\/wp\/v2\/types\/product"}],"wp:featuredmedia":[{"embeddable":true,"href":"https:\/\/www.cxjsmartcard.com\/nl\/wp-json\/wp\/v2\/media\/747"}],"wp:attachment":[{"href":"https:\/\/www.cxjsmartcard.com\/nl\/wp-json\/wp\/v2\/media?parent=746"}],"wp:term":[{"taxonomy":"product_brand","embeddable":true,"href":"https:\/\/www.cxjsmartcard.com\/nl\/wp-json\/wp\/v2\/product_brand?post=746"},{"taxonomy":"product_cat","embeddable":true,"href":"https:\/\/www.cxjsmartcard.com\/nl\/wp-json\/wp\/v2\/product_cat?post=746"},{"taxonomy":"product_tag","embeddable":true,"href":"https:\/\/www.cxjsmartcard.com\/nl\/wp-json\/wp\/v2\/product_tag?post=746"}],"curies":[{"name":"wp","href":"https:\/\/api.w.org\/{rel}","templated":true}]}}