{"id":716,"date":"2025-11-03T06:51:02","date_gmt":"2025-11-03T06:51:02","guid":{"rendered":"https:\/\/www.cxjsmartcard.com\/?post_type=product&#038;p=716"},"modified":"2025-12-29T01:27:11","modified_gmt":"2025-12-29T01:27:11","slug":"sew-textile-washable-uhf-rfid-laundry-tag-with-metal-hole","status":"publish","type":"product","link":"https:\/\/www.cxjsmartcard.com\/nl\/sew-textile-washable-uhf-rfid-laundry-tag-with-metal-hole\/","title":{"rendered":"Naai textiel wasbaar UHF RFID waslabel met metalen gat"},"content":{"rendered":"<p data-start=\"69\" data-end=\"507\">De wasbare UHF RFID-waslabels van textiel zijn duurzaam genoeg om meer dan 200 wasbeurten te overleven. Ze worden doorgaans toegepast in instellingen die een constante stroom schoon linnengoed, uniformen, werkkleding, medische kleding, kostuums en huurartikelen nodig hebben. Onze UHF RFID-waslabels kunnen massaal worden gelezen op afstanden van enkele meters, waardoor geautomatiseerde systemen grote aantallen individuele artikelen sneller en nauwkeuriger kunnen traceren.<\/p>\n<p data-start=\"509\" data-end=\"558\"><strong data-start=\"509\" data-end=\"556\">Wasbare RFID-linnentag (procesbestendigheid)<\/strong><\/p>\n<ul data-start=\"559\" data-end=\"797\">\n<li data-start=\"559\" data-end=\"605\">\n<p data-start=\"561\" data-end=\"605\">Wassen: 90 \u2103, 15 minuten, meer dan 200 cycli<\/p>\n<\/li>\n<li data-start=\"606\" data-end=\"647\">\n<p data-start=\"608\" data-end=\"647\">Druk: 60 bar atmosferische druk<\/p>\n<\/li>\n<li data-start=\"648\" data-end=\"694\">\n<p data-start=\"650\" data-end=\"694\">Strijkijzer: 190 \u2103, 12 seconden, meer dan 200 cycli<\/p>\n<\/li>\n<li data-start=\"695\" data-end=\"745\">\n<p data-start=\"697\" data-end=\"745\">Voordrogen: 180 \u2103, 20 minuten, meer dan 200 cycli<\/p>\n<\/li>\n<li data-start=\"746\" data-end=\"797\">\n<p data-start=\"748\" data-end=\"797\">Sterilisatie: 135 \u2103, 20 minuten, meer dan 200 cycli<\/p>\n<\/li>\n<\/ul>\n<p data-start=\"799\" data-end=\"932\"><strong data-start=\"799\" data-end=\"812\">Gebruiksscenario&#039;s<\/strong><br data-start=\"812\" data-end=\"815\" \/>Naai een wasbaar en waterdicht UHF RFID-waslabel van textiel voor het traceren van hotellinnen, huurkleding en medische kleding.<\/p>\n<p data-start=\"934\" data-end=\"956\"><strong data-start=\"934\" data-end=\"954\">RFID-prestaties<\/strong><\/p>\n<ul data-start=\"957\" data-end=\"1368\">\n<li data-start=\"957\" data-end=\"1014\">\n<p data-start=\"959\" data-end=\"1014\">Protocol: EPC Global UHF Klasse 1 Gen 2 \/ ISO 18000-6C<\/p>\n<\/li>\n<li data-start=\"1015\" data-end=\"1049\">\n<p data-start=\"1017\" data-end=\"1049\">Werkfrequentie: 860\u2013960 MHz<\/p>\n<\/li>\n<li data-start=\"1050\" data-end=\"1071\">\n<p data-start=\"1052\" data-end=\"1071\">Chip: NXP UCODE 9<\/p>\n<\/li>\n<li data-start=\"1072\" data-end=\"1124\">\n<p data-start=\"1074\" data-end=\"1124\">Lees-schrijfprestaties: R\/W (meer dan 100.000 keer)<\/p>\n<\/li>\n<li data-start=\"1125\" data-end=\"1151\">\n<p data-start=\"1127\" data-end=\"1151\">Gegevensopslag: 20 jaar<\/p>\n<\/li>\n<li data-start=\"1152\" data-end=\"1206\">\n<p data-start=\"1154\" data-end=\"1206\">Garantie: Gaat 2 jaar of meer dan 200 wasbeurten mee<\/p>\n<\/li>\n<li data-start=\"1207\" data-end=\"1252\">\n<p data-start=\"1209\" data-end=\"1252\">Antennepolarisatie: Lineaire polarisatie<\/p>\n<\/li>\n<li data-start=\"1253\" data-end=\"1368\">\n<p data-start=\"1255\" data-end=\"1299\">Leesafstand (gebaseerd op veldtesten):<\/p>\n<ul data-start=\"1302\" data-end=\"1368\">\n<li data-start=\"1302\" data-end=\"1338\">\n<p data-start=\"1304\" data-end=\"1338\">Vaste lezer (2 W ERP): meer dan 6 m<\/p>\n<\/li>\n<li data-start=\"1341\" data-end=\"1368\">\n<p data-start=\"1343\" data-end=\"1368\">Handheld reader: meer dan 3 m<\/p>\n<\/li>\n<\/ul>\n<\/li>\n<\/ul>\n<p data-start=\"1370\" data-end=\"1396\"><strong data-start=\"1370\" data-end=\"1394\">Fysieke prestaties<\/strong><\/p>\n<ul data-start=\"1397\" data-end=\"2362\">\n<li data-start=\"1397\" data-end=\"1423\">\n<p data-start=\"1399\" data-end=\"1423\">Hoofdmateriaal: Textiel<\/p>\n<\/li>\n<li data-start=\"1424\" data-end=\"1532\">\n<p data-start=\"1426\" data-end=\"1441\">Maatopties:<\/p>\n<ul data-start=\"1444\" data-end=\"1532\">\n<li data-start=\"1444\" data-end=\"1481\">\n<p data-start=\"1446\" data-end=\"1481\">S: 35\u00d715 mm \/ 36\u00d718 mm \/ 55\u00d712 mm<\/p>\n<\/li>\n<li data-start=\"1484\" data-end=\"1532\">\n<p data-start=\"1486\" data-end=\"1532\">M: 58\u00d715 mm \/ 70\u00d710 mm \/ 70\u00d718 mm \/ 70\u00d715 mm<\/p>\n<\/li>\n<\/ul>\n<\/li>\n<li data-start=\"1533\" data-end=\"1575\">\n<p data-start=\"1535\" data-end=\"1575\">Bedrijfstemperatuur: -25 \u2103 tot +110 \u2103<\/p>\n<\/li>\n<li data-start=\"1576\" data-end=\"1616\">\n<p data-start=\"1578\" data-end=\"1616\">Bewaartemperatuur: -40 \u2103 tot +110 \u2103<\/p>\n<\/li>\n<li data-start=\"1617\" data-end=\"1645\">\n<p data-start=\"1619\" data-end=\"1645\">Opslagvochtigheid: 5%\u201395%<\/p>\n<\/li>\n<li data-start=\"1646\" data-end=\"1876\">\n<p data-start=\"1648\" data-end=\"1695\">Kortstondige hittebestendigheid (elke 200 cycli):<\/p>\n<ul data-start=\"1698\" data-end=\"1876\">\n<li data-start=\"1698\" data-end=\"1731\">\n<p data-start=\"1700\" data-end=\"1731\">Wassen: 90 \u2103 (194 \u2109), 15 min<\/p>\n<\/li>\n<li data-start=\"1734\" data-end=\"1766\">\n<p data-start=\"1736\" data-end=\"1766\">Strijken: 190 \u2103 (356 \u2109), 10 s<\/p>\n<\/li>\n<li data-start=\"1769\" data-end=\"1816\">\n<p data-start=\"1771\" data-end=\"1816\">Converter voordrogen: 180 \u2103 (320 \u2109), 30 min<\/p>\n<\/li>\n<li data-start=\"1819\" data-end=\"1876\">\n<p data-start=\"1821\" data-end=\"1876\">Sterilisatie op hoge temperatuur: 135 \u2103 (275 \u2109), 20 min<\/p>\n<\/li>\n<\/ul>\n<\/li>\n<li data-start=\"1877\" data-end=\"1909\">\n<p data-start=\"1879\" data-end=\"1909\">Druk: 60 bar atmosferisch<\/p>\n<\/li>\n<li data-start=\"1910\" data-end=\"2035\">\n<p data-start=\"1912\" data-end=\"1935\">Installatiemethoden:<\/p>\n<ol data-start=\"1938\" data-end=\"2035\">\n<li data-start=\"1938\" data-end=\"1971\">\n<p data-start=\"1941\" data-end=\"1971\">Naai of plaats in een zakje<\/p>\n<\/li>\n<li data-start=\"1974\" data-end=\"2035\">\n<p data-start=\"1977\" data-end=\"2035\">Strijken op 215 \u00b0C gedurende 18 seconden met een druk van 0,6\u20130,8 MPa<\/p>\n<\/li>\n<\/ol>\n<\/li>\n<li data-start=\"2036\" data-end=\"2129\">\n<p data-start=\"2038\" data-end=\"2129\">Chemische bestendigheid: Bestand tegen alle chemicali\u00ebn die worden gebruikt in normale industri\u00eble wasprocessen<\/p>\n<\/li>\n<li data-start=\"2130\" data-end=\"2213\">\n<p data-start=\"2132\" data-end=\"2213\">Geslaagde tests: RoHS, MRI, SVHC, GB18401, EECC, OEKO-TEX\u00ae Standard 100 (Klasse II)<\/p>\n<\/li>\n<li data-start=\"2214\" data-end=\"2362\">\n<p data-start=\"2216\" data-end=\"2241\">Individuele service:<\/p>\n<ul data-start=\"2244\" data-end=\"2362\">\n<li data-start=\"2244\" data-end=\"2275\">\n<p data-start=\"2246\" data-end=\"2275\">Voorgeprogrammeerde EPC \/ EPC-ID<\/p>\n<\/li>\n<li data-start=\"2278\" data-end=\"2338\">\n<p data-start=\"2280\" data-end=\"2338\">Afdrukken: logo, laser TID\/serienummer, letters, cijfers<\/p>\n<\/li>\n<li data-start=\"2341\" data-end=\"2362\">\n<p data-start=\"2343\" data-end=\"2362\">Pre-encryptie-opties<\/p>\n<\/li>\n<\/ul>\n<\/li>\n<\/ul>\n<h2 data-start=\"2364\" data-end=\"2389\">Tabel (Specificaties)<\/h2>\n<div class=\"_tableContainer_1rjym_1\">\n<div class=\"group _tableWrapper_1rjym_13 flex w-fit flex-col-reverse\" tabindex=\"-1\">\n<table class=\"w-fit min-w-(--thread-content-width)\" data-start=\"2391\" data-end=\"6638\">\n<thead data-start=\"2391\" data-end=\"2541\">\n<tr data-start=\"2391\" data-end=\"2541\">\n<th data-start=\"2391\" data-end=\"2415\" data-col-size=\"sm\">Categorie<\/th>\n<th data-start=\"2415\" data-end=\"2451\" data-col-size=\"sm\">Parameter<\/th>\n<th data-start=\"2451\" data-end=\"2541\" data-col-size=\"md\">Waarde<\/th>\n<\/tr>\n<\/thead>\n<tbody data-start=\"2692\" data-end=\"6638\">\n<tr data-start=\"2692\" data-end=\"2842\">\n<td data-start=\"2692\" data-end=\"2715\" data-col-size=\"sm\">Product<\/td>\n<td data-col-size=\"sm\" data-start=\"2715\" data-end=\"2752\">Naam<\/td>\n<td data-col-size=\"md\" data-start=\"2752\" data-end=\"2842\">Naai textiel wasbaar UHF RFID waslabel met metalen gat<\/td>\n<\/tr>\n<tr data-start=\"2843\" data-end=\"2993\">\n<td data-start=\"2843\" data-end=\"2866\" data-col-size=\"sm\">Gebruiksscenario&#039;s<\/td>\n<td data-col-size=\"sm\" data-start=\"2866\" data-end=\"2903\">Typische toepassingen<\/td>\n<td data-col-size=\"md\" data-start=\"2903\" data-end=\"2993\">Hotellinnen, huurkleding, medische kleding, uniformen, werkkleding, kostuums<\/td>\n<\/tr>\n<tr data-start=\"2994\" data-end=\"3144\">\n<td data-start=\"2994\" data-end=\"3017\" data-col-size=\"sm\">RFID-prestaties<\/td>\n<td data-start=\"3017\" data-end=\"3054\" data-col-size=\"sm\">Protocol<\/td>\n<td data-col-size=\"md\" data-start=\"3054\" data-end=\"3144\">EPC Global UHF Klasse 1 Gen 2 \/ ISO 18000-6C<\/td>\n<\/tr>\n<tr data-start=\"3145\" data-end=\"3296\">\n<td data-start=\"3145\" data-end=\"3168\" data-col-size=\"sm\"><\/td>\n<td data-col-size=\"sm\" data-start=\"3168\" data-end=\"3205\">Werkfrequentie<\/td>\n<td data-col-size=\"md\" data-start=\"3205\" data-end=\"3296\">860\u2013960 MHz<\/td>\n<\/tr>\n<tr data-start=\"3297\" data-end=\"3448\">\n<td data-start=\"3297\" data-end=\"3320\" data-col-size=\"sm\"><\/td>\n<td data-col-size=\"sm\" data-start=\"3320\" data-end=\"3357\">Spaander<\/td>\n<td data-col-size=\"md\" data-start=\"3357\" data-end=\"3448\">NXP UCODE 9<\/td>\n<\/tr>\n<tr data-start=\"3449\" data-end=\"3600\">\n<td data-start=\"3449\" data-end=\"3472\" data-col-size=\"sm\"><\/td>\n<td data-start=\"3472\" data-end=\"3509\" data-col-size=\"sm\">R\/W-uithoudingsvermogen<\/td>\n<td data-col-size=\"md\" data-start=\"3509\" data-end=\"3600\">Meer dan 100.000 keer<\/td>\n<\/tr>\n<tr data-start=\"3601\" data-end=\"3752\">\n<td data-start=\"3601\" data-end=\"3624\" data-col-size=\"sm\"><\/td>\n<td data-start=\"3624\" data-end=\"3661\" data-col-size=\"sm\">Gegevensretentie<\/td>\n<td data-col-size=\"md\" data-start=\"3661\" data-end=\"3752\">20 jaar<\/td>\n<\/tr>\n<tr data-start=\"3753\" data-end=\"3905\">\n<td data-start=\"3753\" data-end=\"3776\" data-col-size=\"sm\"><\/td>\n<td data-start=\"3776\" data-end=\"3814\" data-col-size=\"sm\">Garantie<\/td>\n<td data-col-size=\"md\" data-start=\"3814\" data-end=\"3905\">2 jaar of \u2265200 wasbeurten<\/td>\n<\/tr>\n<tr data-start=\"3906\" data-end=\"4057\">\n<td data-start=\"3906\" data-end=\"3929\" data-col-size=\"sm\"><\/td>\n<td data-start=\"3929\" data-end=\"3966\" data-col-size=\"sm\">Antennepolarisatie<\/td>\n<td data-start=\"3966\" data-end=\"4057\" data-col-size=\"md\">Lineair<\/td>\n<\/tr>\n<tr data-start=\"4058\" data-end=\"4209\">\n<td data-start=\"4058\" data-end=\"4081\" data-col-size=\"sm\"><\/td>\n<td data-col-size=\"sm\" data-start=\"4081\" data-end=\"4118\">Leesafstand (vast, 2 W ERP)<\/td>\n<td data-col-size=\"md\" data-start=\"4118\" data-end=\"4209\">&gt;6 m<\/td>\n<\/tr>\n<tr data-start=\"4210\" data-end=\"4361\">\n<td data-start=\"4210\" data-end=\"4233\" data-col-size=\"sm\"><\/td>\n<td data-col-size=\"sm\" data-start=\"4233\" data-end=\"4270\">Leesafstand (handheld)<\/td>\n<td data-col-size=\"md\" data-start=\"4270\" data-end=\"4361\">&gt;3 m<\/td>\n<\/tr>\n<tr data-start=\"4362\" data-end=\"4513\">\n<td data-start=\"4362\" data-end=\"4385\" data-col-size=\"sm\">Fysiek<\/td>\n<td data-col-size=\"sm\" data-start=\"4385\" data-end=\"4422\">Hoofdmateriaal<\/td>\n<td data-col-size=\"md\" data-start=\"4422\" data-end=\"4513\">Textiel<\/td>\n<\/tr>\n<tr data-start=\"4514\" data-end=\"4665\">\n<td data-start=\"4514\" data-end=\"4537\" data-col-size=\"sm\"><\/td>\n<td data-col-size=\"sm\" data-start=\"4537\" data-end=\"4574\">Maten (S)<\/td>\n<td data-col-size=\"md\" data-start=\"4574\" data-end=\"4665\">35\u00d715 mm; 36\u00d718 mm; 55\u00d712 mm<\/td>\n<\/tr>\n<tr data-start=\"4666\" data-end=\"4817\">\n<td data-start=\"4666\" data-end=\"4689\" data-col-size=\"sm\"><\/td>\n<td data-start=\"4689\" data-end=\"4726\" data-col-size=\"sm\">Maten (M)<\/td>\n<td data-col-size=\"md\" data-start=\"4726\" data-end=\"4817\">58\u00d715 mm; 70\u00d710 mm; 70\u00d718 mm; 70\u00d715 mm<\/td>\n<\/tr>\n<tr data-start=\"4818\" data-end=\"4969\">\n<td data-start=\"4818\" data-end=\"4841\" data-col-size=\"sm\">Omgeving<\/td>\n<td data-col-size=\"sm\" data-start=\"4841\" data-end=\"4878\">Bedrijfstemperatuur<\/td>\n<td data-col-size=\"md\" data-start=\"4878\" data-end=\"4969\">-25 \u2103 tot +110 \u2103<\/td>\n<\/tr>\n<tr data-start=\"4970\" data-end=\"5121\">\n<td data-start=\"4970\" data-end=\"4993\" data-col-size=\"sm\"><\/td>\n<td data-start=\"4993\" data-end=\"5030\" data-col-size=\"sm\">Opslagtemperatuur<\/td>\n<td data-col-size=\"md\" data-start=\"5030\" data-end=\"5121\">-40 \u2103 tot +110 \u2103<\/td>\n<\/tr>\n<tr data-start=\"5122\" data-end=\"5272\">\n<td data-start=\"5122\" data-end=\"5145\" data-col-size=\"sm\"><\/td>\n<td data-col-size=\"sm\" data-start=\"5145\" data-end=\"5182\">Opslagvochtigheid<\/td>\n<td data-col-size=\"md\" data-start=\"5182\" data-end=\"5272\">5%\u201395%<\/td>\n<\/tr>\n<tr data-start=\"5273\" data-end=\"5424\">\n<td data-start=\"5273\" data-end=\"5296\" data-col-size=\"sm\">Procesuithoudingsvermogen<\/td>\n<td data-col-size=\"sm\" data-start=\"5296\" data-end=\"5333\">Wassen<\/td>\n<td data-col-size=\"md\" data-start=\"5333\" data-end=\"5424\">90 \u2103, 15 min, 200 cycli<\/td>\n<\/tr>\n<tr data-start=\"5425\" data-end=\"5576\">\n<td data-start=\"5425\" data-end=\"5448\" data-col-size=\"sm\"><\/td>\n<td data-col-size=\"sm\" data-start=\"5448\" data-end=\"5485\">Strijken<\/td>\n<td data-col-size=\"md\" data-start=\"5485\" data-end=\"5576\">190 \u2103, 10\u201312 s, 200 cycli<\/td>\n<\/tr>\n<tr data-start=\"5577\" data-end=\"5728\">\n<td data-start=\"5577\" data-end=\"5600\" data-col-size=\"sm\"><\/td>\n<td data-col-size=\"sm\" data-start=\"5600\" data-end=\"5637\">Voordrogen<\/td>\n<td data-col-size=\"md\" data-start=\"5637\" data-end=\"5728\">180 \u2103, 20\u201330 min, 200 cycli<\/td>\n<\/tr>\n<tr data-start=\"5729\" data-end=\"5880\">\n<td data-start=\"5729\" data-end=\"5752\" data-col-size=\"sm\"><\/td>\n<td data-col-size=\"sm\" data-start=\"5752\" data-end=\"5789\">Sterilisatie<\/td>\n<td data-col-size=\"md\" data-start=\"5789\" data-end=\"5880\">135 \u2103, 20 min, 200 cycli<\/td>\n<\/tr>\n<tr data-start=\"5881\" data-end=\"6032\">\n<td data-start=\"5881\" data-end=\"5904\" data-col-size=\"sm\"><\/td>\n<td data-col-size=\"sm\" data-start=\"5904\" data-end=\"5941\">Druk<\/td>\n<td data-col-size=\"md\" data-start=\"5941\" data-end=\"6032\">60 bar atmosferisch<\/td>\n<\/tr>\n<tr data-start=\"6033\" data-end=\"6184\">\n<td data-start=\"6033\" data-end=\"6056\" data-col-size=\"sm\">Installatie<\/td>\n<td data-col-size=\"sm\" data-start=\"6056\" data-end=\"6093\">Methoden<\/td>\n<td data-col-size=\"md\" data-start=\"6093\" data-end=\"6184\">Naai-\/zakinzetstuk; of strijken op 215 \u2103 \u00d7 18 s @ 0,6\u20130,8 MPa<\/td>\n<\/tr>\n<tr data-start=\"6185\" data-end=\"6336\">\n<td data-start=\"6185\" data-end=\"6208\" data-col-size=\"sm\">Chemicali\u00ebn<\/td>\n<td data-col-size=\"sm\" data-start=\"6208\" data-end=\"6245\">Weerstand<\/td>\n<td data-col-size=\"md\" data-start=\"6245\" data-end=\"6336\">Bestand tegen chemicali\u00ebn die worden gebruikt in normale industri\u00eble wasprocessen<\/td>\n<\/tr>\n<tr data-start=\"6337\" data-end=\"6487\">\n<td data-start=\"6337\" data-end=\"6360\" data-col-size=\"sm\">Naleving en tests<\/td>\n<td data-col-size=\"sm\" data-start=\"6360\" data-end=\"6397\">Normen goedgekeurd<\/td>\n<td data-col-size=\"md\" data-start=\"6397\" data-end=\"6487\">RoHS, MRI, SVHC, GB18401, EECC, OEKO-TEX\u00ae Standaard 100 (Klasse II)<\/td>\n<\/tr>\n<tr data-start=\"6488\" data-end=\"6638\">\n<td data-start=\"6488\" data-end=\"6511\" data-col-size=\"sm\">Personalisatie<\/td>\n<td data-col-size=\"sm\" data-start=\"6511\" data-end=\"6548\">Opties<\/td>\n<td data-col-size=\"md\" data-start=\"6548\" data-end=\"6638\">Voorprogrammeren EPC\/EPC ID; printen (logo, laser TID\/serienummer), letters\/cijfers; vooraf coderen<\/td>\n<\/tr>\n<\/tbody>\n<\/table>\n<\/div>\n<\/div>","protected":false},"excerpt":{"rendered":"<p>Naaibaar, wasbaar UHF RFID-textiellabel met metalen gat - bestand tegen meer dan 200 wasbeurten, leest &gt; 6 m (vast), is bestand tegen 60 bar en kan worden genaaid of met hitte worden geseald bij 215 \u2103.<\/p>","protected":false},"featured_media":717,"template":"","meta":{"_gspb_post_css":""},"product_brand":[],"product_cat":[18,17],"product_tag":[],"class_list":{"0":"post-716","1":"product","2":"type-product","3":"status-publish","4":"has-post-thumbnail","6":"product_cat-textile-rfid-laundry-tags","7":"product_cat-rfid-laundry-tags","9":"first","10":"instock","11":"shipping-taxable","12":"purchasable","13":"product-type-simple"},"_links":{"self":[{"href":"https:\/\/www.cxjsmartcard.com\/nl\/wp-json\/wp\/v2\/product\/716","targetHints":{"allow":["GET"]}}],"collection":[{"href":"https:\/\/www.cxjsmartcard.com\/nl\/wp-json\/wp\/v2\/product"}],"about":[{"href":"https:\/\/www.cxjsmartcard.com\/nl\/wp-json\/wp\/v2\/types\/product"}],"wp:featuredmedia":[{"embeddable":true,"href":"https:\/\/www.cxjsmartcard.com\/nl\/wp-json\/wp\/v2\/media\/717"}],"wp:attachment":[{"href":"https:\/\/www.cxjsmartcard.com\/nl\/wp-json\/wp\/v2\/media?parent=716"}],"wp:term":[{"taxonomy":"product_brand","embeddable":true,"href":"https:\/\/www.cxjsmartcard.com\/nl\/wp-json\/wp\/v2\/product_brand?post=716"},{"taxonomy":"product_cat","embeddable":true,"href":"https:\/\/www.cxjsmartcard.com\/nl\/wp-json\/wp\/v2\/product_cat?post=716"},{"taxonomy":"product_tag","embeddable":true,"href":"https:\/\/www.cxjsmartcard.com\/nl\/wp-json\/wp\/v2\/product_tag?post=716"}],"curies":[{"name":"wp","href":"https:\/\/api.w.org\/{rel}","templated":true}]}}