{"id":706,"date":"2025-11-03T06:46:07","date_gmt":"2025-11-03T06:46:07","guid":{"rendered":"https:\/\/www.cxjsmartcard.com\/?post_type=product&#038;p=706"},"modified":"2025-12-29T01:27:11","modified_gmt":"2025-12-29T01:27:11","slug":"sewing-washable-uhf-textile-rfid-laundry-tags","status":"publish","type":"product","link":"https:\/\/www.cxjsmartcard.com\/nl\/sewing-washable-uhf-textile-rfid-laundry-tags\/","title":{"rendered":"Naaibare UHF textiel RFID waslabels"},"content":{"rendered":"<p data-start=\"95\" data-end=\"390\">De RFID UHF-waslabel is ontworpen voor gebruik in de wasserijprocessen van hotels en instellingen en biedt duurzaamheid en geschiktheid voor wassen, drogen, chemisch reinigen en strijken. Ze kunnen ook worden gebruikt voor het beheren van andere professionele uniformen, kostuums of huurartikelen zoals matten en handdoeken.<\/p>\n<p data-start=\"392\" data-end=\"410\"><strong data-start=\"392\" data-end=\"408\">Belangrijkste kenmerken<\/strong><\/p>\n<ol data-start=\"411\" data-end=\"692\">\n<li data-start=\"411\" data-end=\"507\">\n<p data-start=\"414\" data-end=\"507\">Uitstekende prestaties en een kosteneffectieve oplossing voor industri\u00eble wastoepassingen.<\/p>\n<\/li>\n<li data-start=\"508\" data-end=\"595\">\n<p data-start=\"511\" data-end=\"595\">Het ultradunne en zachte label kan eenvoudig op linnen worden genaaid, met of zonder zakje.<\/p>\n<\/li>\n<li data-start=\"596\" data-end=\"654\">\n<p data-start=\"599\" data-end=\"654\">Botsingsbestendig, hoge temperatuur, drukbestendig.<\/p>\n<\/li>\n<li data-start=\"655\" data-end=\"692\">\n<p data-start=\"658\" data-end=\"692\">Meer dan 200 wasbeurten.<\/p>\n<\/li>\n<\/ol>\n<p data-start=\"694\" data-end=\"916\">Deze RFID-waslabels zijn waterdicht, gemaakt van nylon en polyester en ontworpen voor RFID-was- en linnenbeheer. Ze zijn bestand tegen verschillende bedrijfstemperaturen. De labels zijn verkrijgbaar in verschillende diameters\/afmetingen.<\/p>\n<p data-start=\"918\" data-end=\"936\"><strong data-start=\"918\" data-end=\"934\">Toepassingen<\/strong><\/p>\n<ol data-start=\"937\" data-end=\"1047\">\n<li data-start=\"937\" data-end=\"989\">\n<p data-start=\"940\" data-end=\"989\">Geschikt voor wassen, chemisch reinigen en strijken.<\/p>\n<\/li>\n<li data-start=\"990\" data-end=\"1047\">\n<p data-start=\"993\" data-end=\"1047\">Trackingbeheer voor hotellakens, uniformen, etc.<\/p>\n<\/li>\n<\/ol>\n<p data-start=\"1049\" data-end=\"1254\"><strong data-start=\"1049\" data-end=\"1089\">Veelgestelde vragen over RFID-waslabels voor textiel<\/strong><br data-start=\"1089\" data-end=\"1092\" \/><strong data-start=\"1092\" data-end=\"1098\">Q:<\/strong> Kunnen de tags de persmachines overleven?<br data-start=\"1138\" data-end=\"1141\" \/><strong data-start=\"1141\" data-end=\"1147\">A:<\/strong> Ja. Deze RFID-tags zijn bestand tegen hoge hitte en druk, ideaal voor industri\u00eble drogers en persen.<\/p>\n<p data-start=\"1256\" data-end=\"1370\"><strong data-start=\"1256\" data-end=\"1262\">Q:<\/strong> Wat is de verwachte levensduur van deze tags?<br data-start=\"1306\" data-end=\"1309\" \/><strong data-start=\"1309\" data-end=\"1315\">A:<\/strong> Gemiddeld 200 wasbeurten of maximaal 3 jaar gebruik.<\/p>\n<p data-start=\"1372\" data-end=\"1534\"><strong data-start=\"1372\" data-end=\"1378\">Q:<\/strong> Hoe kies ik de juiste taggrootte?<br data-start=\"1414\" data-end=\"1417\" \/><strong data-start=\"1417\" data-end=\"1423\">A:<\/strong> We bieden verschillende maatopties. Vul het formulier in en laat ons uw kleding- of linnenspecificaties weten.<\/p>\n<h2 data-start=\"1536\" data-end=\"1561\">Tabel (Specificaties)<\/h2>\n<div class=\"_tableContainer_1rjym_1\">\n<div class=\"group _tableWrapper_1rjym_13 flex w-fit flex-col-reverse\" tabindex=\"-1\">\n<table class=\"w-fit min-w-(--thread-content-width)\" data-start=\"1563\" data-end=\"3688\">\n<thead data-start=\"1563\" data-end=\"1713\">\n<tr data-start=\"1563\" data-end=\"1713\">\n<th data-start=\"1563\" data-end=\"1585\" data-col-size=\"sm\">Categorie<\/th>\n<th data-start=\"1585\" data-end=\"1607\" data-col-size=\"sm\">Parameter<\/th>\n<th data-start=\"1607\" data-end=\"1713\" data-col-size=\"lg\">Waarde<\/th>\n<\/tr>\n<\/thead>\n<tbody data-start=\"1865\" data-end=\"3688\">\n<tr data-start=\"1865\" data-end=\"2015\">\n<td data-start=\"1865\" data-end=\"1887\" data-col-size=\"sm\">Product<\/td>\n<td data-col-size=\"sm\" data-start=\"1887\" data-end=\"1909\">Productnaam<\/td>\n<td data-col-size=\"lg\" data-start=\"1909\" data-end=\"2015\">Naaibare UHF textiel RFID waslabels<\/td>\n<\/tr>\n<tr data-start=\"2016\" data-end=\"2165\">\n<td data-start=\"2016\" data-end=\"2038\" data-col-size=\"sm\">Materialen<\/td>\n<td data-col-size=\"sm\" data-start=\"2038\" data-end=\"2060\">Materiaal<\/td>\n<td data-col-size=\"lg\" data-start=\"2060\" data-end=\"2165\">Stof\/geweven, strijkijzerlijm, naaitype, metalen gat, enz.<\/td>\n<\/tr>\n<tr data-start=\"2166\" data-end=\"2316\">\n<td data-start=\"2166\" data-end=\"2188\" data-col-size=\"sm\">RFID<\/td>\n<td data-col-size=\"sm\" data-start=\"2188\" data-end=\"2210\">Chipmodel<\/td>\n<td data-col-size=\"lg\" data-start=\"2210\" data-end=\"2316\">NXP UCODE\u00ae 9<\/td>\n<\/tr>\n<tr data-start=\"2317\" data-end=\"2467\">\n<td data-start=\"2317\" data-end=\"2339\" data-col-size=\"sm\"><\/td>\n<td data-col-size=\"sm\" data-start=\"2339\" data-end=\"2361\">Geheugen<\/td>\n<td data-col-size=\"lg\" data-start=\"2361\" data-end=\"2467\">EPC: 96 bits<\/td>\n<\/tr>\n<tr data-start=\"2468\" data-end=\"2618\">\n<td data-start=\"2468\" data-end=\"2490\" data-col-size=\"sm\"><\/td>\n<td data-col-size=\"sm\" data-start=\"2490\" data-end=\"2512\">Protocol<\/td>\n<td data-col-size=\"lg\" data-start=\"2512\" data-end=\"2618\">EPC C1 G2<\/td>\n<\/tr>\n<tr data-start=\"2619\" data-end=\"2770\">\n<td data-start=\"2619\" data-end=\"2641\" data-col-size=\"sm\">Fysiek<\/td>\n<td data-col-size=\"sm\" data-start=\"2641\" data-end=\"2663\">Maat<\/td>\n<td data-col-size=\"lg\" data-start=\"2663\" data-end=\"2770\">70\u00d715 mm<\/td>\n<\/tr>\n<tr data-start=\"2771\" data-end=\"2921\">\n<td data-start=\"2771\" data-end=\"2793\" data-col-size=\"sm\"><\/td>\n<td data-col-size=\"sm\" data-start=\"2793\" data-end=\"2815\">Andere maten<\/td>\n<td data-col-size=\"lg\" data-start=\"2815\" data-end=\"2921\">86\u00d716 mm; 50\u00d720 mm; 72\u00d716 mm; 35\u00d715 mm, enz.<\/td>\n<\/tr>\n<tr data-start=\"2922\" data-end=\"3072\">\n<td data-start=\"2922\" data-end=\"2944\" data-col-size=\"sm\">Verschijning<\/td>\n<td data-col-size=\"sm\" data-start=\"2944\" data-end=\"2966\">Kleur<\/td>\n<td data-col-size=\"lg\" data-start=\"2966\" data-end=\"3072\">Wit<\/td>\n<\/tr>\n<tr data-start=\"3073\" data-end=\"3223\">\n<td data-start=\"3073\" data-end=\"3095\" data-col-size=\"sm\">Duurzaamheid<\/td>\n<td data-col-size=\"sm\" data-start=\"3095\" data-end=\"3117\">Werktijden<\/td>\n<td data-col-size=\"lg\" data-start=\"3117\" data-end=\"3223\">Gemiddeld 200 cycli; sommige modellen &gt;300 cycli<\/td>\n<\/tr>\n<tr data-start=\"3224\" data-end=\"3375\">\n<td data-start=\"3224\" data-end=\"3246\" data-col-size=\"sm\">Omgeving<\/td>\n<td data-start=\"3246\" data-end=\"3270\" data-col-size=\"sm\">Bedrijfstemperatuur<\/td>\n<td data-col-size=\"lg\" data-start=\"3270\" data-end=\"3375\">-25 \u2103 tot +150 \u2103<\/td>\n<\/tr>\n<tr data-start=\"3376\" data-end=\"3526\">\n<td data-start=\"3376\" data-end=\"3398\" data-col-size=\"sm\">Prestatie<\/td>\n<td data-col-size=\"sm\" data-start=\"3398\" data-end=\"3420\">Leesafstand<\/td>\n<td data-col-size=\"lg\" data-start=\"3420\" data-end=\"3526\">5\u201310 meter<\/td>\n<\/tr>\n<tr data-start=\"3527\" data-end=\"3688\">\n<td data-start=\"3527\" data-end=\"3549\" data-col-size=\"sm\">Gebruik<\/td>\n<td data-col-size=\"sm\" data-start=\"3549\" data-end=\"3571\">Sollicitatie<\/td>\n<td data-col-size=\"lg\" data-start=\"3571\" data-end=\"3688\">Wasserijoplossingen, wasserijen, industri\u00eble wasserijen, beheer van hotelkleding, beheer van supermarkten\/kledingwinkels, enz.<\/td>\n<\/tr>\n<\/tbody>\n<\/table>\n<\/div>\n<\/div>","protected":false},"excerpt":{"rendered":"<p>Naaibare, wasbare UHF RFID-textieltags voor linnengoed en uniformen. Waterdicht, hittebestendig, leesbereik van 5\u201310 m en bestand tegen meer dan 200 wascycli voor industri\u00eble wasserijen.<\/p>","protected":false},"featured_media":707,"template":"","meta":{"_gspb_post_css":""},"product_brand":[],"product_cat":[17,18],"product_tag":[],"class_list":{"0":"post-706","1":"product","2":"type-product","3":"status-publish","4":"has-post-thumbnail","6":"product_cat-rfid-laundry-tags","7":"product_cat-textile-rfid-laundry-tags","9":"first","10":"instock","11":"shipping-taxable","12":"purchasable","13":"product-type-simple"},"_links":{"self":[{"href":"https:\/\/www.cxjsmartcard.com\/nl\/wp-json\/wp\/v2\/product\/706","targetHints":{"allow":["GET"]}}],"collection":[{"href":"https:\/\/www.cxjsmartcard.com\/nl\/wp-json\/wp\/v2\/product"}],"about":[{"href":"https:\/\/www.cxjsmartcard.com\/nl\/wp-json\/wp\/v2\/types\/product"}],"wp:featuredmedia":[{"embeddable":true,"href":"https:\/\/www.cxjsmartcard.com\/nl\/wp-json\/wp\/v2\/media\/707"}],"wp:attachment":[{"href":"https:\/\/www.cxjsmartcard.com\/nl\/wp-json\/wp\/v2\/media?parent=706"}],"wp:term":[{"taxonomy":"product_brand","embeddable":true,"href":"https:\/\/www.cxjsmartcard.com\/nl\/wp-json\/wp\/v2\/product_brand?post=706"},{"taxonomy":"product_cat","embeddable":true,"href":"https:\/\/www.cxjsmartcard.com\/nl\/wp-json\/wp\/v2\/product_cat?post=706"},{"taxonomy":"product_tag","embeddable":true,"href":"https:\/\/www.cxjsmartcard.com\/nl\/wp-json\/wp\/v2\/product_tag?post=706"}],"curies":[{"name":"wp","href":"https:\/\/api.w.org\/{rel}","templated":true}]}}