{"id":701,"date":"2025-11-03T06:44:06","date_gmt":"2025-11-03T06:44:06","guid":{"rendered":"https:\/\/www.cxjsmartcard.com\/?post_type=product&#038;p=701"},"modified":"2025-12-29T01:27:11","modified_gmt":"2025-12-29T01:27:11","slug":"textile-washable-waterproof-uhf-rfid-laundry-tags","status":"publish","type":"product","link":"https:\/\/www.cxjsmartcard.com\/nl\/textile-washable-waterproof-uhf-rfid-laundry-tags\/","title":{"rendered":"Wasbare, waterdichte UHF RFID-waslabels voor textiel"},"content":{"rendered":"<p data-start=\"141\" data-end=\"525\">Wasbare, waterdichte UHF RFID-waslabels voor textiel zijn niet-overdraagbare labels met een veilig verzegelde RFID-inlay aan de binnenkant voor betrouwbare opslag en overdracht van gegevens. Ze zijn bestand tegen hoge temperaturen en extreme omstandigheden. Ze worden met name gebruikt in linnenbeheer en wasserijketens. De labels zijn verkrijgbaar in verschillende maten en kunnen worden bevestigd door middel van naaien, lijmen, vastspelden of vastknopen.<\/p>\n<p data-start=\"527\" data-end=\"541\"><strong data-start=\"527\" data-end=\"539\">Functies<\/strong><\/p>\n<ol data-start=\"542\" data-end=\"899\">\n<li data-start=\"542\" data-end=\"602\">\n<p data-start=\"545\" data-end=\"602\">UHF-technologie om honderden tags tegelijkertijd te lezen.<\/p>\n<\/li>\n<li data-start=\"603\" data-end=\"642\">\n<p data-start=\"606\" data-end=\"642\">Leesafstand van meer dan 2,4 meter.<\/p>\n<\/li>\n<li data-start=\"643\" data-end=\"711\">\n<p data-start=\"646\" data-end=\"711\">Nieuw mechanisch ontwerp voor verbeterde prestaties bij vlak linnengoed.<\/p>\n<\/li>\n<li data-start=\"712\" data-end=\"768\">\n<p data-start=\"715\" data-end=\"768\">Geschikt voor hogedruk-afzuiginstallaties tot 60 bar.<\/p>\n<\/li>\n<li data-start=\"769\" data-end=\"811\">\n<p data-start=\"772\" data-end=\"811\">Geschikt voor autoclaafsterilisatie.<\/p>\n<\/li>\n<li data-start=\"812\" data-end=\"899\">\n<p data-start=\"815\" data-end=\"899\">Klein, zacht en flexibel materiaal, ideaal voor textiel, linnengoed, kleding en accessoires.<\/p>\n<\/li>\n<\/ol>\n<p data-start=\"901\" data-end=\"1018\"><strong data-start=\"901\" data-end=\"925\">Zakelijke applicatie<\/strong><br data-start=\"925\" data-end=\"928\" \/>Toepassingsgebied: wasserij, hotel, school, kwaliteitscontrole, voorraadbeheer etc.<\/p>\n<p data-start=\"1020\" data-end=\"1050\"><strong data-start=\"1020\" data-end=\"1048\">Hoe installeer ik de tags?<\/strong><\/p>\n<ol data-start=\"1051\" data-end=\"1195\">\n<li data-start=\"1051\" data-end=\"1109\">\n<p data-start=\"1054\" data-end=\"1109\">Vermijd de antenne en naai beide uiteinden vast.<\/p>\n<\/li>\n<li data-start=\"1110\" data-end=\"1195\">\n<p data-start=\"1113\" data-end=\"1195\">Plaats het door het 15 seconden te strijken op een hoge temperatuur van 210 graden Celsius.<\/p>\n<\/li>\n<\/ol>\n<p data-start=\"1197\" data-end=\"1534\"><strong data-start=\"1197\" data-end=\"1249\">Waarom RFID-waslabels gebruiken in industri\u00eble wasserijen?<\/strong><br data-start=\"1249\" data-end=\"1252\" \/>RFID-waslabels maken automatisering mogelijk in wasserijen met een hoog volume, waardoor handmatige arbeid en menselijke fouten worden verminderd. Deze labels zijn ontworpen voor commerci\u00eble wasserijen, medische uniformen en ziekenhuislinnen en vereenvoudigen de tracking en het beheer door naadloze gegevensoverdracht naar RFID-lezers mogelijk te maken.<\/p>\n<p data-start=\"1536\" data-end=\"1716\"><strong data-start=\"1536\" data-end=\"1568\">Veelgestelde vragen over RFID-waslabels<\/strong><br data-start=\"1568\" data-end=\"1571\" \/><strong data-start=\"1571\" data-end=\"1577\">Q:<\/strong> Kunnen deze tags gebruikt worden in industri\u00eble drogers?<br data-start=\"1619\" data-end=\"1622\" \/><strong data-start=\"1622\" data-end=\"1628\">A:<\/strong> Ja, deze afwasbare UHF RFID-tags zijn ontworpen om hoge hitte en druk te weerstaan.<\/p>\n<p data-start=\"1718\" data-end=\"1834\"><strong data-start=\"1718\" data-end=\"1724\">Q:<\/strong> Welke RFID-lezers zijn compatibel?<br data-start=\"1758\" data-end=\"1761\" \/><strong data-start=\"1761\" data-end=\"1767\">A:<\/strong> Elke lezer die de ISO 18000-6C of EPC Klasse 1 Gen2-normen ondersteunt.<\/p>\n<p data-start=\"1836\" data-end=\"2028\"><strong data-start=\"1836\" data-end=\"1842\">Q:<\/strong> Hoe integreer ik ze in mijn huidige systeem?<br data-start=\"1890\" data-end=\"1893\" \/><strong data-start=\"1893\" data-end=\"1899\">A:<\/strong> Wij bieden volledige technische ondersteuning. Vul onderstaand formulier in en laat ons weten welk type lezer of antenne u nodig heeft.<\/p>\n<p data-start=\"2030\" data-end=\"2188\"><strong data-start=\"2030\" data-end=\"2038\">\u7b80\u8981\u63cf\u8ff0<\/strong><br data-start=\"2038\" data-end=\"2041\" \/>Duurzame UHF RFID-waslabels voor textiel en kleding. Waterdicht, wasbaar en met een groot bereik \u2013 ideaal voor het traceren en beheren van industri\u00eble was.<\/p>\n<h2 data-start=\"2190\" data-end=\"2215\">Tabel (Specificaties)<\/h2>\n<div class=\"_tableContainer_1rjym_1\">\n<div class=\"group _tableWrapper_1rjym_13 flex w-fit flex-col-reverse\" tabindex=\"-1\">\n<table class=\"w-fit min-w-(--thread-content-width)\" data-start=\"2217\" data-end=\"4716\">\n<thead data-start=\"2217\" data-end=\"2341\">\n<tr data-start=\"2217\" data-end=\"2341\">\n<th data-start=\"2217\" data-end=\"2242\" data-col-size=\"sm\">Categorie<\/th>\n<th data-start=\"2242\" data-end=\"2268\" data-col-size=\"sm\">Parameter<\/th>\n<th data-start=\"2268\" data-end=\"2341\" data-col-size=\"md\">Waarde<\/th>\n<\/tr>\n<\/thead>\n<tbody data-start=\"2467\" data-end=\"4716\">\n<tr data-start=\"2467\" data-end=\"2591\">\n<td data-start=\"2467\" data-end=\"2492\" data-col-size=\"sm\">Fysieke parameters<\/td>\n<td data-col-size=\"sm\" data-start=\"2492\" data-end=\"2518\">Productgrootte<\/td>\n<td data-col-size=\"md\" data-start=\"2518\" data-end=\"2591\">55\u00d710\u00d72,2 mm; 70\u00d715\u00d71,5 mm; enz.<\/td>\n<\/tr>\n<tr data-start=\"2592\" data-end=\"2716\">\n<td data-start=\"2592\" data-end=\"2617\" data-col-size=\"sm\"><\/td>\n<td data-start=\"2617\" data-end=\"2643\" data-col-size=\"sm\">Materialen<\/td>\n<td data-col-size=\"md\" data-start=\"2643\" data-end=\"2716\">100% polyester<\/td>\n<\/tr>\n<tr data-start=\"2717\" data-end=\"2841\">\n<td data-start=\"2717\" data-end=\"2742\" data-col-size=\"sm\"><\/td>\n<td data-col-size=\"sm\" data-start=\"2742\" data-end=\"2768\">Kleur<\/td>\n<td data-col-size=\"md\" data-start=\"2768\" data-end=\"2841\">Blauw, wit (anderen personaliseren)<\/td>\n<\/tr>\n<tr data-start=\"2842\" data-end=\"2966\">\n<td data-start=\"2842\" data-end=\"2867\" data-col-size=\"sm\"><\/td>\n<td data-col-size=\"sm\" data-start=\"2867\" data-end=\"2893\">Ambacht<\/td>\n<td data-col-size=\"md\" data-start=\"2893\" data-end=\"2966\">Logoprinten, lasernummerprinten<\/td>\n<\/tr>\n<tr data-start=\"2967\" data-end=\"3091\">\n<td data-start=\"2967\" data-end=\"2992\" data-col-size=\"sm\">Milieu<\/td>\n<td data-col-size=\"sm\" data-start=\"2992\" data-end=\"3018\">Werktemperatuur<\/td>\n<td data-col-size=\"md\" data-start=\"3018\" data-end=\"3091\">-40 ~ +160 \u00b0C (160 \u00b0C \/ 20 minuten)<\/td>\n<\/tr>\n<tr data-start=\"3092\" data-end=\"3216\">\n<td data-start=\"3092\" data-end=\"3117\" data-col-size=\"sm\"><\/td>\n<td data-start=\"3117\" data-end=\"3143\" data-col-size=\"sm\">Opslagtemperatuur<\/td>\n<td data-col-size=\"md\" data-start=\"3143\" data-end=\"3216\">-40 ~ +160 \u00b0C (160 \u00b0C \/ 20 minuten)<\/td>\n<\/tr>\n<tr data-start=\"3217\" data-end=\"3341\">\n<td data-start=\"3217\" data-end=\"3242\" data-col-size=\"sm\">Technisch<\/td>\n<td data-col-size=\"sm\" data-start=\"3242\" data-end=\"3268\">Werkfrequentie<\/td>\n<td data-col-size=\"md\" data-start=\"3268\" data-end=\"3341\">840 ~ 960 MHz<\/td>\n<\/tr>\n<tr data-start=\"3342\" data-end=\"3466\">\n<td data-start=\"3342\" data-end=\"3367\" data-col-size=\"sm\"><\/td>\n<td data-col-size=\"sm\" data-start=\"3367\" data-end=\"3393\">Spaander<\/td>\n<td data-col-size=\"md\" data-start=\"3393\" data-end=\"3466\">NXP U-CODE 9<\/td>\n<\/tr>\n<tr data-start=\"3467\" data-end=\"3591\">\n<td data-start=\"3467\" data-end=\"3492\" data-col-size=\"sm\"><\/td>\n<td data-col-size=\"sm\" data-start=\"3492\" data-end=\"3518\">Protocol<\/td>\n<td data-col-size=\"md\" data-start=\"3518\" data-end=\"3591\">ISO18000-6C, EPC-klasse Gen 2<\/td>\n<\/tr>\n<tr data-start=\"3592\" data-end=\"3716\">\n<td data-start=\"3592\" data-end=\"3617\" data-col-size=\"sm\"><\/td>\n<td data-col-size=\"sm\" data-start=\"3617\" data-end=\"3643\">Levenslang<\/td>\n<td data-col-size=\"md\" data-start=\"3643\" data-end=\"3716\">Normaal wassen 200 keer<\/td>\n<\/tr>\n<tr data-start=\"3717\" data-end=\"3841\">\n<td data-start=\"3717\" data-end=\"3742\" data-col-size=\"sm\"><\/td>\n<td data-col-size=\"sm\" data-start=\"3742\" data-end=\"3768\">Leesbereik<\/td>\n<td data-col-size=\"md\" data-start=\"3768\" data-end=\"3841\">10 meter<\/td>\n<\/tr>\n<tr data-start=\"3842\" data-end=\"3966\">\n<td data-start=\"3842\" data-end=\"3867\" data-col-size=\"sm\">Prestaties\/Handling<\/td>\n<td data-start=\"3867\" data-end=\"3893\" data-col-size=\"sm\">Simultaan lezen<\/td>\n<td data-start=\"3893\" data-end=\"3966\" data-col-size=\"md\">Honderden tags (UHF)<\/td>\n<\/tr>\n<tr data-start=\"3967\" data-end=\"4091\">\n<td data-start=\"3967\" data-end=\"3992\" data-col-size=\"sm\"><\/td>\n<td data-col-size=\"sm\" data-start=\"3992\" data-end=\"4018\">Compatibiliteit van de extractor<\/td>\n<td data-col-size=\"md\" data-start=\"4018\" data-end=\"4091\">Hogedruk-afzuiginstallaties tot 60 bar<\/td>\n<\/tr>\n<tr data-start=\"4092\" data-end=\"4216\">\n<td data-start=\"4092\" data-end=\"4117\" data-col-size=\"sm\"><\/td>\n<td data-col-size=\"sm\" data-start=\"4117\" data-end=\"4143\">Sterilisatie<\/td>\n<td data-col-size=\"md\" data-start=\"4143\" data-end=\"4216\">Geschikt voor autoclaaf<\/td>\n<\/tr>\n<tr data-start=\"4217\" data-end=\"4341\">\n<td data-start=\"4217\" data-end=\"4242\" data-col-size=\"sm\">Vormfactor<\/td>\n<td data-start=\"4242\" data-end=\"4268\" data-col-size=\"sm\">Bouw<\/td>\n<td data-col-size=\"md\" data-start=\"4268\" data-end=\"4341\">Klein, zacht, flexibel \u2013 ideaal voor textiel\/linnen\/kleding\/accessoires<\/td>\n<\/tr>\n<tr data-start=\"4342\" data-end=\"4466\">\n<td data-start=\"4342\" data-end=\"4367\" data-col-size=\"sm\">Installatie<\/td>\n<td data-start=\"4367\" data-end=\"4393\" data-col-size=\"sm\">Naaien<\/td>\n<td data-col-size=\"md\" data-start=\"4393\" data-end=\"4466\">Naai beide uiteinden vast; vermijd de antenne<\/td>\n<\/tr>\n<tr data-start=\"4467\" data-end=\"4591\">\n<td data-start=\"4467\" data-end=\"4492\" data-col-size=\"sm\"><\/td>\n<td data-start=\"4492\" data-end=\"4518\" data-col-size=\"sm\">Hittepers<\/td>\n<td data-start=\"4518\" data-end=\"4591\" data-col-size=\"md\">Strijken op 210 \u00b0C gedurende 15 seconden<\/td>\n<\/tr>\n<tr data-start=\"4592\" data-end=\"4716\">\n<td data-start=\"4592\" data-end=\"4617\" data-col-size=\"sm\">Toepassingen<\/td>\n<td data-col-size=\"sm\" data-start=\"4617\" data-end=\"4643\">Typische gebruiksgevallen<\/td>\n<td data-col-size=\"md\" data-start=\"4643\" data-end=\"4716\">Wasruimte, hotel, school, kwaliteitscontrole, voorraadbeheer<\/td>\n<\/tr>\n<\/tbody>\n<\/table>\n<\/div>\n<\/div>","protected":false},"excerpt":{"rendered":"<p>Duurzame, wasbare, waterdichte UHF RFID-waslabels voor textiel en linnengoed, met een groot leesbereik, hoge temperatuurbestendigheid en ondersteuning voor autoclaven en 60-bar-extractors.<\/p>","protected":false},"featured_media":702,"template":"","meta":{"_gspb_post_css":""},"product_brand":[],"product_cat":[17,18],"product_tag":[],"class_list":{"0":"post-701","1":"product","2":"type-product","3":"status-publish","4":"has-post-thumbnail","6":"product_cat-rfid-laundry-tags","7":"product_cat-textile-rfid-laundry-tags","9":"first","10":"instock","11":"shipping-taxable","12":"purchasable","13":"product-type-simple"},"_links":{"self":[{"href":"https:\/\/www.cxjsmartcard.com\/nl\/wp-json\/wp\/v2\/product\/701","targetHints":{"allow":["GET"]}}],"collection":[{"href":"https:\/\/www.cxjsmartcard.com\/nl\/wp-json\/wp\/v2\/product"}],"about":[{"href":"https:\/\/www.cxjsmartcard.com\/nl\/wp-json\/wp\/v2\/types\/product"}],"wp:featuredmedia":[{"embeddable":true,"href":"https:\/\/www.cxjsmartcard.com\/nl\/wp-json\/wp\/v2\/media\/702"}],"wp:attachment":[{"href":"https:\/\/www.cxjsmartcard.com\/nl\/wp-json\/wp\/v2\/media?parent=701"}],"wp:term":[{"taxonomy":"product_brand","embeddable":true,"href":"https:\/\/www.cxjsmartcard.com\/nl\/wp-json\/wp\/v2\/product_brand?post=701"},{"taxonomy":"product_cat","embeddable":true,"href":"https:\/\/www.cxjsmartcard.com\/nl\/wp-json\/wp\/v2\/product_cat?post=701"},{"taxonomy":"product_tag","embeddable":true,"href":"https:\/\/www.cxjsmartcard.com\/nl\/wp-json\/wp\/v2\/product_tag?post=701"}],"curies":[{"name":"wp","href":"https:\/\/api.w.org\/{rel}","templated":true}]}}