{"id":692,"date":"2025-11-02T09:12:58","date_gmt":"2025-11-02T09:12:58","guid":{"rendered":"https:\/\/www.cxjsmartcard.com\/?post_type=product&#038;p=692"},"modified":"2025-12-29T01:27:11","modified_gmt":"2025-12-29T01:27:11","slug":"heating-sealing-uhf-laundry-tag-for-hotel-linen-management","status":"publish","type":"product","link":"https:\/\/www.cxjsmartcard.com\/nl\/heating-sealing-uhf-laundry-tag-for-hotel-linen-management\/","title":{"rendered":"Verwarmde en afsluitbare UHF-waslabel voor hotellinnenbeheer"},"content":{"rendered":"<p data-start=\"78\" data-end=\"323\">Waterdicht, zacht UHF-waslabel, ontworpen om te worden geseald of genaaid in smalle zomen van hotellakens, werkkleding en andere textielsoorten. Geschikt voor wassen\/drogen op hoge temperatuur en batchscannen om de inventarisnauwkeurigheid te verbeteren en arbeid te verminderen.<\/p>\n<p data-start=\"325\" data-end=\"341\"><strong data-start=\"325\" data-end=\"341\">Belangrijkste kenmerken<\/strong><\/p>\n<ul data-start=\"342\" data-end=\"864\">\n<li data-start=\"342\" data-end=\"394\">\n<p data-start=\"344\" data-end=\"394\">Afmetingen: 55\u00d712 mm, 70\u00d715 mm, 87\u00d717 mm (aanpasbaar)<\/p>\n<\/li>\n<li data-start=\"395\" data-end=\"419\">\n<p data-start=\"397\" data-end=\"419\">Chips: NXP U8 \/ NXP U9<\/p>\n<\/li>\n<li data-start=\"420\" data-end=\"450\">\n<p data-start=\"422\" data-end=\"450\">Frequentie: 865\u2013928 MHz (UHF)<\/p>\n<\/li>\n<li data-start=\"451\" data-end=\"501\">\n<p data-start=\"453\" data-end=\"501\">Materiaal: Polyester; flexibel voor zomen en naden<\/p>\n<\/li>\n<li data-start=\"502\" data-end=\"570\">\n<p data-start=\"504\" data-end=\"570\">Leesafstand: Tot 3 m (controleer met uw lezer en omgeving)<\/p>\n<\/li>\n<li data-start=\"571\" data-end=\"633\">\n<p data-start=\"573\" data-end=\"633\">Garantie: Eerste van 200 wasbeurten of 3 jaar vanaf de verzenddatum<\/p>\n<\/li>\n<li data-start=\"634\" data-end=\"697\">\n<p data-start=\"636\" data-end=\"697\">Chemische bestendigheid: Compatibel met gangbare waschemicali\u00ebn<\/p>\n<\/li>\n<li data-start=\"698\" data-end=\"864\">\n<p data-start=\"700\" data-end=\"864\">Operationele voordelen: maakt snelle verzameling, sortering, automatische inventarisatie, historische tracking en rapportgeneratie mogelijk; ondersteunt batchscanning om fouten en kosten te verminderen<\/p>\n<\/li>\n<\/ul>\n<p data-start=\"866\" data-end=\"894\"><strong data-start=\"866\" data-end=\"894\">Technische specificaties<\/strong><\/p>\n<div class=\"_tableContainer_1rjym_1\">\n<div class=\"group _tableWrapper_1rjym_13 flex w-fit flex-col-reverse\" tabindex=\"-1\">\n<table class=\"w-fit min-w-(--thread-content-width)\" data-start=\"896\" data-end=\"3705\">\n<thead data-start=\"896\" data-end=\"1060\">\n<tr data-start=\"896\" data-end=\"1060\">\n<th data-start=\"896\" data-end=\"921\" data-col-size=\"sm\">Item<\/th>\n<th data-start=\"921\" data-end=\"1060\" data-col-size=\"lg\">Details<\/th>\n<\/tr>\n<\/thead>\n<tbody data-start=\"1226\" data-end=\"3705\">\n<tr data-start=\"1226\" data-end=\"1390\">\n<td data-start=\"1226\" data-end=\"1251\" data-col-size=\"sm\">Sollicitatie<\/td>\n<td data-col-size=\"lg\" data-start=\"1251\" data-end=\"1390\">Hotellakens\/linnen, werkkleding, andere textielproducten<\/td>\n<\/tr>\n<tr data-start=\"1391\" data-end=\"1555\">\n<td data-start=\"1391\" data-end=\"1416\" data-col-size=\"sm\">Maatopties<\/td>\n<td data-col-size=\"lg\" data-start=\"1416\" data-end=\"1555\">55\u00d712 mm, 70\u00d715 mm, 87\u00d717 mm (aangepast)<\/td>\n<\/tr>\n<tr data-start=\"1556\" data-end=\"1720\">\n<td data-start=\"1556\" data-end=\"1581\" data-col-size=\"sm\">IC \/ Chip<\/td>\n<td data-col-size=\"lg\" data-start=\"1581\" data-end=\"1720\">NXP U8, NXP U9<\/td>\n<\/tr>\n<tr data-start=\"1721\" data-end=\"1885\">\n<td data-start=\"1721\" data-end=\"1746\" data-col-size=\"sm\">Bedrijfsfrequentie<\/td>\n<td data-start=\"1746\" data-end=\"1885\" data-col-size=\"lg\">865\u2013928 MHz<\/td>\n<\/tr>\n<tr data-start=\"1886\" data-end=\"2050\">\n<td data-start=\"1886\" data-end=\"1911\" data-col-size=\"sm\">Tagmateriaal<\/td>\n<td data-col-size=\"lg\" data-start=\"1911\" data-end=\"2050\">Polyester<\/td>\n<\/tr>\n<tr data-start=\"2051\" data-end=\"2215\">\n<td data-start=\"2051\" data-end=\"2076\" data-col-size=\"sm\">Leesafstand<\/td>\n<td data-col-size=\"lg\" data-start=\"2076\" data-end=\"2215\">Tot 3 m (tot ~9 ft); moet worden geverifieerd met een lezer op locatie<\/td>\n<\/tr>\n<tr data-start=\"2216\" data-end=\"2380\">\n<td data-start=\"2216\" data-end=\"2241\" data-col-size=\"sm\">Tag-garantie<\/td>\n<td data-col-size=\"lg\" data-start=\"2241\" data-end=\"2380\">Eerste van 200 wasbeurten <strong data-start=\"2268\" data-end=\"2274\">of<\/strong> 3 jaar vanaf verzenddatum<\/td>\n<\/tr>\n<tr data-start=\"2381\" data-end=\"2545\">\n<td data-start=\"2381\" data-end=\"2406\" data-col-size=\"sm\">Opslagtemperatuur<\/td>\n<td data-start=\"2406\" data-end=\"2545\" data-col-size=\"lg\">-40 \u00b0C tot +120 \u00b0C (-40 \u00b0F tot +248 \u00b0F)<\/td>\n<\/tr>\n<tr data-start=\"2546\" data-end=\"2710\">\n<td data-start=\"2546\" data-end=\"2571\" data-col-size=\"sm\">Wascyclus<\/td>\n<td data-start=\"2571\" data-end=\"2710\" data-col-size=\"lg\">+90 \u00b0C (+194 \u00b0F) gedurende 60 min<\/td>\n<\/tr>\n<tr data-start=\"2711\" data-end=\"2875\">\n<td data-start=\"2711\" data-end=\"2736\" data-col-size=\"sm\">Drogen<\/td>\n<td data-start=\"2736\" data-end=\"2875\" data-col-size=\"lg\">+180 \u00b0C (+356 \u00b0F) gedurende 3 min; dehydratatiepers: 35 bar<\/td>\n<\/tr>\n<tr data-start=\"2876\" data-end=\"3040\">\n<td data-start=\"2876\" data-end=\"2901\" data-col-size=\"sm\">Strijkijzer<\/td>\n<td data-col-size=\"lg\" data-start=\"2901\" data-end=\"3040\">+195 \u00b0C (+383 \u00b0F) gedurende 30 s, &lt;18 bar; waterextractor: 60 bar gedurende 80 s<\/td>\n<\/tr>\n<tr data-start=\"3041\" data-end=\"3209\">\n<td data-start=\"3041\" data-end=\"3066\" data-col-size=\"sm\">Autoclaaf<\/td>\n<td data-start=\"3066\" data-end=\"3209\" data-col-size=\"lg\">Luchtafvoer: +100 \u00b0C (+212 \u00b0F), 5 min, 0,1 bar; Drogen: +45 \u00b0C (+113 \u00b0F), 15 min, 0,2 bar; Steriliseren: +134 \u00b0C (+273 \u00b0F), 20 min, 3,25 bar<\/td>\n<\/tr>\n<tr data-start=\"3210\" data-end=\"3375\">\n<td data-start=\"3210\" data-end=\"3235\" data-col-size=\"sm\">Chemische bestendigheid<\/td>\n<td data-col-size=\"lg\" data-start=\"3235\" data-end=\"3375\">Bestand tegen chemicali\u00ebn die veel voorkomen in het industri\u00eble wasproces<\/td>\n<\/tr>\n<tr data-start=\"3376\" data-end=\"3540\">\n<td data-start=\"3376\" data-end=\"3401\" data-col-size=\"sm\">Verpakkingsopties<\/td>\n<td data-col-size=\"lg\" data-start=\"3401\" data-end=\"3540\">Non-woven\/siliconen\/PPS-varianten beschikbaar; aanpasbaar met serienummers, barcodes en QR-codes<\/td>\n<\/tr>\n<tr data-start=\"3541\" data-end=\"3705\">\n<td data-start=\"3541\" data-end=\"3566\" data-col-size=\"sm\">Typische voordelen<\/td>\n<td data-start=\"3566\" data-end=\"3705\" data-col-size=\"lg\">Batch-ID, sneller sorteren, minder fouten, geautomatiseerde rapportage, historische traceerbaarheid<\/td>\n<\/tr>\n<\/tbody>\n<\/table>\n<\/div>\n<\/div>","protected":false},"excerpt":{"rendered":"<p>Hittebestendig, waterdicht UHF RFID-waslabel voor hotellinnen en werkkleding; 865\u2013928 MHz, NXP U8\/U9, lezen tot 3 m, geschikt voor 200 wasbeurten of 3 jaar garantie.<\/p>","protected":false},"featured_media":693,"template":"","meta":{"_gspb_post_css":""},"product_brand":[],"product_cat":[17,18],"product_tag":[],"class_list":{"0":"post-692","1":"product","2":"type-product","3":"status-publish","4":"has-post-thumbnail","6":"product_cat-rfid-laundry-tags","7":"product_cat-textile-rfid-laundry-tags","9":"first","10":"instock","11":"shipping-taxable","12":"purchasable","13":"product-type-simple"},"_links":{"self":[{"href":"https:\/\/www.cxjsmartcard.com\/nl\/wp-json\/wp\/v2\/product\/692","targetHints":{"allow":["GET"]}}],"collection":[{"href":"https:\/\/www.cxjsmartcard.com\/nl\/wp-json\/wp\/v2\/product"}],"about":[{"href":"https:\/\/www.cxjsmartcard.com\/nl\/wp-json\/wp\/v2\/types\/product"}],"wp:featuredmedia":[{"embeddable":true,"href":"https:\/\/www.cxjsmartcard.com\/nl\/wp-json\/wp\/v2\/media\/693"}],"wp:attachment":[{"href":"https:\/\/www.cxjsmartcard.com\/nl\/wp-json\/wp\/v2\/media?parent=692"}],"wp:term":[{"taxonomy":"product_brand","embeddable":true,"href":"https:\/\/www.cxjsmartcard.com\/nl\/wp-json\/wp\/v2\/product_brand?post=692"},{"taxonomy":"product_cat","embeddable":true,"href":"https:\/\/www.cxjsmartcard.com\/nl\/wp-json\/wp\/v2\/product_cat?post=692"},{"taxonomy":"product_tag","embeddable":true,"href":"https:\/\/www.cxjsmartcard.com\/nl\/wp-json\/wp\/v2\/product_tag?post=692"}],"curies":[{"name":"wp","href":"https:\/\/api.w.org\/{rel}","templated":true}]}}