{"id":906,"date":"2025-11-03T09:11:46","date_gmt":"2025-11-03T09:11:46","guid":{"rendered":"https:\/\/www.cxjsmartcard.com\/?post_type=product&#038;p=906"},"modified":"2025-12-29T01:27:07","modified_gmt":"2025-12-29T01:27:07","slug":"arc-certified-m730-uhf-rfid-clothing-hang-tag","status":"publish","type":"product","link":"https:\/\/www.cxjsmartcard.com\/it\/arc-certified-m730-uhf-rfid-clothing-hang-tag\/","title":{"rendered":"Etichetta per abbigliamento RFID UHF M730 certificata ARC"},"content":{"rendered":"<p data-start=\"57\" data-end=\"327\">Etichette UHF certificate ARC basate sul chip M730 per una tracciabilit\u00e0 rapida e accurata dei capi di abbigliamento. Progettate per le attivit\u00e0 di vendita al dettaglio ad alto volume, consentono una rapida scansione multi-lettura, migliorano l&#039;accuratezza dell&#039;inventario e rafforzano la protezione del marchio lungo tutta la supply chain.<\/p>\n<p data-start=\"329\" data-end=\"347\"><strong data-start=\"329\" data-end=\"345\">Caratteristiche principali<\/strong><\/p>\n<ul data-start=\"348\" data-end=\"673\">\n<li data-start=\"348\" data-end=\"403\">\n<p data-start=\"350\" data-end=\"403\">EPC Gen2 (ISO\/IEC 18000-6C) con memoria EPC a 128 bit<\/p>\n<\/li>\n<li data-start=\"404\" data-end=\"455\">\n<p data-start=\"406\" data-end=\"455\">Certificazione ARC per la conformit\u00e0 del programma di vendita al dettaglio<\/p>\n<\/li>\n<li data-start=\"456\" data-end=\"521\">\n<p data-start=\"458\" data-end=\"521\">Prestazioni multi-lettura veloci e affidabili su rack e in scatole<\/p>\n<\/li>\n<li data-start=\"522\" data-end=\"584\">\n<p data-start=\"524\" data-end=\"584\">Materiali, dimensioni, stampa e codifica del viso personalizzabili<\/p>\n<\/li>\n<li data-start=\"585\" data-end=\"673\">\n<p data-start=\"587\" data-end=\"673\">Tracciabilit\u00e0 dalla fabbrica al negozio; supporta la stampa a trasferimento termico e serigrafica<\/p>\n<\/li>\n<\/ul>\n<p data-start=\"675\" data-end=\"816\"><strong data-start=\"675\" data-end=\"691\">Applicazioni<\/strong><br data-start=\"691\" data-end=\"694\" \/>Gestione dell&#039;inventario di abbigliamento e calzature \u2022 Monitoraggio della catena di fornitura dell&#039;abbigliamento \u2022 Operazioni di vendita al dettaglio di abbigliamento e protezione del marchio.<\/p>\n<h2 data-start=\"818\" data-end=\"843\">Tabella (Specifiche)<\/h2>\n<div class=\"_tableContainer_1rjym_1\">\n<div class=\"group _tableWrapper_1rjym_13 flex w-fit flex-col-reverse\" tabindex=\"-1\">\n<table class=\"w-fit min-w-(--thread-content-width)\" data-start=\"845\" data-end=\"2509\">\n<thead data-start=\"845\" data-end=\"955\">\n<tr data-start=\"845\" data-end=\"955\">\n<th data-start=\"845\" data-end=\"863\" data-col-size=\"sm\">Categoria<\/th>\n<th data-start=\"863\" data-end=\"894\" data-col-size=\"sm\">Parametro<\/th>\n<th data-start=\"894\" data-end=\"955\" data-col-size=\"md\">Valore<\/th>\n<\/tr>\n<\/thead>\n<tbody data-start=\"1067\" data-end=\"2509\">\n<tr data-start=\"1067\" data-end=\"1177\">\n<td data-start=\"1067\" data-end=\"1085\" data-col-size=\"sm\">Prodotto<\/td>\n<td data-col-size=\"sm\" data-start=\"1085\" data-end=\"1116\">Nome<\/td>\n<td data-col-size=\"md\" data-start=\"1116\" data-end=\"1177\">Etichette RFID per il tracciamento degli abiti<\/td>\n<\/tr>\n<tr data-start=\"1178\" data-end=\"1288\">\n<td data-start=\"1178\" data-end=\"1196\" data-col-size=\"sm\">CIRCUITO INTEGRATO<\/td>\n<td data-col-size=\"sm\" data-start=\"1196\" data-end=\"1227\">Chip<\/td>\n<td data-col-size=\"md\" data-start=\"1227\" data-end=\"1288\">M730<\/td>\n<\/tr>\n<tr data-start=\"1289\" data-end=\"1399\">\n<td data-start=\"1289\" data-end=\"1307\" data-col-size=\"sm\">RF<\/td>\n<td data-start=\"1307\" data-end=\"1338\" data-col-size=\"sm\">Protocollo<\/td>\n<td data-col-size=\"md\" data-start=\"1338\" data-end=\"1399\">ISO\/IEC 18000-6C, EPCglobal Classe 1 Gen 2<\/td>\n<\/tr>\n<tr data-start=\"1400\" data-end=\"1510\">\n<td data-start=\"1400\" data-end=\"1418\" data-col-size=\"sm\">Memoria<\/td>\n<td data-col-size=\"sm\" data-start=\"1418\" data-end=\"1449\">EPC \/ Utente<\/td>\n<td data-col-size=\"md\" data-start=\"1449\" data-end=\"1510\">128 bit \/ 0 bit<\/td>\n<\/tr>\n<tr data-start=\"1511\" data-end=\"1621\">\n<td data-start=\"1511\" data-end=\"1529\" data-col-size=\"sm\">Dimensioni<\/td>\n<td data-start=\"1529\" data-end=\"1560\" data-col-size=\"sm\">Dimensione etichetta<\/td>\n<td data-start=\"1560\" data-end=\"1621\" data-col-size=\"md\">83 \u00d7 25 millimetri<\/td>\n<\/tr>\n<tr data-start=\"1622\" data-end=\"1732\">\n<td data-start=\"1622\" data-end=\"1640\" data-col-size=\"sm\">Antenna<\/td>\n<td data-col-size=\"sm\" data-start=\"1640\" data-end=\"1671\">Opzioni di dimensione<\/td>\n<td data-col-size=\"md\" data-start=\"1671\" data-end=\"1732\">70 \u00d7 14 millimetri; 70 \u00d7 10 millimetri; 50 \u00d7 30 millimetri<\/td>\n<\/tr>\n<tr data-start=\"1733\" data-end=\"1843\">\n<td data-start=\"1733\" data-end=\"1751\" data-col-size=\"sm\">Materiali<\/td>\n<td data-start=\"1751\" data-end=\"1782\" data-col-size=\"sm\">Materiale del viso<\/td>\n<td data-col-size=\"md\" data-start=\"1782\" data-end=\"1843\">Carta artistica, PET, carta sintetica PP o personalizzata<\/td>\n<\/tr>\n<tr data-start=\"1844\" data-end=\"1954\">\n<td data-start=\"1844\" data-end=\"1862\" data-col-size=\"sm\">Ambiente<\/td>\n<td data-col-size=\"sm\" data-start=\"1862\" data-end=\"1893\">Temperatura\/umidit\u00e0 di esercizio<\/td>\n<td data-col-size=\"md\" data-start=\"1893\" data-end=\"1954\">0 \u2103 ~ 60 \u2103 \/ 20% ~ 80% UR<\/td>\n<\/tr>\n<tr data-start=\"1955\" data-end=\"2065\">\n<td data-start=\"1955\" data-end=\"1973\" data-col-size=\"sm\"><\/td>\n<td data-start=\"1973\" data-end=\"2004\" data-col-size=\"sm\">Temperatura\/umidit\u00e0 di conservazione<\/td>\n<td data-col-size=\"md\" data-start=\"2004\" data-end=\"2065\">20 \u2103 ~ 30 \u2103 \/ 20% ~ 60% UR<\/td>\n<\/tr>\n<tr data-start=\"2066\" data-end=\"2176\">\n<td data-start=\"2066\" data-end=\"2084\" data-col-size=\"sm\">Stampa<\/td>\n<td data-col-size=\"sm\" data-start=\"2084\" data-end=\"2115\">Metodi<\/td>\n<td data-col-size=\"md\" data-start=\"2115\" data-end=\"2176\">Trasferimento termico, serigrafia<\/td>\n<\/tr>\n<tr data-start=\"2177\" data-end=\"2287\">\n<td data-start=\"2177\" data-end=\"2195\" data-col-size=\"sm\">Personalizzazione<\/td>\n<td data-start=\"2195\" data-end=\"2226\" data-col-size=\"sm\">Personalizzazione<\/td>\n<td data-col-size=\"md\" data-start=\"2226\" data-end=\"2287\">Dimensioni dell&#039;etichetta, stampa (logo\/testo\/grafica), codifica EPC<\/td>\n<\/tr>\n<tr data-start=\"2288\" data-end=\"2398\">\n<td data-start=\"2288\" data-end=\"2306\" data-col-size=\"sm\">Benefici<\/td>\n<td data-col-size=\"sm\" data-start=\"2306\" data-end=\"2337\">Punti salienti<\/td>\n<td data-col-size=\"md\" data-start=\"2337\" data-end=\"2398\">Lettura veloce, lettura multipla, tracciabilit\u00e0 dell&#039;abbigliamento<\/td>\n<\/tr>\n<tr data-start=\"2399\" data-end=\"2509\">\n<td data-start=\"2399\" data-end=\"2417\" data-col-size=\"sm\">Casi d&#039;uso<\/td>\n<td data-col-size=\"sm\" data-start=\"2417\" data-end=\"2448\">Applicazioni tipiche<\/td>\n<td data-col-size=\"md\" data-start=\"2448\" data-end=\"2509\">Inventario di abbigliamento e calzature, catena di fornitura, vendita al dettaglio<\/td>\n<\/tr>\n<\/tbody>\n<\/table>\n<\/div>\n<\/div>","protected":false},"excerpt":{"rendered":"<p>Etichetta RFID UHF M730 certificata ARC per abbigliamento: EPC Gen2 con EPC a 128 bit, prestazioni multi-lettura rapide e materiali, dimensioni, stampa e codifica personalizzabili.<\/p>","protected":false},"featured_media":908,"template":"","meta":{"_gspb_post_css":""},"product_brand":[],"product_cat":[31],"product_tag":[],"class_list":{"0":"post-906","1":"product","2":"type-product","3":"status-publish","4":"has-post-thumbnail","6":"product_cat-rfid-sticker-labels","8":"first","9":"instock","10":"shipping-taxable","11":"purchasable","12":"product-type-simple"},"_links":{"self":[{"href":"https:\/\/www.cxjsmartcard.com\/it\/wp-json\/wp\/v2\/product\/906","targetHints":{"allow":["GET"]}}],"collection":[{"href":"https:\/\/www.cxjsmartcard.com\/it\/wp-json\/wp\/v2\/product"}],"about":[{"href":"https:\/\/www.cxjsmartcard.com\/it\/wp-json\/wp\/v2\/types\/product"}],"wp:featuredmedia":[{"embeddable":true,"href":"https:\/\/www.cxjsmartcard.com\/it\/wp-json\/wp\/v2\/media\/908"}],"wp:attachment":[{"href":"https:\/\/www.cxjsmartcard.com\/it\/wp-json\/wp\/v2\/media?parent=906"}],"wp:term":[{"taxonomy":"product_brand","embeddable":true,"href":"https:\/\/www.cxjsmartcard.com\/it\/wp-json\/wp\/v2\/product_brand?post=906"},{"taxonomy":"product_cat","embeddable":true,"href":"https:\/\/www.cxjsmartcard.com\/it\/wp-json\/wp\/v2\/product_cat?post=906"},{"taxonomy":"product_tag","embeddable":true,"href":"https:\/\/www.cxjsmartcard.com\/it\/wp-json\/wp\/v2\/product_tag?post=906"}],"curies":[{"name":"parola chiave","href":"https:\/\/api.w.org\/{rel}","templated":true}]}}