{"id":867,"date":"2025-11-03T08:51:49","date_gmt":"2025-11-03T08:51:49","guid":{"rendered":"https:\/\/www.cxjsmartcard.com\/?post_type=product&#038;p=867"},"modified":"2025-12-29T01:27:08","modified_gmt":"2025-12-29T01:27:08","slug":"rfid-animal-transponder-glass-tube-tag-pet-identification-microchip","status":"publish","type":"product","link":"https:\/\/www.cxjsmartcard.com\/it\/rfid-animal-transponder-glass-tube-tag-pet-identification-microchip\/","title":{"rendered":"Tag RFID per tubo di vetro con transponder per animali \u2013 Microchip per l&#039;identificazione degli animali domestici"},"content":{"rendered":"<p data-start=\"81\" data-end=\"343\">Microchip LF incapsulato in vetro per l&#039;identificazione e il recupero permanente degli animali domestici. Il transponder passivo (delle dimensioni di un chicco di riso) viene iniettato per via sottocutanea e letto da scanner conformi alle norme ISO utilizzati in cliniche, rifugi e centri di controllo animali.<\/p>\n<p data-start=\"345\" data-end=\"553\"><strong data-start=\"345\" data-end=\"361\">Come funziona<\/strong><br data-start=\"361\" data-end=\"364\" \/>Ogni siringa sterile contiene un microchip identificativo univoco. Quando un animale domestico viene scansionato, il codice di 15 cifre viene letto a breve distanza e confrontato con i dati di registrazione per facilitare il ricongiungimento degli animali con i proprietari.<\/p>\n<p data-start=\"555\" data-end=\"573\"><strong data-start=\"555\" data-end=\"571\">Caratteristiche principali<\/strong><\/p>\n<ul data-start=\"574\" data-end=\"917\">\n<li data-start=\"574\" data-end=\"620\">\n<p data-start=\"576\" data-end=\"620\">FDX-B 134,2 kHz, conforme a ISO 11784\/11785<\/p>\n<\/li>\n<li data-start=\"621\" data-end=\"669\">\n<p data-start=\"623\" data-end=\"669\">Capsula medica in biovetro con antenna in rame<\/p>\n<\/li>\n<li data-start=\"670\" data-end=\"714\">\n<p data-start=\"672\" data-end=\"714\">Sterilizzato con gas EO, con rivestimento in parilene<\/p>\n<\/li>\n<li data-start=\"715\" data-end=\"771\">\n<p data-start=\"717\" data-end=\"771\">Distanza di lettura fino a ~1\u201312 cm (dipendente dalle dimensioni\/dal lettore)<\/p>\n<\/li>\n<li data-start=\"772\" data-end=\"840\">\n<p data-start=\"774\" data-end=\"840\">Elementi di design antibatterici, antiallergici e antirigetto<\/p>\n<\/li>\n<li data-start=\"841\" data-end=\"917\">\n<p data-start=\"843\" data-end=\"917\">Opzioni ID casuali o personalizzate; supporto NFC opzionale (dipendente dal flusso di lavoro)<\/p>\n<\/li>\n<\/ul>\n<p data-start=\"919\" data-end=\"1042\"><strong data-start=\"919\" data-end=\"938\">Cosa \u00e8 incluso<\/strong><br data-start=\"938\" data-end=\"941\" \/>Siringa sterile precaricata in polipropilene contenente il microchip, pronta per l&#039;impianto professionale.<\/p>\n<h2 data-start=\"1044\" data-end=\"1069\">Tabella (Specifiche)<\/h2>\n<div class=\"_tableContainer_1rjym_1\">\n<div class=\"group _tableWrapper_1rjym_13 flex w-fit flex-col-reverse\" tabindex=\"-1\">\n<table class=\"w-fit min-w-(--thread-content-width)\" data-start=\"1071\" data-end=\"2736\">\n<thead data-start=\"1071\" data-end=\"1168\">\n<tr data-start=\"1071\" data-end=\"1168\">\n<th data-start=\"1071\" data-end=\"1089\" data-col-size=\"sm\">Categoria<\/th>\n<th data-start=\"1089\" data-end=\"1113\" data-col-size=\"sm\">Parametro<\/th>\n<th data-start=\"1113\" data-end=\"1168\" data-col-size=\"md\">Valore<\/th>\n<\/tr>\n<\/thead>\n<tbody data-start=\"1267\" data-end=\"2736\">\n<tr data-start=\"1267\" data-end=\"1364\">\n<td data-start=\"1267\" data-end=\"1285\" data-col-size=\"sm\">Prodotto<\/td>\n<td data-col-size=\"sm\" data-start=\"1285\" data-end=\"1309\">Tipo<\/td>\n<td data-col-size=\"md\" data-start=\"1309\" data-end=\"1364\">Microchip RFID per animali in tubo di vetro<\/td>\n<\/tr>\n<tr data-start=\"1365\" data-end=\"1462\">\n<td data-start=\"1365\" data-end=\"1383\" data-col-size=\"sm\">Frequenza<\/td>\n<td data-col-size=\"sm\" data-start=\"1383\" data-end=\"1407\">LF<\/td>\n<td data-col-size=\"md\" data-start=\"1407\" data-end=\"1462\">134,2 kHz (FDX-B)<\/td>\n<\/tr>\n<tr data-start=\"1463\" data-end=\"1560\">\n<td data-start=\"1463\" data-end=\"1481\" data-col-size=\"sm\">Standard<\/td>\n<td data-col-size=\"sm\" data-start=\"1481\" data-end=\"1505\">Protocollo<\/td>\n<td data-col-size=\"md\" data-start=\"1505\" data-end=\"1560\">ISO 11784\/11785 (FDX-B)<\/td>\n<\/tr>\n<tr data-start=\"1561\" data-end=\"1658\">\n<td data-start=\"1561\" data-end=\"1579\" data-col-size=\"sm\">Chip<\/td>\n<td data-start=\"1579\" data-end=\"1603\" data-col-size=\"sm\">CIRCUITO INTEGRATO<\/td>\n<td data-col-size=\"md\" data-start=\"1603\" data-end=\"1658\">EM4305<\/td>\n<\/tr>\n<tr data-start=\"1659\" data-end=\"1756\">\n<td data-start=\"1659\" data-end=\"1677\" data-col-size=\"sm\">Dimensioni<\/td>\n<td data-col-size=\"sm\" data-start=\"1677\" data-end=\"1701\">Dimensioni<\/td>\n<td data-col-size=\"md\" data-start=\"1701\" data-end=\"1756\">1,25\u00d77 mm; 1,4\u00d78 mm; 2\u00d712 mm; 3\u00d715 mm<\/td>\n<\/tr>\n<tr data-start=\"1757\" data-end=\"1854\">\n<td data-start=\"1757\" data-end=\"1775\" data-col-size=\"sm\">Materiali<\/td>\n<td data-col-size=\"sm\" data-start=\"1775\" data-end=\"1799\">Capsula \/ Antenna<\/td>\n<td data-col-size=\"md\" data-start=\"1799\" data-end=\"1854\">Biovetro medico \/ Rame<\/td>\n<\/tr>\n<tr data-start=\"1855\" data-end=\"1952\">\n<td data-start=\"1855\" data-end=\"1873\" data-col-size=\"sm\">Rivestimento<\/td>\n<td data-col-size=\"sm\" data-start=\"1873\" data-end=\"1897\">Parilene<\/td>\n<td data-col-size=\"md\" data-start=\"1897\" data-end=\"1952\">S\u00cc<\/td>\n<\/tr>\n<tr data-start=\"1953\" data-end=\"2050\">\n<td data-start=\"1953\" data-end=\"1971\" data-col-size=\"sm\">Sterilizzazione<\/td>\n<td data-col-size=\"sm\" data-start=\"1971\" data-end=\"1995\">Metodo<\/td>\n<td data-col-size=\"md\" data-start=\"1995\" data-end=\"2050\">Gas di ossido di etilene (EO)<\/td>\n<\/tr>\n<tr data-start=\"2051\" data-end=\"2148\">\n<td data-start=\"2051\" data-end=\"2069\" data-col-size=\"sm\">Opzioni ID<\/td>\n<td data-col-size=\"sm\" data-start=\"2069\" data-end=\"2093\">Numerazione<\/td>\n<td data-col-size=\"md\" data-start=\"2093\" data-end=\"2148\">ID casuale o ID personalizzato<\/td>\n<\/tr>\n<tr data-start=\"2149\" data-end=\"2246\">\n<td data-start=\"2149\" data-end=\"2167\" data-col-size=\"sm\">Prestazione<\/td>\n<td data-col-size=\"sm\" data-start=\"2167\" data-end=\"2191\">Intervallo di lettura<\/td>\n<td data-col-size=\"md\" data-start=\"2191\" data-end=\"2246\">~1\u201312 cm (dipende dalla dimensione dell&#039;etichetta e dal lettore)<\/td>\n<\/tr>\n<tr data-start=\"2247\" data-end=\"2344\">\n<td data-start=\"2247\" data-end=\"2265\" data-col-size=\"sm\">Ambiente<\/td>\n<td data-start=\"2265\" data-end=\"2289\" data-col-size=\"sm\">Periodo di validit\u00e0<\/td>\n<td data-col-size=\"md\" data-start=\"2289\" data-end=\"2344\">5 anni<\/td>\n<\/tr>\n<tr data-start=\"2345\" data-end=\"2442\">\n<td data-start=\"2345\" data-end=\"2363\" data-col-size=\"sm\">Consegna<\/td>\n<td data-col-size=\"sm\" data-start=\"2363\" data-end=\"2387\">Applicatore<\/td>\n<td data-col-size=\"md\" data-start=\"2387\" data-end=\"2442\">Siringa sterile precaricata (polipropilene)<\/td>\n<\/tr>\n<tr data-start=\"2443\" data-end=\"2540\">\n<td data-start=\"2443\" data-end=\"2461\" data-col-size=\"sm\">Operazione<\/td>\n<td data-col-size=\"sm\" data-start=\"2461\" data-end=\"2485\">Energia<\/td>\n<td data-col-size=\"md\" data-start=\"2485\" data-end=\"2540\">Passivo (senza batteria)<\/td>\n<\/tr>\n<tr data-start=\"2541\" data-end=\"2638\">\n<td data-start=\"2541\" data-end=\"2559\" data-col-size=\"sm\">Applicazione<\/td>\n<td data-col-size=\"sm\" data-start=\"2559\" data-end=\"2583\">Casi d&#039;uso<\/td>\n<td data-col-size=\"md\" data-start=\"2583\" data-end=\"2638\">Identificazione e gestione degli animali domestici (cani, gatti, pesci, animali esotici)<\/td>\n<\/tr>\n<tr data-start=\"2639\" data-end=\"2736\">\n<td data-start=\"2639\" data-end=\"2657\" data-col-size=\"sm\">Extra<\/td>\n<td data-col-size=\"sm\" data-start=\"2657\" data-end=\"2681\">Caratteristiche del design<\/td>\n<td data-col-size=\"md\" data-start=\"2681\" data-end=\"2736\">Antibatterico, antiallergico, antirigetto<\/td>\n<\/tr>\n<\/tbody>\n<\/table>\n<\/div>\n<\/div>","protected":false},"excerpt":{"rendered":"<p>Microchip LF per animali domestici in vetro sterile (FDX-B 134,2 kHz) con siringa precaricata, conforme a ISO 11784\/11785, letture da 1 a 12 cm, capsula in biovetro medicale con rivestimento in parilene.<\/p>","protected":false},"featured_media":861,"template":"","meta":{"_gspb_post_css":""},"product_brand":[],"product_cat":[25,24],"product_tag":[],"class_list":{"0":"post-867","1":"product","2":"type-product","3":"status-publish","4":"has-post-thumbnail","6":"product_cat-rfid-animal-glass-tube-tag-pets-microchip","7":"product_cat-rfid-tags","9":"first","10":"instock","11":"shipping-taxable","12":"purchasable","13":"product-type-simple"},"_links":{"self":[{"href":"https:\/\/www.cxjsmartcard.com\/it\/wp-json\/wp\/v2\/product\/867","targetHints":{"allow":["GET"]}}],"collection":[{"href":"https:\/\/www.cxjsmartcard.com\/it\/wp-json\/wp\/v2\/product"}],"about":[{"href":"https:\/\/www.cxjsmartcard.com\/it\/wp-json\/wp\/v2\/types\/product"}],"wp:featuredmedia":[{"embeddable":true,"href":"https:\/\/www.cxjsmartcard.com\/it\/wp-json\/wp\/v2\/media\/861"}],"wp:attachment":[{"href":"https:\/\/www.cxjsmartcard.com\/it\/wp-json\/wp\/v2\/media?parent=867"}],"wp:term":[{"taxonomy":"product_brand","embeddable":true,"href":"https:\/\/www.cxjsmartcard.com\/it\/wp-json\/wp\/v2\/product_brand?post=867"},{"taxonomy":"product_cat","embeddable":true,"href":"https:\/\/www.cxjsmartcard.com\/it\/wp-json\/wp\/v2\/product_cat?post=867"},{"taxonomy":"product_tag","embeddable":true,"href":"https:\/\/www.cxjsmartcard.com\/it\/wp-json\/wp\/v2\/product_tag?post=867"}],"curies":[{"name":"parola chiave","href":"https:\/\/api.w.org\/{rel}","templated":true}]}}